{"id":21,"date":"2026-02-13T09:49:52","date_gmt":"2026-02-13T07:49:52","guid":{"rendered":"https:\/\/www.showlink.fi\/shows\/hyvinkaakr230526esikatselu\/?page_id=21"},"modified":"2026-02-13T09:55:49","modified_gmt":"2026-02-13T07:55:49","slug":"tulokset","status":"publish","type":"page","link":"https:\/\/www.showlink.fi\/shows\/hyvinkaaKR_230526\/tulokset\/","title":{"rendered":"Tulokset"},"content":{"rendered":"\n<p>Tulokset julkaistaan n\u00e4yttelyn kuluessa.<\/p>\n\n\n\n<p><strong>\u00bb Siirry n\u00e4yttelyn tuloksiin<\/strong><\/p>\n\n\n\n<p>Jalostustietoj\u00e4rjestelm\u00e4\u00e4n tulokset p\u00e4ivittyv\u00e4t n\u00e4yttelyn p\u00e4\u00e4tytty\u00e4.<\/p>\n","protected":false},"excerpt":{"rendered":"<p>Tulokset julkaistaan n\u00e4yttelyn kuluessa. \u00bb Siirry n\u00e4yttelyn tuloksiin Jalostustietoj\u00e4rjestelm\u00e4\u00e4n tulokset p\u00e4ivittyv\u00e4t n\u00e4yttelyn p\u00e4\u00e4tytty\u00e4.<\/p>\n","protected":false},"author":1,"featured_media":0,"parent":0,"menu_order":4,"comment_status":"closed","ping_status":"closed","template":"","meta":{"footnotes":""},"class_list":["post-21","page","type-page","status-publish","h-entry","hentry","h-as-page"],"_links":{"self":[{"href":"https:\/\/www.showlink.fi\/shows\/hyvinkaaKR_230526\/wp-json\/wp\/v2\/pages\/21","targetHints":{"allow":["GET"]}}],"collection":[{"href":"https:\/\/www.showlink.fi\/shows\/hyvinkaaKR_230526\/wp-json\/wp\/v2\/pages"}],"about":[{"href":"https:\/\/www.showlink.fi\/shows\/hyvinkaaKR_230526\/wp-json\/wp\/v2\/types\/page"}],"author":[{"embeddable":true,"href":"https:\/\/www.showlink.fi\/shows\/hyvinkaaKR_230526\/wp-json\/wp\/v2\/users\/1"}],"replies":[{"embeddable":true,"href":"https:\/\/www.showlink.fi\/shows\/hyvinkaaKR_230526\/wp-json\/wp\/v2\/comments?post=21"}],"version-history":[{"count":1,"href":"https:\/\/www.showlink.fi\/shows\/hyvinkaaKR_230526\/wp-json\/wp\/v2\/pages\/21\/revisions"}],"predecessor-version":[{"id":22,"href":"https:\/\/www.showlink.fi\/shows\/hyvinkaaKR_230526\/wp-json\/wp\/v2\/pages\/21\/revisions\/22"}],"wp:attachment":[{"href":"https:\/\/www.showlink.fi\/shows\/hyvinkaaKR_230526\/wp-json\/wp\/v2\/media?parent=21"}],"curies":[{"name":"wp","href":"https:\/\/api.w.org\/{rel}","templated":true}]}}