{"id":23,"date":"2026-02-13T09:50:52","date_gmt":"2026-02-13T07:50:52","guid":{"rendered":"https:\/\/www.showlink.fi\/shows\/hyvinkaakr230526esikatselu\/?page_id=23"},"modified":"2026-04-14T09:41:59","modified_gmt":"2026-04-14T06:41:59","slug":"in-english","status":"publish","type":"page","link":"https:\/\/www.showlink.fi\/shows\/hyvinkaaKR_230526\/in-english\/","title":{"rendered":"In English"},"content":{"rendered":"\n<h2 class=\"wp-block-heading\">Welcome to Hyvink\u00e4\u00e4 All Breed Dog Show on May 23rd, 2026!<\/h2>\n\n\n\n<p>All breeds from FCI groups 1-10.<br>Also puppies (7 months to under 9 months) and Junior Handler competition.<\/p>\n\n\n\n<p>Show venue:&nbsp;<strong>Hyvink\u00e4\u00e4 Airport<\/strong><br>Address: Lentokent\u00e4ntie 50, 05820 Hyvink\u00e4\u00e4<\/p>\n\n\n\n<hr class=\"wp-block-separator has-text-color has-alpha-channel-opacity has-background is-style-default\" style=\"background-color:#b8b8b836;color:#b8b8b836\"\/>\n\n\n\n<h2 class=\"wp-block-heading\">Inquiries<\/h2>\n\n\n\n<p><strong>Inquiries concerning entries<\/strong><br>Showlink Oy<br>weekdays 11am\u201317pm tel. (09) 8873 0320 or email info@showlink.fi<\/p>\n\n\n\n<p><strong>Other inquiries in English<\/strong><br>sirbrndur@gmail.com<\/p>\n\n\n\n<p><strong>\u00d6vriga f\u00f6rfr\u00e5gningar p\u00e5 svenska<\/strong><br>paivi.valkoniemisjoblom@gmail.com<\/p>\n\n\n\n<hr class=\"wp-block-separator has-text-color has-alpha-channel-opacity has-background\" style=\"background-color:#b8b8b836;color:#b8b8b836\"\/>\n\n\n\n<h2 class=\"wp-block-heading\">Results<\/h2>\n\n\n\n<p>Results from the dog show will be published online in real time.<\/p>\n\n\n\n<p><strong>\u00bb See the resluts of the dog show<\/strong><\/p>\n","protected":false},"excerpt":{"rendered":"<p>Welcome to Hyvink\u00e4\u00e4 All Breed Dog Show on May 23rd, 2026! All breeds from FCI groups 1-10.Also puppies (7 months to under 9 months) and Junior Handler competition. Show venue:&nbsp;Hyvink\u00e4\u00e4 AirportAddress: Lentokent\u00e4ntie 50, 05820 Hyvink\u00e4\u00e4 Inquiries Inquiries concerning entriesShowlink Oyweekdays 11am\u201317pm tel. (09) 8873 0320 or email info@showlink.fi Other inquiries in Englishsirbrndur@gmail.com \u00d6vriga f\u00f6rfr\u00e5gningar p\u00e5 <a href=\"https:\/\/www.showlink.fi\/shows\/hyvinkaaKR_230526\/in-english\/\" class=\"more-link\">...jatka lukemista<span class=\"screen-reader-text\"> \"In English\"<\/span><\/a><\/p>\n","protected":false},"author":1,"featured_media":0,"parent":0,"menu_order":5,"comment_status":"closed","ping_status":"closed","template":"","meta":{"footnotes":""},"class_list":["post-23","page","type-page","status-publish","h-entry","hentry","h-as-page"],"_links":{"self":[{"href":"https:\/\/www.showlink.fi\/shows\/hyvinkaaKR_230526\/wp-json\/wp\/v2\/pages\/23","targetHints":{"allow":["GET"]}}],"collection":[{"href":"https:\/\/www.showlink.fi\/shows\/hyvinkaaKR_230526\/wp-json\/wp\/v2\/pages"}],"about":[{"href":"https:\/\/www.showlink.fi\/shows\/hyvinkaaKR_230526\/wp-json\/wp\/v2\/types\/page"}],"author":[{"embeddable":true,"href":"https:\/\/www.showlink.fi\/shows\/hyvinkaaKR_230526\/wp-json\/wp\/v2\/users\/1"}],"replies":[{"embeddable":true,"href":"https:\/\/www.showlink.fi\/shows\/hyvinkaaKR_230526\/wp-json\/wp\/v2\/comments?post=23"}],"version-history":[{"count":2,"href":"https:\/\/www.showlink.fi\/shows\/hyvinkaaKR_230526\/wp-json\/wp\/v2\/pages\/23\/revisions"}],"predecessor-version":[{"id":36,"href":"https:\/\/www.showlink.fi\/shows\/hyvinkaaKR_230526\/wp-json\/wp\/v2\/pages\/23\/revisions\/36"}],"wp:attachment":[{"href":"https:\/\/www.showlink.fi\/shows\/hyvinkaaKR_230526\/wp-json\/wp\/v2\/media?parent=23"}],"curies":[{"name":"wp","href":"https:\/\/api.w.org\/{rel}","templated":true}]}}