{"id":13,"date":"2019-11-20T10:05:52","date_gmt":"2019-11-20T08:05:52","guid":{"rendered":"https:\/\/www.showlink.fi\/shows\/jamijarviryhmistesti\/?page_id=13"},"modified":"2025-02-11T12:06:08","modified_gmt":"2025-02-11T10:06:08","slug":"aikataulut","status":"publish","type":"page","link":"https:\/\/www.showlink.fi\/shows\/jamijarvirn2025\/aikataulut\/","title":{"rendered":"Aikataulut &#8211; Ryhm\u00e4n\u00e4yttely"},"content":{"rendered":"\n<p>Ryhm\u00e4n\u00e4yttelyyn on iloksemme ilmoitettu yhteens\u00e4 662 koiraa. Toimikunta on joutunut tekem\u00e4\u00e4n joitain tuomarinmuutoksia, ne on merkitty alla olevaan aikatauluun. Tarkemmat tiedot maksunpalautuksista ja n\u00e4yttelyp\u00e4iv\u00e4st\u00e4 l\u00f6ytyv\u00e4t aikataulukirjeest\u00e4. Aikataulukirje julkaistaan viimeist\u00e4\u00e4n viikko ennen n\u00e4yttely\u00e4.<\/p>\n\n\n\n<p>* = Tuomarimuutos (oikeuttaa maksunpalautukseen)<br>\u00a4 = Ilmoittautumisaikana julkaistu muutos (oikeuttaa maksunpalautukseen vain muutosta ennen ilmoitettujen koirien osalta)<\/p>\n\n\n\n<p><a href=\"https:\/\/www.showlink.fi\/aikataulut2025\/Jamijarvi_RNjaER_22-230225_aikataulukirje.pdf\" data-type=\"link\" data-id=\"https:\/\/www.showlink.fi\/aikataulut2025\/Jamijarvi_RNjaER_22-230225_aikataulukirje.pdf\">Aikataulukirje <\/a><br><\/p>\n\n\n\n<p class=\"has-medium-font-size\"><strong>Lauantai 22.2.2025<\/strong><\/p>\n\n\n<table width=\"441\">\n<tbody>\n<tr>\n<td width=\"313\"><strong>KEH\u00c4 1, ulkona<\/strong><\/td>\n<td width=\"64\">\u00a0<\/td>\n<td width=\"64\">\u00a0<\/td>\n<\/tr>\n<tr>\n<td><strong>Maarit Hassinen<\/strong><\/td>\n<td><strong>81<\/strong><\/td>\n<td>\u00a0<\/td>\n<\/tr>\n<tr>\n<td>alaskanmalamuutti<\/td>\n<td>12<\/td>\n<td>09.00<\/td>\n<\/tr>\n<tr>\n<td>akita<\/td>\n<td>13<\/td>\n<td>\u00a0<\/td>\n<\/tr>\n<tr>\n<td>amerikanakita<\/td>\n<td>5<\/td>\n<td>\u00a0<\/td>\n<\/tr>\n<tr>\n<td>lapinporokoira<\/td>\n<td>13<\/td>\n<td>\u00a0<\/td>\n<\/tr>\n<tr>\n<td>islanninlammaskoira<\/td>\n<td>7<\/td>\n<td>\u00a0<\/td>\n<\/tr>\n<tr>\n<td>pohjanpystykorva<\/td>\n<td>4<\/td>\n<td>12.00<\/td>\n<\/tr>\n<tr>\n<td>ven\u00e4l\u00e4is-eurooppalainen laika<\/td>\n<td>1<\/td>\n<td>\u00a0<\/td>\n<\/tr>\n<tr>\n<td>\u00a4 suomenlapinkoira<\/td>\n<td>26<\/td>\n<td>\u00a0<\/td>\n<\/tr>\n<tr>\n<td>\u00a0<\/td>\n<td>\u00a0<\/td>\n<td>\u00a0<\/td>\n<\/tr>\n<tr>\n<td><strong>KEH\u00c4 2, ulkona<\/strong><\/td>\n<td>\u00a0<\/td>\n<td>\u00a0<\/td>\n<\/tr>\n<tr>\n<td><strong>Markku Kipin\u00e4<\/strong><\/td>\n<td><strong>59<\/strong><\/td>\n<td>\u00a0<\/td>\n<\/tr>\n<tr>\n<td>harmaa norjanhirvikoira<\/td>\n<td>12<\/td>\n<td>10.00<\/td>\n<\/tr>\n<tr>\n<td>it\u00e4siperianlaika<\/td>\n<td>3<\/td>\n<td>\u00a0<\/td>\n<\/tr>\n<tr>\n<td>\u00a4 suomenpystykorva<\/td>\n<td>4<\/td>\n<td>\u00a0<\/td>\n<\/tr>\n<tr>\n<td>karjalankarhukoira<\/td>\n<td>8<\/td>\n<td>11.00<\/td>\n<\/tr>\n<tr>\n<td>j\u00e4mtlanninpystykorva<\/td>\n<td>24<\/td>\n<td>\u00a0<\/td>\n<\/tr>\n<tr>\n<td>\u00a4 siperianhusky<\/td>\n<td>8<\/td>\n<td>\u00a0<\/td>\n<\/tr>\n<tr>\n<td>\u00a0<\/td>\n<td>\u00a0<\/td>\n<td>\u00a0<\/td>\n<\/tr>\n<tr>\n<td><strong>KEH\u00c4 3<\/strong><\/td>\n<td>\u00a0<\/td>\n<td>\u00a0<\/td>\n<\/tr>\n<tr>\n<td><strong>Nina Janger<\/strong><\/td>\n<td><strong>87<\/strong><\/td>\n<td>\u00a0<\/td>\n<\/tr>\n<tr>\n<td>jakutianlaika<\/td>\n<td>10<\/td>\n<td>09.00<\/td>\n<\/tr>\n<tr>\n<td>eurasier<\/td>\n<td>10<\/td>\n<td>\u00a0<\/td>\n<\/tr>\n<tr>\n<td>hokkaidonkoira<\/td>\n<td>1<\/td>\n<td>\u00a0<\/td>\n<\/tr>\n<tr>\n<td>kainkoira<\/td>\n<td>1<\/td>\n<td>\u00a0<\/td>\n<\/tr>\n<tr>\n<td>kishunkoira<\/td>\n<td>1<\/td>\n<td>\u00a0<\/td>\n<\/tr>\n<tr>\n<td>thai ridgeback<\/td>\n<td>1<\/td>\n<td>\u00a0<\/td>\n<\/tr>\n<tr>\n<td>japaninpystykorva<\/td>\n<td>14<\/td>\n<td>\u00a0<\/td>\n<\/tr>\n<tr>\n<td>l\u00e4nsig\u00f6\u00f6tanmaanpystykorva<\/td>\n<td>9<\/td>\n<td>11.15<\/td>\n<\/tr>\n<tr>\n<td>perunkarvatonkoira, pieni<\/td>\n<td>1<\/td>\n<td>\u00a0<\/td>\n<\/tr>\n<tr>\n<td>portugalinpodengo, karkeakarvainen, pieni<\/td>\n<td>1<\/td>\n<td>\u00a0<\/td>\n<\/tr>\n<tr>\n<td>portugalinpodengo, sile\u00e4karvainen, pieni<\/td>\n<td>1<\/td>\n<td>\u00a0<\/td>\n<\/tr>\n<tr>\n<td>faaraokoira<\/td>\n<td>5<\/td>\n<td>\u00a0<\/td>\n<\/tr>\n<tr>\n<td>basenji<\/td>\n<td>4<\/td>\n<td>\u00a0<\/td>\n<\/tr>\n<tr>\n<td>samojedinkoira<\/td>\n<td>28<\/td>\n<td>\u00a0<\/td>\n<\/tr>\n<tr>\n<td>\u00a0<\/td>\n<td>\u00a0<\/td>\n<td>\u00a0<\/td>\n<\/tr>\n<tr>\n<td><strong>KEH\u00c4 4<\/strong><\/td>\n<td>\u00a0<\/td>\n<td>\u00a0<\/td>\n<\/tr>\n<tr>\n<td><strong>Markku M\u00e4h\u00f6nen<\/strong><\/td>\n<td><strong>62<\/strong><\/td>\n<td>\u00a0<\/td>\n<\/tr>\n<tr>\n<td>shiba<\/td>\n<td>9<\/td>\n<td>10.00<\/td>\n<\/tr>\n<tr>\n<td>saksanpystykorva, grosspitz, musta ja ruskea<\/td>\n<td>2<\/td>\n<td>\u00a0<\/td>\n<\/tr>\n<tr>\n<td><em>Saksapystykorvien mittaus<\/em><\/td>\n<td>\u00a0<\/td>\n<td><em>10.45<\/em><\/td>\n<\/tr>\n<tr>\n<td>saksanpystykorva, kleinspitz, musta ja ruskea<\/td>\n<td>4<\/td>\n<td>\u00a0<\/td>\n<\/tr>\n<tr>\n<td>saksanpystykorva, kleinspitz, muut v\u00e4rit<\/td>\n<td>8<\/td>\n<td>\u00a0<\/td>\n<\/tr>\n<tr>\n<td>saksanpystykorva, kleinspitz, valkoinen<\/td>\n<td>5<\/td>\n<td>\u00a0<\/td>\n<\/tr>\n<tr>\n<td>saksanpystykorva, mittelspitz, muut v\u00e4rit<\/td>\n<td>10<\/td>\n<td>11.30<\/td>\n<\/tr>\n<tr>\n<td>saksanpystykorva, mittelspitz, valkoinen<\/td>\n<td>1<\/td>\n<td>\u00a0<\/td>\n<\/tr>\n<tr>\n<td>saksanpystykorva, pomeranian<\/td>\n<td>11<\/td>\n<td>\u00a0<\/td>\n<\/tr>\n<tr>\n<td>saksanpystykorva, keeshond<\/td>\n<td>12<\/td>\n<td>\u00a0<\/td>\n<\/tr>\n<tr>\n<td>\u00a0<\/td>\n<td>\u00a0<\/td>\n<td>\u00a0<\/td>\n<\/tr>\n<tr>\n<td><strong>KEH\u00c4 5<\/strong><\/td>\n<td>\u00a0<\/td>\n<td>\u00a0<\/td>\n<\/tr>\n<tr>\n<td><strong>Leni Finne<\/strong><\/td>\n<td><strong>36<\/strong><\/td>\n<td>\u00a0<\/td>\n<\/tr>\n<tr>\n<td>dalmatiankoira<\/td>\n<td>19<\/td>\n<td>10.00<\/td>\n<\/tr>\n<tr>\n<td>rhodesiankoira<\/td>\n<td>10<\/td>\n<td>\u00a0<\/td>\n<\/tr>\n<tr>\n<td>amerikankettukoira<\/td>\n<td>2<\/td>\n<td>\u00a0<\/td>\n<\/tr>\n<tr>\n<td>plottinajokoira<\/td>\n<td>1<\/td>\n<td>\u00a0<\/td>\n<\/tr>\n<tr>\n<td>ven\u00e4j\u00e4najokoira<\/td>\n<td>1<\/td>\n<td>\u00a0<\/td>\n<\/tr>\n<tr>\n<td>baijerinvuoristovihikoira<\/td>\n<td>2<\/td>\n<td>\u00a0<\/td>\n<\/tr>\n<tr>\n<td>bretagnenbassetti<\/td>\n<td>1<\/td>\n<td>\u00a0<\/td>\n<\/tr>\n<tr>\n<td>\u00a0<\/td>\n<td>\u00a0<\/td>\n<td>\u00a0<\/td>\n<\/tr>\n<tr>\n<td><strong>KEH\u00c4 6<\/strong><\/td>\n<td>\u00a0<\/td>\n<td>\u00a0<\/td>\n<\/tr>\n<tr>\n<td><strong>Jari Fors<\/strong><\/td>\n<td><strong>50<\/strong><\/td>\n<td>\u00a0<\/td>\n<\/tr>\n<tr>\n<td><em>Harjoitusarvostelija: Ripatti Laura, suomenajokoira<\/em><\/td>\n<td>\u00a0<\/td>\n<td>\u00a0<\/td>\n<\/tr>\n<tr>\n<td>suomenajokoira<\/td>\n<td>11<\/td>\n<td>10.00<\/td>\n<\/tr>\n<tr>\n<td>beagle<\/td>\n<td>14<\/td>\n<td>\u00a0<\/td>\n<\/tr>\n<tr>\n<td>grand basset griffon vend\u00e9en<\/td>\n<td>7<\/td>\n<td>11.30<\/td>\n<\/tr>\n<tr>\n<td>dreeveri<\/td>\n<td>17<\/td>\n<td>\u00a0<\/td>\n<\/tr>\n<tr>\n<td>* saukkokoira<\/td>\n<td>1<\/td>\n<td>\u00a0<\/td>\n<\/tr>\n<\/tbody>\n<\/table>\n\n\n<p class=\"has-medium-font-size\"><strong>Sunnuntai 23.2.2025<\/strong><\/p>\n\n\n<table width=\"425\">\n<tbody>\n<tr>\n<td width=\"297\"><strong>KEH\u00c4 3<\/strong><\/td>\n<td width=\"64\">\u00a0<\/td>\n<td width=\"64\">\u00a0<\/td>\n<\/tr>\n<tr>\n<td><strong>Maarit Hassinen<\/strong><\/td>\n<td><strong>73<\/strong><\/td>\n<td>\u00a0<\/td>\n<\/tr>\n<tr>\n<td>airedalenterrieri<\/td>\n<td>3<\/td>\n<td>09.00<\/td>\n<\/tr>\n<tr>\n<td>irlanninterrieri<\/td>\n<td>6<\/td>\n<td>\u00a0<\/td>\n<\/tr>\n<tr>\n<td>lakelandinterrieri<\/td>\n<td>3<\/td>\n<td>\u00a0<\/td>\n<\/tr>\n<tr>\n<td>bullterrieri<\/td>\n<td>4<\/td>\n<td>\u00a0<\/td>\n<\/tr>\n<tr>\n<td>k\u00e4\u00e4pi\u00f6bullterrieri<\/td>\n<td>1<\/td>\n<td>\u00a0<\/td>\n<\/tr>\n<tr>\n<td>skyenterrieri<\/td>\n<td>4<\/td>\n<td>\u00a0<\/td>\n<\/tr>\n<tr>\n<td>brasilianterrieri<\/td>\n<td>23<\/td>\n<td>10.15<\/td>\n<\/tr>\n<tr>\n<td>japaninterrieri<\/td>\n<td>1<\/td>\n<td>\u00a0<\/td>\n<\/tr>\n<tr>\n<td>tenterfieldinterrieri<\/td>\n<td>4<\/td>\n<td>\u00a0<\/td>\n<\/tr>\n<tr>\n<td>amerikankarvatonterrieri<\/td>\n<td>1<\/td>\n<td>\u00a0<\/td>\n<\/tr>\n<tr>\n<td>amerikank\u00e4\u00e4pi\u00f6kettuterrieri<\/td>\n<td>1<\/td>\n<td>\u00a0<\/td>\n<\/tr>\n<tr>\n<td>andalusianrottakoira<\/td>\n<td>1<\/td>\n<td>\u00a0<\/td>\n<\/tr>\n<tr>\n<td>karkeakarvainen kettuterrieri<\/td>\n<td>6<\/td>\n<td>\u00a0<\/td>\n<\/tr>\n<tr>\n<td>saksanmets\u00e4stysterrieri<\/td>\n<td>5<\/td>\n<td>\u00a0<\/td>\n<\/tr>\n<tr>\n<td>valkoinen l\u00e4nsiyl\u00e4maanterrieri<\/td>\n<td>6<\/td>\n<td>\u00a0<\/td>\n<\/tr>\n<tr>\n<td>ceskyterrieri<\/td>\n<td>1<\/td>\n<td>\u00a0<\/td>\n<\/tr>\n<tr>\n<td>skotlanninterrieri<\/td>\n<td>3<\/td>\n<td>\u00a0<\/td>\n<\/tr>\n<tr>\n<td>\u00a0<\/td>\n<td>\u00a0<\/td>\n<td>\u00a0<\/td>\n<\/tr>\n<tr>\n<td><strong>KEH\u00c4 4<\/strong><\/td>\n<td>\u00a0<\/td>\n<td>\u00a0<\/td>\n<\/tr>\n<tr>\n<td><strong>Markku M\u00e4h\u00f6nen<\/strong><\/td>\n<td><strong>66<\/strong><\/td>\n<td>\u00a0<\/td>\n<\/tr>\n<tr>\n<td><em>M\u00e4yr\u00e4koirien mittaus<\/em><\/td>\n<td>\u00a0<\/td>\n<td><em>09.45<\/em><\/td>\n<\/tr>\n<tr>\n<td>m\u00e4yr\u00e4koira, kaniinim\u00e4yr\u00e4koira pitk\u00e4karvainen<\/td>\n<td>2<\/td>\n<td>10.00<\/td>\n<\/tr>\n<tr>\n<td>m\u00e4yr\u00e4koira, k\u00e4\u00e4pi\u00f6m\u00e4yr\u00e4koira pitk\u00e4karvainen<\/td>\n<td>8<\/td>\n<td>\u00a0<\/td>\n<\/tr>\n<tr>\n<td>m\u00e4yr\u00e4koira, pitk\u00e4karvainen<\/td>\n<td>5<\/td>\n<td>\u00a0<\/td>\n<\/tr>\n<tr>\n<td>m\u00e4yr\u00e4koira, kaniinim\u00e4yr\u00e4koira karkeakarvainen<\/td>\n<td>4<\/td>\n<td>\u00a0<\/td>\n<\/tr>\n<tr>\n<td>m\u00e4yr\u00e4koira, k\u00e4\u00e4pi\u00f6m\u00e4yr\u00e4koira karkeakarvainen<\/td>\n<td>11<\/td>\n<td>11.00<\/td>\n<\/tr>\n<tr>\n<td>m\u00e4yr\u00e4koira, karkeakarvainen<\/td>\n<td>15<\/td>\n<td>\u00a0<\/td>\n<\/tr>\n<tr>\n<td>m\u00e4yr\u00e4koira, kaniinim\u00e4yr\u00e4koira lyhytkarvainen<\/td>\n<td>1<\/td>\n<td>\u00a0<\/td>\n<\/tr>\n<tr>\n<td>m\u00e4yr\u00e4koira, k\u00e4\u00e4pi\u00f6m\u00e4yr\u00e4koira lyhytkarvainen<\/td>\n<td>8<\/td>\n<td>\u00a0<\/td>\n<\/tr>\n<tr>\n<td>m\u00e4yr\u00e4koira, lyhytkarvainen<\/td>\n<td>12<\/td>\n<td>\u00a0<\/td>\n<\/tr>\n<tr>\n<td>\u00a0<\/td>\n<td>\u00a0<\/td>\n<td>\u00a0<\/td>\n<\/tr>\n<tr>\n<td><strong>KEH\u00c4 5<\/strong><\/td>\n<td>\u00a0<\/td>\n<td>\u00a0<\/td>\n<\/tr>\n<tr>\n<td><strong>Nina Janger<\/strong><\/td>\n<td><strong>60<\/strong><\/td>\n<td>\u00a0<\/td>\n<\/tr>\n<tr>\n<td>vehn\u00e4terrieri<\/td>\n<td>9<\/td>\n<td>10.00<\/td>\n<\/tr>\n<tr>\n<td>staffordshirenbullterrieri<\/td>\n<td>17<\/td>\n<td>\u00a0<\/td>\n<\/tr>\n<tr>\n<td>glen of imaalinterrieri<\/td>\n<td>2<\/td>\n<td>\u00a0<\/td>\n<\/tr>\n<tr>\n<td>norfolkinterrieri<\/td>\n<td>7<\/td>\n<td>11.45<\/td>\n<\/tr>\n<tr>\n<td>norwichinterrieri<\/td>\n<td>14<\/td>\n<td>\u00a0<\/td>\n<\/tr>\n<tr>\n<td>cairnterrieri<\/td>\n<td>11<\/td>\n<td>\u00a0<\/td>\n<\/tr>\n<tr>\n<td>\u00a0<\/td>\n<td>\u00a0<\/td>\n<td>\u00a0<\/td>\n<\/tr>\n<tr>\n<td><strong>KEH\u00c4 6<\/strong><\/td>\n<td>\u00a0<\/td>\n<td>\u00a0<\/td>\n<\/tr>\n<tr>\n<td><strong>Leni Finne<\/strong><\/td>\n<td><strong>52<\/strong><\/td>\n<td>\u00a0<\/td>\n<\/tr>\n<tr>\n<td>amerikanstaffordshirenterrieri<\/td>\n<td>18<\/td>\n<td>10.00<\/td>\n<\/tr>\n<tr>\n<td>bedlingtoninterrieri<\/td>\n<td>3<\/td>\n<td>\u00a0<\/td>\n<\/tr>\n<tr>\n<td>sile\u00e4karvainen kettuterrieri<\/td>\n<td>9<\/td>\n<td>\u00a0<\/td>\n<\/tr>\n<tr>\n<td>australianterrieri<\/td>\n<td>4<\/td>\n<td>\u00a0<\/td>\n<\/tr>\n<tr>\n<td>silkkiterrieri<\/td>\n<td>5<\/td>\n<td>12.00<\/td>\n<\/tr>\n<tr>\n<td>yorkshirenterrieri<\/td>\n<td>4<\/td>\n<td>\u00a0<\/td>\n<\/tr>\n<tr>\n<td>englannink\u00e4\u00e4pi\u00f6terrieri<\/td>\n<td>5<\/td>\n<td>\u00a0<\/td>\n<\/tr>\n<tr>\n<td>manchesterinterrieri<\/td>\n<td>4<\/td>\n<td>\u00a0<\/td>\n<\/tr>\n<tr>\n<td>\u00a0<\/td>\n<td>\u00a0<\/td>\n<td>\u00a0<\/td>\n<\/tr>\n<tr>\n<td><strong>KEH\u00c4 7<\/strong><\/td>\n<td>\u00a0<\/td>\n<td>\u00a0<\/td>\n<\/tr>\n<tr>\n<td><strong>Markku Kipin\u00e4<\/strong><\/td>\n<td><strong>36<\/strong><\/td>\n<td>\u00a0<\/td>\n<\/tr>\n<tr>\n<td width=\"297\"><em>Harjoitusarvostelija: Ripatti Laura, jackrussellinterrieri, parsonrussellinterrieri, borderterrieri<\/em><\/td>\n<td>\u00a0<\/td>\n<td>\u00a0<\/td>\n<\/tr>\n<tr>\n<td>jackrussellinterrieri<\/td>\n<td>23<\/td>\n<td>10:30<\/td>\n<\/tr>\n<tr>\n<td>parsonrussellinterrieri<\/td>\n<td>5<\/td>\n<td>\u00a0<\/td>\n<\/tr>\n<tr>\n<td>borderterrieri<\/td>\n<td>8<\/td>\n<td>\u00a0<\/td>\n<\/tr>\n<\/tbody>\n<\/table>","protected":false},"excerpt":{"rendered":"<p>Ryhm\u00e4n\u00e4yttelyyn on iloksemme ilmoitettu yhteens\u00e4 662 koiraa. Toimikunta on joutunut tekem\u00e4\u00e4n joitain tuomarinmuutoksia, ne on merkitty alla olevaan aikatauluun. Tarkemmat tiedot maksunpalautuksista ja n\u00e4yttelyp\u00e4iv\u00e4st\u00e4 l\u00f6ytyv\u00e4t aikataulukirjeest\u00e4. Aikataulukirje julkaistaan viimeist\u00e4\u00e4n viikko ennen n\u00e4yttely\u00e4. * = Tuomarimuutos (oikeuttaa maksunpalautukseen)\u00a4 = Ilmoittautumisaikana julkaistu muutos (oikeuttaa maksunpalautukseen vain muutosta ennen ilmoitettujen koirien osalta) Aikataulukirje Lauantai 22.2.2025 KEH\u00c4 1, ulkona <a href=\"https:\/\/www.showlink.fi\/shows\/jamijarvirn2025\/aikataulut\/\" class=\"more-link\">...jatka lukemista<span class=\"screen-reader-text\"> \"Aikataulut &#8211; Ryhm\u00e4n\u00e4yttely\"<\/span><\/a><\/p>\n","protected":false},"author":1,"featured_media":0,"parent":0,"menu_order":6,"comment_status":"closed","ping_status":"closed","template":"","meta":{"footnotes":""},"class_list":["post-13","page","type-page","status-publish","h-entry","hentry","h-as-page"],"_links":{"self":[{"href":"https:\/\/www.showlink.fi\/shows\/jamijarvirn2025\/wp-json\/wp\/v2\/pages\/13","targetHints":{"allow":["GET"]}}],"collection":[{"href":"https:\/\/www.showlink.fi\/shows\/jamijarvirn2025\/wp-json\/wp\/v2\/pages"}],"about":[{"href":"https:\/\/www.showlink.fi\/shows\/jamijarvirn2025\/wp-json\/wp\/v2\/types\/page"}],"author":[{"embeddable":true,"href":"https:\/\/www.showlink.fi\/shows\/jamijarvirn2025\/wp-json\/wp\/v2\/users\/1"}],"replies":[{"embeddable":true,"href":"https:\/\/www.showlink.fi\/shows\/jamijarvirn2025\/wp-json\/wp\/v2\/comments?post=13"}],"version-history":[{"count":21,"href":"https:\/\/www.showlink.fi\/shows\/jamijarvirn2025\/wp-json\/wp\/v2\/pages\/13\/revisions"}],"predecessor-version":[{"id":210,"href":"https:\/\/www.showlink.fi\/shows\/jamijarvirn2025\/wp-json\/wp\/v2\/pages\/13\/revisions\/210"}],"wp:attachment":[{"href":"https:\/\/www.showlink.fi\/shows\/jamijarvirn2025\/wp-json\/wp\/v2\/media?parent=13"}],"curies":[{"name":"wp","href":"https:\/\/api.w.org\/{rel}","templated":true}]}}