{"id":16,"date":"2019-11-20T10:06:40","date_gmt":"2019-11-20T08:06:40","guid":{"rendered":"https:\/\/www.showlink.fi\/shows\/jamijarviryhmistesti\/?page_id=16"},"modified":"2025-02-11T12:12:14","modified_gmt":"2025-02-11T10:12:14","slug":"tulokset","status":"publish","type":"page","link":"https:\/\/www.showlink.fi\/shows\/jamijarvirn2025\/tulokset\/","title":{"rendered":"Tulokset"},"content":{"rendered":"\n<p>Tulokset julkaistaan n\u00e4yttelyn kuluessa.<\/p>\n\n\n\n<p><a href=\"https:\/\/tulospalvelu.kennelliitto.fi\/nayttelyt\/frmTuloksetRyhma.aspx?N=13669&amp;Lang=FIN\">Ryhm\u00e4n\u00e4yttelyn tulokset<\/a><\/p>\n\n\n\n<p><a href=\"https:\/\/tulospalvelu.kennelliitto.fi\/nayttelyt\/frmTuloksetRyhma.aspx?N=13598&amp;Lang=FIN\">Erikoisn\u00e4yttelyn tulokset<\/a><\/p>\n\n\n\n<p><\/p>\n\n\n\n<p><\/p>\n","protected":false},"excerpt":{"rendered":"<p>Tulokset julkaistaan n\u00e4yttelyn kuluessa. Ryhm\u00e4n\u00e4yttelyn tulokset Erikoisn\u00e4yttelyn tulokset<\/p>\n","protected":false},"author":1,"featured_media":0,"parent":0,"menu_order":7,"comment_status":"closed","ping_status":"closed","template":"","meta":{"footnotes":""},"class_list":["post-16","page","type-page","status-publish","h-entry","hentry","h-as-page"],"_links":{"self":[{"href":"https:\/\/www.showlink.fi\/shows\/jamijarvirn2025\/wp-json\/wp\/v2\/pages\/16","targetHints":{"allow":["GET"]}}],"collection":[{"href":"https:\/\/www.showlink.fi\/shows\/jamijarvirn2025\/wp-json\/wp\/v2\/pages"}],"about":[{"href":"https:\/\/www.showlink.fi\/shows\/jamijarvirn2025\/wp-json\/wp\/v2\/types\/page"}],"author":[{"embeddable":true,"href":"https:\/\/www.showlink.fi\/shows\/jamijarvirn2025\/wp-json\/wp\/v2\/users\/1"}],"replies":[{"embeddable":true,"href":"https:\/\/www.showlink.fi\/shows\/jamijarvirn2025\/wp-json\/wp\/v2\/comments?post=16"}],"version-history":[{"count":14,"href":"https:\/\/www.showlink.fi\/shows\/jamijarvirn2025\/wp-json\/wp\/v2\/pages\/16\/revisions"}],"predecessor-version":[{"id":214,"href":"https:\/\/www.showlink.fi\/shows\/jamijarvirn2025\/wp-json\/wp\/v2\/pages\/16\/revisions\/214"}],"wp:attachment":[{"href":"https:\/\/www.showlink.fi\/shows\/jamijarvirn2025\/wp-json\/wp\/v2\/media?parent=16"}],"curies":[{"name":"wp","href":"https:\/\/api.w.org\/{rel}","templated":true}]}}