{"id":190,"date":"2025-02-07T11:22:48","date_gmt":"2025-02-07T09:22:48","guid":{"rendered":"https:\/\/www.showlink.fi\/shows\/jamijarvirn2025\/?page_id=190"},"modified":"2025-02-11T12:07:46","modified_gmt":"2025-02-11T10:07:46","slug":"aikataulut-erikoisnayttely","status":"publish","type":"page","link":"https:\/\/www.showlink.fi\/shows\/jamijarvirn2025\/aikataulut-erikoisnayttely\/","title":{"rendered":"Aikataulut &#8211; Erikoisn\u00e4yttely"},"content":{"rendered":"\n<p>Tukin\u00e4yttelyyn on iloksemme iloksemme 111 koiraa. Toimikunta on joutunut tekem\u00e4\u00e4n joitain tuomarinmuutoksia, ne on merkitty alla olevaan aikatauluun. Tarkemmat tiedot maksunpalautuksista ja koiran\u00e4yttelyp\u00e4iv\u00e4st\u00e4 l\u00f6ytyv\u00e4t aikataulukirjeest\u00e4. Aikataulukirje julkaistaan viimeist\u00e4\u00e4n viikko ennen n\u00e4yttely\u00e4.<\/p>\n\n\n\n<p>* = Tuomarimuutos (oikeuttaa maksunpalautukseen)<\/p>\n\n\n\n<p><a href=\"https:\/\/www.showlink.fi\/aikataulut2025\/Jamijarvi_RNjaER_22-230225_aikataulukirje.pdf\">Aikataulukirje<\/a><\/p>\n\n\n\n<p><\/p>\n\n\n<table width=\"347\">\n<tbody>\n<tr>\n<td width=\"219\"><strong>KEH\u00c4 1, ulkona<\/strong><\/td>\n<td width=\"64\">\u00a0<\/td>\n<td width=\"64\">\u00a0<\/td>\n<\/tr>\n<tr>\n<td><strong>Jari Fors<\/strong><\/td>\n<td><strong>89<\/strong><\/td>\n<td>\u00a0<\/td>\n<\/tr>\n<tr>\n<td>j\u00e4mtlanninpystykorva<\/td>\n<td>16<\/td>\n<td>09.00<\/td>\n<\/tr>\n<tr>\n<td>l\u00e4nsisiperianlaika<\/td>\n<td>5<\/td>\n<td>\u00a0<\/td>\n<\/tr>\n<tr>\n<td>it\u00e4siperianlaika<\/td>\n<td>1<\/td>\n<td>\u00a0<\/td>\n<\/tr>\n<tr>\n<td>karjalankarhukoira<\/td>\n<td>6<\/td>\n<td>\u00a0<\/td>\n<\/tr>\n<tr>\n<td>suomenpystykorva<\/td>\n<td>11<\/td>\n<td>\u00a0<\/td>\n<\/tr>\n<tr>\n<td>suomenlapinkoira<\/td>\n<td>36<\/td>\n<td>11.15<\/td>\n<\/tr>\n<tr>\n<td>- pennut<\/td>\n<td>8<\/td>\n<td>\u00a0<\/td>\n<\/tr>\n<tr>\n<td>- urokset<\/td>\n<td>9<\/td>\n<td>\u00a0<\/td>\n<\/tr>\n<tr>\n<td>- nartut\u00a0<\/td>\n<td>19<\/td>\n<td>12.15<\/td>\n<\/tr>\n<tr>\n<td>harmaa norjanhirvikoira<\/td>\n<td>14<\/td>\n<td>\u00a0<\/td>\n<\/tr>\n<tr>\n<td>\u00a0<\/td>\n<td>\u00a0<\/td>\n<td>\u00a0<\/td>\n<\/tr>\n<tr>\n<td><strong>KEH\u00c4 2, ulkona<\/strong><\/td>\n<td>\u00a0<\/td>\n<td>\u00a0<\/td>\n<\/tr>\n<tr>\n<td><strong>Markku Kipin\u00e4<\/strong><\/td>\n<td><strong>22<\/strong><\/td>\n<td>\u00a0<\/td>\n<\/tr>\n<tr>\n<td>* lapinporokoira<\/td>\n<td>14<\/td>\n<td>09.00<\/td>\n<\/tr>\n<tr>\n<td>* ruotsinlapinkoira<\/td>\n<td>2<\/td>\n<td>\u00a0<\/td>\n<\/tr>\n<tr>\n<td>* pohjanpystykorva<\/td>\n<td>6<\/td>\n<td>\u00a0<\/td>\n<\/tr>\n<\/tbody>\n<\/table>","protected":false},"excerpt":{"rendered":"<p>Tukin\u00e4yttelyyn on iloksemme iloksemme 111 koiraa. Toimikunta on joutunut tekem\u00e4\u00e4n joitain tuomarinmuutoksia, ne on merkitty alla olevaan aikatauluun. Tarkemmat tiedot maksunpalautuksista ja koiran\u00e4yttelyp\u00e4iv\u00e4st\u00e4 l\u00f6ytyv\u00e4t aikataulukirjeest\u00e4. Aikataulukirje julkaistaan viimeist\u00e4\u00e4n viikko ennen n\u00e4yttely\u00e4. * = Tuomarimuutos (oikeuttaa maksunpalautukseen) Aikataulukirje KEH\u00c4 1, ulkona \u00a0 \u00a0 Jari Fors 89 \u00a0 j\u00e4mtlanninpystykorva 16 09.00 l\u00e4nsisiperianlaika 5 \u00a0 it\u00e4siperianlaika 1 \u00a0 <a href=\"https:\/\/www.showlink.fi\/shows\/jamijarvirn2025\/aikataulut-erikoisnayttely\/\" class=\"more-link\">...jatka lukemista<span class=\"screen-reader-text\"> \"Aikataulut &#8211; Erikoisn\u00e4yttely\"<\/span><\/a><\/p>\n","protected":false},"author":1,"featured_media":0,"parent":0,"menu_order":7,"comment_status":"closed","ping_status":"closed","template":"","meta":{"footnotes":""},"class_list":["post-190","page","type-page","status-publish","h-entry","hentry","h-as-page"],"_links":{"self":[{"href":"https:\/\/www.showlink.fi\/shows\/jamijarvirn2025\/wp-json\/wp\/v2\/pages\/190","targetHints":{"allow":["GET"]}}],"collection":[{"href":"https:\/\/www.showlink.fi\/shows\/jamijarvirn2025\/wp-json\/wp\/v2\/pages"}],"about":[{"href":"https:\/\/www.showlink.fi\/shows\/jamijarvirn2025\/wp-json\/wp\/v2\/types\/page"}],"author":[{"embeddable":true,"href":"https:\/\/www.showlink.fi\/shows\/jamijarvirn2025\/wp-json\/wp\/v2\/users\/1"}],"replies":[{"embeddable":true,"href":"https:\/\/www.showlink.fi\/shows\/jamijarvirn2025\/wp-json\/wp\/v2\/comments?post=190"}],"version-history":[{"count":5,"href":"https:\/\/www.showlink.fi\/shows\/jamijarvirn2025\/wp-json\/wp\/v2\/pages\/190\/revisions"}],"predecessor-version":[{"id":211,"href":"https:\/\/www.showlink.fi\/shows\/jamijarvirn2025\/wp-json\/wp\/v2\/pages\/190\/revisions\/211"}],"wp:attachment":[{"href":"https:\/\/www.showlink.fi\/shows\/jamijarvirn2025\/wp-json\/wp\/v2\/media?parent=190"}],"curies":[{"name":"wp","href":"https:\/\/api.w.org\/{rel}","templated":true}]}}