{"id":6,"date":"2024-12-12T14:51:34","date_gmt":"2024-12-12T12:51:34","guid":{"rendered":"https:\/\/www.showlink.fi\/shows\/kaladogishow-ved\/?page_id=6"},"modified":"2026-01-23T12:42:43","modified_gmt":"2026-01-23T10:42:43","slug":"tervetuloa-kalajoelle-26-27-7-2025","status":"publish","type":"page","link":"https:\/\/www.showlink.fi\/shows\/kaladogishow2026\/","title":{"rendered":"Tervetuloa Kalajoelle 18.-19.7.2026!"},"content":{"rendered":"\n<div class=\"wp-block-group alignfull is-style-section-5 has-global-padding is-layout-constrained wp-block-group-is-layout-constrained is-style-section-5--1\" style=\"margin-top:0;margin-bottom:0;padding-top:var(--wp--preset--spacing--50);padding-bottom:var(--wp--preset--spacing--50)\">\n<div class=\"wp-block-columns alignwide is-layout-flex wp-container-core-columns-is-layout-7ee84d44 wp-block-columns-is-layout-flex\">\n<div class=\"wp-block-column is-layout-flow wp-block-column-is-layout-flow\" style=\"flex-basis:60%\">\n<h2 class=\"wp-block-heading has-large-font-size\"><strong>Tervetuloa Kalajoelle 18.-19.7.2026!<br><\/strong><\/h2>\n\n\n\n<p class=\"has-medium-font-size\"><strong>Kaikkien rotujen kansainv\u00e4linen n\u00e4yttely<\/strong>.<br>My\u00f6s pennut ja Junior Handler -kilpailu; kennelpiirin piirimestaruuskilpailu ja SM-osakilpailu.<\/p>\n\n\n\n<p class=\"has-medium-font-size\">Arvostelu alkaa klo 9.00.<\/p>\n\n\n\n<p><\/p>\n<\/div>\n\n\n\n<div class=\"wp-block-column is-vertically-aligned-center is-layout-flow wp-block-column-is-layout-flow\" style=\"flex-basis:50%\">\n<h2 class=\"wp-block-heading has-large-font-size\"><strong>Welcome to Kalajoki July 18-19, 2026!<\/strong><\/h2>\n\n\n\n<p class=\"has-medium-font-size\"><strong>International CACIB show.<\/strong><br>Also puppies (7-9 months) and Junior handler: kennel district championship competition and qualification for national championship competition.<br>Judging will begin at 9 am.<\/p>\n\n\n\n<p class=\"has-medium-font-size\"><\/p>\n<\/div>\n\n\n\n<div class=\"wp-block-column is-vertically-aligned-center is-layout-flow wp-block-column-is-layout-flow\" style=\"flex-basis:50%\">\n<figure class=\"wp-block-image size-full is-resized\"><img loading=\"lazy\" decoding=\"async\" width=\"886\" height=\"886\" src=\"https:\/\/www.showlink.fi\/shows\/kaladogishow-ved\/wp-content\/uploads\/sites\/323\/2024\/12\/kaladogishow_fb_profiilikuva.png\" alt=\"\" class=\"wp-image-9\" style=\"object-fit:cover;width:246px;height:auto\"\/><\/figure>\n<\/div>\n<\/div>\n<\/div>\n\n\n\n<h2 class=\"wp-block-heading\"><br><\/h2>\n\n\n\n<div class=\"wp-block-group alignfull has-global-padding is-layout-constrained wp-block-group-is-layout-constrained\" style=\"margin-top:0;margin-bottom:0\">\n<div class=\"wp-block-group alignwide is-layout-grid wp-container-core-group-is-layout-5fdb10e5 wp-block-group-is-layout-grid\" style=\"padding-top:var(--wp--preset--spacing--50);padding-bottom:var(--wp--preset--spacing--50)\">\n<div class=\"wp-block-group wp-container-content-5fd69529 is-vertical is-content-justification-stretch is-nowrap is-layout-flex wp-container-core-group-is-layout-627337ab wp-block-group-is-layout-flex\">\n<div class=\"wp-block-group is-vertical is-content-justification-left is-layout-flex wp-container-core-group-is-layout-dd225191 wp-block-group-is-layout-flex\">\n<p class=\"is-style-text-subtitle is-style-text-subtitle--2\">Tervetuloa viett\u00e4m\u00e4\u00e4n koiramaista viikonloppua <strong>Kalajoen Hiekkas\u00e4rkille<\/strong> 18.-19.7.2026!<\/p>\n\n\n\n<p><br><strong>Lauantaina <\/strong>arvostellaan roturyhm\u00e4t 1, 3, 4, 6, 9<br><strong>Sunnuntaina <\/strong>arvostellaan roturyhm\u00e4t 2, 5, 7, 8, 10<\/p>\n\n\n\n<p class=\"has-medium-font-size\">Lauantaina Junior Handler SM-osakilpailu.<br>Sunnuntaina Junior Handler -kilpailu ja Keski-Pohjanmaan kennelpiiri ry:n piirinmestaruuskilpailu.<\/p>\n\n\n\n<h3 class=\"wp-block-heading is-style-default\"><strong>N\u00c4YTTELYPAIKKA<\/strong><\/h3>\n\n\n\n<p class=\"is-style-default has-medium-font-size\">N\u00e4yttely j\u00e4rjestet\u00e4\u00e4n Kalajoen pienlentokent\u00e4ll\u00e4, os. Noste 28, 85100 Kalajoki.<br>N\u00e4yttelypaikka sijaitsee Kalajoen Hiekkas\u00e4rkkien alueen etel\u00e4p\u00e4\u00e4ss\u00e4. K\u00e4velymatkan et\u00e4isyydell\u00e4 n\u00e4yttelypaikalta sijaitsevat kaikki Hiekkas\u00e4rkkien alueen palvelut kuten kylpyl\u00e4, vesipuisto, kolme hotellia, loma-asuntoalueet, golfkentt\u00e4, ravintoloita sek\u00e4 Suomen suurin leirint\u00e4alue. <br><br>Kaikki keh\u00e4t sijaitsevat ulkona ja niiss\u00e4 on kivituhkapohja.<\/p>\n\n\n\n<p class=\"is-style-default has-medium-font-size\">Tutustu Kalajokeen my\u00f6s osoitteessa <strong><a href=\"http:\/\/visitkalajoki.fi\/\">VisitKalajoki.fi<\/a><\/strong> <br><br>Lue erityisesti infosivu koirayst\u00e4v\u00e4llisist\u00e4 tekemisist\u00e4 reissun aikana&nbsp;<br><strong><a href=\"https:\/\/visitkalajoki.fi\/kalajokikoirille\/\">https:\/\/visitkalajoki.fi\/kalajokikoirille\/<\/a><\/strong><\/p>\n\n\n\n<p class=\"is-style-default has-medium-font-size\"><\/p>\n\n\n\n<figure class=\"wp-block-image size-full is-resized\"><img loading=\"lazy\" decoding=\"async\" width=\"1536\" height=\"1151\" src=\"https:\/\/www.showlink.fi\/shows\/kaladogishow-ved\/wp-content\/uploads\/sites\/323\/2024\/12\/Kaladogi-2019-1536x1151-1.jpg\" alt=\"\" class=\"wp-image-18\" style=\"aspect-ratio:1.5;object-fit:cover;width:667px;height:auto\"\/><\/figure>\n<\/div>\n<\/div>\n<\/div>\n<\/div>\n\n\n\n<div class=\"wp-block-group alignfull is-style-section-5 has-global-padding is-layout-constrained wp-container-core-group-is-layout-ebee8dc1 wp-block-group-is-layout-constrained is-style-section-5--3\" style=\"margin-top:0;margin-bottom:0;padding-top:var(--wp--preset--spacing--50);padding-bottom:var(--wp--preset--spacing--50)\">\n<div class=\"wp-block-group alignwide is-layout-flow wp-block-group-is-layout-flow\">\n<p class=\"has-text-align-left is-style-default\" style=\"font-style:normal;font-weight:400\"><strong>N\u00e4yttelyn tiedustelut<\/strong><\/p>\n\n\n\n<p class=\"has-text-align-left is-style-default has-medium-font-size\" style=\"font-style:normal;font-weight:400\"><strong>Ilmoittautumisia koskevat tiedustelut<\/strong>:<br>Showlink Oy, arkisin klo 11 \u2013 17 puh. (09) 8873 0320<br>tai email: info@showlink.fi<\/p>\n\n\n\n<p class=\"has-text-align-left is-style-default has-medium-font-size\" style=\"font-style:normal;font-weight:400\"><strong>Muut tiedustelut:<\/strong> info.kaladogi@gmail.com<\/p>\n\n\n\n<p class=\"has-text-align-left is-style-default has-medium-font-size\" style=\"font-style:normal;font-weight:400\"><strong>Myyntipaikat: <\/strong>tiina.eskelinen1@gmail.com<\/p>\n\n\n\n<p class=\"has-text-align-left is-style-default has-medium-font-size\" style=\"font-style:normal;font-weight:400\"><strong>Keh\u00e4toimitsijat: <\/strong>kehatoimitsijat.kaladogi@gmail.com<\/p>\n<\/div>\n<\/div>\n\n\n\n<div class=\"wp-block-group alignfull has-global-padding is-layout-constrained wp-block-group-is-layout-constrained\" style=\"margin-top:0;margin-bottom:0\">\n<div class=\"wp-block-group alignwide is-layout-flow wp-container-core-group-is-layout-d58a0413 wp-block-group-is-layout-flow\" style=\"padding-top:var(--wp--preset--spacing--50);padding-bottom:var(--wp--preset--spacing--50)\">\n<h2 class=\"wp-block-heading has-x-large-font-size\" id=\"info\">Info in English<\/h2>\n\n\n\n<div class=\"wp-block-columns is-layout-flex wp-container-core-columns-is-layout-cbe57604 wp-block-columns-is-layout-flex\">\n<div class=\"wp-block-column is-layout-flow wp-block-column-is-layout-flow\">\n<div class=\"wp-block-group is-layout-flow wp-block-group-is-layout-flow\" style=\"border-top-color:var(--wp--preset--color--accent-6);border-top-width:1px;padding-top:var(--wp--preset--spacing--30);padding-bottom:var(--wp--preset--spacing--30)\">\n<h3 class=\"wp-block-heading\">THE SHOW VENUE<\/h3>\n\n\n\n<p class=\"has-medium-font-size\">The show will be held at Kalajoki airfield, just outside of a famous summer resort of Hiekkas\u00e4rk\u00e4t. Within a walking distance from the show you\u2019ll find all the attractions that Hiekkas\u00e4rk\u00e4t has to offer: a spa, a water park, three hotels, rental apartments, golf course, restaurants and the biggest camping site in Finland. The show is an outdoor show.<\/p>\n<\/div>\n<\/div>\n\n\n\n<div class=\"wp-block-column is-layout-flow wp-block-column-is-layout-flow\">\n<div class=\"wp-block-group is-layout-flow wp-block-group-is-layout-flow\" style=\"border-top-color:var(--wp--preset--color--accent-6);border-top-width:1px;padding-top:var(--wp--preset--spacing--30);padding-bottom:var(--wp--preset--spacing--30)\">\n<h3 class=\"wp-block-heading\">WHERE TO STAY &#8211; Cottages, apartments, hotels<\/h3>\n\n\n\n<p class=\"has-medium-font-size\">Our partner Kalajoki Booking Centre offers the largest and most diverse selection of high-quality cottages and holiday homes in Kalajoki throughout the year renting private holiday homes, apartments and cottages. The selection also includes a wide range of hotel rooms.<br>Please check <a href=\"https:\/\/kalajokikeskusvaraamo.fi\/en\/\">https:\/\/kalajokikeskusvaraamo.fi\/en\/<\/a> for details and bookings!<\/p>\n<\/div>\n<\/div>\n<\/div>\n\n\n\n<div class=\"wp-block-columns is-layout-flex wp-container-core-columns-is-layout-cbe57604 wp-block-columns-is-layout-flex\">\n<div class=\"wp-block-column is-layout-flow wp-block-column-is-layout-flow\">\n<div class=\"wp-block-group is-layout-flow wp-block-group-is-layout-flow\" style=\"border-top-color:var(--wp--preset--color--accent-6);border-top-width:1px;padding-top:var(--wp--preset--spacing--30);padding-bottom:var(--wp--preset--spacing--30)\">\n<h3 class=\"wp-block-heading\">WHERE TO STAY &#8211; Caravans<\/h3>\n\n\n\n<p class=\"has-medium-font-size\">Take a look at these:<br>Hiekkas\u00e4rk\u00e4t Camping: <a href=\"https:\/\/kalajokicamping.fi\/en\">https:\/\/kalajokicamping.fi\/en<\/a><br>Tapion tupa: <a href=\"https:\/\/tapiontupa.fi\/eng\/rooms\/caravanarea.html\">https:\/\/tapiontupa.fi\/eng\/rooms\/caravanarea.html<\/a><br>Sautinkari: <a href=\"https:\/\/www.sautinkari.info\/in-english.html\">https:\/\/www.sautinkari.info\/in-english.html<\/a><br>Kokkola Camping: <a href=\"https:\/\/www.kokkola-camping.fi\/\" target=\"_blank\" rel=\"noreferrer noopener\">https:\/\/www.kokkola-camping.fi\/<\/a><br>Kielosaari Pyh\u00e4joki: <a href=\"http:\/\/www.kielosaari.fi\/\">http:\/\/www.kielosaari.fi\/<\/a><br>Lampinsaari Camping Vihanti: <a href=\"https:\/\/www.lampinsaari.fi\/tuotteet\/\">https:\/\/www.lampinsaari.fi\/<\/a><\/p>\n<\/div>\n<\/div>\n\n\n\n<div class=\"wp-block-column is-layout-flow wp-block-column-is-layout-flow\">\n<div class=\"wp-block-group is-layout-flow wp-block-group-is-layout-flow\" style=\"border-top-color:var(--wp--preset--color--accent-6);border-top-width:1px;padding-top:var(--wp--preset--spacing--30);padding-bottom:var(--wp--preset--spacing--30)\">\n<h3 class=\"wp-block-heading\">Where else to stop during our trip to Kalajoki?<\/h3>\n\n\n\n<p class=\"has-medium-font-size\">We recommend to take a look to <a href=\"http:\/\/www.visitkalajoki.fi\">www.visitkalajoki.fi<\/a> !<\/p>\n<\/div>\n<\/div>\n<\/div>\n<\/div>\n<\/div>\n\n\n\n<p><\/p>\n","protected":false},"excerpt":{"rendered":"<p>Tervetuloa Kalajoelle 18.-19.7.2026! Kaikkien rotujen kansainv\u00e4linen n\u00e4yttely.My\u00f6s pennut ja Junior Handler -kilpailu; kennelpiirin piirimestaruuskilpailu ja SM-osakilpailu. Arvostelu alkaa klo 9.00. Welcome to Kalajoki July 18-19, 2026! International CACIB show.Also puppies (7-9 months) and Junior handler: kennel district championship competition and qualification for national championship competition.Judging will begin at 9 am. Tervetuloa viett\u00e4m\u00e4\u00e4n koiramaista viikonloppua Kalajoen [&hellip;]<\/p>\n","protected":false},"author":1,"featured_media":10,"parent":0,"menu_order":0,"comment_status":"closed","ping_status":"closed","template":"","meta":{"footnotes":""},"class_list":["post-6","page","type-page","status-publish","has-post-thumbnail","hentry"],"_links":{"self":[{"href":"https:\/\/www.showlink.fi\/shows\/kaladogishow2026\/wp-json\/wp\/v2\/pages\/6","targetHints":{"allow":["GET"]}}],"collection":[{"href":"https:\/\/www.showlink.fi\/shows\/kaladogishow2026\/wp-json\/wp\/v2\/pages"}],"about":[{"href":"https:\/\/www.showlink.fi\/shows\/kaladogishow2026\/wp-json\/wp\/v2\/types\/page"}],"author":[{"embeddable":true,"href":"https:\/\/www.showlink.fi\/shows\/kaladogishow2026\/wp-json\/wp\/v2\/users\/1"}],"replies":[{"embeddable":true,"href":"https:\/\/www.showlink.fi\/shows\/kaladogishow2026\/wp-json\/wp\/v2\/comments?post=6"}],"version-history":[{"count":44,"href":"https:\/\/www.showlink.fi\/shows\/kaladogishow2026\/wp-json\/wp\/v2\/pages\/6\/revisions"}],"predecessor-version":[{"id":218,"href":"https:\/\/www.showlink.fi\/shows\/kaladogishow2026\/wp-json\/wp\/v2\/pages\/6\/revisions\/218"}],"wp:featuredmedia":[{"embeddable":true,"href":"https:\/\/www.showlink.fi\/shows\/kaladogishow2026\/wp-json\/wp\/v2\/media\/10"}],"wp:attachment":[{"href":"https:\/\/www.showlink.fi\/shows\/kaladogishow2026\/wp-json\/wp\/v2\/media?parent=6"}],"curies":[{"name":"wp","href":"https:\/\/api.w.org\/{rel}","templated":true}]}}