{"id":11,"date":"2018-01-17T15:36:33","date_gmt":"2018-01-17T13:36:33","guid":{"rendered":"http:\/\/www.showlink.fi\/shows\/forssa2018\/?page_id=11"},"modified":"2025-05-28T10:25:49","modified_gmt":"2025-05-28T07:25:49","slug":"aikataulut","status":"publish","type":"page","link":"https:\/\/www.showlink.fi\/shows\/kangasniemi2025\/aikataulut\/","title":{"rendered":"Aikataulut"},"content":{"rendered":"\n<p><strong>P\u00c4IVITYS 28.5. Kati Kilpel\u00e4inen-Turunen<\/strong> ei valitettavasti p\u00e4\u00e4se n\u00e4yttelyymme arvostelemaan. Muutokset on merkitty aikataulukirjeeseen vihre\u00e4ll\u00e4. N\u00e4et korjatun aikataulun <a href=\"https:\/\/www.showlink.fi\/aikataulut2025\/KangasniemiNORD25_aikataulukirje.pdf\">t\u00e4\u00e4lt\u00e4<\/a>.<\/p>\n\n\n\n<p><strong>P\u00c4IVITYS 26.5. Annaliisa Heikkinen<\/strong> ei valitettavasti p\u00e4\u00e4se n\u00e4yttelyymme arvostelemaan. Muutokset on merkitty aikataulukirjeeseen sinisell\u00e4. N\u00e4et korjatun aikataulun <a href=\"https:\/\/www.showlink.fi\/aikataulut2025\/KangasniemiNORD25_aikataulukirje.pdf\">t\u00e4\u00e4lt\u00e4<\/a>.<\/p>\n\n\n\n<p><strong>P\u00c4IVITYS 22.5.<\/strong> <strong>Jarmo Hilpinen<\/strong> ei valitettavasti p\u00e4\u00e4se n\u00e4yttelyymme arvostelemaan. Muutokset on merkitty aikataulukirjeeseen punaisella. N\u00e4et korjatun aikataulun <a href=\"https:\/\/www.showlink.fi\/aikataulut2025\/KangasniemiNORD25_aikataulukirje.pdf\">t\u00e4\u00e4lt\u00e4<\/a>.<\/p>\n\n\n\n<p><a href=\"https:\/\/www.showlink.fi\/aikataulut2025\/KangasniemiNORD25_aikataulukirje.pdf\">Aikataulukirje, PDF<\/a> -&gt; <strong>KEH\u00c4KARTTA P\u00c4IVITETTY 28.5.<\/strong><\/p>\n\n\n\n<p class=\"has-white-color has-vivid-green-cyan-background-color has-text-color has-background has-link-color wp-elements-99e0b74bf9c1fb22fe0c4863e77665ce\"><strong>KEH\u00c4KARTTA JA AIKATAULUKIRJE P\u00c4IVITETTY 28.5.<\/strong><\/p>\n\n\n\n<p><\/p>\n","protected":false},"excerpt":{"rendered":"<p>P\u00c4IVITYS 28.5. Kati Kilpel\u00e4inen-Turunen ei valitettavasti p\u00e4\u00e4se n\u00e4yttelyymme arvostelemaan. Muutokset on merkitty aikataulukirjeeseen vihre\u00e4ll\u00e4. N\u00e4et korjatun aikataulun t\u00e4\u00e4lt\u00e4. P\u00c4IVITYS 26.5. Annaliisa Heikkinen ei valitettavasti p\u00e4\u00e4se n\u00e4yttelyymme arvostelemaan. Muutokset on merkitty aikataulukirjeeseen sinisell\u00e4. N\u00e4et korjatun aikataulun t\u00e4\u00e4lt\u00e4. P\u00c4IVITYS 22.5. Jarmo Hilpinen ei valitettavasti p\u00e4\u00e4se n\u00e4yttelyymme arvostelemaan. Muutokset on merkitty aikataulukirjeeseen punaisella. N\u00e4et korjatun aikataulun t\u00e4\u00e4lt\u00e4. Aikataulukirje, <a href=\"https:\/\/www.showlink.fi\/shows\/kangasniemi2025\/aikataulut\/\" class=\"more-link\">...jatka lukemista<span class=\"screen-reader-text\"> \"Aikataulut\"<\/span><\/a><\/p>\n","protected":false},"author":1,"featured_media":0,"parent":0,"menu_order":5,"comment_status":"closed","ping_status":"closed","template":"","meta":{"footnotes":""},"class_list":["post-11","page","type-page","status-publish","h-entry","hentry","h-as-page"],"_links":{"self":[{"href":"https:\/\/www.showlink.fi\/shows\/kangasniemi2025\/wp-json\/wp\/v2\/pages\/11","targetHints":{"allow":["GET"]}}],"collection":[{"href":"https:\/\/www.showlink.fi\/shows\/kangasniemi2025\/wp-json\/wp\/v2\/pages"}],"about":[{"href":"https:\/\/www.showlink.fi\/shows\/kangasniemi2025\/wp-json\/wp\/v2\/types\/page"}],"author":[{"embeddable":true,"href":"https:\/\/www.showlink.fi\/shows\/kangasniemi2025\/wp-json\/wp\/v2\/users\/1"}],"replies":[{"embeddable":true,"href":"https:\/\/www.showlink.fi\/shows\/kangasniemi2025\/wp-json\/wp\/v2\/comments?post=11"}],"version-history":[{"count":25,"href":"https:\/\/www.showlink.fi\/shows\/kangasniemi2025\/wp-json\/wp\/v2\/pages\/11\/revisions"}],"predecessor-version":[{"id":389,"href":"https:\/\/www.showlink.fi\/shows\/kangasniemi2025\/wp-json\/wp\/v2\/pages\/11\/revisions\/389"}],"wp:attachment":[{"href":"https:\/\/www.showlink.fi\/shows\/kangasniemi2025\/wp-json\/wp\/v2\/media?parent=11"}],"curies":[{"name":"wp","href":"https:\/\/api.w.org\/{rel}","templated":true}]}}