{"id":13,"date":"2018-01-17T15:37:03","date_gmt":"2018-01-17T13:37:03","guid":{"rendered":"http:\/\/www.showlink.fi\/shows\/forssa2018\/?page_id=13"},"modified":"2025-05-27T09:53:09","modified_gmt":"2025-05-27T06:53:09","slug":"tuomarit","status":"publish","type":"page","link":"https:\/\/www.showlink.fi\/shows\/kangasniemi2025\/tuomarit\/","title":{"rendered":"Tuomarit"},"content":{"rendered":"\n<p><strong>P\u00c4IVITYS 26.5.2025<\/strong> <br><strong>Annaliisa Heikkinen<\/strong> ei valitettavasti p\u00e4\u00e4se n\u00e4yttelyymme arvostelemaan. Muutokset on merkitty aikataulukirjeen punaisella. N\u00e4et korjatun aikataulun <a href=\"https:\/\/www.showlink.fi\/aikataulut2025\/KangasniemiNORD25_aikataulukirje.pdf\">t\u00e4\u00e4lt\u00e4<\/a>.<\/p>\n\n\n\n<p><strong>P\u00c4IVITYS 22.5.2025<\/strong> <br><strong>Jarmo Hilpinen<\/strong> ei valitettavasti p\u00e4\u00e4se n\u00e4yttelyymme arvostelemaan. Muutokset on merkitty aikataulukirjeen punaisella. N\u00e4et korjatun aikataulun <a href=\"https:\/\/www.showlink.fi\/aikataulut2025\/KangasniemiNORD25_aikataulukirje.pdf\">t\u00e4\u00e4lt\u00e4<\/a>.<br><br><strong>P\u00e4ivitys 27.1.2025<\/strong><br><strong>Paavo Mattila<\/strong> arvostelee beaucenpaimenkoirat ja toimii varatuomarina FCI1-roduille, <strong>Maarit Hassinen<\/strong> arvostelee australianpaimenkoirat, <strong>Harto Stockmari <\/strong>arvostelee griffon-rodut ja maltankoirat<\/p>\n\n\n\n<p><strong>P\u00e4ivitys 24.1.2025<\/strong><br><strong>Benny Blidh von Schedvini<\/strong>lle merkityt karkeakarvaiset m\u00e4yr\u00e4koirat sek\u00e4 FCI5 rodut arvostelee <strong>Karin Sj\u00f6holm \u00d6stlund<\/strong>. Muutokset merkitty tuomarilistaan.<br><strong>Anne Tove Strandille<\/strong> merkityt suursnautserit arvostelee <strong>Kirsi Tevalin<\/strong>.<\/p>\n\n\n\n<p><strong>P\u00e4ivitys 22.1.2025<\/strong><br><strong>Benny Blidh von Schedvin<\/strong> on estynyt saapumasta paikalle, h\u00e4nen tilalleen etsit\u00e4\u00e4n uutta tuomaria.<br><strong>Anne Tove Strande<\/strong> on estynyt saapumasta paikalle, borderterrierit, kettuterrierit, kerrynterrierit, amerikancockerspanielit ja mopsit arvostelee <strong>Helge Kvivesen<\/strong>. Muiden Stranden rotujen osalta etsit\u00e4\u00e4n uutta tuomaria. Muutokset merkitty tuomarilistaan.<\/p>\n\n\n\n<hr class=\"wp-block-separator has-text-color has-alpha-channel-opacity has-background\" style=\"background-color:#abb7c221;color:#abb7c221\"\/>\n\n\n\n<h2 class=\"wp-block-heading\">Torstai<\/h2>\n\n\n\n<p><strong>Torstaina 29.5.2025 arvostellaan kaikki FCI:n roturyhm\u00e4t.<\/strong><\/p>\n\n\n\n<p><strong>Ryhm\u00e4 1<\/strong><br><em>Varalla kaikille ryhm\u00e4 1 roduille <strong>Paavo Mattila <\/strong>(27.1.25)<\/em><br>australianpaimenkoira <strong>Maarit Hassinen<\/strong> (27.1.25)<br>beaucenpaimenkoira <strong>Paavo Mattila <\/strong>(27.1.25)<br>australian t\u00f6p\u00f6h\u00e4nt\u00e4inen karjakoira, australiankelpie, bergamonpaimenkoira, schipperke <strong>Esa Ruotsalainen<\/strong><br>belgianpaimenkoirat, medimurjenkoira, owczarek podhalanski, partacollie, welsh corgit <strong>Harto Stockmari<\/strong><br>ardennienkarjakoira, bouvier, brienpaimenkoira, etel\u00e4ven\u00e4j\u00e4nkoira, hollanninpaimenkoirat, tsekinpaimenkoira, vanhaenglanninlammaskoira <strong>Kalvo Kriisk, Viro<\/strong><br>pitk\u00e4karvainen collie, sile\u00e4karvainen collie <strong>Katrina Santas, Australia<\/strong><br>saksanpaimenkoirat <strong>Kirsi Tevalin<\/strong><br>australiankarjakoira, bordercollie, it\u00e4euroopanpaimenkoira, valkoinenpaimenkoira Leni Finne<br>karpaattienkoira, komondor, kroatianpaimenkoira, kuvasz, maremmano-abruzzese, mudi, picardienpaimenkoira, polski owczarek nizinny, pulit, pumi, pyreneittenpaimenkoirat, romanianpaimenkoira, schapendoes, slovakiancuvac <strong>Maarit Hassinen<\/strong><br>shetlanninlammaskoira <strong>Nina Karlsdotter, Ruotsi<\/strong><br>katalonianpaimenkoira, serra de airesinpaimenkoira <strong>Paavo Mattila<\/strong><br>ceskoslovensky vlciak, lancashirenkarjakoira, mallorcanpaimenkoira, pieniamerikanpaimenkoira, saarlooswolfhond <strong>Tapio Kakko<\/strong><\/p>\n\n\n\n<p><strong>Ryhm\u00e4 2<\/strong><br><em>Varalla kaikille ryhm\u00e4 2 roduille <strong>Leni Finne<\/strong><\/em><br>k\u00e4\u00e4pi\u00f6snautserit <strong>Adam Ostrowski, Puola<\/strong><br>suursnautserit <strong>Kirsi Tevalin<\/strong> (24.1.25)<br>k\u00e4\u00e4pi\u00f6pinseri, pinseri, tanskandoggit <strong>Auli Haapiainen-Liikanen<\/strong><br>berninpaimenkoira <strong>Kalvo Kriisk, Viro<\/strong><br>bokseri, bullmastiffi, espanjanmastiffi, mastiffi, napolinmastiffi, pyreneittenmastiffi, tiibetinmastiffi <strong>Kirsi Tevalin<\/strong><br>apinapinseri, appenzellinpaimenkoira, bordeauxindoggi, bukovinankoira, cane corso, ciob\u0103nesc rom\u00e2nesc corb, dobermanni, dogo argentino, englanninbulldoggi, entlebuchinpaimenkoira, estrelanvuoristokoirat, fila brasileiro, hovawart, isosveitsinpaimenkoira, it\u00e4vallanpinseri, kaukasiankoira, keskiaasiankoira, landseer, leonberginkoira, mallorcandoggi, newfoundlandinkoira, pyreneittenkoira, rottweiler <strong>Leni Finne<\/strong><br>bernhardinkoirat <strong>Nina Karlsdotter, Ruotsi<\/strong><br>aidi, alentejonkoira, broholminkoira, castro laboreironkoira, continental bulldog, hollanninrottakoira, kanariandoggi, kangalinkoira, karstinpaimenkoira, tanskalais-ruotsalainen pihakoira tornjak, tosa, transmontano mastiff, uruguayncimarron, ven\u00e4j\u00e4nmustaterrieri <strong>Paavo Mattila<\/strong><br>sao miguelinfila, sarplaninac, shar pei, snautserit <strong>Perttu St\u00e5hlberg<\/strong><\/p>\n\n\n\n<p><strong>Ryhm\u00e4 3<\/strong><br><em>Varalla kaikille ryhm\u00e4 3 roduille <strong>Maija Lehtonen<\/strong><\/em><br>borderterrieri, karkeakarvainen kettuterrieri, kerrynterrieri, sile\u00e4karvainen kettuterrieri<strong> Helge Kvivesen, Norja<\/strong> (22.1.15)<br>k\u00e4\u00e4pi\u00f6bullterrieri, manchesterinterrieri, norfolkinterrieri, norwichinterrieri, parsonrussellinterrieri, saksanmets\u00e4stysterrieri <strong>Harto Stockmari<\/strong><br>amerikankarvatonterrieri, amerikank\u00e4\u00e4pi\u00f6kettuterrieri, amerikanrottaterrieri, andalusianrottakoira, australianterrieri, biewerterrieri, brasilianterrieri, ceskyterrieri, dandiedinmontinterrieri, englannink\u00e4\u00e4pi\u00f6terrieri, glen of imaalinterrieri, irlanninterrieri<strong> Jakub Kruczek, Puola<\/strong><br>bullterrieri <strong>Kirsi Tevalin<\/strong><br>airedalenterrieri, bedlingtoninterrieri, cairnterrieri, skotlanninterrieri, skyenterrieri, vehn\u00e4terrieri, yorkshirenterrieri <strong>Maija Lehtonen<\/strong><br>amerikanstaffordshirenterrieri, silkkiterrieri, staffordshirenbullterrieri, tenterfieldinterrieri, valencianrottaterrieri, walesinterrieri, valkoinen l\u00e4nsiyl\u00e4maanterrieri <strong>Paavo Mattila<\/strong><br>jackrussellinterrieri, japaninterrieri, lakelandinterrieri, sealyhaminterrieri <strong>Perttu St\u00e5hlberg<\/strong><\/p>\n\n\n\n<p><strong>Ryhm\u00e4 4<\/strong><br><em>Varalla kaikille ryhm\u00e4 4 roduille <strong>Anneli Pukkila<\/strong><\/em><br>lyhytkarvaiset m\u00e4yr\u00e4koirat <strong>Adam Ostrowski, Puola<\/strong><br>karkeakarvaiset m\u00e4yr\u00e4koirat <strong>Karin Sj\u00f6holm \u00d6stlund, Ruotsi<\/strong> (24.1.25)<br>pitk\u00e4karvaiset m\u00e4yr\u00e4koirat <strong>Esa Ruotsalainen<\/strong><\/p>\n\n\n\n<p><strong>Ryhm\u00e4 5<\/strong><br><em>Varalla kaikille ryhm\u00e4 5 roduille<strong> Paavo Mattila<\/strong><\/em><br>suomenlapinkoira <strong>Aila Lehmussaari<\/strong><br>american eskimo dog, buhund, faaraokoira, harmaa norjanhirvikoira, h\u00e4lleforsinkoira, ibizanpodencot, islanninlammaskoira, it\u00e4siperianlaika, jakutianlaika, kanarianpodenco, kintamani-balinkoira, kishunkoira, koreanjindonkoira, l\u00e4nsig\u00f6\u00f6tanmaanpystykorva, meksikonkarvatonkoirat, musta norjanhirvikoira, musta tanskanpystykorva, perunkarvatonkoirat, pohjanpystykorva <strong>Anneli Pukkila<\/strong><br>shiba, shikokunkoira, siperianhusky, taiwaninkoira, tanskanpystykorva, thai ridgeback, thaimaanpystykorva, valkoinen ruotsinhirvikoira, ven\u00e4l\u00e4is-eurooppalainen laika <strong>Karin Sj\u00f6holm \u00d6stlund, Ruotsi<\/strong> (24.1.25)<br>portugalinpodengot <strong>Kalvo Kriisk, Viro<\/strong><br>karjalankarhukoira, suomenpystykorva <strong>Kati Kilpel\u00e4inen-Turunen<\/strong><br>japaninpystykorva, lapinporokoira, lunnikoira <strong>Maija Lehtonen<\/strong><br>grosspitzit, keeshond, kleinspitzit, mittelspitzit, pomeranian, ruotsinlapinkoira, samojedinkoira <strong>Perttu St\u00e5hlberg<\/strong><br>akita, alaskanmalamuutti, amerikanakita, basenji, chow chow, etnankoira, eurasier, gr\u00f6nlanninkoira, hokkaidonkoira, j\u00e4mtlanninpystykorva, kaanaankoira, kainkoira, kanadaneskimokoira, l\u00e4nsisiperianlaika, volpino italiano <strong>Tapio Kakko<\/strong><\/p>\n\n\n\n<p><strong>Ryhm\u00e4 6<\/strong><br><em>Varalla kaikille (ei suomenajokoira) ryhm\u00e4 6 roduille<strong> Kalvo Kriisk, Viro<\/strong><\/em><br>beagle, dreeveri, suomenajokoira <strong>Aila Lehmussaari<\/strong><br>anglo-francais de petite v\u00e9nerie, ariegeois, baijerinvuoristovihikoira, basset hound, billy, chien d\u00b4artois, francais blanc et noir, francais blanc et orange, francais tricolore, gascognenbassetti, grand anglo-francais blanc et noir, grand anglo-francais blanc et orange, grand anglo-francais tricolore, grand griffon vend\u00e9en, griffon fauve de bretagne, griffon nivernais, hannoverinvihikoira, iso gascognenajokoira, maremmanajokoira, pieni gascognenajokoira, pieniberninajokoira, pienijuranajokoira, pieniluzerninajokoira, pienischwyzinajokoira, saukkokoira, tiroler bracke, westf\u00e4lische dachsbracke, vihikoira <strong>Esa Ruotsalainen<\/strong><br>muut <strong>Auli Haapiainen-Liikanen<\/strong><\/p>\n\n\n\n<p><strong>Ryhm\u00e4 7<\/strong><br><em>Varalla kaikille ryhm\u00e4 7 roduille <strong>Aila Lehmussaari<\/strong><\/em><br>bretoni, korthalsingriffoni <strong>Kalvo Kriisk, Viro<\/strong><br>englanninsetteri, gordoninsetteri, karkeakarvainen slovakianseisoja, pienim\u00fcnsterinseisoja, pointteri, punainen irlanninsetteri, punavalkoinen irlanninsetteri, spinone, tsekinseisoja <strong>Paavo Mattila<\/strong><br>muut<strong> Esa Ruotsalainen<\/strong><\/p>\n\n\n\n<p><strong>Ryhm\u00e4 8<\/strong><br><em>Varalla kaikille ryhm\u00e4 8 roduille <strong>Harto Stockmari<\/strong><\/em><br>amerikanvesispanieli, barbet, cockerspanieli, fieldspanieli, kooikerhondje, portugalinvesikoira, walesinspringerspanieli <strong>Annaliisa Heikkinen<\/strong><br>amerikancockerspanieli <strong>Helge Kvivesen, Norja<\/strong> (22.1.25)<br>novascotiannoutaja, puolanmets\u00e4stysspanieli, ven\u00e4j\u00e4nspanieli, viiri\u00e4iskoira <strong>Anneli Pukkila<\/strong><br>englanninspringerspanieli, kultainennoutaja<strong> Caroline Yate, Australia<\/strong><br>espanjanvesikoira, labradorinnoutaja <strong>Katrina Santas, Australia<\/strong><br>chesapeakelahdennoutaja, clumberinspanieli, friisinvesikoira, irlanninvesispanieli, kiharakarvainen noutaja, lagotto romagnolo, sile\u00e4karvainen noutaja, sussexinspanieli <strong>Maarit Hassinen<\/strong><\/p>\n\n\n\n<p><strong>Ryhm\u00e4 9<\/strong><br><em>Varalla kaikille ryhm\u00e4 9 roduille <strong>Harto Stockmari<\/strong><\/em><br>griffon belge, griffon bruxellois, maltankoira, petit brabancon <strong>Harto Stockmari <\/strong>(27.1.25)<br>mopsi <strong>Helge Kvivesen, Norja<\/strong> (22.1.25)<br>lhasa apso <strong>Jakub Kruczek, Puola<\/strong><br>kiinanharjakoira, kiinanpalatsikoira <strong>Jarmo Hilpinen<\/strong><br>kingcharlesinspanieli, kromfohrl\u00e4nder, papillon, phal\u00e8ne<strong> Kalvo Kriisk, Viro<\/strong><br>bolognese, cavalier kingcharlesinspanieli, chihuahuat <strong>Kati Kilpel\u00e4inen-Turunen<\/strong><br>bostoninterrieri, ranskanbulldoggi, tiibetinterrieri <strong>Kirsi Tevalin<\/strong><br>l\u00f6wchen <strong>Leni Finne<\/strong><br>bichon fris\u00e9, coton de tul\u00e9ar, havannankoira, japanese chin, keskikokoiset villakoirat, k\u00e4\u00e4pi\u00f6villakoirat, toyvillakoirat <strong>Maarit Hassinen<\/strong><br>isovillakoirat, markiesje, prahanrottakoira, shih tzu, ven\u00e4j\u00e4nbolonka, ven\u00e4j\u00e4ntoyt <strong>Nina Karlsdotter, Ruotsi<\/strong><br>tiibetinspanieli <strong>Tapio Kakko<\/strong><\/p>\n\n\n\n<p><strong>Ryhm\u00e4 10<\/strong><br><em>Varalla kaikille ryhm\u00e4 10 roduille<strong> Jarmo Hilpinen<\/strong><\/em><br>afgaaninvinttikoira, saluki, ven\u00e4j\u00e4nvinttikoira <strong>Adam Ostrowski, Puola<\/strong><br>englanninvinttikoira, irlanninsusikoira, italianvinttikoira, kazakh tazy, puolanvinttikoira, skotlanninhirvikoira, unkarinvinttikoira, whippet<strong> Jarmo Hilpinen<\/strong><br>azawakh, espanjanvinttikoira, sloughi <strong>Kirsi Tevalin<\/strong><\/p>\n\n\n\n<p>Junior Handler <strong>Jasmin Heikkinen<\/strong><\/p>\n\n\n\n<p><strong>Ryhm\u00e4kilpailut<\/strong><br>1 <strong>Harto Stockmari<\/strong><br>2 <strong>Leni Finne<\/strong><br>3 <strong>Jakub Kruczek<\/strong><br>4 <strong>Adam Ostrowski<\/strong><br>5 <strong>Perttu St\u00e5hlberg<\/strong><br>6 <strong>Auli Haapiainen-Liikanen<\/strong><br>7 <strong>Esa Ruotsalainen<\/strong><br>8 <strong>Anneli Pukkila<\/strong><br>9 <strong>Maarit Hassinen<\/strong><br>10 <strong>Caroline Yate<\/strong><br>Paras juniori <strong>Leni Finne<\/strong><br>Paras veteraani <strong>Leni Finne<\/strong><br>Paras kasvattajaryhm\u00e4 <strong>Nina Karlsdotter<\/strong><br>Best in Show <strong>Paavo Mattila<\/strong><\/p>\n\n\n\n<p><\/p>\n","protected":false},"excerpt":{"rendered":"<p>P\u00c4IVITYS 26.5.2025 Annaliisa Heikkinen ei valitettavasti p\u00e4\u00e4se n\u00e4yttelyymme arvostelemaan. Muutokset on merkitty aikataulukirjeen punaisella. N\u00e4et korjatun aikataulun t\u00e4\u00e4lt\u00e4. P\u00c4IVITYS 22.5.2025 Jarmo Hilpinen ei valitettavasti p\u00e4\u00e4se n\u00e4yttelyymme arvostelemaan. Muutokset on merkitty aikataulukirjeen punaisella. N\u00e4et korjatun aikataulun t\u00e4\u00e4lt\u00e4. P\u00e4ivitys 27.1.2025Paavo Mattila arvostelee beaucenpaimenkoirat ja toimii varatuomarina FCI1-roduille, Maarit Hassinen arvostelee australianpaimenkoirat, Harto Stockmari arvostelee griffon-rodut ja maltankoirat <a href=\"https:\/\/www.showlink.fi\/shows\/kangasniemi2025\/tuomarit\/\" class=\"more-link\">...jatka lukemista<span class=\"screen-reader-text\"> \"Tuomarit\"<\/span><\/a><\/p>\n","protected":false},"author":1,"featured_media":0,"parent":0,"menu_order":2,"comment_status":"closed","ping_status":"closed","template":"","meta":{"footnotes":""},"class_list":["post-13","page","type-page","status-publish","h-entry","hentry","h-as-page"],"_links":{"self":[{"href":"https:\/\/www.showlink.fi\/shows\/kangasniemi2025\/wp-json\/wp\/v2\/pages\/13","targetHints":{"allow":["GET"]}}],"collection":[{"href":"https:\/\/www.showlink.fi\/shows\/kangasniemi2025\/wp-json\/wp\/v2\/pages"}],"about":[{"href":"https:\/\/www.showlink.fi\/shows\/kangasniemi2025\/wp-json\/wp\/v2\/types\/page"}],"author":[{"embeddable":true,"href":"https:\/\/www.showlink.fi\/shows\/kangasniemi2025\/wp-json\/wp\/v2\/users\/1"}],"replies":[{"embeddable":true,"href":"https:\/\/www.showlink.fi\/shows\/kangasniemi2025\/wp-json\/wp\/v2\/comments?post=13"}],"version-history":[{"count":43,"href":"https:\/\/www.showlink.fi\/shows\/kangasniemi2025\/wp-json\/wp\/v2\/pages\/13\/revisions"}],"predecessor-version":[{"id":378,"href":"https:\/\/www.showlink.fi\/shows\/kangasniemi2025\/wp-json\/wp\/v2\/pages\/13\/revisions\/378"}],"wp:attachment":[{"href":"https:\/\/www.showlink.fi\/shows\/kangasniemi2025\/wp-json\/wp\/v2\/media?parent=13"}],"curies":[{"name":"wp","href":"https:\/\/api.w.org\/{rel}","templated":true}]}}