{"id":825,"date":"2025-02-21T10:52:00","date_gmt":"2025-02-21T08:52:00","guid":{"rendered":"https:\/\/www.showlink.fi\/shows\/kartanoweekend2025-luonnostila\/?page_id=825"},"modified":"2025-02-21T13:55:59","modified_gmt":"2025-02-21T11:55:59","slug":"kaisa-gold","status":"publish","type":"page","link":"https:\/\/www.showlink.fi\/shows\/kartanoweekend2025\/tuomariesittelyt\/kaisa-gold\/","title":{"rendered":"Kaisa Gold"},"content":{"rendered":"<div class=\"wp-block-image\">\n<figure class=\"aligncenter size-full is-resized\"><img loading=\"lazy\" decoding=\"async\" width=\"547\" height=\"736\" src=\"https:\/\/www.showlink.fi\/shows\/kartanoweekend2025-luonnostila\/wp-content\/uploads\/sites\/56\/2025\/02\/KaisaGold_kuva.jpg\" alt=\"\" class=\"wp-image-827\" style=\"width:395px;height:auto\"\/><\/figure>\n<\/div>\n\n\n<hr class=\"wp-block-separator has-text-color has-white-color has-alpha-channel-opacity has-white-background-color has-background\"\/>\n\n\n\n<h3 class=\"wp-block-heading has-text-align-center\">Kaisa Gold, Suomi<\/h3>\n\n\n\n<p>Kaisa Goldin (ent. Metteri-Gold) perheess\u00e4 oli staffordshirenbullterriereit\u00e4 ja se oli my\u00f6s h\u00e4nen ensimm\u00e4inen oma rotunsa. H\u00e4n hankki ensimm\u00e4isen amerikanstaffiordshirenterrierin vuonna 1989 ja siit\u00e4 l\u00e4htien h\u00e4nell\u00e4 on rotua ollut. Kaisa oli alun perin enemm\u00e4n kiinnostunut tottelevaisuuskokeista ja muista k\u00e4ytt\u00f6puolen asioista, mutta my\u00f6hemmin my\u00f6s n\u00e4yttelyt ja kasvattaminen tulivat mukaan. Kaisalla on ollut amstaffien lis\u00e4ksi my\u00f6s pienempikokoisia rotuja, ensin jackrussellinterriereit\u00e4, sile\u00e4karvainen kettuterrieri, bostoninterriereit\u00e4 ja sittemmin l\u00f6wcheneit\u00e4, joita h\u00e4nell\u00e4 edelleen on. <\/p>\n\n\n\n<p>Kaisa aloitti kasvatusty\u00f6n jackrussellinterriereill\u00e4 ja ensimm\u00e4inen amstaffipentue syntyi kennelnimelle Masterbolt vuonna 1997. T\u00e4ll\u00e4 hetkell\u00e4 h\u00e4n on yksi rodun pitk\u00e4aikaisimmista aktiivikasvattajista Euroopassa. H\u00e4nen kasvateissaan on lukuisia kansainv\u00e4lisi\u00e4, kansallisia ja Amerikan muotovalioita, vaikka kasvatusty\u00f6 onkin ollut eritt\u00e4in pienimuotoista. Kaisa on esitt\u00e4nyt my\u00f6s erirotuisia koiria, p\u00e4\u00e4asiassa griffoneita ja irlanninvesispanieleita. <\/p>\n\n\n\n<p>H\u00e4nell\u00e4 on arvosteluoikeudet kaikille roduille FCI:n ryhmiss\u00e4 2, 3, 4, 9 ja 10 sek\u00e4 useille roduille ryhmist\u00e4 5 ja 8. Kaisa kuuluu Ulkomuototuomarit ry:n hallitukseen ja h\u00e4n on toiminut Amerikanstaffordshirenterrieri- ja Staffordshirenbullterrieriyhdistyksen puheenjohtajana ja hallituksen j\u00e4senen\u00e4 sek\u00e4 Suomen K\u00e4\u00e4pi\u00f6koirayhdistyksen hallituksen j\u00e4senen\u00e4. H\u00e4n on arvostellut erikoisn\u00e4yttelyiss\u00e4 ja kaikkien rotujen n\u00e4yttelyiss\u00f6 kaikkialla Euroopassa, Australiassa ja Amerikassa.<\/p>\n","protected":false},"excerpt":{"rendered":"<p>Kaisa Gold, Suomi Kaisa Goldin (ent. Metteri-Gold) perheess\u00e4 oli staffordshirenbullterriereit\u00e4 ja se oli my\u00f6s h\u00e4nen ensimm\u00e4inen oma rotunsa. H\u00e4n hankki ensimm\u00e4isen amerikanstaffiordshirenterrierin vuonna 1989 ja siit\u00e4 l\u00e4htien h\u00e4nell\u00e4 on rotua ollut. Kaisa oli alun perin enemm\u00e4n kiinnostunut tottelevaisuuskokeista ja muista k\u00e4ytt\u00f6puolen asioista, mutta my\u00f6hemmin my\u00f6s n\u00e4yttelyt ja kasvattaminen tulivat mukaan. Kaisalla on ollut amstaffien lis\u00e4ksi <a href=\"https:\/\/www.showlink.fi\/shows\/kartanoweekend2025\/tuomariesittelyt\/kaisa-gold\/\" class=\"more-link\">...jatka lukemista<span class=\"screen-reader-text\"> \"Kaisa Gold\"<\/span><\/a><\/p>\n","protected":false},"author":1,"featured_media":0,"parent":671,"menu_order":7,"comment_status":"closed","ping_status":"closed","template":"","meta":{"footnotes":""},"class_list":["post-825","page","type-page","status-publish","h-entry","hentry","h-as-page"],"_links":{"self":[{"href":"https:\/\/www.showlink.fi\/shows\/kartanoweekend2025\/wp-json\/wp\/v2\/pages\/825","targetHints":{"allow":["GET"]}}],"collection":[{"href":"https:\/\/www.showlink.fi\/shows\/kartanoweekend2025\/wp-json\/wp\/v2\/pages"}],"about":[{"href":"https:\/\/www.showlink.fi\/shows\/kartanoweekend2025\/wp-json\/wp\/v2\/types\/page"}],"author":[{"embeddable":true,"href":"https:\/\/www.showlink.fi\/shows\/kartanoweekend2025\/wp-json\/wp\/v2\/users\/1"}],"replies":[{"embeddable":true,"href":"https:\/\/www.showlink.fi\/shows\/kartanoweekend2025\/wp-json\/wp\/v2\/comments?post=825"}],"version-history":[{"count":3,"href":"https:\/\/www.showlink.fi\/shows\/kartanoweekend2025\/wp-json\/wp\/v2\/pages\/825\/revisions"}],"predecessor-version":[{"id":829,"href":"https:\/\/www.showlink.fi\/shows\/kartanoweekend2025\/wp-json\/wp\/v2\/pages\/825\/revisions\/829"}],"up":[{"embeddable":true,"href":"https:\/\/www.showlink.fi\/shows\/kartanoweekend2025\/wp-json\/wp\/v2\/pages\/671"}],"wp:attachment":[{"href":"https:\/\/www.showlink.fi\/shows\/kartanoweekend2025\/wp-json\/wp\/v2\/media?parent=825"}],"curies":[{"name":"wp","href":"https:\/\/api.w.org\/{rel}","templated":true}]}}