{"id":10,"date":"2018-11-06T15:52:32","date_gmt":"2018-11-06T13:52:32","guid":{"rendered":"http:\/\/www.showlink.fi\/shows\/kauhajokirn2019\/?page_id=10"},"modified":"2024-10-30T12:05:34","modified_gmt":"2024-10-30T10:05:34","slug":"ilmoittautuminen","status":"publish","type":"page","link":"https:\/\/www.showlink.fi\/shows\/kauhajokirn2025\/ilmoittautuminen\/","title":{"rendered":"Ilmoittautuminen"},"content":{"rendered":"\n<p class=\"has-background\" style=\"background-color:#bbcfdc\">Aikataulukirjeet ja numerolaput tullaan l\u00e4hett\u00e4m\u00e4\u00e4n ainoastaan s\u00e4hk\u00f6isesti ilmoittautumisessa annettuun s\u00e4hk\u00f6postiosoitteeseen. <strong>Numerolappuja ei toimiteta postitse.<\/strong><\/p>\n\n\n\n<p>Ilmoittautumiset viimeist\u00e4\u00e4n<strong> 10.3. \/ 9.4. \/ 14.4.<\/strong> (katso ilmoittautumismaksut).<\/p>\n\n\n\n<p><strong>Ilmoittautuminen n\u00e4yttelyyn tulee tehd\u00e4 internetiss\u00e4. <\/strong>Ilmoittaessaan koiransa n\u00e4yttelyyn n\u00e4ytteilleasettaja sitoutuu noudattamaan Suomen Kennelliiton voimassa olevia n\u00e4yttelys\u00e4\u00e4nt\u00f6j\u00e4 ja niit\u00e4 t\u00e4ydent\u00e4vi\u00e4 ohjeita sek\u00e4 rokotusm\u00e4\u00e4r\u00e4yksi\u00e4. S\u00e4\u00e4nn\u00f6t l\u00f6ytyv\u00e4t <a href=\"https:\/\/www.kennelliitto.fi\/koiraharrastukset\/koiranayttelyt\/ohjeita-ja-lomakkeita-nayttelyyn-osallistujille-ja-nayttelyn-jarjestajille\"><strong>Kennelliiton kotisivuilta.<\/strong><\/a><\/p>\n\n\n\n<p><strong>Online-ilmoittautuminen<\/strong> osoitteessa <a href=\"http:\/\/www.showlink.fi\">www.showlink.fi<\/a>-&gt;<a href=\"http:\/\/ilmoittautuminen.kennelliitto.fi\/\"><strong> ILMOITTAUDU N\u00c4YTTELYYN<\/strong><\/a><\/p>\n\n\n\n<p>Online-ilmoittautumisesta tulee aina vahvistus s\u00e4hk\u00f6postiisi. Jollet saa vahvistusta, ota v\u00e4litt\u00f6m\u00e4sti yhteytt\u00e4 asiakaspalveluumme. Tarkasta ilmoittautumisesta koirasi tiedot ja kilpailuluokka. Netti-ilmoittautuminen maksetaan verkkopankilla tai luottokortilla ilmoittautumisen yhteydess\u00e4. S\u00e4\u00e4st\u00e4 saamasi ilmoittautumisvahvistus n\u00e4yttelyp\u00e4iv\u00e4\u00e4n asti.<\/p>\n\n\n\n<h3 class=\"wp-block-heading\">Ilmoittautumismaksut<\/h3>\n\n\n\n<p><strong>Ilmoittautumismaksut 10.3. menness\u00e4 maksettuna ja ilmoitettuna:<\/strong><br>ilmoittautumismaksu <strong>35 \u20ac,<br><\/strong>saman omistajan 2. jne koira <strong>30 \u20ac<\/strong>,<br>pennut <strong>30 \u20ac<\/strong><\/p>\n\n\n\n<p><strong>Ilmoittautumismaksut 11.3.-9.4. v\u00e4lisen\u00e4 aikana maksettuna ja ilmoitettuna:<\/strong><br>ilmoittautumismaksu <strong>40 \u20ac<\/strong> <strong>\/ koira<\/strong><\/p>\n\n\n\n<p><strong>Ilmoittautumismaksut 10.-14.4. v\u00e4lisen\u00e4 aikana vain netti-ilmoittautuminen:<\/strong><br>ilmoittautumismaksu <strong>65 \u20ac \/ koira<\/strong><br><\/p>\n\n\n\n<h3 class=\"wp-block-heading\">Lis\u00e4tietoa<\/h3>\n\n\n\n<p>Ilmoittautumismaksun alennuksen (saman om. 2 jne koira) saaminen edellytt\u00e4\u00e4 kaikkien koirien ilmoittamista yhdell\u00e4 kertaa. Samaksi omistajaksi tulkitaan ilmoittautumistapahtuman ensimm\u00e4iselle koiralle ensimm\u00e4iseksi omistajaksi merkitty henkil\u00f6. <strong>Alennus lasketaan vain t\u00e4ysihintaisista ilmoittautumismaksuista (ei pentujen maksuista).<\/strong><\/p>\n\n\n\n<p>K\u00e4ytt\u00f6- ja valioluokkaan ilmoitettaessa Kennelliitossa rekister\u00f6idyilt\u00e4 koirilta ei vaadita todistusta n\u00e4ihin luokkiin vaadittavista tuloksista. Muiden maiden rekisteriss\u00e4 olevilla koirilla on oltava valionarvotodistus ja\/tai k\u00e4ytt\u00f6luokkatodistus ilmoittautumisen liitteen\u00e4. <\/p>\n\n\n\n<p>Ilmoittautumisajan p\u00e4\u00e4ttymisen j\u00e4lkeen koiraa ei voida siirt\u00e4\u00e4 toiseen luokkaan (ellei kysymyksess\u00e4 ole j\u00e4rjest\u00e4j\u00e4st\u00e4 johtuva virhe).<br>Uros, jolla ei ole normaalit kivekset saa hyl\u00e4tyn.<\/p>\n\n\n\n<p><\/p>\n\n\n\n<p><strong>Ilmoittautumisia ja kasvattajaryhmi\u00e4 koskevat tiedustelut<\/strong><br>Showlink Oy arkisin klo 11-17 puh. 09 887 30320 tai e-mail: info@showlink.fi<br><em>Mainitsethan tiedustelussasi \/ s\u00e4hk\u00f6postissasi n\u00e4yttelyn nimen sek\u00e4 koiran rekisterinumeron, jota tiedustelu koskee. Jollet saa ilmoittautumisestasi vahvistusta s\u00e4hk\u00f6postiisi, ota v\u00e4litt\u00f6m\u00e4sti yhteytt\u00e4 asiakaspalveluumme. Tarkasta ilmoittautumisesta koirasi tiedot ja kilpailuluokka.<\/em><\/p>\n\n\n\n<p><strong>Rokotusm\u00e4\u00e4r\u00e4ykset <\/strong>Suomen Kennelliitto-Finska Kennelklubben ry:n m\u00e4\u00e4r\u00e4ysten mukaan.<br>Suomen lain vastaisesti typistetyt koirat eiv\u00e4t saa osallistua n\u00e4yttelyyn.<br>Tunnistusmerkint\u00e4 on pakollinen Kennelliiton virallisissa n\u00e4yttelyiss\u00e4, kokeissa ja kilpailuissa.<\/p>\n\n\n\n<p><strong>Antidoping \u2013valvonta<\/strong><br>Dopingvalvonta koskee kaikkia Suomen Kennelliiton my\u00f6nt\u00e4mi\u00e4 n\u00e4yttelyit\u00e4, kilpailuja ja kokeita. Ajankohtaisinta tietoa osoitteessa <a href=\"https:\/\/www.kennelliitto.fi\/koiraharrastukset\/tietoa-antidopingsaannoista-kaytanteista-ja-valvonnasta\">KENNELLIITTO \/ ANTIDOPING<\/a><\/p>\n","protected":false},"excerpt":{"rendered":"<p>Aikataulukirjeet ja numerolaput tullaan l\u00e4hett\u00e4m\u00e4\u00e4n ainoastaan s\u00e4hk\u00f6isesti ilmoittautumisessa annettuun s\u00e4hk\u00f6postiosoitteeseen. Numerolappuja ei toimiteta postitse. Ilmoittautumiset viimeist\u00e4\u00e4n 10.3. \/ 9.4. \/ 14.4. (katso ilmoittautumismaksut). Ilmoittautuminen n\u00e4yttelyyn tulee tehd\u00e4 internetiss\u00e4. Ilmoittaessaan koiransa n\u00e4yttelyyn n\u00e4ytteilleasettaja sitoutuu noudattamaan Suomen Kennelliiton voimassa olevia n\u00e4yttelys\u00e4\u00e4nt\u00f6j\u00e4 ja niit\u00e4 t\u00e4ydent\u00e4vi\u00e4 ohjeita sek\u00e4 rokotusm\u00e4\u00e4r\u00e4yksi\u00e4. S\u00e4\u00e4nn\u00f6t l\u00f6ytyv\u00e4t Kennelliiton kotisivuilta. Online-ilmoittautuminen osoitteessa www.showlink.fi-&gt; ILMOITTAUDU N\u00c4YTTELYYN Online-ilmoittautumisesta <a href=\"https:\/\/www.showlink.fi\/shows\/kauhajokirn2025\/ilmoittautuminen\/\" class=\"more-link\">...jatka lukemista<span class=\"screen-reader-text\"> \"Ilmoittautuminen\"<\/span><\/a><\/p>\n","protected":false},"author":1,"featured_media":0,"parent":0,"menu_order":3,"comment_status":"closed","ping_status":"closed","template":"","meta":{"footnotes":""},"class_list":["post-10","page","type-page","status-publish","h-entry","hentry","h-as-page"],"_links":{"self":[{"href":"https:\/\/www.showlink.fi\/shows\/kauhajokirn2025\/wp-json\/wp\/v2\/pages\/10","targetHints":{"allow":["GET"]}}],"collection":[{"href":"https:\/\/www.showlink.fi\/shows\/kauhajokirn2025\/wp-json\/wp\/v2\/pages"}],"about":[{"href":"https:\/\/www.showlink.fi\/shows\/kauhajokirn2025\/wp-json\/wp\/v2\/types\/page"}],"author":[{"embeddable":true,"href":"https:\/\/www.showlink.fi\/shows\/kauhajokirn2025\/wp-json\/wp\/v2\/users\/1"}],"replies":[{"embeddable":true,"href":"https:\/\/www.showlink.fi\/shows\/kauhajokirn2025\/wp-json\/wp\/v2\/comments?post=10"}],"version-history":[{"count":18,"href":"https:\/\/www.showlink.fi\/shows\/kauhajokirn2025\/wp-json\/wp\/v2\/pages\/10\/revisions"}],"predecessor-version":[{"id":150,"href":"https:\/\/www.showlink.fi\/shows\/kauhajokirn2025\/wp-json\/wp\/v2\/pages\/10\/revisions\/150"}],"wp:attachment":[{"href":"https:\/\/www.showlink.fi\/shows\/kauhajokirn2025\/wp-json\/wp\/v2\/media?parent=10"}],"curies":[{"name":"wp","href":"https:\/\/api.w.org\/{rel}","templated":true}]}}