{"id":13,"date":"2017-09-27T15:05:52","date_gmt":"2017-09-27T12:05:52","guid":{"rendered":"http:\/\/www.showlink.fi\/shows\/koillissawo18\/?page_id=13"},"modified":"2026-01-07T12:10:35","modified_gmt":"2026-01-07T10:10:35","slug":"tiedustelut","status":"publish","type":"page","link":"https:\/\/www.showlink.fi\/shows\/keminmaa_NORD_2026\/tiedustelut\/","title":{"rendered":"Tiedustelut"},"content":{"rendered":"\n<hr class=\"wp-block-separator has-text-color has-alpha-channel-opacity has-background\" style=\"background-color:#bfbfbf1a;color:#bfbfbf1a\"\/>\n\n\n\n<p><strong>Ilmoittautumisia koskevat tiedustelut<br><\/strong>Showlink Oy, arkisin klo 11-17 p. (09) 8873 0320<br>info@showlink.fi<\/p>\n\n\n\n<p><em>Mainitsethan tiedustelussasi \/ s\u00e4hk\u00f6postissasi n\u00e4yttelyn nimen sek\u00e4 koiran rekisterinumeron, jota tiedustelu koskee.<\/em><\/p>\n\n\n\n<p><strong>Muut tiedustelut \/ information in English \/ p\u00e5 svenksa<\/strong><br>eila.metsavainio@gmail.com<\/p>\n","protected":false},"excerpt":{"rendered":"<p>Ilmoittautumisia koskevat tiedustelutShowlink Oy, arkisin klo 11-17 p. (09) 8873 0320info@showlink.fi Mainitsethan tiedustelussasi \/ s\u00e4hk\u00f6postissasi n\u00e4yttelyn nimen sek\u00e4 koiran rekisterinumeron, jota tiedustelu koskee. Muut tiedustelut \/ information in English \/ p\u00e5 svenksaeila.metsavainio@gmail.com<\/p>\n","protected":false},"author":1,"featured_media":0,"parent":0,"menu_order":4,"comment_status":"closed","ping_status":"closed","template":"","meta":{"footnotes":""},"class_list":["post-13","page","type-page","status-publish","h-entry","hentry","h-as-page"],"_links":{"self":[{"href":"https:\/\/www.showlink.fi\/shows\/keminmaa_NORD_2026\/wp-json\/wp\/v2\/pages\/13","targetHints":{"allow":["GET"]}}],"collection":[{"href":"https:\/\/www.showlink.fi\/shows\/keminmaa_NORD_2026\/wp-json\/wp\/v2\/pages"}],"about":[{"href":"https:\/\/www.showlink.fi\/shows\/keminmaa_NORD_2026\/wp-json\/wp\/v2\/types\/page"}],"author":[{"embeddable":true,"href":"https:\/\/www.showlink.fi\/shows\/keminmaa_NORD_2026\/wp-json\/wp\/v2\/users\/1"}],"replies":[{"embeddable":true,"href":"https:\/\/www.showlink.fi\/shows\/keminmaa_NORD_2026\/wp-json\/wp\/v2\/comments?post=13"}],"version-history":[{"count":11,"href":"https:\/\/www.showlink.fi\/shows\/keminmaa_NORD_2026\/wp-json\/wp\/v2\/pages\/13\/revisions"}],"predecessor-version":[{"id":428,"href":"https:\/\/www.showlink.fi\/shows\/keminmaa_NORD_2026\/wp-json\/wp\/v2\/pages\/13\/revisions\/428"}],"wp:attachment":[{"href":"https:\/\/www.showlink.fi\/shows\/keminmaa_NORD_2026\/wp-json\/wp\/v2\/media?parent=13"}],"curies":[{"name":"wp","href":"https:\/\/api.w.org\/{rel}","templated":true}]}}