{"id":15,"date":"2017-09-27T15:06:07","date_gmt":"2017-09-27T12:06:07","guid":{"rendered":"http:\/\/www.showlink.fi\/shows\/koillissawo18\/?page_id=15"},"modified":"2026-01-07T12:11:25","modified_gmt":"2026-01-07T10:11:25","slug":"aikataulut","status":"publish","type":"page","link":"https:\/\/www.showlink.fi\/shows\/keminmaa_NORD_2026\/aikataulut\/","title":{"rendered":"Aikataulut"},"content":{"rendered":"\n<hr class=\"wp-block-separator has-text-color has-alpha-channel-opacity has-background\" style=\"background-color:#bfbfbf1a;color:#bfbfbf1a\"\/>\n\n\n\n<p><em>Aikataulut julkaistaan noin viikkoa ennen n\u00e4yttely\u00e4.<\/em><\/p>\n\n\n\n<p>Aikataulukirjeet ja numerolaput toimitetaan vain s\u00e4hk\u00f6isesti.<\/p>\n","protected":false},"excerpt":{"rendered":"<p>Aikataulut julkaistaan noin viikkoa ennen n\u00e4yttely\u00e4. Aikataulukirjeet ja numerolaput toimitetaan vain s\u00e4hk\u00f6isesti.<\/p>\n","protected":false},"author":1,"featured_media":0,"parent":0,"menu_order":5,"comment_status":"closed","ping_status":"closed","template":"","meta":{"footnotes":""},"class_list":["post-15","page","type-page","status-publish","h-entry","hentry","h-as-page"],"_links":{"self":[{"href":"https:\/\/www.showlink.fi\/shows\/keminmaa_NORD_2026\/wp-json\/wp\/v2\/pages\/15","targetHints":{"allow":["GET"]}}],"collection":[{"href":"https:\/\/www.showlink.fi\/shows\/keminmaa_NORD_2026\/wp-json\/wp\/v2\/pages"}],"about":[{"href":"https:\/\/www.showlink.fi\/shows\/keminmaa_NORD_2026\/wp-json\/wp\/v2\/types\/page"}],"author":[{"embeddable":true,"href":"https:\/\/www.showlink.fi\/shows\/keminmaa_NORD_2026\/wp-json\/wp\/v2\/users\/1"}],"replies":[{"embeddable":true,"href":"https:\/\/www.showlink.fi\/shows\/keminmaa_NORD_2026\/wp-json\/wp\/v2\/comments?post=15"}],"version-history":[{"count":31,"href":"https:\/\/www.showlink.fi\/shows\/keminmaa_NORD_2026\/wp-json\/wp\/v2\/pages\/15\/revisions"}],"predecessor-version":[{"id":429,"href":"https:\/\/www.showlink.fi\/shows\/keminmaa_NORD_2026\/wp-json\/wp\/v2\/pages\/15\/revisions\/429"}],"wp:attachment":[{"href":"https:\/\/www.showlink.fi\/shows\/keminmaa_NORD_2026\/wp-json\/wp\/v2\/media?parent=15"}],"curies":[{"name":"wp","href":"https:\/\/api.w.org\/{rel}","templated":true}]}}