{"id":177,"date":"2020-04-21T15:01:00","date_gmt":"2020-04-21T12:01:00","guid":{"rendered":"https:\/\/www.showlink.fi\/shows\/koillissawo2020\/?page_id=177"},"modified":"2026-03-05T10:39:03","modified_gmt":"2026-03-05T08:39:03","slug":"tuomarit","status":"publish","type":"page","link":"https:\/\/www.showlink.fi\/shows\/keminmaa_NORD_2026\/tuomarit\/","title":{"rendered":"Tuomarit"},"content":{"rendered":"\n<hr class=\"wp-block-separator has-text-color has-alpha-channel-opacity has-background\" style=\"background-color:#bfbfbf1a;color:#bfbfbf1a\"\/>\n\n\n\n<h3 class=\"wp-block-heading\"><em>Lauantai 11.7.2026 \u2013 FCI:n ryhm\u00e4t 1, 4, 7, 8 ja 9<\/em><\/h3>\n\n\n\n<p class=\"has-pale-cyan-blue-background-color has-background\"><strong>P\u00e4ivitys 12.2.2026<\/strong><br>Petit brabancon siirretty Markku Kipin\u00e4lt\u00e4 Tarja L\u00f6fmanille.<\/p>\n\n\n\n<p><strong>Ryhm\u00e4 1<br><\/strong><em>Varalla kaikille ryhm\u00e4 1 roduille <strong>Markku Kipin\u00e4<\/strong><\/em><br>shetlanninlammaskoira <strong>Anita Al-Bachy<\/strong><br>ardennienkarjakoira, australian t\u00f6p\u00f6h\u00e4nt\u00e4inen karjakoira, australiankelpie, australianpaimenkoira, beaucenpaimenkoira \/ beauceron, belgianpaimenkoirat, bergamonpaimenkoira, bordercollie, ceskoslovensky vlciak, etel\u00e4ven\u00e4j\u00e4nkoira, hollanninpaimenkoirat, it\u00e4euroopanpaimenkoira, karpaattienkoira, katalonianpaimenkoira, komondor, kuvasz, mudi <strong>Hannele Jokisilta<\/strong><br>australiankarjakoira, bouvier, brienpaimenkoira \/ briardi, kroatianpaimenkoira, lancashirenkarjakoira, mallorcanpaimenkoira, maremmano-abruzzese, medimurjenkoira, owczarek podhalanski, picardienpaimenkoira, pitk\u00e4karvainen collie, pitk\u00e4karvainen pyreneittenpaimenkoira, romanianpaimenkoira, saarlooswolfhond, schipperke, sile\u00e4karvainen collie, slovakiancuvac, tsekinpaimenkoira, valkoinenpaimenkoira <strong>Maija Lehtonen<\/strong><br>partacollie, pulit, pumi, welsh corgit <strong>Markus Gisslen<\/strong>, Ruotsi<br>lyhytkarvainen pyreneittenpaimenkoira, pieniamerikanpaimenkoira, polski owczarek nizinny, saksanpaimenkoirat, schapendoes, serra de airesinpaimenkoira, vanhaenglanninlammaskoira <strong>Tuula Savolainen<\/strong><br><br><strong>Ryhm\u00e4 4<br><\/strong><em>Varalla kaikille ryhm\u00e4 4 roduille <strong>Morten Matthes<\/strong>, Tanska<\/em><br>kaikki rodut <strong>Anne Liv\u00f6 Buvik<\/strong>, Norja<br><br><strong>Ryhm\u00e4 7<br><\/strong><em>Varalla kaikille ryhm\u00e4 7 roduille <strong>Perttu St\u00e5hlberg<\/strong><\/em><br>karkeakarvainen saksanseisoja, lyhytkarvainen saksanseisoja <strong>Erja Nummi<\/strong><br>ariegenseisoja, auvergnenseisoja, bourbonnaisinseisoja, bretoni, burgosinseisoja, englanninsetteri, gordoninsetteri, harjaskarvainen saksanseisoja, hollanninpeltopyykoira, isom\u00fcnsterinseisoja, italianseisoja, karkeakarvainen slovakianseisoja, karkeakarvainen unkarinvizsla, korthalsingriffoni, lyhytkarvainen unkarinvizsla, picardienspanieli, pienim\u00fcnsterinseisoja, pitk\u00e4karvainen saksanseisoja, pointteri, pont-audemerinspanieli, portugalinseisoja, punainen irlanninsetteri, punavalkoinen irlanninsetteri, ranskanseisoja, gascognelaistyyppi, ranskanseisoja, pyrenel\u00e4istyyppi, ranskanspanieli, saintgermaininseisoja, saint-usugenspanieli, sininenpicardienspanieli, spinone, stabijhoun, tsekinseisoja, vanhatanskankanakoira, weimarinseisojat, villakoirapointteri <strong>Tuula Savolainen<\/strong><br><br><strong>Ryhm\u00e4 8<br><\/strong><em>Varalla kaikille ryhm\u00e4 8 roduille <strong>Maija Lehtonen<\/strong><\/em><br>chesapeakelahdennoutaja, kiharakarvainen noutaja, novascotiannoutaja <strong>Anne Liv\u00f6 Buvik<\/strong>, Norja<br>englanninspringerspanieli, labradorinnoutaja <strong>Erja Nummi<\/strong><br>kultainennoutaja <strong>Morten Matthes<\/strong>, Tanska<br>amerikancockerspanieli, amerikanvesispanieli, barbet, clumberinspanieli, cockerspanieli, espanjanvesikoira, fieldspanieli, friisinvesikoira, irlanninvesispanieli, kooikerhondje, lagotto romagnolo, portugalinvesikoira, puolanmets\u00e4stysspanieli, sile\u00e4karvainen noutaja, sussexinspanieli, walesinspringerspanieli, ven\u00e4j\u00e4nspanieli, viiri\u00e4iskoira <strong>Perttu St\u00e5hlberg<\/strong><br><br><strong>Ryhm\u00e4 9<br><\/strong><em>Varalla kaikille ryhm\u00e4 9 roduille <strong>Markus Gisslen<\/strong>, Ruotsi<\/em><br>tiibetinterrieri <strong>Anita Al-Bachy<\/strong><br>chihuahuat, papillon, phal\u00e8ne, villakoirat \u00a0<strong>Hannele Jokisilta<\/strong><br>cavalier kingcharlesinspanieli, mopsi, ranskanbulldoggi, shih tzu, tiibetinspanieli, ven\u00e4j\u00e4ntoyt <strong>Markku Kipin\u00e4<\/strong><br>kiinanharjakoira <strong>Markus Gisslen<\/strong>, Ruotsi<br>bichon fris\u00e9, bolognese, bostoninterrieri, coton de tul\u00e9ar, griffon belge, griffon bruxellois, petit brabancon, havannankoira, japanese chin, kiinanpalatsikoira\/pekingeesi, kingcharlesinspanieli, kromfohrl\u00e4nder, lhasa apso, l\u00f6wchen, maltankoira, markiesje, prahanrottakoira, ven\u00e4j\u00e4nbolonka <strong>Tarja L\u00f6fman<\/strong><br><br>Ryhm\u00e4kilpailut<br>1<strong>Hannele Jokisilta<\/strong><br>4<strong>Anne Liv\u00f6 Buvik<\/strong><br>7<strong>Tuula Savolainen<\/strong><br>8<strong>Perttu St\u00e5hlberg<\/strong><br>9<strong>Markus Gisslen<\/strong><br>Paras juniori <strong>Markku Kipin\u00e4<\/strong><br>Paras kasvattajaryhm\u00e4 <strong>Maija Lehtonen<\/strong><br>Paras veteraani <strong>Tarja L\u00f6fman<\/strong><br><br><br><\/p>\n\n\n\n<hr class=\"wp-block-separator has-text-color has-alpha-channel-opacity has-background\" style=\"background-color:#bfbfbf1a;color:#bfbfbf1a\"\/>\n\n\n\n<h3 class=\"wp-block-heading\"><em>Sunnuntai 12.7.2026  \u2013 FCI:n ryhm\u00e4t 2, 3, 5, 6 ja 10<\/em><\/h3>\n\n\n\n<p><strong>Ryhm\u00e4 2<br><\/strong><em>Varalla kaikille ryhm\u00e4 2 roduille <strong>Morten Matthes<\/strong>, Tanska<\/em><br>castro laboreironkoira, continental bulldog, dogo argentino, englanninbulldoggi, entlebuchinpaimenkoira, espanjanmastiffi, estrelanvuoristokoirat, fila brasileiro, hollanninrottakoira, kangalinkoira, karstinpaimenkoira, rottweiler <strong>Anita Al-Bachy<\/strong><br>it\u00e4vallanpinseri, k\u00e4\u00e4pi\u00f6pinseri, k\u00e4\u00e4pi\u00f6snautserit, pinseri, sao miguelinfila, sarplaninac, snautserit, suursnautserit, tanskalais-ruotsalainen pihakoira <strong>Maija Lehtonen<\/strong><br>aidi, alentejonkoira, apinapinseri, appenzellinpaimenkoira, bokseri, bordeauxindoggi, broholminkoira, bukovinankoira, cane corso, dobermanni, landseer, leonberginkoira <strong>Markku Kipin\u00e4<\/strong><br>bernhardinkoirat, berninpaimenkoira, bullmastiffi, hovawart, isosveitsinpaimenkoira, kanariandoggi, kaukasiankoira, keskiaasiankoira, mallorcandoggi, mastiffi, musta romanianvuoristokoira, napolinmastiffi, newfoundlandinkoira, pyreneittenkoira, pyreneittenmastiffi, shar pei, tanskandoggit, tiibetinmastiffi, tornjak, tosa, transmontano mastiff, uruguayncimarron, ven\u00e4j\u00e4nmustaterrieri <strong>Tuula Savolainen<\/strong><br><br><strong>Ryhm\u00e4 3<br><\/strong><em>Varalla kaikille ryhm\u00e4 3 roduille <strong>Markku Kipin\u00e4<\/strong><\/em><br>borderterrieri, bullterrieri, dandiedinmontinterrieri, englannink\u00e4\u00e4pi\u00f6terrieri, glen of imaalinterrieri, irlanninterrieri, japaninterrieri, karkeakarvainen kettuterrieri, k\u00e4\u00e4pi\u00f6bullterrieri, lakelandinterrieri, manchesterinterrieri, norwichinterrieri, parsonrussellinterrieri, skotlanninterrieri <strong>Anne Liv\u00f6 Buvik<\/strong>, Norja<br>airedalenterrieri, amerikankarvatonterrieri, amerikank\u00e4\u00e4pi\u00f6kettuterrieri, amerikanrottaterrieri, amerikanstaffordshirenterrieri, andalusianrottakoira, bedlingtoninterrieri, biewerterrieri, brasilianterrieri, ceskyterrieri, jackrussellinterrieri, norfolkinterrieri, saksanmets\u00e4stysterrieri, sealyhaminterrieri, sile\u00e4karvainen kettuterrieri, skyenterrieri, tenterfieldinterrieri, valencianrottaterrieri, walesinterrieri, yorkshirenterrieri <strong>Hannele Jokisilta<\/strong><br>australianterrieri, cairnterrieri, kerrynterrieri, silkkiterrieri, staffordshirenbullterrieri, valkoinen l\u00e4nsiyl\u00e4maanterrieri, vehn\u00e4terrieri <strong>Maija Lehtonen<\/strong><br><br><strong>Ryhm\u00e4 5<br><\/strong><em>Varalla kaikille ryhm\u00e4 5 roduille <strong>Markku Kipin\u00e4<\/strong><\/em><br>buhund, hokkaidonkoira, kintamani-balinkoira, kishunkoira, koreanjindonkoira, lapinporokoira, meksikonkarvatonkoirat, perunkarvatonkoirat, ruotsinlapinkoira, suomenlapinkoira <strong>Anita Al-Bachy<\/strong><br>akita, alaskanmalamuutti, amerikanakita, jakutianlaika, j\u00e4mtlanninpystykorva, karjalankarhukoira, pohjanpystykorva, suomenpystykorva, ven\u00e4l\u00e4is-eurooppalainen laika <strong>Erja Nummi<\/strong><br>harmaa norjanhirvikoira <strong>Hannele Jokisilta<\/strong><br>grosspitzit, keeshond, kleinspitzit, mittelspitzit, pomeranian <strong>Markus Gisslen<\/strong>, Ruotsi<br>american eskimo dog, siperianhusky <strong>Perttu St\u00e5hlberg<\/strong><br>basenji, chow chow, etnankoira, eurasier, faaraokoira, gr\u00f6nlanninkoira, h\u00e4lleforsinkoira, ibizanpodencot, islanninlammaskoira, it\u00e4siperianlaika, japaninpystykorva, kaanaankoira, kainkoira, kanadaneskimokoira, kanarianpodenco, lunnikoira, l\u00e4nsig\u00f6\u00f6tanmaanpystykorva, l\u00e4nsisiperianlaika, musta norjanhirvikoira, musta tanskanpystykorva, portugalinpodengot, samojedinkoira, shiba, shikokunkoira, taiwaninkoira, tanskanpystykorva, thai ridgeback, thaimaanpystykorva, valkoinen ruotsinhirvikoira, volpino italiano <strong>Tarja L\u00f6fman<\/strong><br><br><strong>Ryhm\u00e4 6<br><\/strong><em>Varalla kaikille ryhm\u00e4 6 roduille <strong>Tuula Savolainen<\/strong><\/em><br>suomenajokoira <strong>Hannele Jokisilta<\/strong><br>beagle, dalmatiankoira <strong>Perttu St\u00e5hlberg<br>dreeveri Erja Nummi<br><\/strong>muut <strong>Markku Kipin\u00e4<\/strong><br><br><strong>Ryhm\u00e4 10<br><\/strong><em>Varalla kaikille ryhm\u00e4 10 roduille <strong>Maija Lehtonen<\/strong><\/em><br>kaikki rodut <strong>Morten Matthes<\/strong>, Tanska<br><br>Ryhm\u00e4kilpailut<br>2<strong> Anita Al-Bachy<\/strong><br>3<strong> Maija Lehtonen<\/strong><br>5<strong> Tarja L\u00f6fman<\/strong><br>6<strong> Markku Kipin\u00e4<\/strong><br>10<strong> Morten Matthes<\/strong><br>Paras juniori <strong>Maija Lehtonen<\/strong><br>Paras veteraani <strong>Hannele Jokisilta<\/strong><br>Paras kasvattajaryhm\u00e4 <strong>Markku Kipin\u00e4<\/strong><br>Best in Show<strong> Anne Liv\u00f6 Buvik<\/strong><\/p>\n\n\n\n<p><strong><br><br><\/strong><\/p>\n","protected":false},"excerpt":{"rendered":"<p>Lauantai 11.7.2026 \u2013 FCI:n ryhm\u00e4t 1, 4, 7, 8 ja 9 P\u00e4ivitys 12.2.2026Petit brabancon siirretty Markku Kipin\u00e4lt\u00e4 Tarja L\u00f6fmanille. Ryhm\u00e4 1Varalla kaikille ryhm\u00e4 1 roduille Markku Kipin\u00e4shetlanninlammaskoira Anita Al-Bachyardennienkarjakoira, australian t\u00f6p\u00f6h\u00e4nt\u00e4inen karjakoira, australiankelpie, australianpaimenkoira, beaucenpaimenkoira \/ beauceron, belgianpaimenkoirat, bergamonpaimenkoira, bordercollie, ceskoslovensky vlciak, etel\u00e4ven\u00e4j\u00e4nkoira, hollanninpaimenkoirat, it\u00e4euroopanpaimenkoira, karpaattienkoira, katalonianpaimenkoira, komondor, kuvasz, mudi Hannele Jokisiltaaustraliankarjakoira, bouvier, brienpaimenkoira \/ <a href=\"https:\/\/www.showlink.fi\/shows\/keminmaa_NORD_2026\/tuomarit\/\" class=\"more-link\">...jatka lukemista<span class=\"screen-reader-text\"> \"Tuomarit\"<\/span><\/a><\/p>\n","protected":false},"author":1,"featured_media":0,"parent":0,"menu_order":3,"comment_status":"closed","ping_status":"closed","template":"","meta":{"footnotes":""},"class_list":["post-177","page","type-page","status-publish","h-entry","hentry","h-as-page"],"_links":{"self":[{"href":"https:\/\/www.showlink.fi\/shows\/keminmaa_NORD_2026\/wp-json\/wp\/v2\/pages\/177","targetHints":{"allow":["GET"]}}],"collection":[{"href":"https:\/\/www.showlink.fi\/shows\/keminmaa_NORD_2026\/wp-json\/wp\/v2\/pages"}],"about":[{"href":"https:\/\/www.showlink.fi\/shows\/keminmaa_NORD_2026\/wp-json\/wp\/v2\/types\/page"}],"author":[{"embeddable":true,"href":"https:\/\/www.showlink.fi\/shows\/keminmaa_NORD_2026\/wp-json\/wp\/v2\/users\/1"}],"replies":[{"embeddable":true,"href":"https:\/\/www.showlink.fi\/shows\/keminmaa_NORD_2026\/wp-json\/wp\/v2\/comments?post=177"}],"version-history":[{"count":33,"href":"https:\/\/www.showlink.fi\/shows\/keminmaa_NORD_2026\/wp-json\/wp\/v2\/pages\/177\/revisions"}],"predecessor-version":[{"id":468,"href":"https:\/\/www.showlink.fi\/shows\/keminmaa_NORD_2026\/wp-json\/wp\/v2\/pages\/177\/revisions\/468"}],"wp:attachment":[{"href":"https:\/\/www.showlink.fi\/shows\/keminmaa_NORD_2026\/wp-json\/wp\/v2\/media?parent=177"}],"curies":[{"name":"wp","href":"https:\/\/api.w.org\/{rel}","templated":true}]}}