{"id":443,"date":"2026-01-07T12:43:19","date_gmt":"2026-01-07T10:43:19","guid":{"rendered":"https:\/\/www.showlink.fi\/shows\/keminmaa_NORD_2026_esikatselu\/?page_id=443"},"modified":"2026-02-12T09:12:07","modified_gmt":"2026-02-12T07:12:07","slug":"judges","status":"publish","type":"page","link":"https:\/\/www.showlink.fi\/shows\/keminmaa_NORD_2026\/in-english\/judges\/","title":{"rendered":"Judges"},"content":{"rendered":"\n<hr class=\"wp-block-separator has-text-color has-alpha-channel-opacity has-background\" style=\"background-color:#bfbfbf1a;color:#bfbfbf1a\"\/>\n\n\n\n<h3 class=\"wp-block-heading\"><em>Saturday 11.7.2026 \u2013 FCI groups 1, 4, 7, 8 and 9<\/em><\/h3>\n\n\n\n<p class=\"has-pale-cyan-blue-background-color has-background\"><strong>Update 12.2.2026<\/strong><br>Petit Braban\u00e7on will be judged by Tarja L\u00f6fman.<\/p>\n\n\n\n<p><strong>FCI 1<\/strong><br>Reserv FCI 1 <strong>Markku Kipin\u00e4<\/strong><br>Shetland Sheepdog <strong>Anita Al-Bachy<\/strong><br>Australian Kelpie, Australian Shepherd, Australian Stumpy Tail Cattle Dog, Belgian Shepherd Dogs, Bergamasco Shepherd Dog, Berger de Beauce, Border Collie, Bouvier des Ardennes, Catalan Sheepdog, Czechoslovakian Wolfdog, Dutch Shepherd Dogs, East European Shepherd, Komondor, Kuvasz, Mudi, Romanian Carpathian Shepherd Dog, South Russian Shepherd Dog <strong>Hannele Jokisilta<\/strong><br>Australian Cattle Dog, Bohemian Shepherd Dog, Bouvier des Flandres, Briard, Collie Rough, Collie Smooth, Croatian Shepherd Dog, Lancashire Heeler, Majorca Shepherd Dog, Maremma and the Abruzzes Sheepdog, Picardy Sheepdog, Pyrenean Sheepdog, Long-haired, Romanian Mioritic Shepherd Dog, Saarloos Wolfhond, Schipperke, Slovakian Chuvach, Small Medimurje Dog - Medi, Tatra Shepherd Dog, White Swiss Shepherd Dog <strong>Maija Lehtonen<\/strong><br>Bearded Collie, Pulis, Pumi, Welsh Corgis <strong>Markus Gisslen<\/strong>, Sweden<br>Dutch Schapendoes, German Shepherd Dogs, Miniature American Shepherd, Old English Sheepdog, Polish Lowland Sheepdog, Portuguese Sheepdog, Pyrenean Sheepdog, Smooth-faced <strong>Tuula Savolainen<\/strong><br><br><strong>FCI 4<\/strong><br>Reserv FCI 4 <strong>Morten Matthes<\/strong>, Denmark<br>kaikki rodut <strong>Anne Liv\u00f6 Buvik<\/strong>, Norway<br><br><strong>FCI 7<\/strong><br>Reserv FCI 7 <strong>Perttu St\u00e5hlberg<\/strong><br>German Short-haired Pointing Dog, German Wire-haired Pointing Dog <strong>Erja Nummi<\/strong><br>Ariege Pointing Dog, Auvergne Pointer, Blue Picardy Spaniel, Bohemian Wire-haired Pointing Griffon, Bourbonnais Pointing Dog, Brittany Spaniel, Burgos Pointing Dog, Deutsch Stichelhaar, Drentsche Partridge Dog, English Pointer, English Setter, French Pointing Dog - Gascogne Type, French Pointing Dog - Pyrenean Type, French Spaniel, German Long-haired Pointing Dog, Gordon Setter, Hungarian Short-Haired Pointer (Vizsla), Hungarian Wire-haired Pointer (Vizsla), Irish Red and White Setter, Irish Red Setter, Italian Pointing Dog, Italian Spinone, Large Munsterlander, Old Danish Pointing Dog, Picardy Spaniel, Pont-Audemer Spaniel, Portuguese Pointing Dog, Pudelpointer, Saint Germain Pointer, Saint-Usuge Spaniel, Small Munsterlander, Stabijhoun, Weimaraner, long-haired, Weimaraner, short-haired, Wire-Haired Pointing Griffon Korthals, Wirehaired Slovakian Pointer <strong>Tuula Savolainen<\/strong><br><br><strong>FCI 8<\/strong><br>Reserv 8 <strong>Maija Lehtonen<\/strong><br>Chesapeake Bay Retriever, Curly Coated Retriever, Nova Scotia Duck Tolling Retriever <strong>Anne Liv\u00f6 Buvik<\/strong>, Norway<br>English Springer Spaniel, Labrador Retriever <strong>Erja Nummi<\/strong><br>Golden Retriever <strong>Morten Matthes<\/strong>, Denmark<br>American Cocker Spaniel, American Water Spaniel, Clumber Spaniel, Cocker Spaniel, Field Spaniel, Flat Coated Retriever, French Water Dog, German Spaniel, Irish Water Spaniel, Lagotto Romagnolo, Nederlandse Kooikerhondje, Polish Hunting Spaniel, Portuguese Water Dog, Russian Spaniel, Spanish Water Dog, Sussex Spaniel, Welsh Springer Spaniel, Wetterhoun <strong>Perttu St\u00e5hlberg<\/strong><br><br><strong>FCI 9<\/strong><br>Reserv 9 <strong>Markus Gisslen<\/strong>, Sweden<br>Tibetan Terrier <strong>Anita Al-Bachy<\/strong><br>Chihuahuas Poodles, Papillon, Phal\u00e8ne <strong>Hannele Jokisilta<\/strong><br>Cavalier King Charles Spaniel, French Bulldog, Pug, Russian Toys, Shih Tzu, Tibetan Spaniel <strong>Markku Kipin\u00e4<\/strong><br>Chinese Crested Dog <strong>Markus Gisslen<\/strong>, Sweden<br>Bichon Frise, Bolognese, Boston Terrier, Coton de Tulear, Griffon Belge, Griffon Bruxellois,  Petit Braban\u00e7on, Havanese, Japanese Chin, King Charles Spaniel, Kromfohrl\u00e4nder, Lhasa Apso, Little Lion Dog, Maltese, Markiesje, Pekingese, Pra\u017esk\u00fd Krysar\u00edk, Russkaja Tsvetnaja Bolonka <strong>Tarja L\u00f6fman<\/strong><br><br>Finals<br>1<strong> Hannele Jokisilta<\/strong><br>4<strong> Anne Liv\u00f6 Buvik<\/strong><br>7<strong> Tuula Savolainen<\/strong><br>8<strong> Perttu St\u00e5hlberg<\/strong><br>9<strong> Markus Gisslen<\/strong><br>Best junior <strong>Markku Kipin\u00e4<\/strong><br>Best veteran <strong>Tarja L\u00f6fman<\/strong><br>Best breeder group <strong>Maija Lehtonen<\/strong><br><br><\/p>\n\n\n\n<hr class=\"wp-block-separator has-text-color has-alpha-channel-opacity has-background\" style=\"background-color:#bfbfbf1a;color:#bfbfbf1a\"\/>\n\n\n\n<h3 class=\"wp-block-heading\"><em>Sunday 12.7.2026  \u2013 FCI groups 2, 3, 5, 6 and 10<\/em><\/h3>\n\n\n\n<p><strong>FCI 2<\/strong><br>Reserv FCI 2 <strong>Morten Matthes<\/strong>, Denmark<br>Bulldog, Castro Laboreiro Dog, Continental Bulldog, Dogo Argentino, Dutch Smoushond, Entlebuch Cattle Dog, Estrela Mountain Dogs, Fila Brasileiro, Kangal Shepherd Dog, Karst Shepherd Dog, Rottweiler, Spanish Mastiff <strong>Anita Al-Bachy<\/strong><br>Austrian Pinscher, Danish-Swedish Farmdog, German Pinscher, Giant Schnauzers, Miniature Pinscher, Miniature Schnauzers, Saint Miguel Cattle Dog, Schnauzers, Yugoslavian Shepherd Dog - Sharplanina <strong>Maija Lehtonen<\/strong><br>Affenpinscher, Appenzell Cattle Dog, Atlas Mountain Dog (Aidi), Boxer, Broholmer, Dobermann, Dogue de Bordeaux, Italian Cane Corso, Landseer (European Continental Type), Leonberger, Rafeiro of Alentejo, Romanian Bucovina Shepherd <strong>Markku Kipin\u00e4<\/strong><br>Bernese Mountain Dog, Bullmastiff, Caucasian Shepherd Dog, Central Asia Shepherd Dog, Cimarr\u00f3n Uruguayo, Ciob\u0103nesc Rom\u00e2nesc Corb, Great Danes, Great Swiss Mountain Dog, Hovawart, Majorca Mastiff, Mastiff, Neapolitan Mastiff, Newfoundland, Presa Canario, Pyrenean Mastiff, Pyrenean Mountain Dog, Russian Black Terrier, Shar Pei, St. Bernards, Tibetan Mastiff, Tornjak (Bosnian And Herzegovinian - Croatian Shepherd Dog), Tosa, Transmontano Mastiff <strong>Tuula Savolainen<\/strong><br><br><strong>FCI 3<\/strong><br>Reserv FCI 3 <strong>Markku Kipin\u00e4<\/strong><br>Border Terrier, Bull Terrier, Dandie Dinmont Terrier, English Toy Terrier, Fox Terrier, Wire-haired, Irish Glen Of Imaal Terrier, Irish Terrier, Japanese Terrier, Lakeland Terrier, Manchester Terrier, Miniature Bull Terrier, Norwich Terrier, Parson Russell Terrier, Scottish Terrier <strong>Anne Liv\u00f6 Buvik<\/strong>, Norway<br>Airedale Terrier, American Hairless Terrier, American Staffordshire Terrier, American Toy Fox Terrier, Bedlington Terrier, Biewer Terrier, Brazilian Terrier, Cesky Terrier, Fox Terrier, Smooth-haired, German Hunting Terrier, Jack Russell Terrier, Norfolk Terrier, Rat Terrier, Ratonero Bodeguero Andaluz, Sealyham Terrier, Skye Terrier, Tenterfield Terrier, Valencian Terrier, Welsh Terrier, Yorkshire Terrier <strong>Hannele Jokisilta<\/strong><br>Australian Silky Terrier, Australian Terrier, Cairn Terrier, Irish Soft Coated Wheaten Terrier, Kerry Blue Terrier, Staffordshire Bull Terrier, West Highland White Terrier <strong>Maija Lehtonen<\/strong><br><br><strong>FCI 5<\/strong><br>Reserv FCI 5 <strong>Markku Kipin\u00e4<\/strong><br>Finnish Lapponian Dog, Hokkaido, Kintamani-Bali Dog, Kishu, Korea Jindo Dog, Lapponian Herder, Norwegian Buhund, Peruvian Hairless Dogs, Swedish Lapphund, Xoloitzcuintles <strong>Anita Al-Bachy<\/strong><br>Akita, Alaskan Malamute, American Akita, Finnish Spitz, Karelian Bear Dog, Norrbottenspitz, Russian-European Laika, Swedish Elkhound, Yakutian Laika <strong>Erja Nummi<\/strong><br>Norwegian Elkhound Grey <strong>Hannele Jokisilta<\/strong><br>Giant Spitzs (Grosspitz), Keeshond (Wolfspitz), Medium Size Spitzs&nbsp; Miniature Spitzs (Kleinspitz), Pomeranian <strong>Markus Gisslen<\/strong>, Sweden<br>American Eskimo Dog, Siberian Husky <strong>Perttu St\u00e5hlberg<\/strong><br>Basenji, Black Spitz, Canaan Dog, Canadian Eskimo Dog, Canarian Warren Hound, Chow Chow, Cirneco dell'Etna, Danish Spitz, East Siberian Laika, Eurasian, Greenland Dog, H\u00e4lleforshund, Ibizan Podencos, Icelandic Sheepdog, Italian Volpino, Japanese Spitz, Kai, Norwegian Elkhound Black, Norwegian Lundehund, Pharaoh Hound, Portuguese Podengos, Samoyed, Shiba, Shikoku, Swedish Vallhund, Swedish White Elkhound, Taiwan Dog, Thai Bangkaew Dog, Thai Ridgeback Dog, West Siberian Laika <strong>Tarja L\u00f6fman<\/strong><br><br><strong>FCI 6<\/strong><br>Reserv FCI 6 <strong>Tuula Savolainen<\/strong><br>Drever <strong>Erja Nummi<\/strong><br>Finnish Hound <strong>Hannele Jokisilta<br><\/strong>Beagle, Dalmatian <strong>Perttu St\u00e5hlberg<\/strong><br>other <strong>Markku Kipin\u00e4<\/strong><br><br><br><strong>FCI 10<\/strong><br>Reserv FCI 10 <strong>Maija Lehtonen<\/strong><br>all breeds <strong>Morten Matthes<\/strong>, Denmark<br><br>Finals<br>2<strong> Anita Al-Bachy<\/strong><br>3<strong> Maija Lehtonen<\/strong><br>5<strong> Tarja L\u00f6fman<\/strong><br>6<strong> Markku Kipin\u00e4<\/strong><br>10<strong> Morten Matthes<\/strong><br>Best junior <strong>Maija Lehtonen<\/strong><br>Best veteran <strong>Hannele Jokisilta<\/strong><br>Best breeder group <strong>Markku Kipin\u00e4<\/strong><br><br>Best in Show<strong> Anne Liv\u00f6 Buvik<\/strong><\/p>\n","protected":false},"excerpt":{"rendered":"<p>Saturday 11.7.2026 \u2013 FCI groups 1, 4, 7, 8 and 9 Update 12.2.2026Petit Braban\u00e7on will be judged by Tarja L\u00f6fman. FCI 1Reserv FCI 1 Markku Kipin\u00e4Shetland Sheepdog Anita Al-BachyAustralian Kelpie, Australian Shepherd, Australian Stumpy Tail Cattle Dog, Belgian Shepherd Dogs, Bergamasco Shepherd Dog, Berger de Beauce, Border Collie, Bouvier des Ardennes, Catalan Sheepdog, Czechoslovakian Wolfdog, <a href=\"https:\/\/www.showlink.fi\/shows\/keminmaa_NORD_2026\/in-english\/judges\/\" class=\"more-link\">...jatka lukemista<span class=\"screen-reader-text\"> \"Judges\"<\/span><\/a><\/p>\n","protected":false},"author":1,"featured_media":0,"parent":19,"menu_order":0,"comment_status":"closed","ping_status":"closed","template":"","meta":{"footnotes":""},"class_list":["post-443","page","type-page","status-publish","h-entry","hentry","h-as-page"],"_links":{"self":[{"href":"https:\/\/www.showlink.fi\/shows\/keminmaa_NORD_2026\/wp-json\/wp\/v2\/pages\/443","targetHints":{"allow":["GET"]}}],"collection":[{"href":"https:\/\/www.showlink.fi\/shows\/keminmaa_NORD_2026\/wp-json\/wp\/v2\/pages"}],"about":[{"href":"https:\/\/www.showlink.fi\/shows\/keminmaa_NORD_2026\/wp-json\/wp\/v2\/types\/page"}],"author":[{"embeddable":true,"href":"https:\/\/www.showlink.fi\/shows\/keminmaa_NORD_2026\/wp-json\/wp\/v2\/users\/1"}],"replies":[{"embeddable":true,"href":"https:\/\/www.showlink.fi\/shows\/keminmaa_NORD_2026\/wp-json\/wp\/v2\/comments?post=443"}],"version-history":[{"count":6,"href":"https:\/\/www.showlink.fi\/shows\/keminmaa_NORD_2026\/wp-json\/wp\/v2\/pages\/443\/revisions"}],"predecessor-version":[{"id":467,"href":"https:\/\/www.showlink.fi\/shows\/keminmaa_NORD_2026\/wp-json\/wp\/v2\/pages\/443\/revisions\/467"}],"up":[{"embeddable":true,"href":"https:\/\/www.showlink.fi\/shows\/keminmaa_NORD_2026\/wp-json\/wp\/v2\/pages\/19"}],"wp:attachment":[{"href":"https:\/\/www.showlink.fi\/shows\/keminmaa_NORD_2026\/wp-json\/wp\/v2\/media?parent=443"}],"curies":[{"name":"wp","href":"https:\/\/api.w.org\/{rel}","templated":true}]}}