{"id":7,"date":"2017-09-27T15:03:56","date_gmt":"2017-09-27T12:03:56","guid":{"rendered":"http:\/\/www.showlink.fi\/shows\/koillissawo18\/?page_id=7"},"modified":"2026-01-14T08:55:02","modified_gmt":"2026-01-14T06:55:02","slug":"tervetuloa-koiranayttelyyn-tuusniemelle","status":"publish","type":"page","link":"https:\/\/www.showlink.fi\/shows\/keminmaa_NORD_2026\/","title":{"rendered":"Keminmaa NORD 11.-12.7.2026"},"content":{"rendered":"\n<hr class=\"wp-block-separator has-text-color has-alpha-channel-opacity has-background\" style=\"background-color:#bfbfbf1a;color:#bfbfbf1a\"\/>\n\n\n\n<h3 class=\"wp-block-heading\"><em>Tervetuloa kaikkien rotujen NORD-n\u00e4yttelyyn Keminmaalle!<\/em><\/h3>\n\n\n\n<p><strong>N\u00e4yttelypaikkana toimii Pohjanranta<br><\/strong>Osoite: Pohjantie 23, Keminmaa<\/p>\n\n\n\n<p><strong>Lauantaina 11.7.2026 arvostellaan FCI:n ryhm\u00e4t 1, 4, 7, 8 &amp; 9,<\/strong><br><strong>my\u00f6s pennut (7 kk \u2013 alle 9 kk)<\/strong>.<br>FCI 1 \u2013 Lammas- ja karjakoirat (paitsi sveitsinpaimenkoirat)<br>FCI 4 \u2013 M\u00e4yr\u00e4koirat<br>FCI 7 \u2013 Seisovat lintukoirat<br>FCI 8 \u2013 Noutajat, yl\u00f6sajavat koirat ja vesikoirat<br>FCI 9 \u2013 Seura- ja k\u00e4\u00e4pi\u00f6koirat<\/p>\n\n\n\n<p><strong>Sunnuntaina 12.7.2026 arvostellaan FCI:n ryhm\u00e4t 2, 3, 5, 6 &amp; 10,<\/strong><br><strong>my\u00f6s pennut (7 kk \u2013 alle 9 kk)<\/strong>.<br>FCI 2 \u2013 Pinserit, snautserit, molossityyppiset ja sveitsinpaimenkoirat<br>FCI 3 \u2013 Terrierit<br>FCI 5 \u2013 Pystykorvat ja alkukantaiset koirat<br>FCI 6 \u2013 Ajavat ja j\u00e4ljest\u00e4v\u00e4t koirat<br>FCI 10 \u2013 Vinttikoirat<\/p>\n\n\n\n<p class=\"style2\"><strong>J\u00e4rjest\u00e4j\u00e4:<\/strong> Alatornion Mets\u00e4stysseura<\/p>\n\n\n\n<hr class=\"wp-block-separator has-text-color has-alpha-channel-opacity has-background\" style=\"background-color:#bfbfbf1a;color:#bfbfbf1a\"\/>\n\n\n\n<h3 class=\"wp-block-heading\"><em>Tiedustelut<\/em><\/h3>\n\n\n\n<p><strong>Ilmoittautumisia koskevat tiedustelut<br><\/strong>Showlink Oy, arkisin klo 11-17 p. (09) 8873 0320<br>info@showlink.fi<\/p>\n\n\n\n<p><em>Mainitsethan tiedustelussasi \/ s\u00e4hk\u00f6postissasi n\u00e4yttelyn nimen sek\u00e4 koiran rekisterinumeron, jota tiedustelu koskee.<\/em><\/p>\n\n\n\n<p><strong>Muut tiedustelut \/ information in English \/ p\u00e5 svenksa<\/strong><br>eila.metsavainio@gmail.com<\/p>\n\n\n\n<figure class=\"wp-block-image size-full\"><img loading=\"lazy\" decoding=\"async\" width=\"400\" height=\"180\" src=\"https:\/\/www.showlink.fi\/shows\/keminmaa_NORD_2026_esikatselu\/wp-content\/uploads\/sites\/234\/2026\/01\/ROYAL_CANIN.jpg\" alt=\"\" class=\"wp-image-454\" srcset=\"https:\/\/www.showlink.fi\/shows\/keminmaa_NORD_2026\/wp-content\/uploads\/sites\/234\/2026\/01\/ROYAL_CANIN.jpg 400w, https:\/\/www.showlink.fi\/shows\/keminmaa_NORD_2026\/wp-content\/uploads\/sites\/234\/2026\/01\/ROYAL_CANIN-300x135.jpg 300w\" sizes=\"auto, (max-width: 400px) 100vw, 400px\" \/><\/figure>\n","protected":false},"excerpt":{"rendered":"<p>Tervetuloa kaikkien rotujen NORD-n\u00e4yttelyyn Keminmaalle! N\u00e4yttelypaikkana toimii PohjanrantaOsoite: Pohjantie 23, Keminmaa Lauantaina 11.7.2026 arvostellaan FCI:n ryhm\u00e4t 1, 4, 7, 8 &amp; 9,my\u00f6s pennut (7 kk \u2013 alle 9 kk).FCI 1 \u2013 Lammas- ja karjakoirat (paitsi sveitsinpaimenkoirat)FCI 4 \u2013 M\u00e4yr\u00e4koiratFCI 7 \u2013 Seisovat lintukoiratFCI 8 \u2013 Noutajat, yl\u00f6sajavat koirat ja vesikoiratFCI 9 \u2013 Seura- ja k\u00e4\u00e4pi\u00f6koirat <a href=\"https:\/\/www.showlink.fi\/shows\/keminmaa_NORD_2026\/\" class=\"more-link\">...jatka lukemista<span class=\"screen-reader-text\"> \"Keminmaa NORD 11.-12.7.2026\"<\/span><\/a><\/p>\n","protected":false},"author":1,"featured_media":0,"parent":0,"menu_order":0,"comment_status":"closed","ping_status":"closed","template":"","meta":{"footnotes":""},"class_list":["post-7","page","type-page","status-publish","h-entry","hentry","h-as-page"],"_links":{"self":[{"href":"https:\/\/www.showlink.fi\/shows\/keminmaa_NORD_2026\/wp-json\/wp\/v2\/pages\/7","targetHints":{"allow":["GET"]}}],"collection":[{"href":"https:\/\/www.showlink.fi\/shows\/keminmaa_NORD_2026\/wp-json\/wp\/v2\/pages"}],"about":[{"href":"https:\/\/www.showlink.fi\/shows\/keminmaa_NORD_2026\/wp-json\/wp\/v2\/types\/page"}],"author":[{"embeddable":true,"href":"https:\/\/www.showlink.fi\/shows\/keminmaa_NORD_2026\/wp-json\/wp\/v2\/users\/1"}],"replies":[{"embeddable":true,"href":"https:\/\/www.showlink.fi\/shows\/keminmaa_NORD_2026\/wp-json\/wp\/v2\/comments?post=7"}],"version-history":[{"count":55,"href":"https:\/\/www.showlink.fi\/shows\/keminmaa_NORD_2026\/wp-json\/wp\/v2\/pages\/7\/revisions"}],"predecessor-version":[{"id":456,"href":"https:\/\/www.showlink.fi\/shows\/keminmaa_NORD_2026\/wp-json\/wp\/v2\/pages\/7\/revisions\/456"}],"wp:attachment":[{"href":"https:\/\/www.showlink.fi\/shows\/keminmaa_NORD_2026\/wp-json\/wp\/v2\/media?parent=7"}],"curies":[{"name":"wp","href":"https:\/\/api.w.org\/{rel}","templated":true}]}}