{"id":15,"date":"2022-03-16T08:38:06","date_gmt":"2022-03-16T06:38:06","guid":{"rendered":"https:\/\/www.showlink.fi\/shows\/kiuruvesinayttelyt2023luonnosvedos\/?page_id=15"},"modified":"2025-04-17T11:34:01","modified_gmt":"2025-04-17T08:34:01","slug":"aikataulut","status":"publish","type":"page","link":"https:\/\/www.showlink.fi\/shows\/kiuruvesinayttelyt2025\/aikataulut\/","title":{"rendered":"Aikataulut"},"content":{"rendered":"\n<p>Aikataulut julkaistu 17.4.2025<\/p>\n\n\n\n<h2 class=\"wp-block-heading\">Ryhm\u00e4n\u00e4yttely 26.4.2025<\/h2>\n\n\n<table width=\"448\">\n<tbody>\n<tr>\n<td width=\"320\"><strong>KEH\u00c4 1<\/strong><\/td>\n<td width=\"64\">\u00a0<\/td>\n<td width=\"64\">\u00a0<\/td>\n<\/tr>\n<tr>\n<td><strong>Harry Tast<\/strong><\/td>\n<td><strong>85<\/strong><\/td>\n<td>\u00a0<\/td>\n<\/tr>\n<tr>\n<td width=\"320\"><em>Harjoitusarvostelija: Hilpinen Jarmo, jackrussellinterrieri, parsonrussellinterrieri, australianterrieri, karkeakarvainen kettuterrieri<\/em><\/td>\n<td>\u00a0<\/td>\n<td>\u00a0<\/td>\n<\/tr>\n<tr>\n<td>#amerikankarvatonterrieri<\/td>\n<td>1<\/td>\n<td>09.00<\/td>\n<\/tr>\n<tr>\n<td>#englannink\u00e4\u00e4pi\u00f6terrieri<\/td>\n<td>1<\/td>\n<td>\u00a0<\/td>\n<\/tr>\n<tr>\n<td>jackrussellinterrieri<\/td>\n<td>6<\/td>\n<td>\u00a0<\/td>\n<\/tr>\n<tr>\n<td>parsonrussellinterrieri<\/td>\n<td>9<\/td>\n<td>\u00a0<\/td>\n<\/tr>\n<tr>\n<td>australianterrieri<\/td>\n<td>3<\/td>\n<td>\u00a0<\/td>\n<\/tr>\n<tr>\n<td>karkeakarvainen kettuterrieri<\/td>\n<td>7<\/td>\n<td>\u00a0<\/td>\n<\/tr>\n<tr>\n<td>brasilianterrieri<\/td>\n<td>6<\/td>\n<td>\u00a0<\/td>\n<\/tr>\n<tr>\n<td>#manchesterinterrieri<\/td>\n<td>3<\/td>\n<td>\u00a0<\/td>\n<\/tr>\n<tr>\n<td>borderterrieri<\/td>\n<td>3<\/td>\n<td>\u00a0<\/td>\n<\/tr>\n<tr>\n<td>#saksanmets\u00e4stysterrieri<\/td>\n<td>3<\/td>\n<td>\u00a0<\/td>\n<\/tr>\n<tr>\n<td>cairnterrieri<\/td>\n<td>12<\/td>\n<td>11.30<\/td>\n<\/tr>\n<tr>\n<td>#norwichinterrieri<\/td>\n<td>4<\/td>\n<td>\u00a0<\/td>\n<\/tr>\n<tr>\n<td>#valkoinen l\u00e4nsiyl\u00e4maanterrieri<\/td>\n<td>3<\/td>\n<td>\u00a0<\/td>\n<\/tr>\n<tr>\n<td>#silkkiterrieri<\/td>\n<td>4<\/td>\n<td>\u00a0<\/td>\n<\/tr>\n<tr>\n<td>skotlanninterrieri<\/td>\n<td>2<\/td>\n<td>\u00a0<\/td>\n<\/tr>\n<tr>\n<td>lakelandinterrieri<\/td>\n<td>1<\/td>\n<td>\u00a0<\/td>\n<\/tr>\n<tr>\n<td>#airedalenterrieri<\/td>\n<td>1<\/td>\n<td>\u00a0<\/td>\n<\/tr>\n<tr>\n<td>#amerikanstaffordshirenterrieri<\/td>\n<td>6<\/td>\n<td>\u00a0<\/td>\n<\/tr>\n<tr>\n<td>staffordshirenbullterrieri<\/td>\n<td>1<\/td>\n<td>\u00a0<\/td>\n<\/tr>\n<tr>\n<td>#bedlingtoninterrieri<\/td>\n<td>3<\/td>\n<td>\u00a0<\/td>\n<\/tr>\n<tr>\n<td>#bullterrieri<\/td>\n<td>1<\/td>\n<td>\u00a0<\/td>\n<\/tr>\n<tr>\n<td>#glen of imaalinterrieri<\/td>\n<td>1<\/td>\n<td>\u00a0<\/td>\n<\/tr>\n<tr>\n<td>#skyenterrieri<\/td>\n<td>2<\/td>\n<td>\u00a0<\/td>\n<\/tr>\n<tr>\n<td>vehn\u00e4terrieri<\/td>\n<td>2<\/td>\n<td>\u00a0<\/td>\n<\/tr>\n<tr>\n<td>\u00a0<\/td>\n<td>\u00a0<\/td>\n<td>\u00a0<\/td>\n<\/tr>\n<tr>\n<td><strong>KEH\u00c4 2<\/strong><\/td>\n<td>\u00a0<\/td>\n<td>\u00a0<\/td>\n<\/tr>\n<tr>\n<td><strong>Perttu St\u00e5hlberg<\/strong><\/td>\n<td><strong>70<\/strong><\/td>\n<td>\u00a0<\/td>\n<\/tr>\n<tr>\n<td>* rhodesiankoira<\/td>\n<td>1<\/td>\n<td>09.00<\/td>\n<\/tr>\n<tr>\n<td>* amerikankettukoira<\/td>\n<td>2<\/td>\n<td>\u00a0<\/td>\n<\/tr>\n<tr>\n<td>* plottinajokoira<\/td>\n<td>1<\/td>\n<td>\u00a0<\/td>\n<\/tr>\n<tr>\n<td>* basset hound<\/td>\n<td>1<\/td>\n<td>\u00a0<\/td>\n<\/tr>\n<tr>\n<td>* bretagnenbassetti<\/td>\n<td>1<\/td>\n<td>\u00a0<\/td>\n<\/tr>\n<tr>\n<td>* dreeveri<\/td>\n<td>7<\/td>\n<td>\u00a0<\/td>\n<\/tr>\n<tr>\n<td>* grand basset griffon vend\u00e9en<\/td>\n<td>2<\/td>\n<td>\u00a0<\/td>\n<\/tr>\n<tr>\n<td>* petit basset griffon vend\u00e9en<\/td>\n<td>3<\/td>\n<td>\u00a0<\/td>\n<\/tr>\n<tr>\n<td>sile\u00e4karvainen kettuterrieri<\/td>\n<td>5<\/td>\n<td>\u00a0<\/td>\n<\/tr>\n<tr>\n<td>lyhytkarvainen saksanseisoja<\/td>\n<td>9<\/td>\n<td>\u00a0<\/td>\n<\/tr>\n<tr>\n<td>karkeakarvainen saksanseisoja<\/td>\n<td>8<\/td>\n<td>\u00a0<\/td>\n<\/tr>\n<tr>\n<td>pienim\u00fcnsterinseisoja<\/td>\n<td>2<\/td>\n<td>\u00a0<\/td>\n<\/tr>\n<tr>\n<td>pointteri<\/td>\n<td>1<\/td>\n<td>11.30<\/td>\n<\/tr>\n<tr>\n<td>stabijhoun<\/td>\n<td>2<\/td>\n<td>\u00a0<\/td>\n<\/tr>\n<tr>\n<td>weimarinseisoja, lyhytkarvainen<\/td>\n<td>2<\/td>\n<td>\u00a0<\/td>\n<\/tr>\n<tr>\n<td>punainen irlanninsetteri<\/td>\n<td>5<\/td>\n<td>\u00a0<\/td>\n<\/tr>\n<tr>\n<td>englanninsetteri<\/td>\n<td>2<\/td>\n<td>\u00a0<\/td>\n<\/tr>\n<tr>\n<td>* italianseisoja<\/td>\n<td>2<\/td>\n<td>\u00a0<\/td>\n<\/tr>\n<tr>\n<td>* karkeakarvainen unkarinvizsla<\/td>\n<td>1<\/td>\n<td>\u00a0<\/td>\n<\/tr>\n<tr>\n<td>* lyhytkarvainen unkarinvizsla<\/td>\n<td>1<\/td>\n<td>\u00a0<\/td>\n<\/tr>\n<tr>\n<td>* bretoni<\/td>\n<td>2<\/td>\n<td>\u00a0<\/td>\n<\/tr>\n<tr>\n<td>* bourbonnaisinseisoja<\/td>\n<td>1<\/td>\n<td>\u00a0<\/td>\n<\/tr>\n<tr>\n<td>* auvergnenseisoja<\/td>\n<td>1<\/td>\n<td>\u00a0<\/td>\n<\/tr>\n<tr>\n<td>* punavalkoinen irlanninsetteri<\/td>\n<td>1<\/td>\n<td>\u00a0<\/td>\n<\/tr>\n<tr>\n<td>* gordoninsetteri<\/td>\n<td>7<\/td>\n<td>\u00a0<\/td>\n<\/tr>\n<tr>\n<td>\u00a0<\/td>\n<td>\u00a0<\/td>\n<td>\u00a0<\/td>\n<\/tr>\n<tr>\n<td><strong>KEH\u00c4 3<\/strong><\/td>\n<td>\u00a0<\/td>\n<td>\u00a0<\/td>\n<\/tr>\n<tr>\n<td><strong>Esa Ruotsalainen<\/strong><\/td>\n<td><strong>84<\/strong><\/td>\n<td>\u00a0<\/td>\n<\/tr>\n<tr>\n<td width=\"320\"><em>Harjoitusarvostelija: Sarkkinen Johanna, saksanpystykorva, pomeranian, portugalinpodengo, sile\u00e4karvainen, pieni, portugalinpodengo, karkeakarvainen, pieni, saksanpystykorva, keeshond, thai ridgeback, faaraokoira, shiba, chow chow<\/em><\/td>\n<td>\u00a0<\/td>\n<td>\u00a0<\/td>\n<\/tr>\n<tr>\n<td><em>Saksanpystykorvien mittaus<\/em><\/td>\n<td>\u00a0<\/td>\n<td><em>08.50<\/em><\/td>\n<\/tr>\n<tr>\n<td>saksanpystykorva, kleinspitz, muut v\u00e4rit<\/td>\n<td>11<\/td>\n<td>09.00<\/td>\n<\/tr>\n<tr>\n<td>saksanpystykorva, kleinspitz, musta ja ruskea<\/td>\n<td>11<\/td>\n<td>\u00a0<\/td>\n<\/tr>\n<tr>\n<td>saksanpystykorva, mittelspitz, muut v\u00e4rit<\/td>\n<td>5<\/td>\n<td>\u00a0<\/td>\n<\/tr>\n<tr>\n<td>#saksanpystykorva, pomeranian<\/td>\n<td>5<\/td>\n<td>\u00a0<\/td>\n<\/tr>\n<tr>\n<td>portugalinpodengo, sile\u00e4karvainen, pieni<\/td>\n<td>2<\/td>\n<td>\u00a0<\/td>\n<\/tr>\n<tr>\n<td>portugalinpodengo, karkeakarvainen, pieni<\/td>\n<td>1<\/td>\n<td>\u00a0<\/td>\n<\/tr>\n<tr>\n<td>saksanpystykorva, keeshond<\/td>\n<td>7<\/td>\n<td>\u00a0<\/td>\n<\/tr>\n<tr>\n<td>#thai ridgeback<\/td>\n<td>2<\/td>\n<td>11.30<\/td>\n<\/tr>\n<tr>\n<td>faaraokoira<\/td>\n<td>4<\/td>\n<td>\u00a0<\/td>\n<\/tr>\n<tr>\n<td>shiba<\/td>\n<td>2<\/td>\n<td>\u00a0<\/td>\n<\/tr>\n<tr>\n<td>chow chow<\/td>\n<td>2<\/td>\n<td>\u00a0<\/td>\n<\/tr>\n<tr>\n<td>#eurasier<\/td>\n<td>2<\/td>\n<td>\u00a0<\/td>\n<\/tr>\n<tr>\n<td>#lapinporokoira<\/td>\n<td>4<\/td>\n<td>\u00a0<\/td>\n<\/tr>\n<tr>\n<td>ruotsinlapinkoira<\/td>\n<td>1<\/td>\n<td>\u00a0<\/td>\n<\/tr>\n<tr>\n<td>#karjalankarhukoira<\/td>\n<td>9<\/td>\n<td>\u00a0<\/td>\n<\/tr>\n<tr>\n<td>#suomenpystykorva<\/td>\n<td>16<\/td>\n<td>\u00a0<\/td>\n<\/tr>\n<tr>\n<td>\u00a0<\/td>\n<td>\u00a0<\/td>\n<td>\u00a0<\/td>\n<\/tr>\n<tr>\n<td><strong>KEH\u00c4 4<\/strong><\/td>\n<td>\u00a0<\/td>\n<td>\u00a0<\/td>\n<\/tr>\n<tr>\n<td><strong>Erja Nummi<\/strong><\/td>\n<td><strong>85<\/strong><\/td>\n<td>\u00a0<\/td>\n<\/tr>\n<tr>\n<td>suomenajokoira<\/td>\n<td>33<\/td>\n<td>09.00<\/td>\n<\/tr>\n<tr>\n<td>- urokset<\/td>\n<td>15<\/td>\n<td>\u00a0<\/td>\n<\/tr>\n<tr>\n<td>- nartut\u00a0<\/td>\n<td>18<\/td>\n<td>\u00a0<\/td>\n<\/tr>\n<tr>\n<td>beagle<\/td>\n<td>11<\/td>\n<td>\u00a0<\/td>\n<\/tr>\n<tr>\n<td>ven\u00e4j\u00e4najokoira<\/td>\n<td>21<\/td>\n<td>11.30<\/td>\n<\/tr>\n<tr>\n<td>dalmatiankoira<\/td>\n<td>20<\/td>\n<td>\u00a0<\/td>\n<\/tr>\n<tr>\n<td>\u00a0<\/td>\n<td>\u00a0<\/td>\n<td>\u00a0<\/td>\n<\/tr>\n<tr>\n<td><strong>KEH\u00c4 5<\/strong><\/td>\n<td>\u00a0<\/td>\n<td>\u00a0<\/td>\n<\/tr>\n<tr>\n<td><strong>Kirsi Honkanen<\/strong><\/td>\n<td><strong>89<\/strong><\/td>\n<td>\u00a0<\/td>\n<\/tr>\n<tr>\n<td width=\"320\"><em>Harjoitusarvostelija: Hilpinen Jarmo, harmaa norjanhirvikoira, j\u00e4mtlanninpystykorva<\/em><\/td>\n<td>\u00a0<\/td>\n<td>\u00a0<\/td>\n<\/tr>\n<tr>\n<td>samojedinkoira<\/td>\n<td>29<\/td>\n<td>09.00<\/td>\n<\/tr>\n<tr>\n<td>harmaa norjanhirvikoira<\/td>\n<td>29<\/td>\n<td>\u00a0<\/td>\n<\/tr>\n<tr>\n<td>j\u00e4mtlanninpystykorva<\/td>\n<td>31<\/td>\n<td>12.30<\/td>\n<\/tr>\n<tr>\n<td>- urokset<\/td>\n<td>12<\/td>\n<td>\u00a0<\/td>\n<\/tr>\n<tr>\n<td>- nartut\u00a0<\/td>\n<td>19<\/td>\n<td>\u00a0<\/td>\n<\/tr>\n<tr>\n<td>\u00a0<\/td>\n<td>\u00a0<\/td>\n<td>\u00a0<\/td>\n<\/tr>\n<tr>\n<td><strong>KEH\u00c4 6<\/strong><\/td>\n<td>\u00a0<\/td>\n<td>\u00a0<\/td>\n<\/tr>\n<tr>\n<td><strong>Katja Korhonen<\/strong><\/td>\n<td><strong>82<\/strong><\/td>\n<td>\u00a0<\/td>\n<\/tr>\n<tr>\n<td width=\"320\"><em>Harjoitusarvostelija: Hilpinen Jarmo, l\u00e4nsig\u00f6\u00f6tanmaanpystykorv<\/em>a<\/td>\n<td>\u00a0<\/td>\n<td>\u00a0<\/td>\n<\/tr>\n<tr>\n<td>* pohjanpystykorva<\/td>\n<td>12<\/td>\n<td>09.00<\/td>\n<\/tr>\n<tr>\n<td>alaskanmalamuutti<\/td>\n<td>11<\/td>\n<td>\u00a0<\/td>\n<\/tr>\n<tr>\n<td>islanninlammaskoira<\/td>\n<td>6<\/td>\n<td>\u00a0<\/td>\n<\/tr>\n<tr>\n<td>it\u00e4siperianlaika<\/td>\n<td>6<\/td>\n<td>\u00a0<\/td>\n<\/tr>\n<tr>\n<td>ven\u00e4l\u00e4is-eurooppalainen laika<\/td>\n<td>1<\/td>\n<td>\u00a0<\/td>\n<\/tr>\n<tr>\n<td>jakutianlaika<\/td>\n<td>2<\/td>\n<td>\u00a0<\/td>\n<\/tr>\n<tr>\n<td>lunnikoira<\/td>\n<td>2<\/td>\n<td>\u00a0<\/td>\n<\/tr>\n<tr>\n<td>suomenlapinkoira<\/td>\n<td>16<\/td>\n<td>11.15<\/td>\n<\/tr>\n<tr>\n<td>amerikanakita<\/td>\n<td>4<\/td>\n<td>\u00a0<\/td>\n<\/tr>\n<tr>\n<td>akita<\/td>\n<td>3<\/td>\n<td>\u00a0<\/td>\n<\/tr>\n<tr>\n<td>* siperianhusky<\/td>\n<td>13<\/td>\n<td>\u00a0<\/td>\n<\/tr>\n<tr>\n<td>* l\u00e4nsig\u00f6\u00f6tanmaanpystykorva<\/td>\n<td>6<\/td>\n<td>\u00a0<\/td>\n<\/tr>\n<\/tbody>\n<\/table>\n\n\n<hr class=\"wp-block-separator has-text-color has-alpha-channel-opacity has-background\" style=\"background-color:#e6dbdb;color:#e6dbdb\"\/>\n\n\n\n<h2 class=\"wp-block-heading\">Pentun\u00e4yttely 27.4.2025<\/h2>\n\n\n<table width=\"393\">\n<tbody>\n<tr>\n<td width=\"263\"><strong>KEH\u00c4 1<\/strong><\/td>\n<td width=\"65\">\u00a0<\/td>\n<td width=\"65\">\u00a0<\/td>\n<\/tr>\n<tr>\n<td><strong>Harry Tast<\/strong><\/td>\n<td><strong>41<\/strong><\/td>\n<td>\u00a0<\/td>\n<\/tr>\n<tr>\n<td>cavalier kingcharlesinspanieli<\/td>\n<td>7<\/td>\n<td>09.00<\/td>\n<\/tr>\n<tr>\n<td>ranskanbulldoggi<\/td>\n<td>2<\/td>\n<td>\u00a0<\/td>\n<\/tr>\n<tr>\n<td>chihuahua, pitk\u00e4karvainen<\/td>\n<td>1<\/td>\n<td>\u00a0<\/td>\n<\/tr>\n<tr>\n<td>japanese chin<\/td>\n<td>2<\/td>\n<td>\u00a0<\/td>\n<\/tr>\n<tr>\n<td>papillon<\/td>\n<td>2<\/td>\n<td>\u00a0<\/td>\n<\/tr>\n<tr>\n<td>phal\u00e8ne<\/td>\n<td>1<\/td>\n<td>\u00a0<\/td>\n<\/tr>\n<tr>\n<td>ven\u00e4j\u00e4ntoy, pitk\u00e4karvainen<\/td>\n<td>1<\/td>\n<td>\u00a0<\/td>\n<\/tr>\n<tr>\n<td>kiinanharjakoira<\/td>\n<td>4<\/td>\n<td>\u00a0<\/td>\n<\/tr>\n<tr>\n<td>tiibetinspanieli<\/td>\n<td>4<\/td>\n<td>\u00a0<\/td>\n<\/tr>\n<tr>\n<td>villakoira, toy, musta, ruskea ja valkoinen<\/td>\n<td>1<\/td>\n<td>\u00a0<\/td>\n<\/tr>\n<tr>\n<td>havannankoira<\/td>\n<td>4<\/td>\n<td>10.30<\/td>\n<\/tr>\n<tr>\n<td>tiibetinterrieri<\/td>\n<td>3<\/td>\n<td>\u00a0<\/td>\n<\/tr>\n<tr>\n<td>kiinanpalatsikoira, pekingeesi<\/td>\n<td>1<\/td>\n<td>\u00a0<\/td>\n<\/tr>\n<tr>\n<td>* rottweiler<\/td>\n<td>4<\/td>\n<td>\u00a0<\/td>\n<\/tr>\n<tr>\n<td>* tanskandoggi, musta ja harlekiini<\/td>\n<td>1<\/td>\n<td>\u00a0<\/td>\n<\/tr>\n<tr>\n<td>* tanskandoggi, sininen<\/td>\n<td>1<\/td>\n<td>\u00a0<\/td>\n<\/tr>\n<tr>\n<td>* tanskandoggi, keltainen ja tiikerijuovainen<\/td>\n<td>2<\/td>\n<td>\u00a0<\/td>\n<\/tr>\n<tr>\n<td>\u00a0<\/td>\n<td>\u00a0<\/td>\n<td>\u00a0<\/td>\n<\/tr>\n<tr>\n<td><strong>KEH\u00c4 2<\/strong><\/td>\n<td>\u00a0<\/td>\n<td>\u00a0<\/td>\n<\/tr>\n<tr>\n<td><strong>Perttu St\u00e5hlberg<\/strong><\/td>\n<td><strong>38<\/strong><\/td>\n<td>\u00a0<\/td>\n<\/tr>\n<tr>\n<td>* berninpaimenkoira<\/td>\n<td>2<\/td>\n<td>09.00<\/td>\n<\/tr>\n<tr>\n<td>* bullmastiffi<\/td>\n<td>3<\/td>\n<td>\u00a0<\/td>\n<\/tr>\n<tr>\n<td>* hovawart<\/td>\n<td>1<\/td>\n<td>\u00a0<\/td>\n<\/tr>\n<tr>\n<td>* k\u00e4\u00e4pi\u00f6snautseri, musta<\/td>\n<td>1<\/td>\n<td>\u00a0<\/td>\n<\/tr>\n<tr>\n<td>yorkshirenterrieri<\/td>\n<td>1<\/td>\n<td>\u00a0<\/td>\n<\/tr>\n<tr>\n<td>brasilianterrieri<\/td>\n<td>1<\/td>\n<td>\u00a0<\/td>\n<\/tr>\n<tr>\n<td>australianterrieri<\/td>\n<td>1<\/td>\n<td>\u00a0<\/td>\n<\/tr>\n<tr>\n<td>jackrussellinterrieri<\/td>\n<td>2<\/td>\n<td>\u00a0<\/td>\n<\/tr>\n<tr>\n<td>parsonrussellinterrieri<\/td>\n<td>2<\/td>\n<td>\u00a0<\/td>\n<\/tr>\n<tr>\n<td>sile\u00e4karvainen kettuterrieri<\/td>\n<td>2<\/td>\n<td>\u00a0<\/td>\n<\/tr>\n<tr>\n<td>bullterrieri<\/td>\n<td>1<\/td>\n<td>\u00a0<\/td>\n<\/tr>\n<tr>\n<td>vehn\u00e4terrieri<\/td>\n<td>1<\/td>\n<td>\u00a0<\/td>\n<\/tr>\n<tr>\n<td>* saksanpystykorva, mittelspitz, muut v\u00e4rit<\/td>\n<td>1<\/td>\n<td>\u00a0<\/td>\n<\/tr>\n<tr>\n<td>* saksanpystykorva, pomeranian<\/td>\n<td>1<\/td>\n<td>\u00a0<\/td>\n<\/tr>\n<tr>\n<td>* samojedinkoira<\/td>\n<td>1<\/td>\n<td>\u00a0<\/td>\n<\/tr>\n<tr>\n<td>* siperianhusky<\/td>\n<td>1<\/td>\n<td>\u00a0<\/td>\n<\/tr>\n<tr>\n<td>* suomenlapinkoira<\/td>\n<td>10<\/td>\n<td>10.15<\/td>\n<\/tr>\n<tr>\n<td>* suomenpystykorva<\/td>\n<td>1<\/td>\n<td>\u00a0<\/td>\n<\/tr>\n<tr>\n<td>* taiwaninkoira<\/td>\n<td>1<\/td>\n<td>\u00a0<\/td>\n<\/tr>\n<tr>\n<td>* englanninspringerspanieli<\/td>\n<td>4<\/td>\n<td>\u00a0<\/td>\n<\/tr>\n<tr>\n<td>\u00a0<\/td>\n<td>\u00a0<\/td>\n<td>\u00a0<\/td>\n<\/tr>\n<tr>\n<td><strong>KEH\u00c4 3<\/strong><\/td>\n<td>\u00a0<\/td>\n<td>\u00a0<\/td>\n<\/tr>\n<tr>\n<td><strong>Esa Ruotsalainen<\/strong><\/td>\n<td><strong>39<\/strong><\/td>\n<td>\u00a0<\/td>\n<\/tr>\n<tr>\n<td>* pohjanpystykorva<\/td>\n<td>2<\/td>\n<td>09.00<\/td>\n<\/tr>\n<tr>\n<td>* saksanpystykorva, keeshond<\/td>\n<td>1<\/td>\n<td>\u00a0<\/td>\n<\/tr>\n<tr>\n<td>* saksanpystykorva, kleinspitz, musta ja ruskea<\/td>\n<td>3<\/td>\n<td>\u00a0<\/td>\n<\/tr>\n<tr>\n<td>* meksikonkarvatonkoira, iso<\/td>\n<td>1<\/td>\n<td>\u00a0<\/td>\n<\/tr>\n<tr>\n<td>australianpaimenkoira<\/td>\n<td>2<\/td>\n<td>\u00a0<\/td>\n<\/tr>\n<tr>\n<td>belgianpaimenkoira, groenendael<\/td>\n<td>1<\/td>\n<td>\u00a0<\/td>\n<\/tr>\n<tr>\n<td>belgianpaimenkoira, tervueren<\/td>\n<td>5<\/td>\n<td>\u00a0<\/td>\n<\/tr>\n<tr>\n<td>hollanninpaimenkoira, pitk\u00e4karvainen<\/td>\n<td>1<\/td>\n<td>\u00a0<\/td>\n<\/tr>\n<tr>\n<td>medimurjenkoira<\/td>\n<td>1<\/td>\n<td>\u00a0<\/td>\n<\/tr>\n<tr>\n<td>pitk\u00e4karvainen collie<\/td>\n<td>2<\/td>\n<td>\u00a0<\/td>\n<\/tr>\n<tr>\n<td>saksanpaimenkoira<\/td>\n<td>1<\/td>\n<td>\u00a0<\/td>\n<\/tr>\n<tr>\n<td>shetlanninlammaskoira<\/td>\n<td>2<\/td>\n<td>10.15<\/td>\n<\/tr>\n<tr>\n<td>welsh corgi cardigan<\/td>\n<td>1<\/td>\n<td>\u00a0<\/td>\n<\/tr>\n<tr>\n<td>welsh corgi pembroke<\/td>\n<td>3<\/td>\n<td>\u00a0<\/td>\n<\/tr>\n<tr>\n<td>pieniamerikanpaimenkoira<\/td>\n<td>2<\/td>\n<td>\u00a0<\/td>\n<\/tr>\n<tr>\n<td>m\u00e4yr\u00e4koira, karkeakarvainen<\/td>\n<td>1<\/td>\n<td>\u00a0<\/td>\n<\/tr>\n<tr>\n<td>m\u00e4yr\u00e4koira, pitk\u00e4karvainen<\/td>\n<td>2<\/td>\n<td>\u00a0<\/td>\n<\/tr>\n<tr>\n<td>m\u00e4yr\u00e4koira, k\u00e4\u00e4pi\u00f6m\u00e4yr\u00e4koira pitk\u00e4karvainen<\/td>\n<td>1<\/td>\n<td>\u00a0<\/td>\n<\/tr>\n<tr>\n<td>m\u00e4yr\u00e4koira, lyhytkarvainen<\/td>\n<td>5<\/td>\n<td>\u00a0<\/td>\n<\/tr>\n<tr>\n<td>m\u00e4yr\u00e4koira, k\u00e4\u00e4pi\u00f6m\u00e4yr\u00e4koira lyhytkarvainen<\/td>\n<td>2<\/td>\n<td>\u00a0<\/td>\n<\/tr>\n<tr>\n<td>\u00a0<\/td>\n<td>\u00a0<\/td>\n<td>\u00a0<\/td>\n<\/tr>\n<tr>\n<td><strong>KEH\u00c4 4<\/strong><\/td>\n<td>\u00a0<\/td>\n<td>\u00a0<\/td>\n<\/tr>\n<tr>\n<td><strong>Erja Nummi<\/strong><\/td>\n<td><strong>41<\/strong><\/td>\n<td>\u00a0<\/td>\n<\/tr>\n<tr>\n<td>kultainennoutaja<\/td>\n<td>12<\/td>\n<td>09.00<\/td>\n<\/tr>\n<tr>\n<td>sile\u00e4karvainen noutaja<\/td>\n<td>1<\/td>\n<td>\u00a0<\/td>\n<\/tr>\n<tr>\n<td>barbet<\/td>\n<td>3<\/td>\n<td>\u00a0<\/td>\n<\/tr>\n<tr>\n<td>espanjanvesikoira<\/td>\n<td>1<\/td>\n<td>\u00a0<\/td>\n<\/tr>\n<tr>\n<td>cockerspanieli<\/td>\n<td>6<\/td>\n<td>10.00<\/td>\n<\/tr>\n<tr>\n<td>novascotiannoutaja<\/td>\n<td>2<\/td>\n<td>\u00a0<\/td>\n<\/tr>\n<tr>\n<td>kooikerhondje<\/td>\n<td>1<\/td>\n<td>\u00a0<\/td>\n<\/tr>\n<tr>\n<td>lagotto romagnolo<\/td>\n<td>2<\/td>\n<td>\u00a0<\/td>\n<\/tr>\n<tr>\n<td>labradorinnoutaja<\/td>\n<td>13<\/td>\n<td>\u00a0<\/td>\n<\/tr>\n<tr>\n<td>\u00a0<\/td>\n<td>\u00a0<\/td>\n<td>\u00a0<\/td>\n<\/tr>\n<tr>\n<td><strong>KEH\u00c4 5<\/strong><\/td>\n<td>\u00a0<\/td>\n<td>\u00a0<\/td>\n<\/tr>\n<tr>\n<td><strong>Kirsi Honkanen<\/strong><\/td>\n<td><strong>38<\/strong><\/td>\n<td>\u00a0<\/td>\n<\/tr>\n<tr>\n<td>#akita<\/td>\n<td>1<\/td>\n<td>09.00<\/td>\n<\/tr>\n<tr>\n<td>#alaskanmalamuutti<\/td>\n<td>1<\/td>\n<td>\u00a0<\/td>\n<\/tr>\n<tr>\n<td>#amerikanakita<\/td>\n<td>1<\/td>\n<td>\u00a0<\/td>\n<\/tr>\n<tr>\n<td>#chow chow<\/td>\n<td>1<\/td>\n<td>\u00a0<\/td>\n<\/tr>\n<tr>\n<td>#faaraokoira<\/td>\n<td>2<\/td>\n<td>\u00a0<\/td>\n<\/tr>\n<tr>\n<td>#jakutianlaika<\/td>\n<td>1<\/td>\n<td>\u00a0<\/td>\n<\/tr>\n<tr>\n<td>#karjalankarhukoira<\/td>\n<td>1<\/td>\n<td>\u00a0<\/td>\n<\/tr>\n<tr>\n<td>#kishunkoira<\/td>\n<td>3<\/td>\n<td>\u00a0<\/td>\n<\/tr>\n<tr>\n<td>#l\u00e4nsig\u00f6\u00f6tanmaanpystykorva<\/td>\n<td>3<\/td>\n<td>\u00a0<\/td>\n<\/tr>\n<tr>\n<td>whippet<\/td>\n<td>2<\/td>\n<td>\u00a0<\/td>\n<\/tr>\n<tr>\n<td>unkarinvinttikoira<\/td>\n<td>1<\/td>\n<td>\u00a0<\/td>\n<\/tr>\n<tr>\n<td>italianvinttikoira<\/td>\n<td>1<\/td>\n<td>\u00a0<\/td>\n<\/tr>\n<tr>\n<td>beagle<\/td>\n<td>4<\/td>\n<td>10.00<\/td>\n<\/tr>\n<tr>\n<td>dalmatiankoira<\/td>\n<td>1<\/td>\n<td>\u00a0<\/td>\n<\/tr>\n<tr>\n<td>ven\u00e4j\u00e4najokoira<\/td>\n<td>2<\/td>\n<td>\u00a0<\/td>\n<\/tr>\n<tr>\n<td>suomenajokoira<\/td>\n<td>1<\/td>\n<td>\u00a0<\/td>\n<\/tr>\n<tr>\n<td>lyhytkarvainen italianajokoira<\/td>\n<td>1<\/td>\n<td>\u00a0<\/td>\n<\/tr>\n<tr>\n<td>griffon bleu de gascogne<\/td>\n<td>1<\/td>\n<td>\u00a0<\/td>\n<\/tr>\n<tr>\n<td>#lapinporokoira<\/td>\n<td>6<\/td>\n<td>\u00a0<\/td>\n<\/tr>\n<tr>\n<td>* gordoninsetteri<\/td>\n<td>3<\/td>\n<td>\u00a0<\/td>\n<\/tr>\n<tr>\n<td>* lyhytkarvainen unkarinvizsla<\/td>\n<td>1<\/td>\n<td>\u00a0<\/td>\n<\/tr>\n<\/tbody>\n<\/table>","protected":false},"excerpt":{"rendered":"<p>Aikataulut julkaistu 17.4.2025 Ryhm\u00e4n\u00e4yttely 26.4.2025 KEH\u00c4 1 \u00a0 \u00a0 Harry Tast 85 \u00a0 Harjoitusarvostelija: Hilpinen Jarmo, jackrussellinterrieri, parsonrussellinterrieri, australianterrieri, karkeakarvainen kettuterrieri \u00a0 \u00a0 #amerikankarvatonterrieri 1 09.00 #englannink\u00e4\u00e4pi\u00f6terrieri 1 \u00a0 jackrussellinterrieri 6 \u00a0 parsonrussellinterrieri 9 \u00a0 australianterrieri 3 \u00a0 karkeakarvainen kettuterrieri 7 \u00a0 brasilianterrieri 6 \u00a0 #manchesterinterrieri 3 \u00a0 borderterrieri 3 \u00a0 #saksanmets\u00e4stysterrieri 3 \u00a0 cairnterrieri <a href=\"https:\/\/www.showlink.fi\/shows\/kiuruvesinayttelyt2025\/aikataulut\/\" class=\"more-link\">...jatka lukemista<span class=\"screen-reader-text\"> \"Aikataulut\"<\/span><\/a><\/p>\n","protected":false},"author":3,"featured_media":0,"parent":0,"menu_order":4,"comment_status":"closed","ping_status":"closed","template":"","meta":{"footnotes":""},"class_list":["post-15","page","type-page","status-publish","h-entry","hentry","h-as-page"],"_links":{"self":[{"href":"https:\/\/www.showlink.fi\/shows\/kiuruvesinayttelyt2025\/wp-json\/wp\/v2\/pages\/15","targetHints":{"allow":["GET"]}}],"collection":[{"href":"https:\/\/www.showlink.fi\/shows\/kiuruvesinayttelyt2025\/wp-json\/wp\/v2\/pages"}],"about":[{"href":"https:\/\/www.showlink.fi\/shows\/kiuruvesinayttelyt2025\/wp-json\/wp\/v2\/types\/page"}],"author":[{"embeddable":true,"href":"https:\/\/www.showlink.fi\/shows\/kiuruvesinayttelyt2025\/wp-json\/wp\/v2\/users\/3"}],"replies":[{"embeddable":true,"href":"https:\/\/www.showlink.fi\/shows\/kiuruvesinayttelyt2025\/wp-json\/wp\/v2\/comments?post=15"}],"version-history":[{"count":13,"href":"https:\/\/www.showlink.fi\/shows\/kiuruvesinayttelyt2025\/wp-json\/wp\/v2\/pages\/15\/revisions"}],"predecessor-version":[{"id":188,"href":"https:\/\/www.showlink.fi\/shows\/kiuruvesinayttelyt2025\/wp-json\/wp\/v2\/pages\/15\/revisions\/188"}],"wp:attachment":[{"href":"https:\/\/www.showlink.fi\/shows\/kiuruvesinayttelyt2025\/wp-json\/wp\/v2\/media?parent=15"}],"curies":[{"name":"wp","href":"https:\/\/api.w.org\/{rel}","templated":true}]}}