{"id":17,"date":"2022-03-16T08:38:28","date_gmt":"2022-03-16T06:38:28","guid":{"rendered":"https:\/\/www.showlink.fi\/shows\/kiuruvesinayttelyt2023luonnosvedos\/?page_id=17"},"modified":"2025-04-14T15:12:51","modified_gmt":"2025-04-14T12:12:51","slug":"tulokset","status":"publish","type":"page","link":"https:\/\/www.showlink.fi\/shows\/kiuruvesinayttelyt2025\/tulokset\/","title":{"rendered":"Tulokset"},"content":{"rendered":"\n<p>N\u00e4yttelyn tulokset julkaistaan reaaliajassa n\u00e4yttelyn aikana.<br><br><strong>\u00bb <a href=\"https:\/\/tulospalvelu.kennelliitto.fi\/nayttelyt\/frmTuloksetRyhma.aspx?N=13581&amp;Lang=FIN&amp;Lang=FIN\" data-type=\"link\" data-id=\"https:\/\/tulospalvelu.kennelliitto.fi\/nayttelyt\/frmTuloksetRyhma.aspx?N=13581&amp;Lang=FIN&amp;Lang=FIN\">Siirry ryhm\u00e4n\u00e4yttelyn tuloksiin<\/a><\/strong><\/p>\n\n\n\n<p><strong>\u00bb <a href=\"https:\/\/tulospalvelu.kennelliitto.fi\/nayttelyt\/frmTuloksetRyhma.aspx?N=13582&amp;Lang=FIN&amp;Lang=FIN\" data-type=\"link\" data-id=\"https:\/\/tulospalvelu.kennelliitto.fi\/nayttelyt\/frmTuloksetRyhma.aspx?N=13582&amp;Lang=FIN&amp;Lang=FIN\">Siirry pentun\u00e4yttelyn tuloksiin<\/a><\/strong><\/p>\n\n\n\n<p>Jalostustietoj\u00e4rjestelm\u00e4\u00e4n tulokset tulevat n\u00e4kyviin n\u00e4yttelyn p\u00e4\u00e4tytty\u00e4.<\/p>\n\n\n\n<p><\/p>\n","protected":false},"excerpt":{"rendered":"<p>N\u00e4yttelyn tulokset julkaistaan reaaliajassa n\u00e4yttelyn aikana. \u00bb Siirry ryhm\u00e4n\u00e4yttelyn tuloksiin \u00bb Siirry pentun\u00e4yttelyn tuloksiin Jalostustietoj\u00e4rjestelm\u00e4\u00e4n tulokset tulevat n\u00e4kyviin n\u00e4yttelyn p\u00e4\u00e4tytty\u00e4.<\/p>\n","protected":false},"author":3,"featured_media":0,"parent":0,"menu_order":5,"comment_status":"closed","ping_status":"closed","template":"","meta":{"footnotes":""},"class_list":["post-17","page","type-page","status-publish","h-entry","hentry","h-as-page"],"_links":{"self":[{"href":"https:\/\/www.showlink.fi\/shows\/kiuruvesinayttelyt2025\/wp-json\/wp\/v2\/pages\/17","targetHints":{"allow":["GET"]}}],"collection":[{"href":"https:\/\/www.showlink.fi\/shows\/kiuruvesinayttelyt2025\/wp-json\/wp\/v2\/pages"}],"about":[{"href":"https:\/\/www.showlink.fi\/shows\/kiuruvesinayttelyt2025\/wp-json\/wp\/v2\/types\/page"}],"author":[{"embeddable":true,"href":"https:\/\/www.showlink.fi\/shows\/kiuruvesinayttelyt2025\/wp-json\/wp\/v2\/users\/3"}],"replies":[{"embeddable":true,"href":"https:\/\/www.showlink.fi\/shows\/kiuruvesinayttelyt2025\/wp-json\/wp\/v2\/comments?post=17"}],"version-history":[{"count":9,"href":"https:\/\/www.showlink.fi\/shows\/kiuruvesinayttelyt2025\/wp-json\/wp\/v2\/pages\/17\/revisions"}],"predecessor-version":[{"id":185,"href":"https:\/\/www.showlink.fi\/shows\/kiuruvesinayttelyt2025\/wp-json\/wp\/v2\/pages\/17\/revisions\/185"}],"wp:attachment":[{"href":"https:\/\/www.showlink.fi\/shows\/kiuruvesinayttelyt2025\/wp-json\/wp\/v2\/media?parent=17"}],"curies":[{"name":"wp","href":"https:\/\/api.w.org\/{rel}","templated":true}]}}