{"id":15,"date":"2019-09-18T09:59:46","date_gmt":"2019-09-18T06:59:46","guid":{"rendered":"http:\/\/www.showlink.fi\/shows\/korpilahtirn2020\/?page_id=15"},"modified":"2025-02-17T11:35:50","modified_gmt":"2025-02-17T09:35:50","slug":"tervetuloa-korpilahdelle","status":"publish","type":"page","link":"https:\/\/www.showlink.fi\/shows\/korpilahtirn2025\/","title":{"rendered":"Tervetuloa Korpilahden ryhm\u00e4n\u00e4yttelyyn 16.3.2025!"},"content":{"rendered":"\n<p class=\"has-white-color has-text-color has-background has-link-color wp-elements-fbfd3e184ccd11a9063b6886e3d304fe\" style=\"background-color:#6f2b35\">HUOM p\u00e4ivitys 17.2. klo 11:30 <br>N\u00e4yttelyn koiram\u00e4\u00e4r\u00e4 on tullut t\u00e4yteen eik\u00e4 n\u00e4yttelyyn ole en\u00e4\u00e4 mahdollista ilmoittautua. <br><strong>N\u00e4yttelyn koiram\u00e4\u00e4r\u00e4 on rajoitettu 650 koiraan.<\/strong><\/p>\n\n\n\n<p>N\u00e4yttelyss\u00e4 arvostellaan FCI ryhm\u00e4t 5, 7 ja 8<br><strong>FCI 5 <\/strong>- Pystykorvat ja alkukantaiset koirat <br><strong>FCI 7 <\/strong>- Seisovat lintukoirat<strong><br>FCI 8<\/strong> - Noutajat, yl\u00f6sajavat koirat ja vesikoirat.<br>N\u00e4yttelyss\u00e4 arvostellaan my\u00f6s pennut (7kk- alle 9kk).<\/p>\n\n\n\n<p><strong>Seuraavat rodut<\/strong> <strong>arvostellaan ulkona<\/strong>: harmaa norjanhirvikoira, h\u00e4lleforsinkoira, j\u00e4mtlanninpystykorva, karjalankarhukoira, musta norjanhirvikoira, pohjanpystykorva, suomenpystykorva, valkoinen ruotsinhirvikoira, ja ven\u00e4l\u00e4iseurooppalainen laika.<\/p>\n\n\n\n<p><strong>N\u00e4yttelypaikkana toimii<\/strong> <strong>Four Winds Stable<\/strong><br>Osoite: Yij\u00e4l\u00e4ntie 14, 41800 Korpilahti<\/p>\n\n\n\n<p><strong>J\u00e4rjest\u00e4j\u00e4:<\/strong> <a href=\"http:\/\/www.korpilahdeneramiehet.net\/\">Korpilahden Er\u00e4miehet<\/a>, Etel\u00e4-Korpilahden S\u00e4k\u00e4, Juokslahden Mets\u00e4stysseura<\/p>\n\n\n\n<hr class=\"wp-block-separator has-text-color has-alpha-channel-opacity has-background\" style=\"background-color:#e5dede;color:#e5dede\"\/>\n\n\n\n<h3 class=\"wp-block-heading\">Tiedustelut<\/h3>\n\n\n\n<p><strong>Ilmoittautumisia ja kasvattajaryhmi\u00e4 koskevat tiedustelut <\/strong><br><strong>Showlink Oy<\/strong> arkisin klo 11-17 puh. 09 887 30320 tai e-mail: info@showlink.fi<br><em>Mainitsethan tiedustelussasi n\u00e4yttelyn sek\u00e4 koiran rekisterinumeron, jota tiedustelu koskee.<\/em><br><em><br><\/em><strong>Muut tiedustelut<\/strong><br>puh. 0400 209&nbsp;553 tai pirkko.t.vesterinen@gmail.com (klo 18-21)<br><\/p>\n\n\n\n<figure class=\"wp-block-image size-full\"><img loading=\"lazy\" decoding=\"async\" width=\"3171\" height=\"913\" src=\"https:\/\/www.showlink.fi\/shows\/korpilahtirn2025\/wp-content\/uploads\/sites\/272\/2024\/11\/JahtiVahti-logo-22_rajatttu.jpg\" alt=\"\" class=\"wp-image-217\"\/><\/figure>\n","protected":false},"excerpt":{"rendered":"<p>HUOM p\u00e4ivitys 17.2. klo 11:30 N\u00e4yttelyn koiram\u00e4\u00e4r\u00e4 on tullut t\u00e4yteen eik\u00e4 n\u00e4yttelyyn ole en\u00e4\u00e4 mahdollista ilmoittautua. N\u00e4yttelyn koiram\u00e4\u00e4r\u00e4 on rajoitettu 650 koiraan. N\u00e4yttelyss\u00e4 arvostellaan FCI ryhm\u00e4t 5, 7 ja 8FCI 5 - Pystykorvat ja alkukantaiset koirat FCI 7 - Seisovat lintukoiratFCI 8 - Noutajat, yl\u00f6sajavat koirat ja vesikoirat.N\u00e4yttelyss\u00e4 arvostellaan my\u00f6s pennut (7kk- alle 9kk). Seuraavat <a href=\"https:\/\/www.showlink.fi\/shows\/korpilahtirn2025\/\" class=\"more-link\">...jatka lukemista<span class=\"screen-reader-text\"> \"Tervetuloa Korpilahden ryhm\u00e4n\u00e4yttelyyn 16.3.2025!\"<\/span><\/a><\/p>\n","protected":false},"author":1,"featured_media":0,"parent":0,"menu_order":0,"comment_status":"closed","ping_status":"closed","template":"","meta":{"footnotes":""},"class_list":["post-15","page","type-page","status-publish","h-entry","hentry","h-as-page"],"_links":{"self":[{"href":"https:\/\/www.showlink.fi\/shows\/korpilahtirn2025\/wp-json\/wp\/v2\/pages\/15","targetHints":{"allow":["GET"]}}],"collection":[{"href":"https:\/\/www.showlink.fi\/shows\/korpilahtirn2025\/wp-json\/wp\/v2\/pages"}],"about":[{"href":"https:\/\/www.showlink.fi\/shows\/korpilahtirn2025\/wp-json\/wp\/v2\/types\/page"}],"author":[{"embeddable":true,"href":"https:\/\/www.showlink.fi\/shows\/korpilahtirn2025\/wp-json\/wp\/v2\/users\/1"}],"replies":[{"embeddable":true,"href":"https:\/\/www.showlink.fi\/shows\/korpilahtirn2025\/wp-json\/wp\/v2\/comments?post=15"}],"version-history":[{"count":57,"href":"https:\/\/www.showlink.fi\/shows\/korpilahtirn2025\/wp-json\/wp\/v2\/pages\/15\/revisions"}],"predecessor-version":[{"id":232,"href":"https:\/\/www.showlink.fi\/shows\/korpilahtirn2025\/wp-json\/wp\/v2\/pages\/15\/revisions\/232"}],"wp:attachment":[{"href":"https:\/\/www.showlink.fi\/shows\/korpilahtirn2025\/wp-json\/wp\/v2\/media?parent=15"}],"curies":[{"name":"wp","href":"https:\/\/api.w.org\/{rel}","templated":true}]}}