{"id":8,"date":"2019-09-13T15:26:46","date_gmt":"2019-09-13T12:26:46","guid":{"rendered":"http:\/\/www.showlink.fi\/shows\/korpilahtirn2020\/?page_id=8"},"modified":"2025-03-06T10:51:48","modified_gmt":"2025-03-06T08:51:48","slug":"aikataulut","status":"publish","type":"page","link":"https:\/\/www.showlink.fi\/shows\/korpilahtirn2025\/aikataulut\/","title":{"rendered":"Aikataulut"},"content":{"rendered":"\n<p><strong>Kaikki n\u00e4yttelykutsut tullaan l\u00e4hett\u00e4m\u00e4\u00e4n s\u00e4hk\u00f6isesti.<\/strong><br>Kutsuja ei l\u00e4hetet\u00e4 postitse.<\/p>\n\n\n\n<p><strong><em><a href=\"https:\/\/www.showlink.fi\/aikataulut2025\/Korpilahti_RN_160325_aikataulukirje.pdf\">Aikataulukirje<\/a><\/em><\/strong><\/p>\n\n\n<table width=\"443\">\n<tbody>\n<tr>\n<td width=\"315\"><strong>KEH\u00c4 1, ulkona<\/strong><\/td>\n<td width=\"64\">\u00a0<\/td>\n<td width=\"64\">\u00a0<\/td>\n<\/tr>\n<tr>\n<td><strong>Auli Haapiainen-Liikanen<\/strong><\/td>\n<td><strong>54<\/strong><\/td>\n<td>\u00a0<\/td>\n<\/tr>\n<tr>\n<td><em>Harjoitusarvostelija: Tastula Tarja &amp; Rajala Siru, harmaa norjanhirvikoira, j\u00e4mtlanninpystykorva, karjalankarhukoira, pohjanpystykorva, suomenpystykorva<\/em><\/td>\n<td>\u00a0<\/td>\n<td>\u00a0<\/td>\n<\/tr>\n<tr>\n<td>harmaa norjanhirvikoira<\/td>\n<td>11<\/td>\n<td>11.00<\/td>\n<\/tr>\n<tr>\n<td>j\u00e4mtlanninpystykorva<\/td>\n<td>12<\/td>\n<td>\u00a0<\/td>\n<\/tr>\n<tr>\n<td>karjalankarhukoira<\/td>\n<td>9<\/td>\n<td>\u00a0<\/td>\n<\/tr>\n<tr>\n<td>pohjanpystykorva<\/td>\n<td>4<\/td>\n<td>13.00<\/td>\n<\/tr>\n<tr>\n<td>suomenpystykorva<\/td>\n<td>18<\/td>\n<td>\u00a0<\/td>\n<\/tr>\n<tr>\n<td>\u00a0<\/td>\n<td>\u00a0<\/td>\n<td>\u00a0<\/td>\n<\/tr>\n<tr>\n<td><strong>KEH\u00c4 2<\/strong><\/td>\n<td>\u00a0<\/td>\n<td>\u00a0<\/td>\n<\/tr>\n<tr>\n<td><strong>Anett Finnig<\/strong><\/td>\n<td><strong>83<\/strong><\/td>\n<td>\u00a0<\/td>\n<\/tr>\n<tr>\n<td><em>Harjoitusarvostelija: J\u00e4rvent\u00f6l\u00e4 Marjo, espanjanvesikoira, portugalinvesikoira, fieldspanieli, walesinspringerspanieli, englanninspringerspanieli, amerikancockerspanieli<\/em><\/td>\n<td>\u00a0<\/td>\n<td>\u00a0<\/td>\n<\/tr>\n<tr>\n<td>sile\u00e4karvainen noutaja<\/td>\n<td>10<\/td>\n<td>10.00<\/td>\n<\/tr>\n<tr>\n<td>kiharakarvainen noutaja<\/td>\n<td>2<\/td>\n<td>\u00a0<\/td>\n<\/tr>\n<tr>\n<td>espanjanvesikoira<\/td>\n<td>20<\/td>\n<td>\u00a0<\/td>\n<\/tr>\n<tr>\n<td>portugalinvesikoira<\/td>\n<td>7<\/td>\n<td>\u00a0<\/td>\n<\/tr>\n<tr>\n<td>fieldspanieli<\/td>\n<td>2<\/td>\n<td>\u00a0<\/td>\n<\/tr>\n<tr>\n<td>walesinspringerspanieli<\/td>\n<td>6<\/td>\n<td>12.30<\/td>\n<\/tr>\n<tr>\n<td>englanninspringerspanieli<\/td>\n<td>30<\/td>\n<td>\u00a0<\/td>\n<\/tr>\n<tr>\n<td>- urokset<\/td>\n<td>22<\/td>\n<td>\u00a0<\/td>\n<\/tr>\n<tr>\n<td>- nartut\u00a0<\/td>\n<td>8<\/td>\n<td>\u00a0<\/td>\n<\/tr>\n<tr>\n<td>amerikancockerspanieli<\/td>\n<td>6<\/td>\n<td>\u00a0<\/td>\n<\/tr>\n<tr>\n<td>\u00a0<\/td>\n<td>\u00a0<\/td>\n<td>\u00a0<\/td>\n<\/tr>\n<tr>\n<td><strong>KEH\u00c4 3<\/strong><\/td>\n<td>\u00a0<\/td>\n<td>\u00a0<\/td>\n<\/tr>\n<tr>\n<td><strong>Erja Nummi<\/strong><\/td>\n<td><strong>98<\/strong><\/td>\n<td>\u00a0<\/td>\n<\/tr>\n<tr>\n<td>novascotiannoutaja<\/td>\n<td>21<\/td>\n<td>09.00<\/td>\n<\/tr>\n<tr>\n<td>labradorinnoutaja<\/td>\n<td>77<\/td>\n<td>\u00a0<\/td>\n<\/tr>\n<tr>\n<td>- pennut<\/td>\n<td>3<\/td>\n<td>\u00a0<\/td>\n<\/tr>\n<tr>\n<td>- urokset<\/td>\n<td>28<\/td>\n<td>\u00a0<\/td>\n<\/tr>\n<tr>\n<td>- nartut\u00a0<\/td>\n<td>46<\/td>\n<td>12.15<\/td>\n<\/tr>\n<tr>\n<td>\u00a0<\/td>\n<td>\u00a0<\/td>\n<td>\u00a0<\/td>\n<\/tr>\n<tr>\n<td><strong>KEH\u00c4 4<\/strong><\/td>\n<td>\u00a0<\/td>\n<td>\u00a0<\/td>\n<\/tr>\n<tr>\n<td><strong>Esa Ruotsalainen<\/strong><\/td>\n<td><strong>87<\/strong><\/td>\n<td>\u00a0<\/td>\n<\/tr>\n<tr>\n<td><em>Harjoitusarvostelija: Aho Hanna-Riina, ruotsinlapinkoira, suomenlapinkoira <\/em>\n<p><em>Hilpinen Jarmo, suomenlapinkoira, lapinporokoira<\/em><\/p>\n<\/td>\n<td>\u00a0<\/td>\n<td>\u00a0<\/td>\n<\/tr>\n<tr>\n<td>kultainennoutaja<\/td>\n<td>40<\/td>\n<td>09.30<\/td>\n<\/tr>\n<tr>\n<td>- pennut<\/td>\n<td>2<\/td>\n<td>\u00a0<\/td>\n<\/tr>\n<tr>\n<td>- urokset<\/td>\n<td>21<\/td>\n<td>\u00a0<\/td>\n<\/tr>\n<tr>\n<td>- nartut\u00a0<\/td>\n<td>17<\/td>\n<td>\u00a0<\/td>\n<\/tr>\n<tr>\n<td>ruotsinlapinkoira<\/td>\n<td>3<\/td>\n<td>\u00a0<\/td>\n<\/tr>\n<tr>\n<td>suomenlapinkoira<\/td>\n<td>41<\/td>\n<td>12.00<\/td>\n<\/tr>\n<tr>\n<td>- pennut<\/td>\n<td>2<\/td>\n<td>\u00a0<\/td>\n<\/tr>\n<tr>\n<td>- urokset<\/td>\n<td>13<\/td>\n<td>\u00a0<\/td>\n<\/tr>\n<tr>\n<td>- nartut\u00a0<\/td>\n<td>26<\/td>\n<td>\u00a0<\/td>\n<\/tr>\n<tr>\n<td>lapinporokoira<\/td>\n<td>3<\/td>\n<td>\u00a0<\/td>\n<\/tr>\n<tr>\n<td>\u00a0<\/td>\n<td>\u00a0<\/td>\n<td>\u00a0<\/td>\n<\/tr>\n<tr>\n<td><strong>KEH\u00c4 5<\/strong><\/td>\n<td>\u00a0<\/td>\n<td>\u00a0<\/td>\n<\/tr>\n<tr>\n<td><strong>Helin Tenson<\/strong><\/td>\n<td><strong>79<\/strong><\/td>\n<td>\u00a0<\/td>\n<\/tr>\n<tr>\n<td>siperianhusky<\/td>\n<td>2<\/td>\n<td>10.00<\/td>\n<\/tr>\n<tr>\n<td>samojedinkoira<\/td>\n<td>27<\/td>\n<td>\u00a0<\/td>\n<\/tr>\n<tr>\n<td>jakutianlaika<\/td>\n<td>4<\/td>\n<td>\u00a0<\/td>\n<\/tr>\n<tr>\n<td>akita<\/td>\n<td>17<\/td>\n<td>12.00<\/td>\n<\/tr>\n<tr>\n<td>amerikanakita<\/td>\n<td>6<\/td>\n<td>\u00a0<\/td>\n<\/tr>\n<tr>\n<td>chow chow<\/td>\n<td>3<\/td>\n<td>\u00a0<\/td>\n<\/tr>\n<tr>\n<td>ibizanpodenco, lyhytkarvainen<\/td>\n<td>1<\/td>\n<td>\u00a0<\/td>\n<\/tr>\n<tr>\n<td>portugalinpodengo, sile\u00e4karvainen, pieni<\/td>\n<td>2<\/td>\n<td>\u00a0<\/td>\n<\/tr>\n<tr>\n<td>* kooikerhondje<\/td>\n<td>5<\/td>\n<td>\u00a0<\/td>\n<\/tr>\n<tr>\n<td>* cockerspanieli (pennut)<\/td>\n<td>3<\/td>\n<td>\u00a0<\/td>\n<\/tr>\n<tr>\n<td>* ven\u00e4j\u00e4nspanieli<\/td>\n<td>1<\/td>\n<td>\u00a0<\/td>\n<\/tr>\n<tr>\n<td>* clumberinspanieli<\/td>\n<td>2<\/td>\n<td>\u00a0<\/td>\n<\/tr>\n<tr>\n<td>* barbet<\/td>\n<td>6<\/td>\n<td>\u00a0<\/td>\n<\/tr>\n<tr>\n<td>\u00a0<\/td>\n<td>\u00a0<\/td>\n<td>\u00a0<\/td>\n<\/tr>\n<tr>\n<td><strong>KEH\u00c4 6<\/strong><\/td>\n<td>\u00a0<\/td>\n<td>\u00a0<\/td>\n<\/tr>\n<tr>\n<td><strong>Kati Taipale<\/strong><\/td>\n<td><strong>16<\/strong><\/td>\n<td>\u00a0<\/td>\n<\/tr>\n<tr>\n<td>* lyhytkarvainen saksanseisoja<\/td>\n<td>11<\/td>\n<td>09.00<\/td>\n<\/tr>\n<tr>\n<td>* bretoni<\/td>\n<td>5<\/td>\n<td>\u00a0<\/td>\n<\/tr>\n<tr>\n<td><strong>Sari Holopainen<\/strong><\/td>\n<td><strong>58<\/strong><\/td>\n<td>\u00a0<\/td>\n<\/tr>\n<tr>\n<td><em>Spitzien mittaus<\/em><\/td>\n<td>\u00a0<\/td>\n<td><em>10.30<\/em><\/td>\n<\/tr>\n<tr>\n<td>saksanpystykorva, kleinspitz, musta ja ruskea<\/td>\n<td>4<\/td>\n<td>\u00a0<\/td>\n<\/tr>\n<tr>\n<td>saksanpystykorva, kleinspitz, muut v\u00e4rit<\/td>\n<td>4<\/td>\n<td>\u00a0<\/td>\n<\/tr>\n<tr>\n<td>saksanpystykorva, kleinspitz, valkoinen<\/td>\n<td>3<\/td>\n<td>\u00a0<\/td>\n<\/tr>\n<tr>\n<td>saksanpystykorva, mittelspitz, musta ja ruskea<\/td>\n<td>3<\/td>\n<td>\u00a0<\/td>\n<\/tr>\n<tr>\n<td>saksanpystykorva, mittelspitz, muut v\u00e4rit<\/td>\n<td>11<\/td>\n<td>\u00a0<\/td>\n<\/tr>\n<tr>\n<td>saksanpystykorva, mittelspitz, valkoinen<\/td>\n<td>3<\/td>\n<td>\u00a0<\/td>\n<\/tr>\n<tr>\n<td>saksanpystykorva, pomeranian<\/td>\n<td>13<\/td>\n<td>11.30<\/td>\n<\/tr>\n<tr>\n<td>saksanpystykorva, grosspitz, musta ja ruskea<\/td>\n<td>1<\/td>\n<td>\u00a0<\/td>\n<\/tr>\n<tr>\n<td>saksanpystykorva, keeshond<\/td>\n<td>3<\/td>\n<td>\u00a0<\/td>\n<\/tr>\n<tr>\n<td>eurasier<\/td>\n<td>2<\/td>\n<td>\u00a0<\/td>\n<\/tr>\n<tr>\n<td>islanninlammaskoira<\/td>\n<td>5<\/td>\n<td>\u00a0<\/td>\n<\/tr>\n<tr>\n<td>lunnikoira<\/td>\n<td>1<\/td>\n<td>\u00a0<\/td>\n<\/tr>\n<tr>\n<td>basenji<\/td>\n<td>3<\/td>\n<td>\u00a0<\/td>\n<\/tr>\n<tr>\n<td>etnankoira<\/td>\n<td>1<\/td>\n<td>\u00a0<\/td>\n<\/tr>\n<tr>\n<td>faaraokoira<\/td>\n<td>1<\/td>\n<td>\u00a0<\/td>\n<\/tr>\n<tr>\n<td>\u00a0<\/td>\n<td>\u00a0<\/td>\n<td>\u00a0<\/td>\n<\/tr>\n<tr>\n<td><strong>KEH\u00c4 7<\/strong><\/td>\n<td>\u00a0<\/td>\n<td>\u00a0<\/td>\n<\/tr>\n<tr>\n<td><strong>Sophie Aspholm<\/strong><\/td>\n<td><strong>85<\/strong><\/td>\n<td>\u00a0<\/td>\n<\/tr>\n<tr>\n<td>karkeakarvainen saksanseisoja<\/td>\n<td>18<\/td>\n<td>09.00<\/td>\n<\/tr>\n<tr>\n<td>pitk\u00e4karvainen saksanseisoja<\/td>\n<td>3<\/td>\n<td>\u00a0<\/td>\n<\/tr>\n<tr>\n<td>karkeakarvainen unkarinvizsla<\/td>\n<td>1<\/td>\n<td>\u00a0<\/td>\n<\/tr>\n<tr>\n<td>lyhytkarvainen unkarinvizsla<\/td>\n<td>3<\/td>\n<td>\u00a0<\/td>\n<\/tr>\n<tr>\n<td>bourbonnaisinseisoja<\/td>\n<td>1<\/td>\n<td>\u00a0<\/td>\n<\/tr>\n<tr>\n<td>pienim\u00fcnsterinseisoja<\/td>\n<td>3<\/td>\n<td>\u00a0<\/td>\n<\/tr>\n<tr>\n<td>spinone<\/td>\n<td>1<\/td>\n<td>\u00a0<\/td>\n<\/tr>\n<tr>\n<td>weimarinseisoja, lyhytkarvainen<\/td>\n<td>1<\/td>\n<td>\u00a0<\/td>\n<\/tr>\n<tr>\n<td>weimarinseisoja, pitk\u00e4karvainen<\/td>\n<td>3<\/td>\n<td>\u00a0<\/td>\n<\/tr>\n<tr>\n<td>pointteri<\/td>\n<td>3<\/td>\n<td>\u00a0<\/td>\n<\/tr>\n<tr>\n<td>englanninsetteri<\/td>\n<td>1<\/td>\n<td>\u00a0<\/td>\n<\/tr>\n<tr>\n<td>gordoninsetteri<\/td>\n<td>2<\/td>\n<td>\u00a0<\/td>\n<\/tr>\n<tr>\n<td>punainen irlanninsetteri<\/td>\n<td>18<\/td>\n<td>11.15<\/td>\n<\/tr>\n<tr>\n<td>punavalkoinen irlanninsetteri<\/td>\n<td>3<\/td>\n<td>\u00a0<\/td>\n<\/tr>\n<tr>\n<td>stabijhoun<\/td>\n<td>6<\/td>\n<td>\u00a0<\/td>\n<\/tr>\n<tr>\n<td>viiri\u00e4iskoira<\/td>\n<td>5<\/td>\n<td>\u00a0<\/td>\n<\/tr>\n<tr>\n<td>lagotto romagnolo<\/td>\n<td>13<\/td>\n<td>\u00a0<\/td>\n<\/tr>\n<tr>\n<td>\u00a0<\/td>\n<td>\u00a0<\/td>\n<td>\u00a0<\/td>\n<\/tr>\n<tr>\n<td><strong>KEH\u00c4 8<\/strong><\/td>\n<td>\u00a0<\/td>\n<td>\u00a0<\/td>\n<\/tr>\n<tr>\n<td><strong>Tuula Savolainen<\/strong><\/td>\n<td><strong>90<\/strong><\/td>\n<td>\u00a0<\/td>\n<\/tr>\n<tr>\n<td>japaninpystykorva<\/td>\n<td>13<\/td>\n<td>09.00<\/td>\n<\/tr>\n<tr>\n<td>l\u00e4nsig\u00f6\u00f6tanmaanpystykorva<\/td>\n<td>2<\/td>\n<td>\u00a0<\/td>\n<\/tr>\n<tr>\n<td>shiba<\/td>\n<td>11<\/td>\n<td>\u00a0<\/td>\n<\/tr>\n<tr>\n<td>shikokunkoira<\/td>\n<td>1<\/td>\n<td>\u00a0<\/td>\n<\/tr>\n<tr>\n<td>kainkoira<\/td>\n<td>1<\/td>\n<td>\u00a0<\/td>\n<\/tr>\n<tr>\n<td>it\u00e4siperianlaika<\/td>\n<td>4<\/td>\n<td>\u00a0<\/td>\n<\/tr>\n<tr>\n<td>gr\u00f6nlanninkoira<\/td>\n<td>1<\/td>\n<td>\u00a0<\/td>\n<\/tr>\n<tr>\n<td>alaskanmalamuutti<\/td>\n<td>11<\/td>\n<td>\u00a0<\/td>\n<\/tr>\n<tr>\n<td>meksikonkarvatonkoira, pieni<\/td>\n<td>1<\/td>\n<td>\u00a0<\/td>\n<\/tr>\n<tr>\n<td>perunkarvatonkoira, keskikokoinen<\/td>\n<td>1<\/td>\n<td>\u00a0<\/td>\n<\/tr>\n<tr>\n<td>#cockerspanieli (ei pennut)<\/td>\n<td>44<\/td>\n<td>11.45<\/td>\n<\/tr>\n<tr>\n<td>- urokset<\/td>\n<td>16<\/td>\n<td>\u00a0<\/td>\n<\/tr>\n<tr>\n<td>- nartut\u00a0<\/td>\n<td>28<\/td>\n<td>\u00a0<\/td>\n<\/tr>\n<\/tbody>\n<\/table>\n\n\n<hr class=\"wp-block-separator has-text-color has-alpha-channel-opacity has-background\" style=\"background-color:#e5dede;color:#e5dede\"\/>\n\n\n\n<figure class=\"wp-block-image size-full\"><img loading=\"lazy\" decoding=\"async\" width=\"3171\" height=\"913\" src=\"https:\/\/www.showlink.fi\/shows\/korpilahtirn2025\/wp-content\/uploads\/sites\/272\/2024\/11\/JahtiVahti-logo-22_rajatttu.jpg\" alt=\"\" class=\"wp-image-217\"\/><\/figure>\n","protected":false},"excerpt":{"rendered":"<p>Kaikki n\u00e4yttelykutsut tullaan l\u00e4hett\u00e4m\u00e4\u00e4n s\u00e4hk\u00f6isesti.Kutsuja ei l\u00e4hetet\u00e4 postitse. Aikataulukirje KEH\u00c4 1, ulkona \u00a0 \u00a0 Auli Haapiainen-Liikanen 54 \u00a0 Harjoitusarvostelija: Tastula Tarja &amp; Rajala Siru, harmaa norjanhirvikoira, j\u00e4mtlanninpystykorva, karjalankarhukoira, pohjanpystykorva, suomenpystykorva \u00a0 \u00a0 harmaa norjanhirvikoira 11 11.00 j\u00e4mtlanninpystykorva 12 \u00a0 karjalankarhukoira 9 \u00a0 pohjanpystykorva 4 13.00 suomenpystykorva 18 \u00a0 \u00a0 \u00a0 \u00a0 KEH\u00c4 2 \u00a0 \u00a0 <a href=\"https:\/\/www.showlink.fi\/shows\/korpilahtirn2025\/aikataulut\/\" class=\"more-link\">...jatka lukemista<span class=\"screen-reader-text\"> \"Aikataulut\"<\/span><\/a><\/p>\n","protected":false},"author":1,"featured_media":0,"parent":0,"menu_order":4,"comment_status":"closed","ping_status":"closed","template":"","meta":{"footnotes":""},"class_list":["post-8","page","type-page","status-publish","h-entry","hentry","h-as-page"],"_links":{"self":[{"href":"https:\/\/www.showlink.fi\/shows\/korpilahtirn2025\/wp-json\/wp\/v2\/pages\/8","targetHints":{"allow":["GET"]}}],"collection":[{"href":"https:\/\/www.showlink.fi\/shows\/korpilahtirn2025\/wp-json\/wp\/v2\/pages"}],"about":[{"href":"https:\/\/www.showlink.fi\/shows\/korpilahtirn2025\/wp-json\/wp\/v2\/types\/page"}],"author":[{"embeddable":true,"href":"https:\/\/www.showlink.fi\/shows\/korpilahtirn2025\/wp-json\/wp\/v2\/users\/1"}],"replies":[{"embeddable":true,"href":"https:\/\/www.showlink.fi\/shows\/korpilahtirn2025\/wp-json\/wp\/v2\/comments?post=8"}],"version-history":[{"count":17,"href":"https:\/\/www.showlink.fi\/shows\/korpilahtirn2025\/wp-json\/wp\/v2\/pages\/8\/revisions"}],"predecessor-version":[{"id":238,"href":"https:\/\/www.showlink.fi\/shows\/korpilahtirn2025\/wp-json\/wp\/v2\/pages\/8\/revisions\/238"}],"wp:attachment":[{"href":"https:\/\/www.showlink.fi\/shows\/korpilahtirn2025\/wp-json\/wp\/v2\/media?parent=8"}],"curies":[{"name":"wp","href":"https:\/\/api.w.org\/{rel}","templated":true}]}}