{"id":39,"date":"2018-10-08T14:36:32","date_gmt":"2018-10-08T11:36:32","guid":{"rendered":"http:\/\/www.showlink.fi\/shows\/kotkanruusu2019v1\/?page_id=39"},"modified":"2025-11-20T14:11:22","modified_gmt":"2025-11-20T12:11:22","slug":"tiedustelut","status":"publish","type":"page","link":"https:\/\/www.showlink.fi\/shows\/kotka26\/tiedustelut\/","title":{"rendered":"Tiedustelut"},"content":{"rendered":"\n<p><strong>Ilmoittautumisia koskevat tiedustelut<br>F\u00f6rfr\u00e5gningar om anm\u00e4lningar - information of entries<\/strong><br>Showlink Oy, arkisin klo 11 \u2013 17 puh. (09) 8873 0320 <br>tai email: info@showlink.fi<br><em>Mainitsethan tiedustelussasi \/ s\u00e4hk\u00f6postissasi n\u00e4yttelyn sek\u00e4 koiran rekisterinumeron, jota tiedustelu koskee.<\/em><\/p>\n\n\n\n<p><strong>Muut tiedustelut \/ information p\u00e5 svenska \/ other information in English<\/strong><br>Harry Turtiainen<br>+358 50 599 1645<br>harry.turtiainen@kymp.net<\/p>\n\n\n\n<p>Mia \u00d6hman <br>+358\u00a044 276 2181<br>mia.k.ohman@gmail.com<\/p>\n\n\n\n<p><strong>Tiedustelut myyntipaikoista<\/strong><br>myyntipaikat.kotka@gmail.com<\/p>\n\n\n\n<p><strong>Tiedustelut keh\u00e4toimitsijoille<\/strong><br>Anu Seitsonen<br>+358 41 544 9898<br>anu.auno@gmail.com<\/p>\n","protected":false},"excerpt":{"rendered":"<p>Ilmoittautumisia koskevat tiedustelutF\u00f6rfr\u00e5gningar om anm\u00e4lningar - information of entriesShowlink Oy, arkisin klo 11 \u2013 17 puh. (09) 8873 0320 tai email: info@showlink.fiMainitsethan tiedustelussasi \/ s\u00e4hk\u00f6postissasi n\u00e4yttelyn sek\u00e4 koiran rekisterinumeron, jota tiedustelu koskee. Muut tiedustelut \/ information p\u00e5 svenska \/ other information in EnglishHarry Turtiainen+358 50 599 1645harry.turtiainen@kymp.net Mia \u00d6hman +358\u00a044 276 2181mia.k.ohman@gmail.com Tiedustelut myyntipaikoistamyyntipaikat.kotka@gmail.com Tiedustelut <a href=\"https:\/\/www.showlink.fi\/shows\/kotka26\/tiedustelut\/\" class=\"more-link\">...jatka lukemista<span class=\"screen-reader-text\"> \"Tiedustelut\"<\/span><\/a><\/p>\n","protected":false},"author":1,"featured_media":0,"parent":0,"menu_order":4,"comment_status":"closed","ping_status":"closed","template":"","meta":{"footnotes":""},"class_list":["post-39","page","type-page","status-publish","h-entry","hentry","h-as-page"],"_links":{"self":[{"href":"https:\/\/www.showlink.fi\/shows\/kotka26\/wp-json\/wp\/v2\/pages\/39","targetHints":{"allow":["GET"]}}],"collection":[{"href":"https:\/\/www.showlink.fi\/shows\/kotka26\/wp-json\/wp\/v2\/pages"}],"about":[{"href":"https:\/\/www.showlink.fi\/shows\/kotka26\/wp-json\/wp\/v2\/types\/page"}],"author":[{"embeddable":true,"href":"https:\/\/www.showlink.fi\/shows\/kotka26\/wp-json\/wp\/v2\/users\/1"}],"replies":[{"embeddable":true,"href":"https:\/\/www.showlink.fi\/shows\/kotka26\/wp-json\/wp\/v2\/comments?post=39"}],"version-history":[{"count":9,"href":"https:\/\/www.showlink.fi\/shows\/kotka26\/wp-json\/wp\/v2\/pages\/39\/revisions"}],"predecessor-version":[{"id":847,"href":"https:\/\/www.showlink.fi\/shows\/kotka26\/wp-json\/wp\/v2\/pages\/39\/revisions\/847"}],"wp:attachment":[{"href":"https:\/\/www.showlink.fi\/shows\/kotka26\/wp-json\/wp\/v2\/media?parent=39"}],"curies":[{"name":"wp","href":"https:\/\/api.w.org\/{rel}","templated":true}]}}