{"id":738,"date":"2024-12-12T15:07:32","date_gmt":"2024-12-12T13:07:32","guid":{"rendered":"https:\/\/www.showlink.fi\/shows\/kotka24\/?page_id=738"},"modified":"2025-12-29T11:03:49","modified_gmt":"2025-12-29T09:03:49","slug":"tuomarit","status":"publish","type":"page","link":"https:\/\/www.showlink.fi\/shows\/kotka26\/tuomarit\/","title":{"rendered":"Tuomarit"},"content":{"rendered":"\n<p>Lauantaina 13.6. arvostellaan FCI:n ryhm\u00e4t <strong>\u00a02, 3, 5, 6, 7<\/strong><br>Sunnuntaina 14.6. arvostellaan FCI:n ryhm\u00e4t <strong>1, 4, 8, 9, 10<\/strong><br><br>P\u00e4ivitys 29.12.2025 <strong>Frank Wythe<\/strong> ei p\u00e4\u00e4se n\u00e4yttelyymme arvostelemaan, h\u00e4nelle merkityt rodut arvostelee <strong>Ger Philpott<\/strong>, Irlanti.<br><br><em>Varalla kaikille roduille\u00a0<strong>Markku Kipin\u00e4<\/strong><\/em><\/p>\n\n\n\n<hr class=\"wp-block-separator has-text-color has-alpha-channel-opacity has-background\" style=\"background-color:#b0b0b021;color:#b0b0b021\"\/>\n\n\n\n<h2 class=\"wp-block-heading\">Lauantai<\/h2>\n\n\n\n<p><strong>Ryhm\u00e4 2<\/strong><br>appenzellinpaimenkoira, berninpaimenkoira, entlebuchinpaimenkoira, hollanninrottakoira, it\u00e4vallanpinseri, k\u00e4\u00e4pi\u00f6pinseri, snautserit, suursnautserit, ven\u00e4j\u00e4nmustaterrieri&nbsp;<strong>Aleksandra Palumbo<\/strong>, Ruotsi<br>bullmastiffi&nbsp;<strong>Colm Hastings<\/strong>, Irlanti<br>aidi, alentejonkoira, bernhardinkoirat, bordeauxindoggi, bukovinankoira, castro laboreironkoira, continental bulldog, dogo argentino, espanjanmastiffi, estrelanvuoristokoirat, fila brasileiro, hovawart, kanariandoggi, kangalinkoira, karstinpaimenkoira, kaukasiankoira, keskiaasiankoira, mallorcandoggi, musta romanianvuoristokoira, napolinmastiffi, pyreneittenmastiffi, sao miguelinfila, sarplaninac, tiibetinmastiffi, tornjak, tosa, transmontano mastiff, uruguayncimarron&nbsp;<strong>Jarmo Hilpinen<\/strong><br>cane corso&nbsp;<strong>Markku Kipin\u00e4<\/strong><br>bokseri, dobermanni, rottweiler&nbsp;<strong>Tom Johnston<\/strong>, Iso-Britannia<br>apinapinseri, broholminkoira, englanninbulldoggi, isosveitsinpaimenkoira, k\u00e4\u00e4pi\u00f6snautserit, landseer, leonberginkoira, mastiffi, newfoundlandinkoira, pinseri, pyreneittenkoira, shar pei, tanskalais-ruotsalainen pihakoira, tanskandoggit&nbsp;<strong>\u00c5sa Fr\u00f6ding Andersson<\/strong>, Ruotsi<\/p>\n\n\n\n<p><strong>Ryhm\u00e4 3<\/strong><br>amerikanstaffordshirenterrieri, borderterrieri, bullterrieri, k\u00e4\u00e4pi\u00f6bullterrieri, staffordshirenbullterrieri&nbsp;<strong>Colm Hastings<\/strong>, Irlanti<br>amerikankarvatonterrieri, amerikank\u00e4\u00e4pi\u00f6kettuterrieri, amerikanrottaterrieri, andalusianrottakoira, australianterrieri, biewerterrieri, brasilianterrieri, ceskyterrieri, englannink\u00e4\u00e4pi\u00f6terrieri, irlanninterrieri, japaninterrieri, kettuterrierit, lakelandinterrieri, manchesterinterrieri, parsonrussellinterrieri, sealyhaminterrieri, skotlanninterrieri, skyenterrieri, tenterfieldinterrieri, walesinterrieri, valkoinen l\u00e4nsiyl\u00e4maanterrieri&nbsp;<strong>Jaana Helin<\/strong><br>airedalenterrieri, bedlingtoninterrieri, cairnterrieri, dandiedinmontinterrieri, glen of imaalinterrieri, jackrussellinterrieri, kerrynterrieri, norfolkinterrieri, norwichinterrieri, saksanmets\u00e4stysterrieri, silkkiterrieri, valencianrottaterrieri, vehn\u00e4terrieri, yorkshirenterrieri&nbsp;<strong>Karin Bergbom<\/strong><\/p>\n\n\n\n<p><strong>Ryhm\u00e4 5<\/strong><br>american eskimo dog, etnankoira, portugalinpodengot, tanskanpystykorva&nbsp;<strong>Aleksandra Palumbo<\/strong>, Ruotsi<br>harmaa norjanhirvikoira, h\u00e4lleforsinkoira, it\u00e4siperianlaika, j\u00e4mtlanninpystykorva, karjalankarhukoira, lapinporokoira, l\u00e4nsisiperianlaika, musta norjanhirvikoira, pohjanpystykorva, saksanpystykorva, pomeranian, suomenlapinkoira, suomenpystykorva, valkoinen ruotsinhirvikoira, ven\u00e4l\u00e4is-eurooppalainen laika&nbsp;<strong>Anna Lena Angeria<\/strong>, Ruotsi<br>japaninpystykorva, volpino italiano&nbsp;<strong>Colm Hastings<\/strong>, Irlanti<br>amerikanakita, buhund, chow chow, eurasier, gr\u00f6nlanninkoira, islanninlammaskoira, kaanaankoira, kanadaneskimokoira, kanarianpodenco, lunnikoira, meksikonkarvatonkoirat, musta tanskanpystykorva, perunkarvatonkoirat <strong>Mari Lackman<\/strong><br>hokkaidonkoira, jakutianlaika, kainkoira, kintamani-balinkoira, kishunkoira, koreanjindonkoira, ruotsinlapinkoira, shikokunkoira, taiwaninkoira, thai ridgeback, thaimaanpystykorva&nbsp;<strong>Markku Kipin\u00e4<\/strong><br>alaskanmalamuutti, l\u00e4nsig\u00f6\u00f6tanmaanpystykorva, grosspitzit, kleinspitzit, mittelspitzit, samojedinkoira, siperianhusky&nbsp;<strong>Stephen Minogue<\/strong>, Irlanti<br>akita, basenji, faaraokoira, ibizanpodencot, keeshond, shiba&nbsp;<strong>Tom Johnston<\/strong>, Iso-Britannia<\/p>\n\n\n\n<p><strong>Ryhm\u00e4 6<\/strong><br>dalmatiankoira\u00a0<strong>Anna Lena Angeria<\/strong>, Ruotsi<br>basset hound, beagle, rhodesiankoira\u00a0<strong><strong>Ger Philpott<\/strong><\/strong>, Irlanti<br>alppienajokoira\u00a0<strong>Jarmo Hilpinen<\/strong><br>suomenajokoira\u00a0<strong>Markku Kipin\u00e4<\/strong><br>muut rodut\u00a0<strong>Colm Hastings<\/strong>, Irlanti<\/p>\n\n\n\n<p><strong>Ryhm\u00e4 7<\/strong><br>bretoni, englanninsetteri, gordoninsetteri, isom\u00fcnsterinseisoja, italianseisoja, karkeakarvainen saksanseisoja, karkeakarvainen unkarinvizsla, lyhytkarvainen saksanseisoja, lyhytkarvainen unkarinvizsla, pointteri, punainen irlanninsetteri, punavalkoinen irlanninsetteri, spinone, weimarinseisojat\u00a0<strong><strong>Ger Philpott<\/strong><\/strong>, Irlanti<br>muut rodut\u00a0<strong>Jarmo Hilpinen<\/strong><\/p>\n\n\n\n<p>Ryhm\u00e4kilpailut<br>2<strong>&nbsp;Stephen Minogue<\/strong>, Irlanti<br>3<strong>&nbsp;Karin Bergbom<\/strong><br>5<strong>&nbsp;Mari Lackman<\/strong><br>6<strong>&nbsp;Colm Hastings<\/strong>, Irlanti<br>7<strong>&nbsp;Jarmo Hilpinen<\/strong><br>Paras veteraani&nbsp;<strong>Mari Lackman<\/strong><br>Paras kasvattajaryhm\u00e4&nbsp;<strong>Aleksandra Palumbo<\/strong>, Ruotsi<br>Paras juniori&nbsp;<strong>Karin Bergbom<\/strong><br>Paras kotimainen rotu<strong>&nbsp;Markku Kipin\u00e4<\/strong><\/p>\n\n\n\n<p><\/p>\n\n\n\n<h2 class=\"wp-block-heading\">Sunnuntai<\/h2>\n\n\n\n<p><strong>Ryhm\u00e4 1<\/strong><br>pitk\u00e4karvainen collie, shetlanninlammaskoira, sile\u00e4karvainen collie&nbsp;<strong>Anna Lena Angeria<\/strong>, Ruotsi<br>hollanninpaimenkoirat, it\u00e4euroopanpaimenkoira, medimurjenkoira, saksanpaimenkoirat, schapendoes, valkoinenpaimenkoira&nbsp;<strong>Colm Hastings<\/strong>, Irlanti<br>ardennienkarjakoira, bouvier, komondor, kuvasz, mudi, picardienpaimenkoira, pieniamerikanpaimenkoira, pulit, pumi, tsekinpaimenkoira&nbsp;<strong>Karin Bergbom<\/strong><br>australian t\u00f6p\u00f6h\u00e4nt\u00e4inen karjakoira, australiankelpie, bergamonpaimenkoira, bordercollie, ceskoslovensky vlciak, etel\u00e4ven\u00e4j\u00e4nkoira, karpaattienkoira, katalonianpaimenkoira, kroatianpaimenkoira, lancashirenkarjakoira, pyreneittenpaimenkoirat, mallorcanpaimenkoira, maremmano-abruzzese, owczarek podhalanski, polski owczarek nizinny, romanianpaimenkoira, saarlooswolfhond, schipperke, serra de airesinpaimenkoira, slovakiancuvac, welsh corgi cardigan, welsh corgi pembroke&nbsp;<strong>Mari Lackman<\/strong><br>australiankarjakoira, australianpaimenkoira, beaucenpaimenkoira \/ beauceron, belgianpaimenkoirat, brienpaimenkoira \/ briardi&nbsp;<strong>Markku Kipin\u00e4<\/strong><br>partacollie, vanhaenglanninlammaskoira&nbsp;<strong>Stephen Minogue<\/strong>, Irlanti<\/p>\n\n\n\n<p><strong>Ryhm\u00e4 4<\/strong><br>kaikki rodut&nbsp;<strong>Jaana Helin<\/strong><\/p>\n\n\n\n<p><strong>Ryhm\u00e4 8<\/strong><br>amerikanvesispanieli, chesapeakelahdennoutaja, clumberinspanieli, englanninspringerspanieli, fieldspanieli, friisinvesikoira, irlanninvesispanieli, kiharakarvainen noutaja, kooikerhondje, novascotiannoutaja, puolanmets\u00e4stysspanieli, sussexinspanieli, ven\u00e4j\u00e4nspanieli, viiri\u00e4iskoira\u00a0<strong>Colm Hastings<\/strong>, Irlanti<br>kultainennoutaja, labradorinnoutaja\u00a0<strong><strong>Ger Philpott<\/strong><\/strong>, Irlanti<br>sile\u00e4karvainen noutaja, walesinspringerspanieli\u00a0<strong>Tom Johnston<\/strong>, Iso-Britannia<br>amerikancockerspanieli, barbet, cockerspanieli, espanjanvesikoira, lagotto romagnolo, portugalinvesikoira\u00a0<strong>\u00c5sa Fr\u00f6ding Andersson<\/strong>, Ruotsi<\/p>\n\n\n\n<p><strong>Ryhm\u00e4 9<\/strong><br>kiinanharjakoira, kiinanpalatsikoira, pekingeesi, kingcharlesinspanieli, lhasa apso, l\u00f6wchen, papillon, phal\u00e8ne, shih tzu, tiibetinspanieli, tiibetinterrieri, villakoirat&nbsp;<strong>Aleksandra Palumbo<\/strong>, Ruotsi<br>bichon fris\u00e9, bolognese, chihuahuat, markiesje, ven\u00e4j\u00e4nbolonka, ven\u00e4j\u00e4ntoyt&nbsp;<strong>Karin Bergbom<\/strong><br>cavalier kingcharlesinspanieli, coton de tul\u00e9ar, havannankoira, japanese chin, kromfohrl\u00e4nder, ranskanbulldoggi&nbsp;<strong>Stephen Minogue<\/strong>, Irlanti<br>bostoninterrieri, griffon belge, griffon bruxellois, maltankoira, mopsi, petit brabancon, prahanrottakoira&nbsp;<strong>\u00c5sa Fr\u00f6ding Andersson<\/strong>, Ruotsi<\/p>\n\n\n\n<p><strong>Ryhm\u00e4 10<\/strong><br>afgaaninvinttikoira, azawakh, englanninvinttikoira, espanjanvinttikoira, italianvinttikoira, puolanvinttikoira, skotlanninhirvikoira, sloughi, tazi, unkarinvinttikoira&nbsp;<strong>Jarmo Hilpinen<\/strong><br>irlanninsusikoira, saluki, ven\u00e4j\u00e4nvinttikoira, whippet&nbsp;<strong>Tom Johnston<\/strong>, Iso-Britannia<\/p>\n\n\n\n<p>Ryhm\u00e4kilpailut<br>1<strong>&nbsp;Colm Hastings<\/strong>, Irlanti<br>4<strong>&nbsp;Jaana Helin<\/strong><br>8<strong>&nbsp;Colm Hastings<\/strong>, Irlanti<br>9<strong>&nbsp;Stephen Minogue<\/strong>, Irlanti<br>10<strong>&nbsp;Jarmo Hilpinen<\/strong><br><br>Paras veteraani&nbsp;<strong>Karin Bergbom<\/strong><br>Paras kasvattajaryhm\u00e4&nbsp;<strong>Stephen Minogue<\/strong>, Irlanti<br>Paras juniori&nbsp;<strong>Mari Lackman<\/strong><br>Best in Show<strong>&nbsp;Markku Kipin\u00e4<\/strong><\/p>\n","protected":false},"excerpt":{"rendered":"<p>Lauantaina 13.6. arvostellaan FCI:n ryhm\u00e4t \u00a02, 3, 5, 6, 7Sunnuntaina 14.6. arvostellaan FCI:n ryhm\u00e4t 1, 4, 8, 9, 10 P\u00e4ivitys 29.12.2025 Frank Wythe ei p\u00e4\u00e4se n\u00e4yttelyymme arvostelemaan, h\u00e4nelle merkityt rodut arvostelee Ger Philpott, Irlanti. Varalla kaikille roduille\u00a0Markku Kipin\u00e4 Lauantai Ryhm\u00e4 2appenzellinpaimenkoira, berninpaimenkoira, entlebuchinpaimenkoira, hollanninrottakoira, it\u00e4vallanpinseri, k\u00e4\u00e4pi\u00f6pinseri, snautserit, suursnautserit, ven\u00e4j\u00e4nmustaterrieri&nbsp;Aleksandra Palumbo, Ruotsibullmastiffi&nbsp;Colm Hastings, Irlantiaidi, alentejonkoira, bernhardinkoirat, <a href=\"https:\/\/www.showlink.fi\/shows\/kotka26\/tuomarit\/\" class=\"more-link\">...jatka lukemista<span class=\"screen-reader-text\"> \"Tuomarit\"<\/span><\/a><\/p>\n","protected":false},"author":1,"featured_media":0,"parent":0,"menu_order":0,"comment_status":"closed","ping_status":"closed","template":"","meta":{"footnotes":""},"class_list":["post-738","page","type-page","status-publish","h-entry","hentry","h-as-page"],"_links":{"self":[{"href":"https:\/\/www.showlink.fi\/shows\/kotka26\/wp-json\/wp\/v2\/pages\/738","targetHints":{"allow":["GET"]}}],"collection":[{"href":"https:\/\/www.showlink.fi\/shows\/kotka26\/wp-json\/wp\/v2\/pages"}],"about":[{"href":"https:\/\/www.showlink.fi\/shows\/kotka26\/wp-json\/wp\/v2\/types\/page"}],"author":[{"embeddable":true,"href":"https:\/\/www.showlink.fi\/shows\/kotka26\/wp-json\/wp\/v2\/users\/1"}],"replies":[{"embeddable":true,"href":"https:\/\/www.showlink.fi\/shows\/kotka26\/wp-json\/wp\/v2\/comments?post=738"}],"version-history":[{"count":23,"href":"https:\/\/www.showlink.fi\/shows\/kotka26\/wp-json\/wp\/v2\/pages\/738\/revisions"}],"predecessor-version":[{"id":889,"href":"https:\/\/www.showlink.fi\/shows\/kotka26\/wp-json\/wp\/v2\/pages\/738\/revisions\/889"}],"wp:attachment":[{"href":"https:\/\/www.showlink.fi\/shows\/kotka26\/wp-json\/wp\/v2\/media?parent=738"}],"curies":[{"name":"wp","href":"https:\/\/api.w.org\/{rel}","templated":true}]}}