{"id":8,"date":"2018-10-08T11:54:37","date_gmt":"2018-10-08T08:54:37","guid":{"rendered":"http:\/\/www.showlink.fi\/shows\/kotkanruusu2019v1\/?page_id=8"},"modified":"2026-03-30T11:25:35","modified_gmt":"2026-03-30T08:25:35","slug":"tervetuloa-kotkan-ruusuun","status":"publish","type":"page","link":"https:\/\/www.showlink.fi\/shows\/kotka26\/","title":{"rendered":"Tervetuloa kaikkien rotujen Kotkan Ruusu -n\u00e4yttelyyn 13.-14.6.2026!"},"content":{"rendered":"\n<p><strong>N\u00e4yttelypaikkana toimii Harjun Oppimiskeskus<br><\/strong>Osoite: Katariinankuja 19, 49980 Ravijoki<\/p>\n\n\n\n<p><strong>Lauantaina 13.6. arvostellaan FCI:n ryhm\u00e4t<\/strong> <strong>2, 3, 5, 6 ja 7, my\u00f6s pennut (7 kk \u2013 alle 9 kk)<\/strong><br><strong>FCI 2\u00a0<\/strong>- Pinserit, snautserit, molossityypiset ja sveitsinpaimenkoirat<br><strong>FCI 3<\/strong>\u00a0- Terrierit<br><strong>FCI 5\u00a0<\/strong>- Pystykorvat ja alkukantaiset koirat<strong><br>FCI 6\u00a0<\/strong>- Ajavat ja j\u00e4ljest\u00e4v\u00e4t koirat<br><strong>FCI 7<\/strong>\u00a0- Seisovat lintukoirat<\/p>\n\n\n\n<p>Lauantaina valitaan ryhm\u00e4kilpailuiden yhteydess\u00e4 n\u00e4yttelyn kaunein kotimainen rotu kaikista kotimaisten rotujen ROP-voittajista.<br><br><strong>Sunnuntaina 14.6. arvostellaan FCI:n ryhm\u00e4t<\/strong> <strong>1, 4, 8, 9 ja 10, my\u00f6s pennut (7 kk \u2013 alle 9 kk)<\/strong><br><strong>FCI 1\u00a0<\/strong>- Lammas- ja karjakoirat (paitsi sveitsinpaimenkoirat)<br><strong>FCI 4\u00a0<\/strong>- M\u00e4yr\u00e4koirat<br><strong>FCI 8<\/strong>\u00a0- Noutajat, yl\u00f6sajavat koirat ja vesikoirat<br><strong>FCI 9<\/strong>\u00a0- Seurakoirat ja k\u00e4\u00e4pi\u00f6koirat<br><strong>FCI 10<\/strong>\u00a0- Vinttikoirat<\/p>\n\n\n\n<p><strong>Turistikoirat ovat sallittuja n\u00e4yttelyalueella. <\/strong><br>Muista ottaa kaikille koirille tarvittavat rokotustodistukset mukaan.<\/p>\n\n\n\n<p><strong>J\u00e4rjest\u00e4j\u00e4t:<\/strong> Kaakon Noutajakoirayhdistys ry, Kotkan Koirayst\u00e4v\u00e4in Seura ry ja Kymenlaakson Kanakoiraseura ry<\/p>\n\n\n\n<hr class=\"wp-block-separator has-text-color has-alpha-channel-opacity has-background\" style=\"background-color:#b0b0b021;color:#b0b0b021\"\/>\n\n\n\n<figure class=\"wp-block-image size-large\"><img loading=\"lazy\" decoding=\"async\" width=\"1024\" height=\"132\" src=\"https:\/\/www.showlink.fi\/shows\/kotka26\/wp-content\/uploads\/sites\/89\/2025\/12\/monster-1024x132.png\" alt=\"\" class=\"wp-image-893\" srcset=\"https:\/\/www.showlink.fi\/shows\/kotka26\/wp-content\/uploads\/sites\/89\/2025\/12\/monster-1024x132.png 1024w, https:\/\/www.showlink.fi\/shows\/kotka26\/wp-content\/uploads\/sites\/89\/2025\/12\/monster-300x39.png 300w, https:\/\/www.showlink.fi\/shows\/kotka26\/wp-content\/uploads\/sites\/89\/2025\/12\/monster-768x99.png 768w, https:\/\/www.showlink.fi\/shows\/kotka26\/wp-content\/uploads\/sites\/89\/2025\/12\/monster-1536x199.png 1536w, https:\/\/www.showlink.fi\/shows\/kotka26\/wp-content\/uploads\/sites\/89\/2025\/12\/monster-2048x265.png 2048w, https:\/\/www.showlink.fi\/shows\/kotka26\/wp-content\/uploads\/sites\/89\/2025\/12\/monster-960x124.png 960w\" sizes=\"auto, (max-width: 1024px) 100vw, 1024px\" \/><\/figure>\n","protected":false},"excerpt":{"rendered":"<p>N\u00e4yttelypaikkana toimii Harjun OppimiskeskusOsoite: Katariinankuja 19, 49980 Ravijoki Lauantaina 13.6. arvostellaan FCI:n ryhm\u00e4t 2, 3, 5, 6 ja 7, my\u00f6s pennut (7 kk \u2013 alle 9 kk)FCI 2\u00a0- Pinserit, snautserit, molossityypiset ja sveitsinpaimenkoiratFCI 3\u00a0- TerrieritFCI 5\u00a0- Pystykorvat ja alkukantaiset koiratFCI 6\u00a0- Ajavat ja j\u00e4ljest\u00e4v\u00e4t koiratFCI 7\u00a0- Seisovat lintukoirat Lauantaina valitaan ryhm\u00e4kilpailuiden yhteydess\u00e4 n\u00e4yttelyn kaunein kotimainen <a href=\"https:\/\/www.showlink.fi\/shows\/kotka26\/\" class=\"more-link\">...jatka lukemista<span class=\"screen-reader-text\"> \"Tervetuloa kaikkien rotujen Kotkan Ruusu -n\u00e4yttelyyn 13.-14.6.2026!\"<\/span><\/a><\/p>\n","protected":false},"author":1,"featured_media":0,"parent":0,"menu_order":0,"comment_status":"closed","ping_status":"closed","template":"","meta":{"footnotes":""},"class_list":["post-8","page","type-page","status-publish","h-entry","hentry","h-as-page"],"_links":{"self":[{"href":"https:\/\/www.showlink.fi\/shows\/kotka26\/wp-json\/wp\/v2\/pages\/8","targetHints":{"allow":["GET"]}}],"collection":[{"href":"https:\/\/www.showlink.fi\/shows\/kotka26\/wp-json\/wp\/v2\/pages"}],"about":[{"href":"https:\/\/www.showlink.fi\/shows\/kotka26\/wp-json\/wp\/v2\/types\/page"}],"author":[{"embeddable":true,"href":"https:\/\/www.showlink.fi\/shows\/kotka26\/wp-json\/wp\/v2\/users\/1"}],"replies":[{"embeddable":true,"href":"https:\/\/www.showlink.fi\/shows\/kotka26\/wp-json\/wp\/v2\/comments?post=8"}],"version-history":[{"count":92,"href":"https:\/\/www.showlink.fi\/shows\/kotka26\/wp-json\/wp\/v2\/pages\/8\/revisions"}],"predecessor-version":[{"id":898,"href":"https:\/\/www.showlink.fi\/shows\/kotka26\/wp-json\/wp\/v2\/pages\/8\/revisions\/898"}],"wp:attachment":[{"href":"https:\/\/www.showlink.fi\/shows\/kotka26\/wp-json\/wp\/v2\/media?parent=8"}],"curies":[{"name":"wp","href":"https:\/\/api.w.org\/{rel}","templated":true}]}}