{"id":11,"date":"2019-06-18T11:58:11","date_gmt":"2019-06-18T08:58:11","guid":{"rendered":"http:\/\/www.showlink.fi\/shows\/hyvinkaarn2019\/?page_id=11"},"modified":"2026-02-05T13:08:04","modified_gmt":"2026-02-05T11:08:04","slug":"ilmoittautuminen","status":"publish","type":"page","link":"https:\/\/www.showlink.fi\/shows\/kouvola-tuohikotti_RN\/ilmoittautuminen\/","title":{"rendered":"Ilmoittautuminen"},"content":{"rendered":"\n<p><strong>Ilmoittautumiset<\/strong>\u00a0<strong>25.6 \/ 9.7.<\/strong> <strong>menness\u00e4.<\/strong><\/p>\n\n\n\n<p><strong>Ilmoittautuminen n\u00e4yttelyyn tulee tehd\u00e4 internetiss\u00e4.&nbsp;<\/strong>Ilmoittaessaan koiransa n\u00e4yttelyn n\u00e4ytteilleasettaja sitoutuu noudattamaan Suomen Kennelliiton voimassa olevia n\u00e4yttelys\u00e4\u00e4nt\u00f6j\u00e4 ja niit\u00e4 t\u00e4ydent\u00e4vi\u00e4 ohjeita sek\u00e4 rokotusm\u00e4\u00e4r\u00e4yksi\u00e4. S\u00e4\u00e4nn\u00f6t l\u00f6ytyv\u00e4t&nbsp;<a href=\"https:\/\/www.kennelliitto.fi\/koiraharrastukset\/koiranayttelyt\/ohjeita-ja-lomakkeita-nayttelyyn-osallistujille-ja-nayttelyn-jarjestajille\"><strong>Kennelliiton kotisivuilta.<\/strong><\/a><\/p>\n\n\n\n<p><strong>Online-ilmoittautuminen<\/strong>&nbsp;osoitteessa&nbsp;<a href=\"http:\/\/www.showlink.fi\/\">www.showlink.fi<\/a>&nbsp;\u2192<strong>&nbsp;<\/strong><a href=\"http:\/\/ilmoittautuminen.kennelliitto.fi\/\"><strong>ILMOITTAUDU N\u00c4YTTELYYN<\/strong><\/a><\/p>\n\n\n\n<p>Ilmoittautumisesta tulee aina vahvistus annettuun s\u00e4hk\u00f6postiosoitteeseen. Jollet saa vahvistusta, ota v\u00e4litt\u00f6m\u00e4sti yhteytt\u00e4 asiakaspalveluumme. Tarkasta ilmoittautumisvahvistuksesta koirasi tiedot ja kilpailuluokka. Netti-ilmoittautuminen maksetaan verkkopankilla tai luottokortilla ilmoittautumisen yhteydess\u00e4. S\u00e4\u00e4st\u00e4 saamasi vahvistusviesti n\u00e4yttelyp\u00e4iv\u00e4\u00e4n asti.<\/p>\n\n\n\n<p>Kaikki n\u00e4yttelykutsut tullaan l\u00e4hett\u00e4m\u00e4\u00e4n s\u00e4hk\u00f6isesti. Kutsuja ei l\u00e4hetet\u00e4 postitse.<\/p>\n\n\n\n<hr class=\"wp-block-separator has-text-color has-alpha-channel-opacity has-background\" style=\"background-color:#ebebeb;color:#ebebeb\"\/>\n\n\n\n<h2 class=\"wp-block-heading\">Ilmoittautumismaksut<\/h2>\n\n\n\n<p><strong>Ilmoittautumismaksut 25.6. menness\u00e4<\/strong><br>ensimm\u00e4inen koira\u00a0<strong>35 \u20ac<\/strong><br>saman omistajan\u00a0<strong>toinen<\/strong>\u00a0jne. koira\u00a0<strong>32 \u20ac<br><\/strong>pennut ja veteraanit <strong>30 \u20ac<\/strong><br>yli 10-vuotiaat veteraanit veteraaniluokkaan ilmoitettuna <strong>ilmaiseksi<\/strong><\/p>\n\n\n\n<p><strong>Ilmoittautumismaksut 26.6.-9.7. v\u00e4lisen\u00e4 aikana<\/strong><br><strong>45 \u20ac<\/strong> \/ koira<br>yli 10-vuotiaat veteraanit veteraaniluokkaan ilmoitettuna <strong>ilmaiseksi<\/strong> <\/p>\n\n\n\n<hr class=\"wp-block-separator has-text-color has-alpha-channel-opacity has-background\" style=\"background-color:#ebebeb;color:#ebebeb\"\/>\n\n\n\n<h2 class=\"wp-block-heading\">Lis\u00e4tietoa<\/h2>\n\n\n\n<p>Ilmoittautumisajan p\u00e4\u00e4ttymisen j\u00e4lkeen koiraa ei voida siirt\u00e4\u00e4 toiseen luokkaan (ellei kysymyksess\u00e4 ole j\u00e4rjest\u00e4j\u00e4st\u00e4 johtuva virhe).<br>Uros, jolla ei ole normaalit kivekset saa hyl\u00e4tyn.<\/p>\n\n\n\n<p>Ilmoittautuminen on teht\u00e4v\u00e4 kirjallisesti - pelkk\u00e4 n\u00e4yttelymaksun suoritus ei ole ilmoittautuminen! Kirjallisen ilmoittautumisen voit tehd\u00e4 vahvistettuna netti-ilmoittautumisena viimeist\u00e4\u00e4n viimeisen\u00e4 ilmoittautumisp\u00e4iv\u00e4n\u00e4.<br>My\u00f6h\u00e4styneit\u00e4 ilmoittautumisia ei hyv\u00e4ksyt\u00e4 mukaan n\u00e4yttelyyn.<\/p>\n\n\n\n<p>Internetilmoittautuminen maksetaan verkkopankissa tai luottokortilla ilmoittautumisen yhteydess\u00e4 ohjelman antamien ohjeiden mukaan. Ilmoittautumismaksun alennuksen (saman om. 2 jne koira) saaminen edellytt\u00e4\u00e4 kaikkien koirien ilmoittamista yhdell\u00e4 kertaa. Samaksi omistajaksi tulkitaan ilmoittautumistapahtuman ensimm\u00e4iselle koiralle ensimm\u00e4iseksi omistajaksi merkitty henkil\u00f6.<br>Alennus lasketaan vain t\u00e4ysihintaisista ilmoittautumismaksuista, ei pentujen ja veteraanien maksuista.<\/p>\n\n\n\n<p>K\u00e4ytt\u00f6- ja valioluokkaan ilmoitettaessa Kennelliitossa rekister\u00f6idyilt\u00e4 koirilta ei vaadita todistusta n\u00e4ihin luokkiin vaadittavista tuloksista. Muiden maiden rekisteriss\u00e4 olevilla koirilla on oltava valionarvotodistus ja\/tai k\u00e4ytt\u00f6luokkatodistus ilmoittautumisen liitteen\u00e4.<\/p>\n\n\n\n<p><strong>Rokotusm\u00e4\u00e4r\u00e4ykset\u00a0<\/strong>Suomen Kennelliitto -Finska Kennelklubben ry:n m\u00e4\u00e4r\u00e4ysten mukaan.<br>Suomen lain vastaisesti typistetyt koirat eiv\u00e4t saa osallistua n\u00e4yttelyyn.<br>N\u00e4yttelyyn osallistuvan koiran tulee olla tunnistusmerkitty.<\/p>\n\n\n\n<p><strong>Antidoping-valvonta<\/strong><br>Dopingvalvonta koskee kaikkia Suomen Kennelliiton my\u00f6nt\u00e4mi\u00e4 n\u00e4yttelyit\u00e4, kilpailuja ja kokeita. Ajankohtaisinta tietoa osoitteessa\u00a0<a href=\"https:\/\/www.kennelliitto.fi\/koiraharrastukset\/tietoa-antidopingsaannoista-kaytanteista-ja-valvonnasta\"><strong>KENNELLIITTO \/ ANTIDOPING<\/strong><\/a><\/p>\n\n\n\n<p><strong>Ilmoittautumisia ja kasvattajaryhmi\u00e4 koskevat tiedustelut<\/strong><br>Showlink Oy arkisin klo 11-17 puh. 09 887 30320 tai e-mail: info@showlink.fi<br><em>Mainitsethan tiedustelussasi \/ s\u00e4hk\u00f6postissasi n\u00e4yttelyn nimen sek\u00e4 koiran rekisterinumeron, jota tiedustelu koskee. Jollet saa ilmoittautumisestasi vahvistusta s\u00e4hk\u00f6postiisi, ota v\u00e4litt\u00f6m\u00e4sti yhteytt\u00e4 asiakaspalveluumme. Tarkasta ilmoittautumisesta koirasi tiedot ja kilpailuluokka.<\/em><\/p>\n","protected":false},"excerpt":{"rendered":"<p>Ilmoittautumiset\u00a025.6 \/ 9.7. menness\u00e4. Ilmoittautuminen n\u00e4yttelyyn tulee tehd\u00e4 internetiss\u00e4.&nbsp;Ilmoittaessaan koiransa n\u00e4yttelyn n\u00e4ytteilleasettaja sitoutuu noudattamaan Suomen Kennelliiton voimassa olevia n\u00e4yttelys\u00e4\u00e4nt\u00f6j\u00e4 ja niit\u00e4 t\u00e4ydent\u00e4vi\u00e4 ohjeita sek\u00e4 rokotusm\u00e4\u00e4r\u00e4yksi\u00e4. S\u00e4\u00e4nn\u00f6t l\u00f6ytyv\u00e4t&nbsp;Kennelliiton kotisivuilta. Online-ilmoittautuminen&nbsp;osoitteessa&nbsp;www.showlink.fi&nbsp;\u2192&nbsp;ILMOITTAUDU N\u00c4YTTELYYN Ilmoittautumisesta tulee aina vahvistus annettuun s\u00e4hk\u00f6postiosoitteeseen. Jollet saa vahvistusta, ota v\u00e4litt\u00f6m\u00e4sti yhteytt\u00e4 asiakaspalveluumme. Tarkasta ilmoittautumisvahvistuksesta koirasi tiedot ja kilpailuluokka. Netti-ilmoittautuminen maksetaan verkkopankilla tai luottokortilla ilmoittautumisen <a href=\"https:\/\/www.showlink.fi\/shows\/kouvola-tuohikotti_RN\/ilmoittautuminen\/\" class=\"more-link\">...jatka lukemista<span class=\"screen-reader-text\"> \"Ilmoittautuminen\"<\/span><\/a><\/p>\n","protected":false},"author":1,"featured_media":0,"parent":0,"menu_order":2,"comment_status":"closed","ping_status":"closed","template":"","meta":{"footnotes":""},"class_list":["post-11","page","type-page","status-publish","h-entry","hentry","h-as-page"],"_links":{"self":[{"href":"https:\/\/www.showlink.fi\/shows\/kouvola-tuohikotti_RN\/wp-json\/wp\/v2\/pages\/11","targetHints":{"allow":["GET"]}}],"collection":[{"href":"https:\/\/www.showlink.fi\/shows\/kouvola-tuohikotti_RN\/wp-json\/wp\/v2\/pages"}],"about":[{"href":"https:\/\/www.showlink.fi\/shows\/kouvola-tuohikotti_RN\/wp-json\/wp\/v2\/types\/page"}],"author":[{"embeddable":true,"href":"https:\/\/www.showlink.fi\/shows\/kouvola-tuohikotti_RN\/wp-json\/wp\/v2\/users\/1"}],"replies":[{"embeddable":true,"href":"https:\/\/www.showlink.fi\/shows\/kouvola-tuohikotti_RN\/wp-json\/wp\/v2\/comments?post=11"}],"version-history":[{"count":17,"href":"https:\/\/www.showlink.fi\/shows\/kouvola-tuohikotti_RN\/wp-json\/wp\/v2\/pages\/11\/revisions"}],"predecessor-version":[{"id":201,"href":"https:\/\/www.showlink.fi\/shows\/kouvola-tuohikotti_RN\/wp-json\/wp\/v2\/pages\/11\/revisions\/201"}],"wp:attachment":[{"href":"https:\/\/www.showlink.fi\/shows\/kouvola-tuohikotti_RN\/wp-json\/wp\/v2\/media?parent=11"}],"curies":[{"name":"wp","href":"https:\/\/api.w.org\/{rel}","templated":true}]}}