{"id":13,"date":"2019-06-18T12:01:50","date_gmt":"2019-06-18T09:01:50","guid":{"rendered":"http:\/\/www.showlink.fi\/shows\/hyvinkaarn2019\/?page_id=13"},"modified":"2026-02-05T13:09:00","modified_gmt":"2026-02-05T11:09:00","slug":"tuomarit","status":"publish","type":"page","link":"https:\/\/www.showlink.fi\/shows\/kouvola-tuohikotti_RN\/tuomarit\/","title":{"rendered":"Tuomarit"},"content":{"rendered":"\n<p><strong>Ryhm\u00e4 3<br><\/strong><em>Varalla kaikille ryhm\u00e4 3 roduille <strong>Juha Putkonen<\/strong><\/em><br>kaikki rodut <strong>Pekka Teini<\/strong><br><br><strong>Ryhm\u00e4 4<\/strong><br>kaikki rodut <strong>Maija Lehtonen<\/strong><br><br><strong>Ryhm\u00e4 5<br><\/strong><em>Varalla kaikille ryhm\u00e4 5 roduille <strong>Hannele Jokisilta<\/strong><\/em><br>kaikki rodut <strong>Reino Korpela<\/strong><br><br><strong>Ryhm\u00e4 6<br><\/strong><em>Varalla kaikille ryhm\u00e4 6 roduille <strong>Reino Korpela<\/strong><\/em><br>kaikki rodut <strong>Juha Putkonen<\/strong><br><br><strong>Ryhm\u00e4 8<\/strong><br><em>Varalla kaikille ryhm\u00e4 8 roduille <strong>Maija Lehtonen<\/strong><\/em><br>kaikki rodut <strong>Hannele Jokisilta<\/strong><br><br><strong>Ryhm\u00e4kilpailut<\/strong><br>FCI 3<strong> Pekka Teini<\/strong><br>FCI 4<strong> Maija Lehtonen<\/strong><br>FCI osa 5 ja FCI 6<strong> Juha Putkonen<\/strong><br>FCI 8<strong> Hannele Jokisilta<\/strong><br>Paras veteraani <strong>Hannele Jokisilta<\/strong><br>Paras kasvattajaryhm\u00e4 <strong>Reino Korpela<\/strong><br>Best in Show<strong> Maija Lehtonen<\/strong><\/p>\n\n\n\n<p><strong><br><br><\/strong><\/p>\n","protected":false},"excerpt":{"rendered":"<p>Ryhm\u00e4 3Varalla kaikille ryhm\u00e4 3 roduille Juha Putkonenkaikki rodut Pekka Teini Ryhm\u00e4 4kaikki rodut Maija Lehtonen Ryhm\u00e4 5Varalla kaikille ryhm\u00e4 5 roduille Hannele Jokisiltakaikki rodut Reino Korpela Ryhm\u00e4 6Varalla kaikille ryhm\u00e4 6 roduille Reino Korpelakaikki rodut Juha Putkonen Ryhm\u00e4 8Varalla kaikille ryhm\u00e4 8 roduille Maija Lehtonenkaikki rodut Hannele Jokisilta Ryhm\u00e4kilpailutFCI 3 Pekka TeiniFCI 4 Maija <a href=\"https:\/\/www.showlink.fi\/shows\/kouvola-tuohikotti_RN\/tuomarit\/\" class=\"more-link\">...jatka lukemista<span class=\"screen-reader-text\"> \"Tuomarit\"<\/span><\/a><\/p>\n","protected":false},"author":1,"featured_media":0,"parent":0,"menu_order":4,"comment_status":"closed","ping_status":"closed","template":"","meta":{"footnotes":""},"class_list":["post-13","page","type-page","status-publish","h-entry","hentry","h-as-page"],"_links":{"self":[{"href":"https:\/\/www.showlink.fi\/shows\/kouvola-tuohikotti_RN\/wp-json\/wp\/v2\/pages\/13","targetHints":{"allow":["GET"]}}],"collection":[{"href":"https:\/\/www.showlink.fi\/shows\/kouvola-tuohikotti_RN\/wp-json\/wp\/v2\/pages"}],"about":[{"href":"https:\/\/www.showlink.fi\/shows\/kouvola-tuohikotti_RN\/wp-json\/wp\/v2\/types\/page"}],"author":[{"embeddable":true,"href":"https:\/\/www.showlink.fi\/shows\/kouvola-tuohikotti_RN\/wp-json\/wp\/v2\/users\/1"}],"replies":[{"embeddable":true,"href":"https:\/\/www.showlink.fi\/shows\/kouvola-tuohikotti_RN\/wp-json\/wp\/v2\/comments?post=13"}],"version-history":[{"count":12,"href":"https:\/\/www.showlink.fi\/shows\/kouvola-tuohikotti_RN\/wp-json\/wp\/v2\/pages\/13\/revisions"}],"predecessor-version":[{"id":202,"href":"https:\/\/www.showlink.fi\/shows\/kouvola-tuohikotti_RN\/wp-json\/wp\/v2\/pages\/13\/revisions\/202"}],"wp:attachment":[{"href":"https:\/\/www.showlink.fi\/shows\/kouvola-tuohikotti_RN\/wp-json\/wp\/v2\/media?parent=13"}],"curies":[{"name":"wp","href":"https:\/\/api.w.org\/{rel}","templated":true}]}}