{"id":16,"date":"2019-06-18T12:02:49","date_gmt":"2019-06-18T09:02:49","guid":{"rendered":"http:\/\/www.showlink.fi\/shows\/hyvinkaarn2019\/?page_id=16"},"modified":"2026-02-05T13:10:08","modified_gmt":"2026-02-05T11:10:08","slug":"aikataulut","status":"publish","type":"page","link":"https:\/\/www.showlink.fi\/shows\/kouvola-tuohikotti_RN\/aikataulut\/","title":{"rendered":"Aikataulut"},"content":{"rendered":"\n<p><em>Aikataulut julkaistaan noin viikkoa ennen n\u00e4yttely\u00e4.<\/em><\/p>\n\n\n\n<p>Kaikki n\u00e4yttelykutsut tullaan l\u00e4hett\u00e4m\u00e4\u00e4n s\u00e4hk\u00f6isesti. Kutsuja ei l\u00e4hetet\u00e4 postitse.<\/p>\n","protected":false},"excerpt":{"rendered":"<p>Aikataulut julkaistaan noin viikkoa ennen n\u00e4yttely\u00e4. Kaikki n\u00e4yttelykutsut tullaan l\u00e4hett\u00e4m\u00e4\u00e4n s\u00e4hk\u00f6isesti. Kutsuja ei l\u00e4hetet\u00e4 postitse.<\/p>\n","protected":false},"author":1,"featured_media":0,"parent":0,"menu_order":5,"comment_status":"closed","ping_status":"closed","template":"","meta":{"footnotes":""},"class_list":["post-16","page","type-page","status-publish","h-entry","hentry","h-as-page"],"_links":{"self":[{"href":"https:\/\/www.showlink.fi\/shows\/kouvola-tuohikotti_RN\/wp-json\/wp\/v2\/pages\/16","targetHints":{"allow":["GET"]}}],"collection":[{"href":"https:\/\/www.showlink.fi\/shows\/kouvola-tuohikotti_RN\/wp-json\/wp\/v2\/pages"}],"about":[{"href":"https:\/\/www.showlink.fi\/shows\/kouvola-tuohikotti_RN\/wp-json\/wp\/v2\/types\/page"}],"author":[{"embeddable":true,"href":"https:\/\/www.showlink.fi\/shows\/kouvola-tuohikotti_RN\/wp-json\/wp\/v2\/users\/1"}],"replies":[{"embeddable":true,"href":"https:\/\/www.showlink.fi\/shows\/kouvola-tuohikotti_RN\/wp-json\/wp\/v2\/comments?post=16"}],"version-history":[{"count":22,"href":"https:\/\/www.showlink.fi\/shows\/kouvola-tuohikotti_RN\/wp-json\/wp\/v2\/pages\/16\/revisions"}],"predecessor-version":[{"id":204,"href":"https:\/\/www.showlink.fi\/shows\/kouvola-tuohikotti_RN\/wp-json\/wp\/v2\/pages\/16\/revisions\/204"}],"wp:attachment":[{"href":"https:\/\/www.showlink.fi\/shows\/kouvola-tuohikotti_RN\/wp-json\/wp\/v2\/media?parent=16"}],"curies":[{"name":"wp","href":"https:\/\/api.w.org\/{rel}","templated":true}]}}