{"id":39,"date":"2019-09-16T10:25:54","date_gmt":"2019-09-16T07:25:54","guid":{"rendered":"http:\/\/www.showlink.fi\/shows\/hyvinkaarn2019\/?page_id=39"},"modified":"2026-02-05T13:10:16","modified_gmt":"2026-02-05T11:10:16","slug":"tulokset","status":"publish","type":"page","link":"https:\/\/www.showlink.fi\/shows\/kouvola-tuohikotti_RN\/tulokset\/","title":{"rendered":"Tulokset"},"content":{"rendered":"\n<p>N\u00e4yttelyn tulokset julkaistaan n\u00e4yttelyn kuluessa.<br><strong>\u00bb Siirry n\u00e4yttelyn tuloksiin<\/strong><\/p>\n\n\n\n<p>Jalostustietoj\u00e4rjestelm\u00e4\u00e4n tulokset tulevat n\u00e4kyviin n\u00e4yttelyn p\u00e4\u00e4tytty\u00e4.<\/p>\n","protected":false},"excerpt":{"rendered":"<p>N\u00e4yttelyn tulokset julkaistaan n\u00e4yttelyn kuluessa.\u00bb Siirry n\u00e4yttelyn tuloksiin Jalostustietoj\u00e4rjestelm\u00e4\u00e4n tulokset tulevat n\u00e4kyviin n\u00e4yttelyn p\u00e4\u00e4tytty\u00e4.<\/p>\n","protected":false},"author":1,"featured_media":0,"parent":0,"menu_order":8,"comment_status":"closed","ping_status":"closed","template":"","meta":{"footnotes":""},"class_list":["post-39","page","type-page","status-publish","h-entry","hentry","h-as-page"],"_links":{"self":[{"href":"https:\/\/www.showlink.fi\/shows\/kouvola-tuohikotti_RN\/wp-json\/wp\/v2\/pages\/39","targetHints":{"allow":["GET"]}}],"collection":[{"href":"https:\/\/www.showlink.fi\/shows\/kouvola-tuohikotti_RN\/wp-json\/wp\/v2\/pages"}],"about":[{"href":"https:\/\/www.showlink.fi\/shows\/kouvola-tuohikotti_RN\/wp-json\/wp\/v2\/types\/page"}],"author":[{"embeddable":true,"href":"https:\/\/www.showlink.fi\/shows\/kouvola-tuohikotti_RN\/wp-json\/wp\/v2\/users\/1"}],"replies":[{"embeddable":true,"href":"https:\/\/www.showlink.fi\/shows\/kouvola-tuohikotti_RN\/wp-json\/wp\/v2\/comments?post=39"}],"version-history":[{"count":15,"href":"https:\/\/www.showlink.fi\/shows\/kouvola-tuohikotti_RN\/wp-json\/wp\/v2\/pages\/39\/revisions"}],"predecessor-version":[{"id":205,"href":"https:\/\/www.showlink.fi\/shows\/kouvola-tuohikotti_RN\/wp-json\/wp\/v2\/pages\/39\/revisions\/205"}],"wp:attachment":[{"href":"https:\/\/www.showlink.fi\/shows\/kouvola-tuohikotti_RN\/wp-json\/wp\/v2\/media?parent=39"}],"curies":[{"name":"wp","href":"https:\/\/api.w.org\/{rel}","templated":true}]}}