{"id":8,"date":"2019-06-18T11:55:12","date_gmt":"2019-06-18T08:55:12","guid":{"rendered":"http:\/\/www.showlink.fi\/shows\/hyvinkaarn2019\/?page_id=8"},"modified":"2026-03-04T09:55:47","modified_gmt":"2026-03-04T07:55:47","slug":"tervetuloa-hyvinkaan-ryhmanayttelyihin-22-9-2019","status":"publish","type":"page","link":"https:\/\/www.showlink.fi\/shows\/kouvola-tuohikotti_RN\/","title":{"rendered":"Tervetuloa ryhm\u00e4n\u00e4yttelyyn Kouvolan Tuohikottiin 26.7.2026!"},"content":{"rendered":"\n<p><strong>Ryhm\u00e4n\u00e4yttely ryhmille FCI osa 5, FCI 6, FCI 3, FCI 4 ja FCI 8. <\/strong><br>N\u00e4yttelyss\u00e4 arvostellaan my\u00f6s pennut (7 kk \u2013 alle 9 kk).<\/p>\n\n\n\n<p><strong>osa FCI 5<\/strong> \u2013 Mets\u00e4styspystykorvat ja pohjoismaiset paimenpystykorvat<br><strong>FCI 6 <\/strong>\u2013 Ajavat ja j\u00e4ljest\u00e4v\u00e4t koirat<br><strong>FCI 3 <\/strong>\u2013<strong> <\/strong>Terrierit<br><strong>FCI 4<\/strong> \u2013 M\u00e4yr\u00e4koirat<br><strong>FCI 8 <\/strong>\u2013 Noutajat, yl\u00f6sajavat koirat ja vesikoirat<\/p>\n\n\n\n<p><strong>N\u00e4yttelypaikkana toimii Tuohikotin VPK-talo<\/strong><br>Osoite: Seuratie 8, 46110 Tuohikotti<\/p>\n\n\n\n<p><strong>J\u00e4rjest\u00e4j\u00e4:<\/strong> Anttilan Er\u00e4miehet ry, Tuohikotin Mets\u00e4stysyhdistys ry, Toikkalan Mets\u00e4stysyhdistys ry<\/p>\n\n\n\n<hr class=\"wp-block-separator has-text-color has-alpha-channel-opacity has-background\" style=\"background-color:#ebebeb;color:#ebebeb\"\/>\n\n\n\n<h2 class=\"wp-block-heading\">Tiedustelut<\/h2>\n\n\n\n<p><strong>Ilmoittautumisia koskevat tiedustelut<\/strong><br>Showlink Oy, arkisin klo 11\u201317 puh. (09) 8873 0320 <br>tai email: info@showlink.fi<br><em>Mainitsethan tiedustelussasi \/ s\u00e4hk\u00f6postissasi n\u00e4yttelyn sek\u00e4 koiran rekisterinumeron, jota tiedustelu koskee.<\/em><\/p>\n\n\n\n<p><strong>Muut tiedustelut<\/strong><br>melkien77@gmail.com<\/p>\n\n\n\n<p><\/p>\n","protected":false},"excerpt":{"rendered":"<p>Ryhm\u00e4n\u00e4yttely ryhmille FCI osa 5, FCI 6, FCI 3, FCI 4 ja FCI 8. N\u00e4yttelyss\u00e4 arvostellaan my\u00f6s pennut (7 kk \u2013 alle 9 kk). osa FCI 5 \u2013 Mets\u00e4styspystykorvat ja pohjoismaiset paimenpystykorvatFCI 6 \u2013 Ajavat ja j\u00e4ljest\u00e4v\u00e4t koiratFCI 3 \u2013 TerrieritFCI 4 \u2013 M\u00e4yr\u00e4koiratFCI 8 \u2013 Noutajat, yl\u00f6sajavat koirat ja vesikoirat N\u00e4yttelypaikkana toimii Tuohikotin VPK-taloOsoite: <a href=\"https:\/\/www.showlink.fi\/shows\/kouvola-tuohikotti_RN\/\" class=\"more-link\">...jatka lukemista<span class=\"screen-reader-text\"> \"Tervetuloa ryhm\u00e4n\u00e4yttelyyn Kouvolan Tuohikottiin 26.7.2026!\"<\/span><\/a><\/p>\n","protected":false},"author":1,"featured_media":0,"parent":0,"menu_order":0,"comment_status":"closed","ping_status":"closed","template":"","meta":{"footnotes":""},"class_list":["post-8","page","type-page","status-publish","h-entry","hentry","h-as-page"],"_links":{"self":[{"href":"https:\/\/www.showlink.fi\/shows\/kouvola-tuohikotti_RN\/wp-json\/wp\/v2\/pages\/8","targetHints":{"allow":["GET"]}}],"collection":[{"href":"https:\/\/www.showlink.fi\/shows\/kouvola-tuohikotti_RN\/wp-json\/wp\/v2\/pages"}],"about":[{"href":"https:\/\/www.showlink.fi\/shows\/kouvola-tuohikotti_RN\/wp-json\/wp\/v2\/types\/page"}],"author":[{"embeddable":true,"href":"https:\/\/www.showlink.fi\/shows\/kouvola-tuohikotti_RN\/wp-json\/wp\/v2\/users\/1"}],"replies":[{"embeddable":true,"href":"https:\/\/www.showlink.fi\/shows\/kouvola-tuohikotti_RN\/wp-json\/wp\/v2\/comments?post=8"}],"version-history":[{"count":28,"href":"https:\/\/www.showlink.fi\/shows\/kouvola-tuohikotti_RN\/wp-json\/wp\/v2\/pages\/8\/revisions"}],"predecessor-version":[{"id":209,"href":"https:\/\/www.showlink.fi\/shows\/kouvola-tuohikotti_RN\/wp-json\/wp\/v2\/pages\/8\/revisions\/209"}],"wp:attachment":[{"href":"https:\/\/www.showlink.fi\/shows\/kouvola-tuohikotti_RN\/wp-json\/wp\/v2\/media?parent=8"}],"curies":[{"name":"wp","href":"https:\/\/api.w.org\/{rel}","templated":true}]}}