{"id":11,"date":"2023-01-13T15:57:05","date_gmt":"2023-01-13T13:57:05","guid":{"rendered":"https:\/\/www.showlink.fi\/shows\/kuopiot2023\/?page_id=11"},"modified":"2025-10-16T12:00:37","modified_gmt":"2025-10-16T09:00:37","slug":"tulokset","status":"publish","type":"page","link":"https:\/\/www.showlink.fi\/shows\/kuopioKV2026\/?page_id=11","title":{"rendered":"Tulokset"},"content":{"rendered":"\n<p>N\u00e4yttelyss\u00e4mme on online-tulospalvelu.<\/p>\n\n\n\n<p>\u2192 <strong>Siirry n\u00e4yttelyn tuloksiin<\/strong><\/p>\n\n\n\n<p>Jalostustietoj\u00e4rjestelm\u00e4\u00e4n tulokset p\u00e4ivittyv\u00e4t n\u00e4yttelyn p\u00e4\u00e4tytty\u00e4.<\/p>\n","protected":false},"excerpt":{"rendered":"<p>N\u00e4yttelyss\u00e4mme on online-tulospalvelu. \u2192 Siirry n\u00e4yttelyn tuloksiin Jalostustietoj\u00e4rjestelm\u00e4\u00e4n tulokset p\u00e4ivittyv\u00e4t n\u00e4yttelyn p\u00e4\u00e4tytty\u00e4.<\/p>\n","protected":false},"author":1,"featured_media":0,"parent":0,"menu_order":9,"comment_status":"closed","ping_status":"closed","template":"","meta":{"footnotes":""},"class_list":["post-11","page","type-page","status-publish","hentry"],"_links":{"self":[{"href":"https:\/\/www.showlink.fi\/shows\/kuopioKV2026\/index.php?rest_route=\/wp\/v2\/pages\/11","targetHints":{"allow":["GET"]}}],"collection":[{"href":"https:\/\/www.showlink.fi\/shows\/kuopioKV2026\/index.php?rest_route=\/wp\/v2\/pages"}],"about":[{"href":"https:\/\/www.showlink.fi\/shows\/kuopioKV2026\/index.php?rest_route=\/wp\/v2\/types\/page"}],"author":[{"embeddable":true,"href":"https:\/\/www.showlink.fi\/shows\/kuopioKV2026\/index.php?rest_route=\/wp\/v2\/users\/1"}],"replies":[{"embeddable":true,"href":"https:\/\/www.showlink.fi\/shows\/kuopioKV2026\/index.php?rest_route=%2Fwp%2Fv2%2Fcomments&post=11"}],"version-history":[{"count":8,"href":"https:\/\/www.showlink.fi\/shows\/kuopioKV2026\/index.php?rest_route=\/wp\/v2\/pages\/11\/revisions"}],"predecessor-version":[{"id":423,"href":"https:\/\/www.showlink.fi\/shows\/kuopioKV2026\/index.php?rest_route=\/wp\/v2\/pages\/11\/revisions\/423"}],"wp:attachment":[{"href":"https:\/\/www.showlink.fi\/shows\/kuopioKV2026\/index.php?rest_route=%2Fwp%2Fv2%2Fmedia&parent=11"}],"curies":[{"name":"wp","href":"https:\/\/api.w.org\/{rel}","templated":true}]}}