{"id":15,"date":"2023-01-13T16:01:55","date_gmt":"2023-01-13T14:01:55","guid":{"rendered":"https:\/\/www.showlink.fi\/shows\/kuopiot2023\/?page_id=15"},"modified":"2025-10-20T11:12:11","modified_gmt":"2025-10-20T08:12:11","slug":"ilmoittautuminen","status":"publish","type":"page","link":"https:\/\/www.showlink.fi\/shows\/kuopioKV2026\/?page_id=15","title":{"rendered":"Ilmoittautuminen"},"content":{"rendered":"\n<p>Aikataulukirjeet ja numerolaput tullaan l\u00e4hett\u00e4m\u00e4\u00e4n<strong> ainoastaan s\u00e4hk\u00f6isesti<\/strong> ilmoittautumisessa annettuun s\u00e4hk\u00f6postiosoitteeseen. <br><strong>Numerolappuja ei toimiteta postitse.<\/strong><\/p>\n\n\n\n<p>Ilmoittautumiset viimeist\u00e4\u00e4n<strong> 15.6. \/ 6.7. \/ 13.7.2026 <\/strong>menness\u00e4.<\/p>\n\n\n\n<p><strong>Ilmoittautuminen n\u00e4yttelyyn tulee tehd\u00e4 internetiss\u00e4. <\/strong>Ilmoittaessaan koiransa n\u00e4yttelyn n\u00e4ytteilleasettaja sitoutuu noudattamaan Suomen Kennelliiton voimassa olevia n\u00e4yttelys\u00e4\u00e4nt\u00f6j\u00e4 ja niit\u00e4 t\u00e4ydent\u00e4vi\u00e4 ohjeita sek\u00e4 rokotusm\u00e4\u00e4r\u00e4yksi\u00e4. S\u00e4\u00e4nn\u00f6t l\u00f6ytyv\u00e4t <a href=\"https:\/\/www.kennelliitto.fi\/koiraharrastukset\/koiranayttelyt\/ohjeita-ja-lomakkeita-nayttelyyn-osallistujille-ja-nayttelyn-jarjestajille\"><strong>Kennelliiton kotisivuilta.<\/strong><\/a><\/p>\n\n\n\n<p><strong>Online-ilmoittautuminen<\/strong> osoitteessa <a href=\"http:\/\/www.showlink.fi\">www.showlink.fi<\/a> \u2192<strong> <\/strong><a href=\"http:\/\/ilmoittautuminen.kennelliitto.fi\/\"><strong>ILMOITTAUDU N\u00c4YTTELYYN<\/strong><\/a><\/p>\n\n\n\n<p>Online-ilmoittautumisesta tulee aina vahvistus s\u00e4hk\u00f6postiisi. Jollet saa vahvistusta, ota v\u00e4litt\u00f6m\u00e4sti yhteytt\u00e4 asiakaspalveluumme. Tarkasta ilmoittautumisesta koirasi tiedot ja kilpailuluokka. Online-ilmoittautuminen maksetaan verkkopankilla tai luottokortilla ilmoittautumisen yhteydess\u00e4. S\u00e4\u00e4st\u00e4 saamasi ilmoittautumisvahvistus n\u00e4yttelyp\u00e4iv\u00e4\u00e4n asti.<br><\/p>\n\n\n\n<h3 class=\"wp-block-heading\">Ilmoittautumismaksut<\/h3>\n\n\n\n<p><strong>Ilmoittautumismaksut 15.6. menness\u00e4:<\/strong><br>ilmoittautumismaksu&nbsp;<strong>48 \u20ac<\/strong><br>saman omistajan<strong>&nbsp;3.<\/strong>&nbsp;jne koira&nbsp;<strong>30 \u20ac<\/strong><br>pennut ja veteraanit<strong>&nbsp;30 \u20ac<\/strong><br>junior handler&nbsp;<strong>15 \u20ac<\/strong><\/p>\n\n\n\n<p><strong>Ilmoittautumismaksut&nbsp;16.6.-6.7. v\u00e4lisen\u00e4 aikana:<\/strong><br>ilmoittautumismaksu&nbsp;<strong>55 \u20ac<\/strong><br>pennut ja veteraanit<strong>&nbsp;30 \u20ac<\/strong><br>junior handler&nbsp;<strong>15 \u20ac<\/strong><\/p>\n\n\n\n<p><strong>Ilmoittautumismaksut&nbsp;7.-13.7. v\u00e4lisen\u00e4 aikana:<\/strong><br>ilmoittautumismaksu&nbsp;<strong>70 \u20ac<\/strong><br>pennut ja veteraanit<strong>&nbsp;30 \u20ac<\/strong><br>junior handler <strong>15 \u20ac<\/strong><\/p>\n\n\n\n<h3 class=\"wp-block-heading\">Lis\u00e4tietoa<\/h3>\n\n\n\n<p>Ilmoittautumismaksun alennuksen (saman om. 3 jne koira) saaminen edellytt\u00e4\u00e4 kaikkien koirien ilmoittamista yhdell\u00e4 kertaa samaan n\u00e4yttelyyn. Samaksi omistajaksi tulkitaan ilmoittautumistapahtuman ensimm\u00e4iselle koiralle ensimm\u00e4iseksi omistajaksi merkitty henkil\u00f6. <strong>Alennus lasketaan vain t\u00e4ysihintaisista ilmoittautumismaksuista (ei pentujen tai veteraanien maksuista).<\/strong><\/p>\n\n\n\n<p>K\u00e4ytt\u00f6- ja valioluokkaan ilmoitettaessa Kennelliitossa rekister\u00f6idyilt\u00e4 koirilta ei vaadita todistusta n\u00e4ihin luokkiin vaadittavista tuloksista. Muiden maiden rekisteriss\u00e4 olevilla koirilla on oltava valionarvotodistus (vahvistettu kansainv\u00e4linen tai kansallinen muotovalionarvo) ja\/tai k\u00e4ytt\u00f6luokkatodistus (WCC) ilmoittautumisen liitteen\u00e4.<\/p>\n\n\n\n<p>Ilmoittautumisajan p\u00e4\u00e4ttymisen j\u00e4lkeen koiraa ei voida siirt\u00e4\u00e4 toiseen luokkaan (ellei kysymyksess\u00e4 ole j\u00e4rjest\u00e4j\u00e4st\u00e4 johtuva virhe).<br>Uros, jolla ei ole normaalit kivekset saa hyl\u00e4tyn.<\/p>\n\n\n\n<p><strong>Ilmoittautumisia ja kasvattajaryhmi\u00e4 koskevat tiedustelut<\/strong><br>Showlink Oy arkisin klo 11-17 puh. 09 887 30320 tai e-mail: info@showlink.fi<br><em>Mainitsethan tiedustelussasi \/ s\u00e4hk\u00f6postissasi n\u00e4yttelyn nimen sek\u00e4 koiran rekisterinumeron, jota tiedustelu koskee. Jollet saa ilmoittautumisestasi vahvistusta s\u00e4hk\u00f6postiisi, ota v\u00e4litt\u00f6m\u00e4sti yhteytt\u00e4 asiakaspalveluumme. Tarkasta ilmoittautumisesta koirasi tiedot ja kilpailuluokka.<\/em><\/p>\n\n\n\n<p><strong>Rokotusm\u00e4\u00e4r\u00e4ykset <\/strong>Suomen Kennelliitto-Finska Kennelklubben ry:n m\u00e4\u00e4r\u00e4ysten mukaan.<br>Suomen lain vastaisesti typistetyt koirat eiv\u00e4t saa osallistua n\u00e4yttelyyn.<br>Tunnistusmerkint\u00e4 on pakollinen Kennelliiton virallisissa n\u00e4yttelyiss\u00e4, kokeissa ja kilpailuissa.<\/p>\n\n\n\n<p><strong>Antidoping \u2013valvonta<\/strong><br>Dopingvalvonta koskee kaikkia Suomen Kennelliiton my\u00f6nt\u00e4mi\u00e4 n\u00e4yttelyit\u00e4, kilpailuja ja kokeita. Ajankohtaisinta tietoa osoitteessa <a href=\"https:\/\/www.kennelliitto.fi\/koiraharrastukset\/tietoa-antidopingsaannoista-kaytanteista-ja-valvonnasta\">KENNELLIITTO \/ ANTIDOPING<\/a><\/p>\n","protected":false},"excerpt":{"rendered":"<p>Aikataulukirjeet ja numerolaput tullaan l\u00e4hett\u00e4m\u00e4\u00e4n ainoastaan s\u00e4hk\u00f6isesti ilmoittautumisessa annettuun s\u00e4hk\u00f6postiosoitteeseen. Numerolappuja ei toimiteta postitse. Ilmoittautumiset viimeist\u00e4\u00e4n 15.6. \/ 6.7. \/ 13.7.2026 menness\u00e4. Ilmoittautuminen n\u00e4yttelyyn tulee &hellip;<\/p>\n","protected":false},"author":1,"featured_media":0,"parent":0,"menu_order":5,"comment_status":"closed","ping_status":"closed","template":"","meta":{"footnotes":""},"class_list":["post-15","page","type-page","status-publish","hentry"],"_links":{"self":[{"href":"https:\/\/www.showlink.fi\/shows\/kuopioKV2026\/index.php?rest_route=\/wp\/v2\/pages\/15","targetHints":{"allow":["GET"]}}],"collection":[{"href":"https:\/\/www.showlink.fi\/shows\/kuopioKV2026\/index.php?rest_route=\/wp\/v2\/pages"}],"about":[{"href":"https:\/\/www.showlink.fi\/shows\/kuopioKV2026\/index.php?rest_route=\/wp\/v2\/types\/page"}],"author":[{"embeddable":true,"href":"https:\/\/www.showlink.fi\/shows\/kuopioKV2026\/index.php?rest_route=\/wp\/v2\/users\/1"}],"replies":[{"embeddable":true,"href":"https:\/\/www.showlink.fi\/shows\/kuopioKV2026\/index.php?rest_route=%2Fwp%2Fv2%2Fcomments&post=15"}],"version-history":[{"count":24,"href":"https:\/\/www.showlink.fi\/shows\/kuopioKV2026\/index.php?rest_route=\/wp\/v2\/pages\/15\/revisions"}],"predecessor-version":[{"id":436,"href":"https:\/\/www.showlink.fi\/shows\/kuopioKV2026\/index.php?rest_route=\/wp\/v2\/pages\/15\/revisions\/436"}],"wp:attachment":[{"href":"https:\/\/www.showlink.fi\/shows\/kuopioKV2026\/index.php?rest_route=%2Fwp%2Fv2%2Fmedia&parent=15"}],"curies":[{"name":"wp","href":"https:\/\/api.w.org\/{rel}","templated":true}]}}