{"id":309,"date":"2024-12-10T14:07:37","date_gmt":"2024-12-10T12:07:37","guid":{"rendered":"https:\/\/www.showlink.fi\/shows\/kuopiot2023\/?page_id=309"},"modified":"2026-01-19T09:27:53","modified_gmt":"2026-01-19T07:27:53","slug":"judges","status":"publish","type":"page","link":"https:\/\/www.showlink.fi\/shows\/kuopioKV2026\/?page_id=309","title":{"rendered":"Judges"},"content":{"rendered":"\n<p><strong>On Saturday 1.8. FCI groups 2, 3, 4, 6, 9<\/strong><br><strong>On Sunday 2.8. FCI groups 1, 5, 7, 8, 10<\/strong><\/p>\n\n\n\n<h2 class=\"wp-block-heading\">Saturday<\/h2>\n\n\n\n<p><strong>Group 2<\/strong><br>Affenpinscher, Atlas Mountain Dog (Aidi), Austrian Pinscher, Bernese Mountain Dog, Boxer, Bulldog, Caucasian Shepherd Dog, Central Asia Shepherd Dog, Dogue de Bordeaux, Estrela Mountain Dogs, German Pinscher, Karst Shepherd Dog, Landseer (European Continental Type), Presa Canario, Rafeiro of Alentejo&nbsp;<strong>George Schogol<\/strong>, Georgia<br>Castro Laboreiro Dog, Ciob\u0103nesc Rom\u00e2nesc Corb, Dobermann, Dogo Argentino, Hovawart, Italian Cane Corso, Leonberger, Rottweiler, Shar Pei, Yugoslavian Shepherd Dog &#8211; Sharplanina&nbsp;<strong>Juha Putkonen<\/strong><br>Appenzell Cattle Dog, Broholmer, Continental Bulldog, Dutch Smoushond, Entlebuch Cattle Dog, Fila Brasileiro, Great Swiss Mountain Dog, Kangal Shepherd Dog, Majorca Mastiff, Mastiff, Neapolitan Mastiff, Newfoundland, Pyrenean Mountain Dog, Romanian Bucovina Shepherd, Saint Miguel Cattle Dog, Spanish Mastiff, Tornjak (Bosnian And Herzegovinian &#8211; Croatian Shepherd Dog), Tosa, Transmontano Mastiff&nbsp;<strong>Markku M\u00e4h\u00f6nen<\/strong><br>Bullmastiff, Cimarr\u00f3n Uruguayo, Danish-Swedish Farmdog, Giant Schnauzers, Great Danes, Miniature Pinscher, Miniature Schnauzers, Pyrenean Mastiff, Russian Black Terrier, Schnauzers, St. Bernards, Tibetan Mastiff&nbsp;<strong>Tanya Ahlman-Stockmari<\/strong><\/p>\n\n\n\n<p><strong>Group 3<\/strong><br>Australian Silky Terrier, Fox Terrier, Smooth-haired, Fox Terrier, Wire-haired, Norfolk Terrier, Norwich Terrier, Parson Russell Terrier, Scottish Terrier, Skye Terrier&nbsp;<strong>Anca Giura<\/strong>, Romania<br>Airedale Terrier, American Staffordshire Terrier, Biewer Terrier, Brazilian Terrier, Bull Terrier, Cesky Terrier, Dandie Dinmont Terrier, English Toy Terrier, Irish Glen Of Imaal Terrier, Irish Terrier, Miniature Bull Terrier, Staffordshire Bull Terrier&nbsp;<strong>Espen Engh<\/strong>, Norway<br>American Hairless Terrier, American Toy Fox Terrier, Bedlington Terrier, Border Terrier, Cairn Terrier, Irish Soft Coated Wheaten Terrier, Kerry Blue Terrier, Manchester Terrier, Rat Terrier, Ratonero Bodeguero Andaluz, Tenterfield Terrier, Valencian Terrier, Yorkshire Terrier&nbsp;<strong>Eva Nielsen<\/strong>, Sweden<br>Australian Terrier, German Hunting Terrier, Jack Russell Terrier, Japanese Terrier, Lakeland Terrier, Sealyham Terrier, Welsh Terrier, West Highland White Terrier&nbsp;<strong>Jaana Kummala<\/strong><\/p>\n\n\n\n<p><strong>Group 4<\/strong><br>all breeds&nbsp;<strong><strong>Inga Siil<\/strong>, Estonia<\/strong><\/p>\n\n\n\n<p><strong>Group 6<\/strong><br>Basset Fauve De Bretagne, Basset Hound, Blue Gascony Griffon, Dalmatian, Great Gascony Blue, Petit Basset Griffon Vend\u00e9en, Russian Hound, Small Blue Gascony, Small Swiss Hound, Small Bernese Hound, Small Swiss Hound, Small Jura Hound, Small Swiss Hound, Small Lucerne Hound, Small Swiss Hound, Small Schwyz Hound&nbsp;<strong>George Schogol<\/strong>, Georgia<br>other breeds&nbsp;<strong>Riitta Niemel\u00e4<\/strong><\/p>\n\n\n\n<p><strong>Group 9<\/strong><br>Poodles&nbsp;<strong>Francesco Cochetti<\/strong>, Italy<br>Cavalier King Charles Spaniel, Chihuahuas, Chinese Crested Dog, Lhasa Apso, Little Lion Dog&nbsp;<strong>Helin Tenson<\/strong><br>Boston Terrier, French Bulldog, Havanese, Japanese Chin, King Charles Spaniel, Maltese, Pekingese, Pra\u017esk\u00fd Krysar\u00edk, Pug, Shih Tzu&nbsp;<strong>Jussi Liimatainen<\/strong><br>Bichon Frise, Bolognese, Coton de Tulear, Griffon Belge, Griffon Bruxellois, Kromfohrl\u00e4nder, Markiesje, Petit Braban\u00e7on, Tibetan Spaniel&nbsp;<strong>Laurent Heinesche<\/strong><br>Papillon, Phal\u00e8ne, Russian Toys, Russkaja Tsvetnaja Bolonka, Tibetan Terrier&nbsp;<strong>Rob Douma<\/strong>, The Netherlands<\/p>\n\n\n\n<p>Junior Handler <strong>Elmiina Kuusonen<\/strong><\/p>\n\n\n\n<p><strong>Group Finals<\/strong><br>2<strong>&nbsp;George Schogol<\/strong>, Georgia<br>3<strong>&nbsp;Anca Giura<\/strong>, Romania<br>4<strong>&nbsp;Inga Siil<\/strong>, Estonia<br>6<strong>&nbsp;Jaana Kummala<\/strong><br>9<strong>&nbsp;Jussi Liimatainen<\/strong><br>Best Junior&nbsp;<strong>Helin Tenson<\/strong><br>Best Veteran&nbsp;<strong>Juha Putkonen<\/strong><br>Best Breeders Group&nbsp;<strong>Jussi Liimatainen<\/strong><\/p>\n\n\n\n<h2 class=\"wp-block-heading\">Sunday<\/h2>\n\n\n\n<p><strong>Group 1<\/strong><br>Bohemian Shepherd Dog, Collie Rough, Collie Smooth, Romanian Mioritic Shepherd Dog&nbsp;<strong>Anca Giura<\/strong>, Romania<br>Belgian Shepherd Dogs, Bergamasco Shepherd Dog, Berger de Beauce, Bouvier des Flandres, Briard, Catalan Sheepdog, Croatian Shepherd Dog, Czechoslovakian Wolfdog, Dutch Schapendoes, Dutch Shepherd Dogs, East European Shepherd, German Shepherd Dogs, Komondor, Kuvasz, Miniature American Shepherd, Picardy Sheepdog, Portuguese Sheepdog, Romanian Carpathian Shepherd Dog, Saarloos Wolfhond, South Russian Shepherd Dog&nbsp;<strong>George Schogol<\/strong>, Georgia<br>Lancashire Heeler, Schipperke, Shetland Sheepdog&nbsp;<strong>Helin Tenson<\/strong><br>Australian Cattle Dog, Australian Kelpie, Australian Shepherd, Australian Stumpy Tail Cattle Dog, Bearded Collie, Border Collie, Bouvier des Ardennes, Majorca Shepherd Dog, Maremma and the Abruzzes Sheepdog, Mudi, Polish Lowland Sheepdog, Pulis, Pumi, Slovakian Chuvach, Small Medimurje Dog &#8211; Medi, Tatra Shepherd Dog, White Swiss Shepherd Dog&nbsp;<strong>Juha Putkonen<\/strong><br>Old English Sheepdog, Pyrenean Sheepdogs, Welsh Corgi Cardigan, Welsh Corgi Pembroke&nbsp;<strong>Jussi Liimatainen<\/strong><\/p>\n\n\n\n<p><strong>Group 5<\/strong><br>Norrbottenspitz, Siberian Husky&nbsp;<strong>Jussi Liimatainen<\/strong><br>East Siberian Laika, Finnish Spitz, Karelian Bear Dog, Lapponian Herder, Norwegian Elkhound Black, Norwegian Elkhound Grey, Russian-European Laika, Swedish Elkhound, Swedish White Elkhound, West Siberian Laika&nbsp;<strong>Riitta Niemel\u00e4<\/strong><br>Alaskan Malamute, Grosspitzes, H\u00e4lleforshund, Keeshond, Mittelspitzes, Kleinspitzes, Pomeranian, Portuguese Podengos&nbsp;<strong>Rob Douma<\/strong>, The Netherlands<br>Akita, American Akita, American Eskimo Dog, Basenji, Black Spitz, Canaan Dog, Canadian Eskimo Dog, Canarian Warren Hound, Chow Chow, Cirneco dell&#8217;Etna, Danish Spitz, Eurasian, Finnish Lapponian Dog, Greenland Dog, Hokkaido, Ibizan Podencos, Icelandic Sheepdog, Italian Volpino, Japanese Spitz, Kai, Kintamani-Bali Dog, Kishu, Korea Jindo Dog, Norwegian Buhund, Norwegian Lundehund, Peruvian Hairless Dogs, Pharaoh Hound, Samoyed, Shiba, Shikoku, Swedish Lapphund, Swedish Vallhund, Taiwan Dog, Thai Bangkaew Dog, Thai Ridgeback Dog, Xoloitzcuintles, Yakutian Laika&nbsp;<strong>Tanya Ahlman-Stockmari<\/strong><\/p>\n\n\n\n<p><strong>Group 7<\/strong><br>all breeds <strong>Espen Engh<\/strong>, Norway<\/p>\n\n\n\n<p><strong>Group 8<\/strong><br>Chesapeake Bay Retriever, Curly Coated Retriever, English Springer Spaniel, French Water Dog, Irish Water Spaniel, Sussex Spaniel, Welsh Springer Spaniel&nbsp;<strong>Francesco Cochetti<\/strong>, Italy<br>American Cocker Spaniel, Clumber Spaniel, Cocker Spaniel, Field Spaniel, German Spaniel, Lagotto Romagnolo, Nederlandse Kooikerhondje, Polish Hunting Spaniel, Russian Spaniel, Wetterhoun&nbsp;<strong>Inga Siil<\/strong>, Estonia<br>Golden Retriever, Labrador Retriever&nbsp;<strong>Jaana Kummala<\/strong><br>American Water Spaniel, Flat Coated Retriever, Nova Scotia Duck Tolling Retriever, Portuguese Water Dog, Spanish Water Dog&nbsp;<strong>Markku M\u00e4h\u00f6nen<\/strong><\/p>\n\n\n\n<p><strong>Group 10<\/strong><br>all breeds&nbsp;<strong>Laurent Heinesche<\/strong><\/p>\n\n\n\n<p>Junior Handler&nbsp;<strong>Marko Salmela<\/strong><\/p>\n\n\n\n<p><strong>Group Finals<\/strong><br>1<strong>&nbsp;Juha Putkonen<\/strong><br>5<strong>&nbsp;Eva Nielsen<\/strong>, Sweden<br>7<strong>&nbsp;Espen Engh<\/strong>, Norway<br>8<strong>&nbsp;Markku M\u00e4h\u00f6nen<\/strong><br>10<strong>&nbsp;Laurent Heinesche<\/strong><br>Best Junior&nbsp;<strong><strong>Tanya Ahlman-Stockmari<\/strong><\/strong><br>Best Veteran <strong>Rob Douma<\/strong>, The Netherlands<br>Best Breeders Group&nbsp;<strong><strong>Jaana Kummala<\/strong><\/strong><\/p>\n\n\n\n<p>Best in Show<strong>&nbsp;Francesco Cochetti<\/strong>, Italy<\/p>\n","protected":false},"excerpt":{"rendered":"<p>On Saturday 1.8. FCI groups 2, 3, 4, 6, 9On Sunday 2.8. FCI groups 1, 5, 7, 8, 10 Saturday Group 2Affenpinscher, Atlas Mountain Dog &hellip;<\/p>\n","protected":false},"author":1,"featured_media":0,"parent":0,"menu_order":0,"comment_status":"closed","ping_status":"closed","template":"","meta":{"footnotes":""},"class_list":["post-309","page","type-page","status-publish","hentry"],"_links":{"self":[{"href":"https:\/\/www.showlink.fi\/shows\/kuopioKV2026\/index.php?rest_route=\/wp\/v2\/pages\/309","targetHints":{"allow":["GET"]}}],"collection":[{"href":"https:\/\/www.showlink.fi\/shows\/kuopioKV2026\/index.php?rest_route=\/wp\/v2\/pages"}],"about":[{"href":"https:\/\/www.showlink.fi\/shows\/kuopioKV2026\/index.php?rest_route=\/wp\/v2\/types\/page"}],"author":[{"embeddable":true,"href":"https:\/\/www.showlink.fi\/shows\/kuopioKV2026\/index.php?rest_route=\/wp\/v2\/users\/1"}],"replies":[{"embeddable":true,"href":"https:\/\/www.showlink.fi\/shows\/kuopioKV2026\/index.php?rest_route=%2Fwp%2Fv2%2Fcomments&post=309"}],"version-history":[{"count":6,"href":"https:\/\/www.showlink.fi\/shows\/kuopioKV2026\/index.php?rest_route=\/wp\/v2\/pages\/309\/revisions"}],"predecessor-version":[{"id":444,"href":"https:\/\/www.showlink.fi\/shows\/kuopioKV2026\/index.php?rest_route=\/wp\/v2\/pages\/309\/revisions\/444"}],"wp:attachment":[{"href":"https:\/\/www.showlink.fi\/shows\/kuopioKV2026\/index.php?rest_route=%2Fwp%2Fv2%2Fmedia&parent=309"}],"curies":[{"name":"wp","href":"https:\/\/api.w.org\/{rel}","templated":true}]}}