{"id":348,"date":"2025-03-13T08:11:34","date_gmt":"2025-03-13T06:11:34","guid":{"rendered":"https:\/\/www.showlink.fi\/shows\/kuopioKV2025\/?page_id=348"},"modified":"2025-10-16T12:15:23","modified_gmt":"2025-10-16T09:15:23","slug":"markkinointi","status":"publish","type":"page","link":"https:\/\/www.showlink.fi\/shows\/kuopioKV2026\/?page_id=348","title":{"rendered":"Markkinointi"},"content":{"rendered":"\n<p>Kuopio KV 2026 tarjoaa j\u00e4lleen kerran k\u00e4vij\u00e4m\u00e4\u00e4r\u00e4lt\u00e4\u00e4n Suomen kes\u00e4n\u00e4yttelyiden suurimpia tapahtumia ja tarjoamme samalla yhteisty\u00f6kumppaneillemme laajan n\u00e4kyvyyden.<\/p>\n\n\n\n<p>Haluatko tulla myyntiosastolla tapahtumaamme?<br><br><strong>Myyntipaikat n\u00e4yttelyalueella<\/strong><br>Tervetuloa esittelem\u00e4\u00e4n ja myym\u00e4\u00e4n tuotteita Kuopio KV 2026 -tapahtumaan.<br>Myyntipaikkojen varaus tapahtuu ottamalla yhteytt\u00e4 markkinointiin ja tiedustelemalla haluamanne paikan varaustilannetta.<\/p>\n\n\n\n<p><strong>Tiedustelut:<\/strong><br>+358 (0)40 1644600<br>e-mail: kari.leppanen@icloud.com<\/p>\n","protected":false},"excerpt":{"rendered":"<p>Kuopio KV 2026 tarjoaa j\u00e4lleen kerran k\u00e4vij\u00e4m\u00e4\u00e4r\u00e4lt\u00e4\u00e4n Suomen kes\u00e4n\u00e4yttelyiden suurimpia tapahtumia ja tarjoamme samalla yhteisty\u00f6kumppaneillemme laajan n\u00e4kyvyyden. Haluatko tulla myyntiosastolla tapahtumaamme? Myyntipaikat n\u00e4yttelyalueellaTervetuloa esittelem\u00e4\u00e4n ja &hellip;<\/p>\n","protected":false},"author":1,"featured_media":0,"parent":0,"menu_order":0,"comment_status":"closed","ping_status":"closed","template":"","meta":{"footnotes":""},"class_list":["post-348","page","type-page","status-publish","hentry"],"_links":{"self":[{"href":"https:\/\/www.showlink.fi\/shows\/kuopioKV2026\/index.php?rest_route=\/wp\/v2\/pages\/348","targetHints":{"allow":["GET"]}}],"collection":[{"href":"https:\/\/www.showlink.fi\/shows\/kuopioKV2026\/index.php?rest_route=\/wp\/v2\/pages"}],"about":[{"href":"https:\/\/www.showlink.fi\/shows\/kuopioKV2026\/index.php?rest_route=\/wp\/v2\/types\/page"}],"author":[{"embeddable":true,"href":"https:\/\/www.showlink.fi\/shows\/kuopioKV2026\/index.php?rest_route=\/wp\/v2\/users\/1"}],"replies":[{"embeddable":true,"href":"https:\/\/www.showlink.fi\/shows\/kuopioKV2026\/index.php?rest_route=%2Fwp%2Fv2%2Fcomments&post=348"}],"version-history":[{"count":3,"href":"https:\/\/www.showlink.fi\/shows\/kuopioKV2026\/index.php?rest_route=\/wp\/v2\/pages\/348\/revisions"}],"predecessor-version":[{"id":431,"href":"https:\/\/www.showlink.fi\/shows\/kuopioKV2026\/index.php?rest_route=\/wp\/v2\/pages\/348\/revisions\/431"}],"wp:attachment":[{"href":"https:\/\/www.showlink.fi\/shows\/kuopioKV2026\/index.php?rest_route=%2Fwp%2Fv2%2Fmedia&parent=348"}],"curies":[{"name":"wp","href":"https:\/\/api.w.org\/{rel}","templated":true}]}}