{"id":6,"date":"2023-01-13T15:56:14","date_gmt":"2023-01-13T13:56:14","guid":{"rendered":"https:\/\/www.showlink.fi\/shows\/kuopiot2023\/?page_id=6"},"modified":"2025-10-16T15:01:53","modified_gmt":"2025-10-16T12:01:53","slug":"tervetuloa-kuopioon","status":"publish","type":"page","link":"https:\/\/www.showlink.fi\/shows\/kuopioKV2026\/","title":{"rendered":"Tervetuloa Kuopion kansainv\u00e4liseen koiran\u00e4yttelyyn 1.-2.8.2026!"},"content":{"rendered":"<div class=\"wp-block-image\">\n<figure class=\"alignright size-full is-resized\"><a href=\"https:\/\/www.royalcanin.com\/fi\"><img loading=\"lazy\" decoding=\"async\" width=\"1772\" height=\"796\" src=\"https:\/\/www.showlink.fi\/shows\/kuopiot2023_uusi\/wp-content\/uploads\/sites\/299\/2023\/01\/ROYAL_CANIN_Logo_300dpi.jpg\" alt=\"\" class=\"wp-image-31\" style=\"width:249px;height:112px\"\/><\/a><\/figure>\n<\/div>\n\n\n<p><strong>N\u00e4yttelypaikkana toimii Sorsasalon ravirata.<br><\/strong>Osoite: Puikkarintie 41, 70420 Kuopio<\/p>\n\n\n\n<p><strong>Lauantaina 1.8. arvostellaan FCI:n ryhm\u00e4t 2, 3, 4, 6, 9<\/strong><br><strong>FCI 2 \u2013<\/strong> Pinserit, snautserit, molossityyppiset ja sveitsinpaimenkoirat<br><strong>FCI 3 \u2013<\/strong> Terrierit<br><strong>FCI 4 \u2013<\/strong> M\u00e4yr\u00e4koirat<br><strong>FCI 6 \u2013<\/strong> Ajavat ja j\u00e4ljest\u00e4v\u00e4t koirat<br><strong>FCI 9 \u2013<\/strong> Seura- ja k\u00e4\u00e4pi\u00f6koirat<br><br><strong>Sunnuntaina 2.8. arvostellaan FCI:n ryhm\u00e4t 1, 5, 7, 8, 10<\/strong><br><strong>FCI 1 \u2013<\/strong> Lammas- ja karjakoirat (paitsi sveitsinpaimenkoirat)<br><strong>FCI 5 \u2013<\/strong> Pystykorvat ja alkukantaiset koirat<br><strong>FCI 7 \u2013<\/strong> Seisovat lintukoirat<br><strong>FCI 8 \u2013<\/strong> Noutajat, yl\u00f6sajavat ja vesikoirat<br><strong>FCI 10 \u2013<\/strong> Vinttikoirat<\/p>\n\n\n\n<p><strong>My\u00f6s pennut (7 kk &#8211; alle 9 kk) ja sunnuntaina Junior Handler SM-osakilpailu<\/strong>.<\/p>\n\n\n\n<p><strong>J\u00e4rjest\u00e4j\u00e4t: <\/strong><br>Pohjois-Savon Kennelpiiri ry,&nbsp;Pohjois-Savon Ajokoirayhdistys ry, Kuopion Palvelus- ja Seurakoiraharrastajat ry,&nbsp;Pohjois-Savon Dreeverikerho ry, Kuopion Er\u00e4nk\u00e4vij\u00e4t ry, Suomen Eestinajokoirayhdistys ry<br><\/p>\n\n\n\n<p><\/p>\n","protected":false},"excerpt":{"rendered":"<p>N\u00e4yttelypaikkana toimii Sorsasalon ravirata.Osoite: Puikkarintie 41, 70420 Kuopio Lauantaina 1.8. arvostellaan FCI:n ryhm\u00e4t 2, 3, 4, 6, 9FCI 2 \u2013 Pinserit, snautserit, molossityyppiset ja sveitsinpaimenkoiratFCI &hellip;<\/p>\n","protected":false},"author":1,"featured_media":0,"parent":0,"menu_order":0,"comment_status":"closed","ping_status":"closed","template":"","meta":{"footnotes":""},"class_list":["post-6","page","type-page","status-publish","hentry"],"_links":{"self":[{"href":"https:\/\/www.showlink.fi\/shows\/kuopioKV2026\/index.php?rest_route=\/wp\/v2\/pages\/6","targetHints":{"allow":["GET"]}}],"collection":[{"href":"https:\/\/www.showlink.fi\/shows\/kuopioKV2026\/index.php?rest_route=\/wp\/v2\/pages"}],"about":[{"href":"https:\/\/www.showlink.fi\/shows\/kuopioKV2026\/index.php?rest_route=\/wp\/v2\/types\/page"}],"author":[{"embeddable":true,"href":"https:\/\/www.showlink.fi\/shows\/kuopioKV2026\/index.php?rest_route=\/wp\/v2\/users\/1"}],"replies":[{"embeddable":true,"href":"https:\/\/www.showlink.fi\/shows\/kuopioKV2026\/index.php?rest_route=%2Fwp%2Fv2%2Fcomments&post=6"}],"version-history":[{"count":39,"href":"https:\/\/www.showlink.fi\/shows\/kuopioKV2026\/index.php?rest_route=\/wp\/v2\/pages\/6\/revisions"}],"predecessor-version":[{"id":433,"href":"https:\/\/www.showlink.fi\/shows\/kuopioKV2026\/index.php?rest_route=\/wp\/v2\/pages\/6\/revisions\/433"}],"wp:attachment":[{"href":"https:\/\/www.showlink.fi\/shows\/kuopioKV2026\/index.php?rest_route=%2Fwp%2Fv2%2Fmedia&parent=6"}],"curies":[{"name":"wp","href":"https:\/\/api.w.org\/{rel}","templated":true}]}}