{"id":9,"date":"2023-01-13T15:56:40","date_gmt":"2023-01-13T13:56:40","guid":{"rendered":"https:\/\/www.showlink.fi\/shows\/kuopiot2023\/?page_id=9"},"modified":"2026-02-05T09:54:34","modified_gmt":"2026-02-05T07:54:34","slug":"aikataulut","status":"publish","type":"page","link":"https:\/\/www.showlink.fi\/shows\/kuopioKV2026\/?page_id=9","title":{"rendered":"Aikataulut"},"content":{"rendered":"\n<p><em>Aikataulut julkaistaan noin viikkoa ennen n\u00e4yttely\u00e4.<\/em><\/p>\n\n\n\n<p><strong>\u00bb<\/strong> <a href=\"https:\/\/www.showlink.fi\/kuopiokv2026\/kehakartta_2026.pdf\">KEH\u00c4KARTTA<\/a><\/p>\n\n\n\n<p>Aikataulukirjeet ja numerolaput tullaan l\u00e4hett\u00e4m\u00e4\u00e4n<strong> ainoastaan s\u00e4hk\u00f6isesti<\/strong> ilmoittautumisessa annettuun s\u00e4hk\u00f6postiosoitteeseen. <br><strong>Numerolappuja ei toimiteta postitse.<\/strong><\/p>\n","protected":false},"excerpt":{"rendered":"<p>Aikataulut julkaistaan noin viikkoa ennen n\u00e4yttely\u00e4. \u00bb KEH\u00c4KARTTA Aikataulukirjeet ja numerolaput tullaan l\u00e4hett\u00e4m\u00e4\u00e4n ainoastaan s\u00e4hk\u00f6isesti ilmoittautumisessa annettuun s\u00e4hk\u00f6postiosoitteeseen. Numerolappuja ei toimiteta postitse.<\/p>\n","protected":false},"author":1,"featured_media":0,"parent":0,"menu_order":8,"comment_status":"closed","ping_status":"closed","template":"","meta":{"footnotes":""},"class_list":["post-9","page","type-page","status-publish","hentry"],"_links":{"self":[{"href":"https:\/\/www.showlink.fi\/shows\/kuopioKV2026\/index.php?rest_route=\/wp\/v2\/pages\/9","targetHints":{"allow":["GET"]}}],"collection":[{"href":"https:\/\/www.showlink.fi\/shows\/kuopioKV2026\/index.php?rest_route=\/wp\/v2\/pages"}],"about":[{"href":"https:\/\/www.showlink.fi\/shows\/kuopioKV2026\/index.php?rest_route=\/wp\/v2\/types\/page"}],"author":[{"embeddable":true,"href":"https:\/\/www.showlink.fi\/shows\/kuopioKV2026\/index.php?rest_route=\/wp\/v2\/users\/1"}],"replies":[{"embeddable":true,"href":"https:\/\/www.showlink.fi\/shows\/kuopioKV2026\/index.php?rest_route=%2Fwp%2Fv2%2Fcomments&post=9"}],"version-history":[{"count":31,"href":"https:\/\/www.showlink.fi\/shows\/kuopioKV2026\/index.php?rest_route=\/wp\/v2\/pages\/9\/revisions"}],"predecessor-version":[{"id":445,"href":"https:\/\/www.showlink.fi\/shows\/kuopioKV2026\/index.php?rest_route=\/wp\/v2\/pages\/9\/revisions\/445"}],"wp:attachment":[{"href":"https:\/\/www.showlink.fi\/shows\/kuopioKV2026\/index.php?rest_route=%2Fwp%2Fv2%2Fmedia&parent=9"}],"curies":[{"name":"wp","href":"https:\/\/api.w.org\/{rel}","templated":true}]}}