{"id":22,"date":"2018-09-17T14:10:11","date_gmt":"2018-09-17T11:10:11","guid":{"rendered":"http:\/\/www.showlink.fi\/shows\/lahtikv22-ehdotus\/?page_id=22"},"modified":"2025-11-14T13:18:34","modified_gmt":"2025-11-14T11:18:34","slug":"ilmoittautuminen","status":"publish","type":"page","link":"https:\/\/www.showlink.fi\/shows\/lahtikv_2026\/ilmoittautuminen\/","title":{"rendered":"Ilmoittautuminen"},"content":{"rendered":"\n<p><\/p>\n\n\n\n<p class=\"has-white-color has-text-color has-background has-link-color wp-elements-9fd2df7f476bfdbb62f4b8ad1553b975\" style=\"background-color:#212121\"><strong>Ilmoittautuminen <strong>25.-26.4.2026<\/strong> Lahden kansainv\u00e4liseen koiran\u00e4yttelyyn.<\/strong><br><br>Ilmoittautumisten aikarajat <strong>2.3. \/ 23.3. \/ 31.3.2026.<\/strong> Katso ilmoittautumismaksut.<br><br>N\u00e4yttelyss\u00e4mme on k\u00e4yt\u00f6ss\u00e4 <strong>VAIN online-ilmoittautuminen<\/strong>, ilmoittautumista ei voi l\u00e4hett\u00e4\u00e4 postitse tai s\u00e4hk\u00f6postilla. Ilmoittautuminen tulee tehd\u00e4 viimeist\u00e4\u00e4n viimeisen\u00e4 ilmoittautumisp\u00e4iv\u00e4n\u00e4. <br>Onnistuneesta ilmoittautumisesta tulee vahvistus s\u00e4hk\u00f6postiin. My\u00f6h\u00e4styneit\u00e4 ilmoittautumisia ei hyv\u00e4ksyt\u00e4.<\/p>\n\n\n\n<p class=\"has-white-color has-text-color has-background has-link-color wp-elements-992354d4d9c4d0cd3f6db0a635d0a224\" style=\"background-color:#414141\"><strong>Kaikki n\u00e4yttelyn numerolaput ja aikataulukirjeet tullaan l\u00e4hett\u00e4m\u00e4\u00e4n s\u00e4hk\u00f6isesti.<\/strong> <br>Kutsuja ei l\u00e4hetet\u00e4 postitse.<\/p>\n\n\n\n<p><strong>N\u00e4yttelyss\u00e4 k\u00e4yt\u00f6ss\u00e4 VAIN online-ilmoittautuminen<\/strong>.<\/p>\n\n\n\n<p>Ilmoittaessaan koiransa n\u00e4yttelyyn n\u00e4ytteilleasettaja sitoutuu noudattamaan Suomen Kennelliiton voimassa olevia n\u00e4yttelys\u00e4\u00e4nt\u00f6j\u00e4 ja niit\u00e4 t\u00e4ydent\u00e4vi\u00e4 ohjeita sek\u00e4 rokotusm\u00e4\u00e4r\u00e4yksi\u00e4.<br>S\u00e4\u00e4nn\u00f6t l\u00f6ytyv\u00e4t&nbsp;<a href=\"https:\/\/www.kennelliitto.fi\/koiraharrastukset\/koiranayttelyt\/ohjeita-ja-lomakkeita-nayttelyyn-osallistujille-ja-nayttelyn-jarjestajille\" target=\"_blank\" rel=\"noopener noreferrer\"><strong>Kennelliiton kotisivuilta<\/strong><\/a>.<\/p>\n\n\n\n<p><\/p>\n\n\n\n<p><strong>Online-ilmoittautuminen<\/strong>&nbsp;osoitteessa&nbsp;<a href=\"http:\/\/www.showlink.fi\/\">www.showlink.fi<\/a> \u2192<strong>&nbsp;<\/strong><a href=\"http:\/\/ilmoittautuminen.kennelliitto.fi\/\"><strong>ILMOITTAUDU N\u00c4YTTELYYN<\/strong><\/a><\/p>\n\n\n\n<p>Ilmoittautuminen maksetaan verkkopankilla tai luottokortilla ilmoittautumisen yhteydess\u00e4. Ilmoittautumisesta tulee aina vahvistus s\u00e4hk\u00f6postiisi. Jollet saa vahvistusta noin tunnin sis\u00e4ll\u00e4 ilmoittautumisesta,<strong> ota v\u00e4litt\u00f6m\u00e4sti yhteytt\u00e4<\/strong> asiakaspalveluumme info@showlink.fi. <br>Tarkasta ilmoittautumisen yhteydess\u00e4 lis\u00e4\u00e4m\u00e4si koirasi tiedot ja kilpailuluokka.&nbsp;Tarkasta my\u00f6s saamasi vahvistusviesti. S\u00e4ilyt\u00e4 saamasi vahvistusviesti n\u00e4yttelyyn asti.<\/p>\n\n\n\n<h4 class=\"wp-block-heading\">Ilmoittautumismaksut<\/h4>\n\n\n\n<p><strong><strong>Ilmoittautuminen 2.3.2026 menness\u00e4<\/strong>\u00a0<\/strong><br>1. koira<strong> 47 \u20ac<\/strong><br>saman omistajan 2. jne koira <strong>44 \u20ac<\/strong>\u00a0(edellytt\u00e4\u00e4 yht\u00e4 t\u00e4ysihintaista koiraa)<br>pennut ja veteraanit\u00a0<strong>39 \u20ac<\/strong>\u00a0(pentuluokka 7 kk -alle 9 kk)<br>Junior Handler <strong>15\u20ac<\/strong><\/p>\n\n\n\n<p><strong>Ilmoittautuminen 3.\u201323.3.2026 v\u00e4lisen\u00e4 aikana<\/strong><br>1. koira <strong>51 \u20ac<\/strong> <br>saman om. 2. jne koira <strong>47 \u20ac<\/strong> (edellytt\u00e4\u00e4 yht\u00e4 t\u00e4ysihintaista koiraa)<br>pennut ja veteraanit <strong>42 \u20ac<\/strong>\u00a0(pentuluokka 7 kk -alle 9 kk) <br>Junior Handler <strong>15 \u20ac<\/strong><\/p>\n\n\n\n<p><strong><strong>Ilmoittautuminen 24.-31.3.2026 v\u00e4lisen\u00e4 aikana<\/strong><br><\/strong>kaikki luokat <strong>60 \u20ac<\/strong><br>Junior Handler <strong>15 \u20ac<\/strong><\/p>\n\n\n\n<p><\/p>\n\n\n\n<p><strong>Ilmoittautumisia ja kasvattajaryhmi\u00e4 koskevat tiedustelut&nbsp;<\/strong><br><strong>Showlink Oy<\/strong>&nbsp; arkisin klo 11-17 puh. 09 887 30320 tai e-mail: info@showlink.fi<\/p>\n\n\n\n<p><strong><em>Mainitsethan tiedustelussasi \/ s\u00e4hk\u00f6postissasi n\u00e4yttelyn nimen sek\u00e4 koiran rekisterinumeron, jota tiedustelu koskee.<\/em><\/strong><em> Online-ilmoittautumisesta tulee aina vahvistus s\u00e4hk\u00f6postiisi. Jollet saa noin tunnin sis\u00e4ll\u00e4 vahvistusta ilmoittautumisen j\u00e4lkeen, ota heti yhteytt\u00e4 asiakaspalveluumme. Tarkasta ilmoittautumisesta koirasi tiedot ja kilpailuluokka.<\/em> <em>S\u00e4ilyt\u00e4 vahvistusviesti n\u00e4yttelyp\u00e4iv\u00e4\u00e4n asti.<\/em><strong><br><\/strong><\/p>\n\n\n\n<h4 class=\"wp-block-heading\">Lis\u00e4tietoa<\/h4>\n\n\n\n<p><strong>Ulkomaisessa rekisteriss\u00e4<\/strong> olevilta koirilta tarvitaan valioluokkaan osallistumista varten valiotodistus ja k\u00e4ytt\u00f6luokkaan osallistumista varten k\u00e4ytt\u00f6koetodistus (WCC, Working Class Certificate). Jos valiotodistus tai WCC puuttuu, koira siirret\u00e4\u00e4n avoimeen luokkaan.<\/p>\n\n\n\n<p>Valioluokkaan ilmoittaessa ulkomaisen valionarvon tulee olla vahvistettu.<\/p>\n\n\n\n<p><strong>Huom!&nbsp;<\/strong>Alennuksen (saman omistajan toinen jne. koira) saaminen edellytt\u00e4\u00e4 sit\u00e4, ett\u00e4 ilmoittautuminen tehd\u00e4\u00e4n samalla ilmoittautumiskerralla. Samaksi omistajaksi tulkitaan ilmoittautumistapahtuman ensimm\u00e4iselle koiralle ensimm\u00e4iseksi omistajaksi merkitty henkil\u00f6. <br><strong>Alennus lasketaan vain t\u00e4ysihintaisista ilmoittautumismaksuista (ei pentujen tai veteraanien maksuista).<\/strong><\/p>\n\n\n\n<p>Ilmoittautuminen on teht\u00e4v\u00e4 kirjallisesti vahvistettuna netti-ilmoittautumisena &#8211; pelkk\u00e4 n\u00e4yttelymaksun suoritus ei ole ilmoittautuminen! My\u00f6h\u00e4styneit\u00e4 ilmoittautumisia ei hyv\u00e4ksyt\u00e4.<\/p>\n\n\n\n<p>Ilmoittautumisajan p\u00e4\u00e4ttymisen j\u00e4lkeen koiraa ei voida siirt\u00e4\u00e4 toiseen luokkaan (ellei kysymyksess\u00e4 ole j\u00e4rjest\u00e4j\u00e4st\u00e4 johtuva virhe).<br>Uros, jolla ei ole normaalit kivekset saa hyl\u00e4tyn.<\/p>\n\n\n\n<p><strong>Rokotusm\u00e4\u00e4r\u00e4ykset Suomen Kennelliitto-Finska Kennelklubben ry:n m\u00e4\u00e4r\u00e4ysten mukaan.<br>N\u00e4yttelyyn osallistuvan koiran tulee olla tunnistusmerkitty.<\/strong><br>Suomen lain vastaisesti typistetyt koirat eiv\u00e4t saa osallistua n\u00e4yttelyyn.<\/p>\n\n\n\n<p><strong>Antidoping \u2013valvonta<\/strong><br>Dopingvalvonta koskee kaikkia Suomen Kennelliiton my\u00f6nt\u00e4mi\u00e4 n\u00e4yttelyit\u00e4, kilpailuja ja kokeita.<br>Ajankohtaisinta tietoa osoitteessa&nbsp;<a href=\"https:\/\/www.kennelliitto.fi\/koiraharrastukset\/antidoping\">KENNELLIITTO \/ ANTIDOPING<\/a><\/p>\n","protected":false},"excerpt":{"rendered":"<p>Ilmoittautuminen 25.-26.4.2026 Lahden kansainv\u00e4liseen koiran\u00e4yttelyyn. Ilmoittautumisten aikarajat 2.3. \/ 23.3. \/ 31.3.2026. Katso ilmoittautumismaksut. N\u00e4yttelyss\u00e4mme on k\u00e4yt\u00f6ss\u00e4 VAIN online-ilmoittautuminen, ilmoittautumista ei voi l\u00e4hett\u00e4\u00e4 postitse tai s\u00e4hk\u00f6postilla. Ilmoittautuminen tulee tehd\u00e4 viimeist\u00e4\u00e4n viimeisen\u00e4 ilmoittautumisp\u00e4iv\u00e4n\u00e4. Onnistuneesta ilmoittautumisesta tulee vahvistus s\u00e4hk\u00f6postiin. My\u00f6h\u00e4styneit\u00e4 ilmoittautumisia ei hyv\u00e4ksyt\u00e4. Kaikki n\u00e4yttelyn numerolaput ja aikataulukirjeet tullaan l\u00e4hett\u00e4m\u00e4\u00e4n s\u00e4hk\u00f6isesti. Kutsuja&#8230;<\/p>\n<p class=\"continue-reading-button\"> <a class=\"continue-reading-link\" href=\"https:\/\/www.showlink.fi\/shows\/lahtikv_2026\/ilmoittautuminen\/\">Continue reading<i class=\"crycon-right-dir\"><\/i><\/a><\/p>\n","protected":false},"author":1,"featured_media":0,"parent":0,"menu_order":2,"comment_status":"closed","ping_status":"closed","template":"","meta":{"footnotes":""},"class_list":["post-22","page","type-page","status-publish","hentry"],"_links":{"self":[{"href":"https:\/\/www.showlink.fi\/shows\/lahtikv_2026\/wp-json\/wp\/v2\/pages\/22","targetHints":{"allow":["GET"]}}],"collection":[{"href":"https:\/\/www.showlink.fi\/shows\/lahtikv_2026\/wp-json\/wp\/v2\/pages"}],"about":[{"href":"https:\/\/www.showlink.fi\/shows\/lahtikv_2026\/wp-json\/wp\/v2\/types\/page"}],"author":[{"embeddable":true,"href":"https:\/\/www.showlink.fi\/shows\/lahtikv_2026\/wp-json\/wp\/v2\/users\/1"}],"replies":[{"embeddable":true,"href":"https:\/\/www.showlink.fi\/shows\/lahtikv_2026\/wp-json\/wp\/v2\/comments?post=22"}],"version-history":[{"count":46,"href":"https:\/\/www.showlink.fi\/shows\/lahtikv_2026\/wp-json\/wp\/v2\/pages\/22\/revisions"}],"predecessor-version":[{"id":926,"href":"https:\/\/www.showlink.fi\/shows\/lahtikv_2026\/wp-json\/wp\/v2\/pages\/22\/revisions\/926"}],"wp:attachment":[{"href":"https:\/\/www.showlink.fi\/shows\/lahtikv_2026\/wp-json\/wp\/v2\/media?parent=22"}],"curies":[{"name":"wp","href":"https:\/\/api.w.org\/{rel}","templated":true}]}}