{"id":24,"date":"2018-09-17T14:10:25","date_gmt":"2018-09-17T11:10:25","guid":{"rendered":"http:\/\/www.showlink.fi\/shows\/lahtikv22-ehdotus\/?page_id=24"},"modified":"2025-12-01T12:19:44","modified_gmt":"2025-12-01T10:19:44","slug":"tuomarit","status":"publish","type":"page","link":"https:\/\/www.showlink.fi\/shows\/lahtikv_2026\/tuomarit\/","title":{"rendered":"Tuomarit"},"content":{"rendered":"\n<h4 class=\"wp-block-heading\">Lauantaina 25.4. arvostellaan FCI:n ryhm\u00e4t 2, 3, 4, 5, 6<br>Sunnuntaina 26.4. arvostellaan FCI:n ryhm\u00e4t 1, 7, 8, 9, 10<\/h4>\n\n\n\n<hr class=\"wp-block-separator has-css-opacity\"\/>\n\n\n\n<h3 class=\"wp-block-heading\">LAUANTAI<\/h3>\n\n\n\n<p><br><strong>Ryhm\u00e4 2<\/strong><br><em>Varalla kaikille ryhm\u00e4 2 roduille <strong>Paula Heikkinen-Lehkonen<\/strong><\/em><br>bernhardinkoira, lyhytkarvainen, bernhardinkoira, pitk\u00e4karvainen, hovawart, kangalinkoira, karstinpaimenkoira, pyreneittenkoira, pyreneittenmastiffi, suursnautseri, musta, suursnautseri, musta-hopea, suursnautseri, pippuri &amp; suola <strong>Anders Tunold-Hanssen<\/strong>, Norja<br>tanskandoggi, keltainen ja tiikerijuovainen, tanskandoggi, musta ja harlekiini, tanskandoggi, sininen <strong>Annette Bystrup<\/strong>, Tanska<br>snautseri, musta, snautseri, pippuri &amp; suola <strong>Cheryl Paterson<\/strong>, Kanada<br>bordeauxindoggi, bukovinankoira, castro laboreironkoira, dogo argentino, espanjanmastiffi, estrelanvuoristokoira, lyhytkarvainen, estrelanvuoristokoira, pitk\u00e4karvainen, kaukasiankoira, keskiaasiankoira, mastiffi, sao miguelinfila, sarplaninac, shar pei, tornjak, tosa, transmontano mastiff, uruguayncimarron, ven\u00e4j\u00e4nmustaterrieri <strong>Ferenc Groschl<\/strong>, Unkari<br>aidi, alentejonkoira, appenzellinpaimenkoira, berninpaimenkoira, continental bulldog, englanninbulldoggi, entlebuchinpaimenkoira, fila brasileiro, hollanninrottakoira, isosveitsinpaimenkoira, it\u00e4vallanpinseri, kanariandoggi, mallorcandoggi, napolinmastiffi <strong>Ivo Beccarelli<\/strong>, Sveitsi<br>k\u00e4\u00e4pi\u00f6pinseri <strong>Maija Lehtonen<\/strong><br>broholminkoira, landseer, leonberginkoira, musta romanianvuoristokoira, newfoundlandinkoira, tiibetinmastiffi <strong>Marjo Nyg\u00e5rd<\/strong><br>apinapinseri, k\u00e4\u00e4pi\u00f6snautseri, valkoinen, pinseri, tanskalais-ruotsalainen pihakoira <strong>Markus Gisslen<\/strong>, Ruotsi<br>bullmastiffi, cane corso, k\u00e4\u00e4pi\u00f6snautseri, musta, k\u00e4\u00e4pi\u00f6snautseri, musta-hopea, k\u00e4\u00e4pi\u00f6snautseri, pippuri &amp; suola <strong>Mervi Raisaari<\/strong><br>bokseri, dobermanni, rottweiler <strong>Rolf Blessing<\/strong>, Saksa<br><br><strong>Ryhm\u00e4 3<\/strong><br><em>Varalla kaikille ryhm\u00e4 3 roduille <strong>Juha Putkonen<\/strong><\/em><br>jackrussellinterrieri, parsonrussellinterrieri <strong>Anna Brankovic<\/strong>, Serbia<br>australianterrieri, karkeakarvainen kettuterrieri, kerrynterrieri, sile\u00e4karvainen kettuterrieri, valkoinen l\u00e4nsiyl\u00e4maanterrieri <strong>Birte Scheel<\/strong>, Tanska<br>amerikankarvatonterrieri, amerikank\u00e4\u00e4pi\u00f6kettuterrieri, amerikanrottaterrieri, skotlanninterrieri <strong>Ferenc Groschl<\/strong>, Unkari<br>norfolkinterrieri, norwichinterrieri <strong>Harri Lehkonen<\/strong><br>silkkiterrieri, yorkshirenterrieri <strong>Maija Lehtonen<\/strong><br>amerikanstaffordshirenterrieri, bullterrieri, glen of imaalinterrieri, k\u00e4\u00e4pi\u00f6bullterrieri <strong>Marian Draganescu<\/strong>, Romania<br>bedlingtoninterrieri, englannink\u00e4\u00e4pi\u00f6terrieri, manchesterinterrieri, skyenterrieri <strong>Regina Blessing<\/strong>, Saksa<br>airedalenterrieri, andalusianrottakoira, biewerterrieri, borderterrieri, ceskyterrieri, irlanninterrieri, japaninterrieri, lakelandinterrieri, saksanmets\u00e4stysterrieri, sealyhaminterrieri, tenterfieldinterrieri, walesinterrieri <strong>Ricky Lochs-Romans<\/strong>, Alankomaat<br>staffordshirenbullterrieri <strong>Saija Juutilainen<\/strong><br>brasilianterrieri, cairnterrieri, dandiedinmontinterrieri, valencianrottaterrieri, vehn\u00e4terrieri <strong>Zoran Brankovic<\/strong>, Serbia<br><br><strong>Ryhm\u00e4 4<\/strong><br><em>Varalla kaikille ryhm\u00e4 4 roduille <strong>Juha Putkonen<\/strong><\/em><br>m\u00e4yr\u00e4koira, kaniinim\u00e4yr\u00e4koira karkeakarvainen, m\u00e4yr\u00e4koira, karkeakarvainen, m\u00e4yr\u00e4koira, k\u00e4\u00e4pi\u00f6m\u00e4yr\u00e4koira karkeakarvainen <strong>Laurent Heinesche<\/strong><br>m\u00e4yr\u00e4koira, kaniinim\u00e4yr\u00e4koira lyhytkarvainen, m\u00e4yr\u00e4koira, kaniinim\u00e4yr\u00e4koira pitk\u00e4karvainen, m\u00e4yr\u00e4koira, k\u00e4\u00e4pi\u00f6m\u00e4yr\u00e4koira lyhytkarvainen, m\u00e4yr\u00e4koira, k\u00e4\u00e4pi\u00f6m\u00e4yr\u00e4koira pitk\u00e4karvainen, m\u00e4yr\u00e4koira, lyhytkarvainen, m\u00e4yr\u00e4koira, pitk\u00e4karvainen <strong>Lotta Vuorinen<\/strong><br><br><strong>Ryhm\u00e4 5<\/strong><br><em>Varalla kaikille ryhm\u00e4 5 roduille <strong>Paula Heikkinen-Lehkonen<\/strong><\/em><br>islanninlammaskoira, pohjanpystykorva, valkoinen ruotsinhirvikoira <strong>Annette Bystrup<\/strong>, Tanska<br>saksanpystykorva, grosspitz, musta ja ruskea, saksanpystykorva, grosspitz, valkoinen, saksanpystykorva, kleinspitz, musta ja ruskea, saksanpystykorva, kleinspitz, muut v\u00e4rit, saksanpystykorva, kleinspitz, valkoinen, saksanpystykorva, mittelspitz, musta ja ruskea, saksanpystykorva, mittelspitz, muut v\u00e4rit, saksanpystykorva, mittelspitz, valkoinen <strong>Charlotta Mellin<\/strong>, Ruotsi<br>akita, american eskimo dog, amerikanakita, gr\u00f6nlanninkoira, kanadaneskimokoira, siperianhusky <strong>Cheryl Paterson<\/strong>, Kanada<br>eurasier, hokkaidonkoira, it\u00e4siperianlaika, jakutianlaika, kaanaankoira, kainkoira, kintamani-balinkoira, kishunkoira, koreanjindonkoira, l\u00e4nsisiperianlaika, meksikonkarvatonkoira, iso, meksikonkarvatonkoira, keskikokoinen, meksikonkarvatonkoira, pieni, perunkarvatonkoira, iso, perunkarvatonkoira, keskikokoinen, perunkarvatonkoira, pieni, samojedinkoira, shikokunkoira, taiwaninkoira, thai ridgeback, ven\u00e4l\u00e4is-eurooppalainen laika <strong>George Schogol<\/strong>, Georgia<br>japaninpystykorva, j\u00e4mtlanninpystykorva, karjalankarhukoira, saksanpystykorva, pomeranian <strong>Jussi Liimatainen<\/strong><br>shiba <strong>Laurent Heinesche<\/strong><br>saksanpystykorva, keeshond <strong>Markus Gisslen<\/strong>, Ruotsi<br>buhund, harmaa norjanhirvikoira, h\u00e4lleforsinkoira, musta norjanhirvikoira, musta tanskanpystykorva, suomenpystykorva, tanskanpystykorva, thaimaanpystykorva, volpino italiano <strong>Matti Tuominen<\/strong><br>alaskanmalamuutti, lunnikoira <strong>Regina Blessing<\/strong>, Saksa<br>basenji, l\u00e4nsig\u00f6\u00f6tanmaanpystykorva <strong>Robin A. Hug<\/strong>, Yhdysvallat<br>chow chow <strong>Rolf Blessing<\/strong>, Saksa<br>etnankoira, faaraokoira, ibizanpodenco, karkeakarvainen, ibizanpodenco, lyhytkarvainen, kanarianpodenco, lapinporokoira, portugalinpodengo, karkeakarvainen, iso, portugalinpodengo, karkeakarvainen, keskikokoinen, portugalinpodengo, karkeakarvainen, pieni, portugalinpodengo, sile\u00e4karvainen, iso, portugalinpodengo, sile\u00e4karvainen, keskikokoinen, portugalinpodengo, sile\u00e4karvainen, pieni, ruotsinlapinkoira, suomenlapinkoira <strong>Sanna Koponen<\/strong><br><br><strong>Ryhm\u00e4 6<\/strong><br><em>Varalla kaikille ryhm\u00e4 6 roduille <strong>Juha Putkonen<\/strong><\/em><br>baijerinvuoristovihikoira, dreeveri, englantilais-ven\u00e4l\u00e4inen ajokoira, gotlanninajokoira, grand basset griffon vend\u00e9en, hannoverinvihikoira, petit basset griffon vend\u00e9en, suomenajokoira, ven\u00e4j\u00e4najokoira <strong>Harri Lehkonen<\/strong><br>basset art\u00e9sien normand, basset hound, bretagnenbassetti, dalmatiankoira, gascognenbassetti, griffon bleu de gascogne, griffon fauve de bretagne, griffon nivernais, iso gascognenajokoira, pieni gascognenajokoira, pienisveitsinajokoira, pieniberninajokoira, pienisveitsinajokoira, pienijuranajokoira, pienisveitsinajokoira, pieniluzerninajokoira, pienisveitsinajokoira, pienischwyzinajokoira <strong>Kresten Scheel<\/strong>, Tanska<br>alppienajokoira, amerikankettukoira, anglo-francais de petite v\u00e9nerie, ariegeois, beagle, beagle harrier, billy, brasilianajokoira, briquet griffon vend\u00e9en, chien d\u00b4artois, dunkerinajokoira, eestinajokoira, englanninkettukoira, francais blanc et noir, francais blanc et orange, francais tricolore, gascogne-saintongenajokoira, grand anglo-francais blanc et noir, grand anglo-francais blanc et orange, grand anglo-francais tricolore, grand griffon vend\u00e9en, haldeninajokoira, hamiltoninajokoira, harrieri, hygeninajokoira, it\u00e4vallanajokoira, karkeakarvainen bosnianajokoira\/ barak, karkeakarvainen istrianajokoira, karkeakarvainen italianajokoira, karkeakarvainen steierinajokoira, kolmiv\u00e4rinen serbianajokoira, kreikanajokoira, lyhytkarvainen istrianajokoira, lyhytkarvainen italianajokoira, maremmanajokoira, montenegronajokoira, poitevin, porcelaine, posavinanajokoira, puolanajokoira, puolanjahtikoira, sabueso espanol, saksanajokoira, schillerinajokoira, slovakianajokoira, smoolanninajokoira, srpski gonic, sveitsinajokoira, berninajokoira, sveitsinajokoira, juranajokoira, sveitsinajokoira, luzerninajokoira, sveitsinajokoira, schwyzinajokoira, tiroler bracke, unkarinajokoira, westf\u00e4lische dachsbracke <strong>Matti Tuominen<\/strong><br>bluetick coonhound, pesukarhukoira, plottinajokoira, rhodesiankoira, saukkokoira, walkerinpesukarhukoira, vihikoira <strong>Robin A. Hug<\/strong>, Yhdysvallat<br><br>Junior Handler <strong>Jutta Nevanper\u00e4<\/strong><br><br><strong>RYHM\u00c4KILPAILUT<\/strong><br>FCI 2<strong> Rolf Blessing<\/strong>, Saksa<br>FCI<strong> <\/strong>3<strong> Birte Scheel<\/strong>, Tanska<br>FCI<strong> <\/strong>4<strong> Laurent Heinesche<\/strong><br>FCI<strong> <\/strong>5<strong> Regina Blessing<\/strong>, Saksa<br>FCI<strong> <\/strong>6<strong> Anders Tunold-Hanssen<\/strong>, Norja<br>Kaunein kotimainen rotu <strong>Saija Juutilainen<\/strong><br>Paras juniori <strong>Ferenc Groschl<\/strong>, Unkari<br>Paras veteraani <strong>Charlotta Mellin<\/strong>, Ruotsi<br>Paras kasvattajaryhm\u00e4 <strong>Zoran Brankovic<\/strong>, Serbia<br><\/p>\n\n\n\n<hr class=\"wp-block-separator has-css-opacity\"\/>\n\n\n\n<h3 class=\"wp-block-heading\">SUNNUNTAI<\/h3>\n\n\n\n<p><br><strong>Ryhm\u00e4 1<\/strong><br><em>Varalla kaikille ryhm\u00e4 1 roduille <strong>Paula Heikkinen-Lehkonen<\/strong><\/em><br>belgianpaimenkoira, groenendael, belgianpaimenkoira, laekenois, belgianpaimenkoira, malinois, belgianpaimenkoira, tervueren, hollanninpaimenkoira, karkeakarvainen, hollanninpaimenkoira, lyhytkarvainen, hollanninpaimenkoira, pitk\u00e4karvainen, it\u00e4euroopanpaimenkoira, valkoinenpaimenkoira <strong>Anders Tunold-Hanssen<\/strong>, Norja<br>australian t\u00f6p\u00f6h\u00e4nt\u00e4inen karjakoira, australiankarjakoira, australiankelpie, australianpaimenkoira <strong>Anna Brankovic<\/strong>, Serbia<br>brienpaimenkoira \/ briardi, vanhaenglanninlammaskoira <strong>Annette Bystrup<\/strong>, Tanska<br>shetlanninlammaskoira <strong>Ege Maas<\/strong><br>bordercollie, lancashirenkarjakoira, medimurjenkoira, pieniamerikanpaimenkoira, schipperke, tsekinpaimenkoira <strong>Harri Lehkonen<\/strong><br>sile\u00e4karvainen collie <strong>Kresten Scheel<\/strong>, Tanska<br>pitk\u00e4karvainen collie <strong>Maija Lehtonen<\/strong><br>partacollie, welsh corgi cardigan, welsh corgi pembroke <strong>Regina Blessing<\/strong>, Saksa<br>ceskoslovensky vlciak, saarlooswolfhond, saksanpaimenkoira, saksanpaimenkoira, pitk\u00e4karvainen <strong>Rolf Blessing<\/strong>, Saksa<br>ardennienkarjakoira, beaucenpaimenkoira \/ beauceron, bergamonpaimenkoira, bouvier, etel\u00e4ven\u00e4j\u00e4nkoira, karpaattienkoira, katalonianpaimenkoira, komondor, kroatianpaimenkoira, kuvasz, lyhytkarvainen pyreneittenpaimenkoira, mallorcanpaimenkoira, maremmano-abruzzese, mudi, owczarek podhalanski, picardienpaimenkoira, pitk\u00e4karvainen pyreneittenpaimenkoira, polski owczarek nizinny, puli, muut v\u00e4rit, puli, valkoinen, pumi, romanianpaimenkoira, schapendoes, serra de airesinpaimenkoira, slovakiancuvac <strong>Zoran Brankovic<\/strong>, Serbia<br><br><strong>Ryhm\u00e4 7<\/strong><br><em>Varalla kaikille ryhm\u00e4 7 roduille <strong>Paula Heikkinen-Lehkonen<\/strong><\/em><br>ariegenseisoja, auvergnenseisoja, bourbonnaisinseisoja, burgosinseisoja, harjaskarvainen saksanseisoja, hollanninpeltopyykoira, isom\u00fcnsterinseisoja, italianseisoja, karkeakarvainen saksanseisoja, karkeakarvainen slovakianseisoja, karkeakarvainen unkarinvizsla, korthalsingriffoni, lyhytkarvainen saksanseisoja, lyhytkarvainen unkarinvizsla, picardienspanieli, pienim\u00fcnsterinseisoja, pitk\u00e4karvainen saksanseisoja, pointteri, pont-audemerinspanieli, portugalinseisoja, ranskanseisoja, gascognelaistyyppi, ranskanseisoja, pyrenel\u00e4istyyppi, ranskanspanieli, saintgermaininseisoja, saint-usugenspanieli, sininenpicardienspanieli, spinone, stabijhoun, tsekinseisoja, vanhatanskankanakoira, weimarinseisoja, lyhytkarvainen, weimarinseisoja, pitk\u00e4karvainen, villakoirapointteri <strong>Marjo Nyg\u00e5rd<\/strong><br>bretoni, englanninsetteri, gordoninsetteri, punainen irlanninsetteri, punavalkoinen irlanninsetteri <strong>Ricky Lochs-Romans<\/strong>, Alankomaat<br><br><strong>Ryhm\u00e4 8<\/strong><br><em>Varalla kaikille ryhm\u00e4 8 roduille <strong>Paula Heikkinen-Lehkonen<\/strong><\/em><br>labradorinnoutaja <strong>Birte Scheel<\/strong>, Tanska<br>novascotiannoutaja, portugalinvesikoira, sile\u00e4karvainen noutaja <strong>Charlotta Mellin<\/strong>, Ruotsi<br>cockerspanieli <strong>Jussi Liimatainen<\/strong><br>kultainennoutaja, viiri\u00e4iskoira <strong>Lotta Vuorinen<\/strong><br>amerikancockerspanieli, barbet, espanjanvesikoira, lagotto romagnolo <strong>Matti Tuominen<\/strong><br>amerikanvesispanieli, chesapeakelahdennoutaja, clumberinspanieli, friisinvesikoira, irlanninvesispanieli, kiharakarvainen noutaja, puolanmets\u00e4stysspanieli, sussexinspanieli, ven\u00e4j\u00e4nspanieli <strong>Mervi Raisaari<\/strong><br>englanninspringerspanieli, fieldspanieli, kooikerhondje, walesinspringerspanieli <strong>Saija Juutilainen<\/strong><br><br><strong>Ryhm\u00e4 9<\/strong><br><em>Varalla kaikille ryhm\u00e4 9 roduille <strong>Paula Heikkinen-Lehkonen<\/strong><\/em><br>villakoira, iso, harmaa, aprikoosi ja punainen, villakoira, iso, moniv\u00e4rinen, villakoira, iso, musta, ruskea ja valkoinen, villakoira, keskikokoinen, harmaa, aprikoosi ja punainen, villakoira, keskikokoinen, moniv\u00e4rinen, villakoira, keskikokoinen, musta, ruskea ja valkoinen <strong>Annette Bystrup<\/strong>, Tanska<br>cavalier kingcharlesinspanieli, kingcharlesinspanieli, maltankoira, tiibetinterrieri <strong>Ferenc Groschl<\/strong>, Unkari<br>l\u00f6wchen, tiibetinspanieli <strong>George Schogol<\/strong>, Georgia<br>bichon fris\u00e9, bolognese, kiinanpalatsikoira, pekingeesi, papillon, phal\u00e8ne, prahanrottakoira <strong>Juha Putkonen<\/strong><br>havannankoira, kiinanharjakoira, kromfohrl\u00e4nder <strong>Karin Bergbom<\/strong><br>chihuahua, lyhytkarvainen, chihuahua, pitk\u00e4karvainen, japanese chin <strong>Laurent Heinesche<\/strong><br>ven\u00e4j\u00e4nbolonka, villakoira, k\u00e4\u00e4pi\u00f6, harmaa, aprikoosi ja punainen, villakoira, k\u00e4\u00e4pi\u00f6, moniv\u00e4rinen, villakoira, k\u00e4\u00e4pi\u00f6, musta, ruskea ja valkoinen, villakoira, toy, villakoira, toy, harmaa, aprikoosi ja punainen, villakoira, toy, moniv\u00e4rinen, villakoira, toy, musta, ruskea ja valkoinen <strong>Marian Draganescu<\/strong>, Romania<br>bostoninterrieri, markiesje, mopsi, ranskanbulldoggi, shih tzu, ven\u00e4j\u00e4ntoy, lyhytkarvainen, ven\u00e4j\u00e4ntoy, pitk\u00e4karvainen <strong>Markus Gisslen<\/strong>, Ruotsi<br>griffon belge, griffon bruxellois, petit brabancon <strong>Mervi Raisaari<\/strong><br>coton de tul\u00e9ar <strong>Ricky Lochs-Romans<\/strong>, Alankomaat<br>lhasa apso <strong>Sanna Koponen<\/strong><br><br><strong>Ryhm\u00e4 10<\/strong><br><em>Varalla kaikille ryhm\u00e4 10 roduille <strong>Paula Heikkinen-Lehkonen<\/strong><\/em><br>whippet <strong>Ivo Beccarelli<\/strong>, Sveitsi<br>irlanninsusikoira, skotlanninhirvikoira, tazi, unkarinvinttikoira <strong>Kresten Scheel<\/strong>, Tanska<br>afgaaninvinttikoira, italianvinttikoira <strong>Mervi Raisaari<\/strong><br>englanninvinttikoira, ven\u00e4j\u00e4nvinttikoira <strong>Rolf Blessing<\/strong>, Saksa<br>azawakh, espanjanvinttikoira, puolanvinttikoira, saluki, sloughi <strong>Sanna Koponen<\/strong><br><br>Junior Handler <strong>Tiia Nyberg<\/strong><br><br><strong>RYHM\u00c4KILPAILUT<\/strong><br>FCI 1<strong> Anna Brankovic<\/strong>, Serbia<br>FCI 7<strong> Ricky Lochs-Romans<\/strong>, Alankomaat<br>FCI 8<strong> Matti Tuominen<\/strong><br>FCI 9<strong> Jussi Liimatainen<\/strong><br>FCI 10<strong> Kresten Scheel<\/strong>, Tanska<br>Paras juniori <strong>Annette Bystrup<\/strong>, Tanska<br>Paras veteraani <strong>Juha Putkonen<\/strong><br>Paras kasvattajaryhm\u00e4 <strong>Maija Lehtonen<\/strong><br>Best in Show<strong> Harri Lehkonen<\/strong><\/p>\n","protected":false},"excerpt":{"rendered":"<p>Lauantaina 25.4. arvostellaan FCI:n ryhm\u00e4t 2, 3, 4, 5, 6Sunnuntaina 26.4. arvostellaan FCI:n ryhm\u00e4t 1, 7, 8, 9, 10 LAUANTAI Ryhm\u00e4 2Varalla kaikille ryhm\u00e4 2 roduille Paula Heikkinen-Lehkonenbernhardinkoira, lyhytkarvainen, bernhardinkoira, pitk\u00e4karvainen, hovawart, kangalinkoira, karstinpaimenkoira, pyreneittenkoira, pyreneittenmastiffi, suursnautseri, musta, suursnautseri, musta-hopea, suursnautseri, pippuri &amp; suola Anders Tunold-Hanssen, Norjatanskandoggi, keltainen ja tiikerijuovainen,&#8230;<\/p>\n<p class=\"continue-reading-button\"> <a class=\"continue-reading-link\" href=\"https:\/\/www.showlink.fi\/shows\/lahtikv_2026\/tuomarit\/\">Continue reading<i class=\"crycon-right-dir\"><\/i><\/a><\/p>\n","protected":false},"author":1,"featured_media":0,"parent":0,"menu_order":2,"comment_status":"closed","ping_status":"closed","template":"","meta":{"footnotes":""},"class_list":["post-24","page","type-page","status-publish","hentry"],"_links":{"self":[{"href":"https:\/\/www.showlink.fi\/shows\/lahtikv_2026\/wp-json\/wp\/v2\/pages\/24","targetHints":{"allow":["GET"]}}],"collection":[{"href":"https:\/\/www.showlink.fi\/shows\/lahtikv_2026\/wp-json\/wp\/v2\/pages"}],"about":[{"href":"https:\/\/www.showlink.fi\/shows\/lahtikv_2026\/wp-json\/wp\/v2\/types\/page"}],"author":[{"embeddable":true,"href":"https:\/\/www.showlink.fi\/shows\/lahtikv_2026\/wp-json\/wp\/v2\/users\/1"}],"replies":[{"embeddable":true,"href":"https:\/\/www.showlink.fi\/shows\/lahtikv_2026\/wp-json\/wp\/v2\/comments?post=24"}],"version-history":[{"count":49,"href":"https:\/\/www.showlink.fi\/shows\/lahtikv_2026\/wp-json\/wp\/v2\/pages\/24\/revisions"}],"predecessor-version":[{"id":946,"href":"https:\/\/www.showlink.fi\/shows\/lahtikv_2026\/wp-json\/wp\/v2\/pages\/24\/revisions\/946"}],"wp:attachment":[{"href":"https:\/\/www.showlink.fi\/shows\/lahtikv_2026\/wp-json\/wp\/v2\/media?parent=24"}],"curies":[{"name":"wp","href":"https:\/\/api.w.org\/{rel}","templated":true}]}}