{"id":26,"date":"2018-09-17T14:10:44","date_gmt":"2018-09-17T11:10:44","guid":{"rendered":"http:\/\/www.showlink.fi\/shows\/lahtikv22-ehdotus\/?page_id=26"},"modified":"2026-04-16T16:36:04","modified_gmt":"2026-04-16T13:36:04","slug":"aikataulut","status":"publish","type":"page","link":"https:\/\/www.showlink.fi\/shows\/lahtikv_2026\/aikataulut\/","title":{"rendered":"Aikataulut"},"content":{"rendered":"\n<p><strong>Aikataulut julkaistu 16.4.2026.<\/strong><br><br><strong>Aikataulutiedot l\u00f6ytyv\u00e4t t\u00e4\u00e4lt\u00e4 <a href=\"https:\/\/www.showlink.fi\/aikataulut2026\/LahtiKV_2026_aikataulukirje.pdf\">PDF<\/a><\/strong><\/p>\n\n\n\n<p><strong>N\u00e4yttelyn numerolaput ja aikataulukirje l\u00e4hetet\u00e4\u00e4n s\u00e4hk\u00f6postitse.<\/strong><br>Kutsuja ei l\u00e4hetet\u00e4 postitse.<\/p>\n","protected":false},"excerpt":{"rendered":"<p>Aikataulut julkaistu 16.4.2026. Aikataulutiedot l\u00f6ytyv\u00e4t t\u00e4\u00e4lt\u00e4 PDF N\u00e4yttelyn numerolaput ja aikataulukirje l\u00e4hetet\u00e4\u00e4n s\u00e4hk\u00f6postitse.Kutsuja ei l\u00e4hetet\u00e4 postitse.<\/p>\n<p class=\"continue-reading-button\"> <a class=\"continue-reading-link\" href=\"https:\/\/www.showlink.fi\/shows\/lahtikv_2026\/aikataulut\/\">Continue reading<i class=\"crycon-right-dir\"><\/i><\/a><\/p>\n","protected":false},"author":1,"featured_media":0,"parent":0,"menu_order":5,"comment_status":"closed","ping_status":"closed","template":"templates\/template-onecolumn.php","meta":{"footnotes":""},"class_list":["post-26","page","type-page","status-publish","hentry"],"_links":{"self":[{"href":"https:\/\/www.showlink.fi\/shows\/lahtikv_2026\/wp-json\/wp\/v2\/pages\/26","targetHints":{"allow":["GET"]}}],"collection":[{"href":"https:\/\/www.showlink.fi\/shows\/lahtikv_2026\/wp-json\/wp\/v2\/pages"}],"about":[{"href":"https:\/\/www.showlink.fi\/shows\/lahtikv_2026\/wp-json\/wp\/v2\/types\/page"}],"author":[{"embeddable":true,"href":"https:\/\/www.showlink.fi\/shows\/lahtikv_2026\/wp-json\/wp\/v2\/users\/1"}],"replies":[{"embeddable":true,"href":"https:\/\/www.showlink.fi\/shows\/lahtikv_2026\/wp-json\/wp\/v2\/comments?post=26"}],"version-history":[{"count":61,"href":"https:\/\/www.showlink.fi\/shows\/lahtikv_2026\/wp-json\/wp\/v2\/pages\/26\/revisions"}],"predecessor-version":[{"id":993,"href":"https:\/\/www.showlink.fi\/shows\/lahtikv_2026\/wp-json\/wp\/v2\/pages\/26\/revisions\/993"}],"wp:attachment":[{"href":"https:\/\/www.showlink.fi\/shows\/lahtikv_2026\/wp-json\/wp\/v2\/media?parent=26"}],"curies":[{"name":"wp","href":"https:\/\/api.w.org\/{rel}","templated":true}]}}