{"id":29,"date":"2018-09-17T14:11:06","date_gmt":"2018-09-17T11:11:06","guid":{"rendered":"http:\/\/www.showlink.fi\/shows\/lahtikv22-ehdotus\/?page_id=29"},"modified":"2025-11-14T13:46:45","modified_gmt":"2025-11-14T11:46:45","slug":"tulokset","status":"publish","type":"page","link":"https:\/\/www.showlink.fi\/shows\/lahtikv_2026\/tulokset\/","title":{"rendered":"Tulokset"},"content":{"rendered":"<div class=\"wp-block-image\">\n<figure class=\"alignright size-full is-resized\"><img loading=\"lazy\" decoding=\"async\" width=\"400\" height=\"160\" src=\"https:\/\/www.showlink.fi\/shows\/lahtikv\/wp-content\/uploads\/sites\/262\/2023\/04\/Showlink_logo.jpg\" alt=\"\" class=\"wp-image-654\" style=\"width:181px;height:72px\"\/><\/figure>\n<\/div>\n\n\n<p>N\u00e4yttelyss\u00e4 toteutetaan reaaliaikainen tulospalvelu.<\/p>\n\n\n\n<p><strong>\u00bb Siirry n\u00e4yttelyn tuloksiin<\/strong><\/p>\n\n\n\n<p>Jalostustietoj\u00e4rjestelm\u00e4\u00e4n tulokset tulevat n\u00e4kyviin n\u00e4yttelyn p\u00e4\u00e4tytty\u00e4.<\/p>\n\n\n\n<hr class=\"wp-block-separator has-alpha-channel-opacity\"\/>\n\n\n\n<p><\/p>\n\n\n\n<p><\/p>\n","protected":false},"excerpt":{"rendered":"<p>N\u00e4yttelyss\u00e4 toteutetaan reaaliaikainen tulospalvelu. \u00bb Siirry n\u00e4yttelyn tuloksiin Jalostustietoj\u00e4rjestelm\u00e4\u00e4n tulokset tulevat n\u00e4kyviin n\u00e4yttelyn p\u00e4\u00e4tytty\u00e4.<\/p>\n<p class=\"continue-reading-button\"> <a class=\"continue-reading-link\" href=\"https:\/\/www.showlink.fi\/shows\/lahtikv_2026\/tulokset\/\">Continue reading<i class=\"crycon-right-dir\"><\/i><\/a><\/p>\n","protected":false},"author":1,"featured_media":0,"parent":0,"menu_order":5,"comment_status":"closed","ping_status":"closed","template":"","meta":{"footnotes":""},"class_list":["post-29","page","type-page","status-publish","hentry"],"_links":{"self":[{"href":"https:\/\/www.showlink.fi\/shows\/lahtikv_2026\/wp-json\/wp\/v2\/pages\/29","targetHints":{"allow":["GET"]}}],"collection":[{"href":"https:\/\/www.showlink.fi\/shows\/lahtikv_2026\/wp-json\/wp\/v2\/pages"}],"about":[{"href":"https:\/\/www.showlink.fi\/shows\/lahtikv_2026\/wp-json\/wp\/v2\/types\/page"}],"author":[{"embeddable":true,"href":"https:\/\/www.showlink.fi\/shows\/lahtikv_2026\/wp-json\/wp\/v2\/users\/1"}],"replies":[{"embeddable":true,"href":"https:\/\/www.showlink.fi\/shows\/lahtikv_2026\/wp-json\/wp\/v2\/comments?post=29"}],"version-history":[{"count":20,"href":"https:\/\/www.showlink.fi\/shows\/lahtikv_2026\/wp-json\/wp\/v2\/pages\/29\/revisions"}],"predecessor-version":[{"id":936,"href":"https:\/\/www.showlink.fi\/shows\/lahtikv_2026\/wp-json\/wp\/v2\/pages\/29\/revisions\/936"}],"wp:attachment":[{"href":"https:\/\/www.showlink.fi\/shows\/lahtikv_2026\/wp-json\/wp\/v2\/media?parent=29"}],"curies":[{"name":"wp","href":"https:\/\/api.w.org\/{rel}","templated":true}]}}