{"id":31,"date":"2018-09-17T14:11:19","date_gmt":"2018-09-17T11:11:19","guid":{"rendered":"http:\/\/www.showlink.fi\/shows\/lahtikv22-ehdotus\/?page_id=31"},"modified":"2026-01-15T10:44:37","modified_gmt":"2026-01-15T08:44:37","slug":"tiedustelut","status":"publish","type":"page","link":"https:\/\/www.showlink.fi\/shows\/lahtikv_2026\/tiedustelut\/","title":{"rendered":"Tiedustelut"},"content":{"rendered":"\n<p><strong>Ilmoittautumisia koskevat tiedustelut:<\/strong><br>Showlink Oy<br>arkisin klo 11-17 p. (09) 8873 0320 tai info@showlink.fi<br><em>Mainitsethan tiedustelussasi \/ s\u00e4hk\u00f6postissasi n\u00e4yttelyn sek\u00e4 koiran rekisterinumeron, jota tiedustelu koskee.<\/em><\/p>\n\n\n\n<p><strong>Myyntipaikat<br><\/strong>Kati Tolonen, p. +358 40 5759199<br>myyntipaikat.lahtikv@gmail.com<\/p>\n\n\n\n<p><strong>Keh\u00e4toimitsijat<\/strong>, tiedustelut 1.2.2026 alkaen<br>suntiolasinikka18@gmail.com<\/p>\n\n\n\n<p><strong>Harjoitusarvostelijat \/ Trainee Judges<\/strong><br>Pinja Eronen +358 50 4337654<br>pinja.eronen@gmail.com<\/p>\n\n\n\n<p><strong>Information p\u00e5 svenska \/ in English<\/strong><br>Paula Heikkinen-Lehkonen, tel. +358 40 544 0030<br>paula.texterri@gmail.com<\/p>\n\n\n\n<p><strong>N\u00e4yttelyymme ei voi tuoda turistikoiria.<\/strong><br>Kun koira on ilmoitettu n\u00e4yttelyyn, numerolappu oikeuttaa sis\u00e4\u00e4np\u00e4\u00e4syyn koko viikonlopun ajan (numerolappu\/per henkil\u00f6).<\/p>\n\n\n\n<p><\/p>\n","protected":false},"excerpt":{"rendered":"<p>Ilmoittautumisia koskevat tiedustelut:Showlink Oyarkisin klo 11-17 p. (09) 8873 0320 tai info@showlink.fiMainitsethan tiedustelussasi \/ s\u00e4hk\u00f6postissasi n\u00e4yttelyn sek\u00e4 koiran rekisterinumeron, jota tiedustelu koskee. MyyntipaikatKati Tolonen, p. +358 40 5759199myyntipaikat.lahtikv@gmail.com Keh\u00e4toimitsijat, tiedustelut 1.2.2026 alkaensuntiolasinikka18@gmail.com Harjoitusarvostelijat \/ Trainee JudgesPinja Eronen +358 50 4337654pinja.eronen@gmail.com Information p\u00e5 svenska \/ in EnglishPaula Heikkinen-Lehkonen, tel. +358 40&#8230;<\/p>\n<p class=\"continue-reading-button\"> <a class=\"continue-reading-link\" href=\"https:\/\/www.showlink.fi\/shows\/lahtikv_2026\/tiedustelut\/\">Continue reading<i class=\"crycon-right-dir\"><\/i><\/a><\/p>\n","protected":false},"author":1,"featured_media":0,"parent":0,"menu_order":7,"comment_status":"closed","ping_status":"closed","template":"","meta":{"footnotes":""},"class_list":["post-31","page","type-page","status-publish","hentry"],"_links":{"self":[{"href":"https:\/\/www.showlink.fi\/shows\/lahtikv_2026\/wp-json\/wp\/v2\/pages\/31","targetHints":{"allow":["GET"]}}],"collection":[{"href":"https:\/\/www.showlink.fi\/shows\/lahtikv_2026\/wp-json\/wp\/v2\/pages"}],"about":[{"href":"https:\/\/www.showlink.fi\/shows\/lahtikv_2026\/wp-json\/wp\/v2\/types\/page"}],"author":[{"embeddable":true,"href":"https:\/\/www.showlink.fi\/shows\/lahtikv_2026\/wp-json\/wp\/v2\/users\/1"}],"replies":[{"embeddable":true,"href":"https:\/\/www.showlink.fi\/shows\/lahtikv_2026\/wp-json\/wp\/v2\/comments?post=31"}],"version-history":[{"count":20,"href":"https:\/\/www.showlink.fi\/shows\/lahtikv_2026\/wp-json\/wp\/v2\/pages\/31\/revisions"}],"predecessor-version":[{"id":981,"href":"https:\/\/www.showlink.fi\/shows\/lahtikv_2026\/wp-json\/wp\/v2\/pages\/31\/revisions\/981"}],"wp:attachment":[{"href":"https:\/\/www.showlink.fi\/shows\/lahtikv_2026\/wp-json\/wp\/v2\/media?parent=31"}],"curies":[{"name":"wp","href":"https:\/\/api.w.org\/{rel}","templated":true}]}}