{"id":33,"date":"2018-09-17T14:11:54","date_gmt":"2018-09-17T11:11:54","guid":{"rendered":"http:\/\/www.showlink.fi\/shows\/lahtikv22-ehdotus\/?page_id=33"},"modified":"2026-04-20T11:57:58","modified_gmt":"2026-04-20T08:57:58","slug":"myyntiareena","status":"publish","type":"page","link":"https:\/\/www.showlink.fi\/shows\/lahtikv_2026\/myyntiareena\/","title":{"rendered":"Myyntiareena"},"content":{"rendered":"\n<p><strong>L\u00f6yd\u00e4t n\u00e4yttelyst\u00e4 lukuisia myyji\u00e4 ja br\u00e4ndej\u00e4 omilta osastoiltaan.<\/strong><\/p>\n\n\n\n<p><strong>Myyntipaikkojen tiedustelu:<\/strong> <br>Kati Tolonen, p. +358 40 575 9199<br>myyntipaikat.lahtikv@gmail.com<\/p>\n\n\n\n<p><\/p>\n\n\n<style>#forbottom{background-image: none;} <\/style>\n\n\n<p><\/p>\n\n\n\n<figure class=\"wp-block-image size-large\"><img loading=\"lazy\" decoding=\"async\" width=\"812\" height=\"401\" src=\"https:\/\/www.showlink.fi\/shows\/lahtikv22\/wp-content\/uploads\/sites\/262\/2019\/12\/Myyntiareenakuva2.png\" alt=\"\" class=\"wp-image-267\"\/><\/figure>\n\n\n\n<h2 class=\"wp-block-heading\">Myyntipaikat<\/h2>\n\n\n<table style=\"height: 632px;\" width=\"734\">\n<tbody>\n<tr>\n<td width=\"315\"><strong>Myyj\u00e4<\/strong><\/td>\n<td width=\"178\"><strong>Nettisivu<\/strong><\/td>\n<\/tr>\n<tr>\n<td>Karamella<\/td>\n<td><a href=\"http:\/\/www.karkkipiste.fi\/\">www.karkkipiste.fi<\/a><\/td>\n<\/tr>\n<tr>\n<td width=\"315\">Winner Dog <br \/>Habanello OY<\/td>\n<td width=\"178\"><a href=\"http:\/\/www.winner.dog\/\">www.winner.dog<\/a><\/td>\n<\/tr>\n<tr>\n<td>Findogs<\/td>\n<td><a href=\"http:\/\/www.findogs.fi\/\">www.findogs.fi<\/a><\/td>\n<\/tr>\n<tr>\n<td>Potretti<\/td>\n<td><a href=\"http:\/\/www.potretti.fi\/\">www.potretti.fi<\/a><\/td>\n<\/tr>\n<tr>\n<td width=\"315\">Hollolan nahkapaja<br \/>Jukka Leminen<\/td>\n<td><a href=\"http:\/\/www.hollolannahkapaja.fi\/\">www.hollolannahkapaja.fi<\/a><\/td>\n<\/tr>\n<tr>\n<td>Dogfani<\/td>\n<td><a href=\"http:\/\/www.dogfani.fi\/\">www.dogfani.fi<\/a><\/td>\n<\/tr>\n<tr>\n<td>Milopet<\/td>\n<td><a href=\"http:\/\/www.milopet.fi\/\">www.milopet.fi<\/a><\/td>\n<\/tr>\n<tr>\n<td>Rivale<\/td>\n<td><a href=\"http:\/\/www.rivale.fi\/\">www.rivale.fi<\/a><\/td>\n<\/tr>\n<tr>\n<td>Royal Canin<\/td>\n<td><a href=\"http:\/\/www.royalcanin.fi\/\">www.royalcanin.fi<\/a><\/td>\n<\/tr>\n<tr>\n<td>Kanavan Helmen j\u00e4\u00e4tel\u00f6t<\/td>\n<td><a href=\"http:\/\/www.kanavanhelmi.fi\/\">kanavanhelmi.fi<\/a><\/td>\n<\/tr>\n<tr>\n<td>Dog it life<\/td>\n<td><a href=\"http:\/\/www.dogitlife.fi\/\">www.dogitlife.fi<\/a><\/td>\n<\/tr>\n<tr>\n<td width=\"315\">Mattopalvelu Liljavirta Oy<br \/>Kenneth Weurlander<\/td>\n<td><a href=\"http:\/\/www.mattopalvelu.fi\/\">www.mattopalvelu.fi<\/a><\/td>\n<\/tr>\n<tr>\n<td width=\"315\">Breedo<\/td>\n<td><a href=\"http:\/\/www.breedo.fi\/\">www.breedo.fi<\/a><\/td>\n<\/tr>\n<tr>\n<td width=\"315\">Nisunikkarit<\/td>\n<td>\u00a0<\/td>\n<\/tr>\n<tr>\n<td width=\"315\">Subway<\/td>\n<td><a href=\"http:\/\/www.subway.com\/\">www.subway.com<\/a><\/td>\n<\/tr>\n<tr>\n<td width=\"315\">Elisa OYJ\u00a0<\/td>\n<td><a href=\"http:\/\/www.elisa.fi\/\">www.elisa.fi<\/a><\/td>\n<\/tr>\n<tr>\n<td width=\"315\">Saimaa burger &amp; BBG<\/td>\n<td>\u00a0<\/td>\n<\/tr>\n<tr>\n<td>Hodaripojat<\/td>\n<td>\u00a0<\/td>\n<\/tr>\n<tr>\n<td width=\"315\">Rukka Pets\u00a0<\/td>\n<td><a href=\"https:\/\/luhta.com\/fi\/fi\/b\/rukka-pets\">https:\/\/luhta.com\/fi\/fi\/b\/rukka-pets<\/a><\/td>\n<\/tr>\n<tr>\n<td width=\"315\">Bemer\u00a0<\/td>\n<td><a href=\"https:\/\/bemergroup.com\/fi_FI\/human-line\/tuotteet\/hoitolaitteet\">www.bemergroup.com<\/a><\/td>\n<\/tr>\n<\/tbody>\n<\/table>\n\n\n<p><em>P\u00e4ivitetty 9.3.2026<\/em><\/p>\n\n\n\n<p><\/p>\n","protected":false},"excerpt":{"rendered":"<p>L\u00f6yd\u00e4t n\u00e4yttelyst\u00e4 lukuisia myyji\u00e4 ja br\u00e4ndej\u00e4 omilta osastoiltaan. Myyntipaikkojen tiedustelu: Kati Tolonen, p. +358 40 575 9199myyntipaikat.lahtikv@gmail.com Myyntipaikat Myyj\u00e4 Nettisivu Karamella www.karkkipiste.fi Winner Dog Habanello OY www.winner.dog Findogs www.findogs.fi Potretti www.potretti.fi Hollolan nahkapajaJukka Leminen www.hollolannahkapaja.fi Dogfani www.dogfani.fi Milopet www.milopet.fi Rivale www.rivale.fi Royal Canin www.royalcanin.fi Kanavan Helmen j\u00e4\u00e4tel\u00f6t kanavanhelmi.fi Dog it&#8230;<\/p>\n<p class=\"continue-reading-button\"> <a class=\"continue-reading-link\" href=\"https:\/\/www.showlink.fi\/shows\/lahtikv_2026\/myyntiareena\/\">Continue reading<i class=\"crycon-right-dir\"><\/i><\/a><\/p>\n","protected":false},"author":1,"featured_media":0,"parent":0,"menu_order":6,"comment_status":"closed","ping_status":"closed","template":"","meta":{"footnotes":""},"class_list":["post-33","page","type-page","status-publish","hentry"],"_links":{"self":[{"href":"https:\/\/www.showlink.fi\/shows\/lahtikv_2026\/wp-json\/wp\/v2\/pages\/33","targetHints":{"allow":["GET"]}}],"collection":[{"href":"https:\/\/www.showlink.fi\/shows\/lahtikv_2026\/wp-json\/wp\/v2\/pages"}],"about":[{"href":"https:\/\/www.showlink.fi\/shows\/lahtikv_2026\/wp-json\/wp\/v2\/types\/page"}],"author":[{"embeddable":true,"href":"https:\/\/www.showlink.fi\/shows\/lahtikv_2026\/wp-json\/wp\/v2\/users\/1"}],"replies":[{"embeddable":true,"href":"https:\/\/www.showlink.fi\/shows\/lahtikv_2026\/wp-json\/wp\/v2\/comments?post=33"}],"version-history":[{"count":62,"href":"https:\/\/www.showlink.fi\/shows\/lahtikv_2026\/wp-json\/wp\/v2\/pages\/33\/revisions"}],"predecessor-version":[{"id":1000,"href":"https:\/\/www.showlink.fi\/shows\/lahtikv_2026\/wp-json\/wp\/v2\/pages\/33\/revisions\/1000"}],"wp:attachment":[{"href":"https:\/\/www.showlink.fi\/shows\/lahtikv_2026\/wp-json\/wp\/v2\/media?parent=33"}],"curies":[{"name":"wp","href":"https:\/\/api.w.org\/{rel}","templated":true}]}}