{"id":67,"date":"2018-09-17T16:04:27","date_gmt":"2018-09-17T13:04:27","guid":{"rendered":"http:\/\/www.showlink.fi\/shows\/lahtikv22-ehdotus\/?page_id=67"},"modified":"2025-12-01T15:20:25","modified_gmt":"2025-12-01T13:20:25","slug":"tietoa-tapahtumasta","status":"publish","type":"page","link":"https:\/\/www.showlink.fi\/shows\/lahtikv_2026\/tietoa-tapahtumasta\/","title":{"rendered":"Tietoa tapahtumasta"},"content":{"rendered":"\n<p><strong>N\u00e4yttely on avoinna klo 8.00-18.00 &#8211; tervetuloa!<\/strong><\/p>\n\n\n\n<p>Ryhm\u00e4kilpailut isossa keh\u00e4ss\u00e4 molempina p\u00e4ivin\u00e4 noin klo 16.00.&nbsp;<\/p>\n\n\n\n<p><mark style=\"background-color:rgba(0, 0, 0, 0)\" class=\"has-inline-color has-luminous-vivid-amber-color\"><strong>P\u00e4\u00e4syliput<\/strong><br>Aikuiset&nbsp;&nbsp;&nbsp;&nbsp;&nbsp;&nbsp;&nbsp;&nbsp;&nbsp;&nbsp;&nbsp;&nbsp;&nbsp;&nbsp; <strong>7 \u20ac<\/strong><br>Lapset (7-17v) &nbsp;&nbsp;&nbsp;<strong>&nbsp;3 \u20ac<\/strong><br>Lapset alle 7v&nbsp;&nbsp;&nbsp;&nbsp;&nbsp; ilmainen<br>Perhelippu&nbsp;<strong>&nbsp;&nbsp;&nbsp;&nbsp;&nbsp;&nbsp;&nbsp;&nbsp;&nbsp; 15 \u20ac<\/strong>&nbsp;(kaksi aikuista + kaksi lasta)&nbsp;<\/mark><\/p>\n\n\n\n<h4 class=\"wp-block-heading\"><\/h4>\n","protected":false},"excerpt":{"rendered":"<p>N\u00e4yttely on avoinna klo 8.00-18.00 &#8211; tervetuloa! Ryhm\u00e4kilpailut isossa keh\u00e4ss\u00e4 molempina p\u00e4ivin\u00e4 noin klo 16.00.&nbsp; P\u00e4\u00e4syliputAikuiset&nbsp;&nbsp;&nbsp;&nbsp;&nbsp;&nbsp;&nbsp;&nbsp;&nbsp;&nbsp;&nbsp;&nbsp;&nbsp;&nbsp; 7 \u20acLapset (7-17v) &nbsp;&nbsp;&nbsp;&nbsp;3 \u20acLapset alle 7v&nbsp;&nbsp;&nbsp;&nbsp;&nbsp; ilmainenPerhelippu&nbsp;&nbsp;&nbsp;&nbsp;&nbsp;&nbsp;&nbsp;&nbsp;&nbsp;&nbsp; 15 \u20ac&nbsp;(kaksi aikuista + kaksi lasta)&nbsp;<\/p>\n<p class=\"continue-reading-button\"> <a class=\"continue-reading-link\" href=\"https:\/\/www.showlink.fi\/shows\/lahtikv_2026\/tietoa-tapahtumasta\/\">Continue reading<i class=\"crycon-right-dir\"><\/i><\/a><\/p>\n","protected":false},"author":1,"featured_media":0,"parent":0,"menu_order":9,"comment_status":"closed","ping_status":"closed","template":"","meta":{"footnotes":""},"class_list":["post-67","page","type-page","status-publish","hentry"],"_links":{"self":[{"href":"https:\/\/www.showlink.fi\/shows\/lahtikv_2026\/wp-json\/wp\/v2\/pages\/67","targetHints":{"allow":["GET"]}}],"collection":[{"href":"https:\/\/www.showlink.fi\/shows\/lahtikv_2026\/wp-json\/wp\/v2\/pages"}],"about":[{"href":"https:\/\/www.showlink.fi\/shows\/lahtikv_2026\/wp-json\/wp\/v2\/types\/page"}],"author":[{"embeddable":true,"href":"https:\/\/www.showlink.fi\/shows\/lahtikv_2026\/wp-json\/wp\/v2\/users\/1"}],"replies":[{"embeddable":true,"href":"https:\/\/www.showlink.fi\/shows\/lahtikv_2026\/wp-json\/wp\/v2\/comments?post=67"}],"version-history":[{"count":31,"href":"https:\/\/www.showlink.fi\/shows\/lahtikv_2026\/wp-json\/wp\/v2\/pages\/67\/revisions"}],"predecessor-version":[{"id":980,"href":"https:\/\/www.showlink.fi\/shows\/lahtikv_2026\/wp-json\/wp\/v2\/pages\/67\/revisions\/980"}],"wp:attachment":[{"href":"https:\/\/www.showlink.fi\/shows\/lahtikv_2026\/wp-json\/wp\/v2\/media?parent=67"}],"curies":[{"name":"wp","href":"https:\/\/api.w.org\/{rel}","templated":true}]}}