{"id":949,"date":"2025-12-01T13:42:06","date_gmt":"2025-12-01T11:42:06","guid":{"rendered":"https:\/\/www.showlink.fi\/shows\/lahtikv_2026\/?page_id=949"},"modified":"2025-12-01T15:04:26","modified_gmt":"2025-12-01T13:04:26","slug":"saapuminen-nayttelyyn","status":"publish","type":"page","link":"https:\/\/www.showlink.fi\/shows\/lahtikv_2026\/tietoa-tapahtumasta\/saapuminen-nayttelyyn\/","title":{"rendered":"Saapuminen n\u00e4yttelyyn"},"content":{"rendered":"\n<p>Lahden Urheilu- ja Messukeskus sijaitsee hyvien kulkuyhteyksien varrella, upean luonnon \u00e4\u00e4rell\u00e4. Lahden keskusta on lyhyen k\u00e4velymatkan p\u00e4\u00e4ss\u00e4.<\/p>\n\n\n\n<p>Et\u00e4isyys Lahden Matkakeskukselta on n. 1,5 kilometri\u00e4. Nopein junayhteys Helsingist\u00e4 Lahteen on vain 49 minuuttia. Helsinki-Vantaan lentoasema on tunnin matkan p\u00e4\u00e4ss\u00e4.<\/p>\n\n\n\n<p>N\u00e4yttelypaikan osoite:<br><strong>Urheilu- ja messukeskus Lahti<\/strong><br>Salpaussel\u00e4nkatu 7<br>15110&nbsp;LAHTI<\/p>\n\n\n\n<figure class=\"wp-block-image size-full\"><img loading=\"lazy\" decoding=\"async\" width=\"545\" height=\"532\" src=\"https:\/\/www.showlink.fi\/shows\/lahtikv_2026\/wp-content\/uploads\/sites\/262\/2025\/12\/Lahden-messukeskuksen-kartta.png\" alt=\"\" class=\"wp-image-968\" srcset=\"https:\/\/www.showlink.fi\/shows\/lahtikv_2026\/wp-content\/uploads\/sites\/262\/2025\/12\/Lahden-messukeskuksen-kartta.png 545w, https:\/\/www.showlink.fi\/shows\/lahtikv_2026\/wp-content\/uploads\/sites\/262\/2025\/12\/Lahden-messukeskuksen-kartta-300x293.png 300w, https:\/\/www.showlink.fi\/shows\/lahtikv_2026\/wp-content\/uploads\/sites\/262\/2025\/12\/Lahden-messukeskuksen-kartta-150x146.png 150w\" sizes=\"auto, (max-width: 545px) 100vw, 545px\" \/><\/figure>\n\n\n\n<h4 class=\"wp-block-heading\"><strong>Pys\u00e4k\u00f6inti<\/strong><\/h4>\n\n\n\n<p>Tapahtumaan saapumiseen kannattaa varata riitt\u00e4v\u00e4sti aikaa, sill\u00e4 ruuhkat voivat hidastaa matkaasi. Lis\u00e4ksi alueella on vain yksi sis\u00e4\u00e4ntulo ajoneuvoliikenteelle, joka osaltaan voi hidastaa saapumistasi. Lis\u00e4ksi Urheilu- ja messukeskuksen alueella saattaa olla samanaikaisesti my\u00f6s muuta toimintaa. Suosithan julkisia, jos mahdollista.<\/p>\n\n\n\n<p>Liikenteenohjaajamme ohjaavat parkkipaikoilla ajoneuvolla n\u00e4yttelyyn saapuvia n\u00e4yttelyvieraita. Urheilu- ja messukeskuksen alueella on useita parkkialueita, joihin liikenteenohjaajat opastavat saapuvat n\u00e4yttelyvieraat. Noudatathan liikenteenohjaajien ohjeita, jotta ajoneuvoliikenne sujuu turvallisesti ja sujuvasti.<\/p>\n\n\n\n<p>Liikkumisesteisten pys\u00e4k\u00f6intitunnuksella pys\u00e4k\u00f6inti Lahden Messukeskuksen piha-alueella Lahti Hallin edustalla p\u00e4\u00e4sis\u00e4\u00e4nk\u00e4ynnin vieress\u00e4.<\/p>\n\n\n\n<p>Pys\u00e4k\u00f6inti n\u00e4yttelyalueella on maksutonta.<\/p>\n\n\n\n<h4 class=\"wp-block-heading\"><strong>Pys\u00e4k\u00f6inti muualla<\/strong><\/h4>\n\n\n\n<p>Urheilu- ja messukeskuksen l\u00e4hell\u00e4 on my\u00f6s muita pys\u00e4k\u00f6intimahdollisuuksia, kuten:<\/p>\n\n\n\n<ul class=\"wp-block-list\">\n<li><a href=\"https:\/\/lahdenpysakointi.fi\/parkkipaikat\/p-kartano\/\">P \u2013 Kartano \u2013 Kartanon pys\u00e4k\u00f6intialue<\/a> (Kartanonkatu 6, Lahti). Maksullinen.<\/li>\n\n\n\n<li><a href=\"https:\/\/lahdenpysakointi.fi\/parkkipaikat\/p-tori\/\">P \u2013 Tori \u2013 Torin pys\u00e4k\u00f6intitalo<\/a> (Rauhankatu 15, Lahti). Maksullinen.<\/li>\n\n\n\n<li><a href=\"https:\/\/lahdenpysakointi.fi\/parkkipaikat\/p-silta\/\">P \u2013 Silta \u2013 Siltapuiston pys\u00e4k\u00f6intitalo<\/a> (H\u00e4meenkatu 26 B, Lahti). Maksullinen.<\/li>\n\n\n\n<li><a href=\"https:\/\/lahdenpysakointi.fi\/parkkipaikat\/p-hansa\/\">P \u2013 Hansa \u2013 Hansan pys\u00e4k\u00f6intitalo<\/a> (Kauppakatu 10 ja Kirkkokatu 23, Lahti). Maksullinen.<\/li>\n\n\n\n<li><a href=\"https:\/\/lahdenpysakointi.fi\/parkkipaikat\/p-matka\/\">P \u2013 Matka \u2013 Lahden matkakeskuksen pys\u00e4k\u00f6intitalo<\/a> (Askonkatu (P1), Lahti<\/li>\n\n\n\n<li>Pikku-Vesij\u00e4rven parkkialue (Jalkarannantien ja Kartanonkadun risteys). Alueella voi pys\u00e4k\u00f6id\u00e4 maksutta kolmen tunnin ajaksi pys\u00e4k\u00f6intikiekolla.<\/li>\n\n\n\n<li>Satama-alue (Sibeliustalo) (Ankkurikatu 7, Lahti). <em>Maksullinen ainoastaan arkisin klo 8-18<\/em>, muina aikoina pys\u00e4k\u00f6inti on maksuton.<\/li>\n\n\n\n<li>P \u2013 Kartano \u2013 ulkopys\u00e4k\u00f6inti (Kartanonkatu 6, Lahti). Maksullinen.<\/li>\n<\/ul>\n\n\n\n<p>Huomioithan pys\u00e4k\u00f6idess\u00e4 kadunvarteen tai pys\u00e4k\u00f6intialueille, ett\u00e4 pys\u00e4k\u00f6inti\u00e4 ohjaa liikennemerkit ja autoilija on velvollinen pys\u00e4k\u00f6im\u00e4\u00e4n niiden mukaisesti. N\u00e4yttelynj\u00e4rjest\u00e4j\u00e4 ei vastaa v\u00e4\u00e4rin pys\u00e4k\u00f6idyist\u00e4 ajoneuvoista Urheilu- ja messukeskuksen pys\u00e4k\u00f6intialueen ulkopuolella.<\/p>\n\n\n\n<h4 class=\"wp-block-heading\"><strong>Saapuminen k\u00e4vellen tai py\u00f6r\u00e4ll\u00e4<\/strong><\/h4>\n\n\n\n<p>Lahden erinomaiset kevyen liikenteen kulkuv\u00e4yl\u00e4t tarjoavat kest\u00e4vi\u00e4 tapoja liikkua. Lyhyet v\u00e4limatkat taittaa helposti k\u00e4vellen; Lahden Matkakeskukselta tai Lahden keskustan alueelta &nbsp;messuille on matkaa n. 1,5 km.<\/p>\n\n\n\n<h4 class=\"wp-block-heading\"><strong>Saapuminen julkisilla<\/strong><\/h4>\n\n\n\n<p>Lahteen on erinomaiset kulkuyhteydet joka suunnasta. Matkusta junalla tai bussilla Lahteen vaivattomasti. Helsinki-Vantaan lentokent\u00e4lt\u00e4 p\u00e4\u00e4set junalla tai bussilla Lahteen n. tunnissa. Lahden matkakeskus yhdist\u00e4\u00e4 niin l\u00e4hi- kuin kaukoliikenteen.<\/p>\n\n\n\n<h4 class=\"wp-block-heading\"><strong>Junalla<\/strong><\/h4>\n\n\n\n<p>Rautatieasema sijaitsee Lahden Matkakeskuksessa (Mannerheiminkatu 15 Lahti). Matkakeskukselta on n. 1,5 km k\u00e4velymatka tapahtumapaikalle. Nopein yhteys Helsingist\u00e4 Lahteen on 49 minuuttia. VR:n aikataulut ja muut palvelut&nbsp;<a href=\"http:\/\/www.vr.fi\/\">www.vr.fi<\/a>.<\/p>\n\n\n\n<h4 class=\"wp-block-heading\"><strong>Linja-autolla<\/strong><strong><\/strong><\/h4>\n\n\n\n<p>Lahteen on hyv\u00e4t linja-autoyhteydet. Linja-autoasema sijaitsee Lahden matkakeskuksessa (Mannerheiminkatu 15 Lahti). Matkakeskukselta on n. 1,5 km k\u00e4velymatka tapahtumapaikalle. Nopein yhteys Helsingist\u00e4 Lahteen kest\u00e4\u00e4 n. reilun tunnin. Bussiaikataulut ja lis\u00e4tietoa:&nbsp;<a href=\"https:\/\/www.matkahuolto.fi\/matkustajat\/bussiaikataulut\">www.matkahuolto.fi.<\/a><\/p>\n\n\n\n<h4 class=\"wp-block-heading\"><strong>Paikallisliikenne<\/strong><\/h4>\n\n\n\n<p>Lahdessa on kattava paikallisliikenneverkosto. Bussiaikataulun voit tarkistaa&nbsp;<a href=\"http:\/\/lsl.fi\/\">Lahden Seudun Liikenteen sivuilta<\/a>.<\/p>\n\n\n\n<h4 class=\"wp-block-heading\"><strong>Saapuminen taksilla<\/strong><\/h4>\n\n\n\n<p>Taksit palvelevat kaupungissamme mutkattomasti. Voit tilata taksin etuk\u00e4teen numerosta 0601 10001 tai mobiilisovelluksella Book a taxi ja&nbsp;<a href=\"https:\/\/valopilkkutaksi.fi\/\">Valopilkku<\/a>. Ennakkotilaukset ilman lis\u00e4maksua. Lahden Aluetaksin myyntipalvelu palvelee numerossa 03 821 9808. Lis\u00e4tietoja osoitteessa&nbsp;<a href=\"http:\/\/www.lahdenaluetaksi.fi\/\">www.lahdenaluetaksi.fi<\/a><\/p>\n\n\n\n<h4 class=\"wp-block-heading\"><strong>Tavaroiden purkupaikka n\u00e4ytteilleasettajille<\/strong><\/h4>\n\n\n\n<p>P\u00e4\u00e4sis\u00e4\u00e4nk\u00e4ynnin edess\u00e4 sijaitsee purkupaikka, joista autot on v\u00e4litt\u00f6m\u00e4sti kuorman purkamisen j\u00e4lkeen siirrett\u00e4v\u00e4 pys\u00e4k\u00f6intialueille.<br>Varaa reilusti aikaa pys\u00e4k\u00f6intiin ja kehiin siirtymiseen. Liikenne saattaa my\u00f6s hetkellisesti ruuhkaantua aamusta n\u00e4yttelyn alkaessa.<\/p>\n\n\n\n<p>Noudata ehdottomasti kaikkia liikenteenohjaajien antamia ohjeita liikenteen sujumisen varmistamiseksi.<\/p>\n","protected":false},"excerpt":{"rendered":"<p>Lahden Urheilu- ja Messukeskus sijaitsee hyvien kulkuyhteyksien varrella, upean luonnon \u00e4\u00e4rell\u00e4. Lahden keskusta on lyhyen k\u00e4velymatkan p\u00e4\u00e4ss\u00e4. Et\u00e4isyys Lahden Matkakeskukselta on n. 1,5 kilometri\u00e4. Nopein junayhteys Helsingist\u00e4 Lahteen on vain 49 minuuttia. Helsinki-Vantaan lentoasema on tunnin matkan p\u00e4\u00e4ss\u00e4. N\u00e4yttelypaikan osoite:Urheilu- ja messukeskus LahtiSalpaussel\u00e4nkatu 715110&nbsp;LAHTI Pys\u00e4k\u00f6inti Tapahtumaan saapumiseen kannattaa varata riitt\u00e4v\u00e4sti&#8230;<\/p>\n<p class=\"continue-reading-button\"> <a class=\"continue-reading-link\" href=\"https:\/\/www.showlink.fi\/shows\/lahtikv_2026\/tietoa-tapahtumasta\/saapuminen-nayttelyyn\/\">Continue reading<i class=\"crycon-right-dir\"><\/i><\/a><\/p>\n","protected":false},"author":1,"featured_media":0,"parent":67,"menu_order":0,"comment_status":"closed","ping_status":"closed","template":"","meta":{"footnotes":""},"class_list":["post-949","page","type-page","status-publish","hentry"],"_links":{"self":[{"href":"https:\/\/www.showlink.fi\/shows\/lahtikv_2026\/wp-json\/wp\/v2\/pages\/949","targetHints":{"allow":["GET"]}}],"collection":[{"href":"https:\/\/www.showlink.fi\/shows\/lahtikv_2026\/wp-json\/wp\/v2\/pages"}],"about":[{"href":"https:\/\/www.showlink.fi\/shows\/lahtikv_2026\/wp-json\/wp\/v2\/types\/page"}],"author":[{"embeddable":true,"href":"https:\/\/www.showlink.fi\/shows\/lahtikv_2026\/wp-json\/wp\/v2\/users\/1"}],"replies":[{"embeddable":true,"href":"https:\/\/www.showlink.fi\/shows\/lahtikv_2026\/wp-json\/wp\/v2\/comments?post=949"}],"version-history":[{"count":6,"href":"https:\/\/www.showlink.fi\/shows\/lahtikv_2026\/wp-json\/wp\/v2\/pages\/949\/revisions"}],"predecessor-version":[{"id":975,"href":"https:\/\/www.showlink.fi\/shows\/lahtikv_2026\/wp-json\/wp\/v2\/pages\/949\/revisions\/975"}],"up":[{"embeddable":true,"href":"https:\/\/www.showlink.fi\/shows\/lahtikv_2026\/wp-json\/wp\/v2\/pages\/67"}],"wp:attachment":[{"href":"https:\/\/www.showlink.fi\/shows\/lahtikv_2026\/wp-json\/wp\/v2\/media?parent=949"}],"curies":[{"name":"wp","href":"https:\/\/api.w.org\/{rel}","templated":true}]}}