{"id":951,"date":"2025-12-01T13:42:50","date_gmt":"2025-12-01T11:42:50","guid":{"rendered":"https:\/\/www.showlink.fi\/shows\/lahtikv_2026\/?page_id=951"},"modified":"2025-12-01T15:18:38","modified_gmt":"2025-12-01T13:18:38","slug":"palvelut","status":"publish","type":"page","link":"https:\/\/www.showlink.fi\/shows\/lahtikv_2026\/tietoa-tapahtumasta\/palvelut\/","title":{"rendered":"Palvelut"},"content":{"rendered":"\n<h4 class=\"wp-block-heading\"><strong>Infopiste<\/strong><\/h4>\n\n\n\n<p>N\u00e4yttelyn infopiste sijaitsee heti sis\u00e4\u00e4nk\u00e4ynnin vieress\u00e4. T\u00e4ll\u00e4 pisteest\u00e4 sinua autetaan kaikissa n\u00e4yttelyyn liittyviss\u00e4 asioissa. T\u00e4\u00e4lt\u00e4 voit k\u00e4yd\u00e4 my\u00f6s kysym\u00e4ss\u00e4 kadonneita tavaroita.<\/p>\n\n\n\n<p>Infopiste on auki n\u00e4yttelyp\u00e4ivien ajan.<\/p>\n\n\n\n<h3 class=\"wp-block-heading\"><strong>Ravintolapalvelut<\/strong><\/h3>\n\n\n\n<h4 class=\"wp-block-heading\"><strong>Ravintola Koti<\/strong><\/h4>\n\n\n\n<p>Ravintola Koti sijaitsee urheilu- ja messukeskuksen 2. kerroksessa.&nbsp; Sis\u00e4\u00e4nk\u00e4ynti ravintolaan sis\u00e4\u00e4ntuloaulasta ja hallista C.<\/p>\n\n\n\n<p>Ravintola Koti ja Vintti palvelevat n\u00e4ytteilleasettajia ja yleis\u00f6\u00e4 klo 8-17 v\u00e4lisen\u00e4 aikana.&nbsp;<br>Ravintola Kodissa tarjolla maittava lounas klo 11-16 v\u00e4lisen\u00e4 aikana molempina p\u00e4ivin\u00e4.<\/p>\n\n\n\n<p><strong><em>Ravintola Kodin tiloihin ei voi vied\u00e4 koiria.<\/em><\/strong><\/p>\n\n\n\n<h4 class=\"wp-block-heading\"><strong>Terassiravintola Vintti<\/strong><\/h4>\n\n\n\n<p>Terassiravintola Vintti sijaitsee hallin B takaosassa.<\/p>\n\n\n\n<p><strong><em>Terassiravintola Vinttiin ovat my\u00f6s koirat tervetulleita.<\/em><\/strong><\/p>\n\n\n\n<h4 class=\"wp-block-heading\"><strong>Kahvik\u00e4rry<\/strong><\/h4>\n\n\n\n<p>Kahvik\u00e4rry kiert\u00e4\u00e4 halleissa n\u00e4yttelyp\u00e4ivien aikana.&nbsp;<br>K\u00e4rryst\u00e4 myynniss\u00e4 kahvia ja pient\u00e4 suolaista sek\u00e4 makeaa. K\u00e4rryt ovat liikkeell\u00e4 klo 8.00 alkaen.<\/p>\n\n\n\n<h4 class=\"wp-block-heading\"><strong>Palkintopiste<\/strong><\/h4>\n\n\n\n<p>Palkintopiste sijaitsee n\u00e4yttelyn sis\u00e4\u00e4ntuloaulassa. Palkintopiste palvelee n\u00e4ytteilleasettajia&nbsp; n\u00e4yttelyp\u00e4ivin\u00e4 klo 17.00 saakka.<\/p>\n\n\n\n<h4 class=\"wp-block-heading\"><strong>K\u00e4\u00e4nn\u00f6spalvelu<\/strong><\/h4>\n\n\n\n<p>K\u00e4\u00e4nn\u00f6spalvelu sijaitsee palkintopisteen vieress\u00e4. K\u00e4\u00e4nn\u00f6spalvelu palvelee n\u00e4ytteilleasettajia n\u00e4yttelyp\u00e4ivin\u00e4 klo 16.00 saakka.<\/p>\n\n\n\n<h4 class=\"wp-block-heading\"><strong>Koiraparkki<\/strong><\/h4>\n\n\n\n<p>Koiraparkki sijaitsee sis\u00e4\u00e4ntuloaulassa l\u00e4hell\u00e4 palkintopistett\u00e4 ja ravintola Kotia. Voit j\u00e4tt\u00e4\u00e4 koirasi erinomaisiin k\u00e4siin, vaikka siksi aikaa, kun k\u00e4yt rauhassa lounaalla. Koiraparkki on maksuton.<\/p>\n\n\n\n<h4 class=\"wp-block-heading\"><strong>Trimmaus<\/strong><\/h4>\n\n\n\n<p>N\u00e4yttelyss\u00e4mme ei ole erillisi\u00e4 trimmausalueita. Trimmaaminen ja harjaaminen on sallittua h\u00e4kkialueilla, josta jokainen tulee huolehtia aiheuttamansa irtokarvat ja roskat roskikseen itse. T\u00e4m\u00e4 on t\u00e4rke\u00e4\u00e4, sill\u00e4 n\u00e4yttely j\u00e4rjestet\u00e4\u00e4n urheiluhallitiloissa.<\/p>\n\n\n\n<h4 class=\"wp-block-heading\"><strong>Omatoimi valokuvauspiste<\/strong><\/h4>\n\n\n\n<p>Myyntiareenan takaosasta l\u00f6yd\u00e4t omatoimi valokuvauspisteen, jossa voit valokuvata koirasi maksutta.<\/p>\n\n\n\n<h4 class=\"wp-block-heading\"><strong>Ensiapup\u00e4ivystys<\/strong><\/h4>\n\n\n\n<p>Ensiapup\u00e4ivystys palvelee tapahtuma-aikana. Ensiapupiste sijaitsee l\u00e4hell\u00e4 p\u00e4\u00e4sis\u00e4\u00e4nk\u00e4ynti\u00e4. Voit kysy\u00e4 tarkkaa sijaintia henkil\u00f6kunnaltamme.<\/p>\n\n\n\n<h4 class=\"wp-block-heading\"><strong>Defibrillaattori<\/strong><\/h4>\n\n\n\n<p>Urheilu- ja Messukeskuksessa on defibrillaattoreita. Paikallista l\u00e4hin: defi.fi.<\/p>\n\n\n\n<h4 class=\"wp-block-heading\"><strong>Pankkiautomaatti<\/strong><\/h4>\n\n\n\n<p>N\u00e4yttelyalueella ei ole pankkiautomaattia. L\u00e4hin pankkiautomaatti sijaitsee Lahden keskustassa (Aleksanterinkatu 8). Noin kilometrin p\u00e4\u00e4ss\u00e4 Urheilu- ja messukeskuksesta.<\/p>\n\n\n\n<h4 class=\"wp-block-heading\"><strong>Tapahtuman esteett\u00f6myys<\/strong><\/h4>\n\n\n\n<p>Urheilu- ja Messukeskus on esteet\u00f6n tapahtumatalo. Kaikki sis\u00e4\u00e4nk\u00e4ynnit ovat esteett\u00f6mi\u00e4, talon kaikkiin osiin p\u00e4\u00e4see hissill\u00e4 ja kaikista kerroksista l\u00f6ytyy esteett\u00f6mi\u00e4 WC-tiloja.<br><br>Pys\u00e4k\u00f6inti invaliditunnuksilla on maksutonta. Vammaisen henkil\u00f6n avustaja p\u00e4\u00e4see tapahtumaan maksutta sis\u00e4\u00e4n.<\/p>\n","protected":false},"excerpt":{"rendered":"<p>Infopiste N\u00e4yttelyn infopiste sijaitsee heti sis\u00e4\u00e4nk\u00e4ynnin vieress\u00e4. T\u00e4ll\u00e4 pisteest\u00e4 sinua autetaan kaikissa n\u00e4yttelyyn liittyviss\u00e4 asioissa. T\u00e4\u00e4lt\u00e4 voit k\u00e4yd\u00e4 my\u00f6s kysym\u00e4ss\u00e4 kadonneita tavaroita. Infopiste on auki n\u00e4yttelyp\u00e4ivien ajan. Ravintolapalvelut Ravintola Koti Ravintola Koti sijaitsee urheilu- ja messukeskuksen 2. kerroksessa.&nbsp; Sis\u00e4\u00e4nk\u00e4ynti ravintolaan sis\u00e4\u00e4ntuloaulasta ja hallista C. Ravintola Koti ja Vintti palvelevat n\u00e4ytteilleasettajia&#8230;<\/p>\n<p class=\"continue-reading-button\"> <a class=\"continue-reading-link\" href=\"https:\/\/www.showlink.fi\/shows\/lahtikv_2026\/tietoa-tapahtumasta\/palvelut\/\">Continue reading<i class=\"crycon-right-dir\"><\/i><\/a><\/p>\n","protected":false},"author":1,"featured_media":0,"parent":67,"menu_order":2,"comment_status":"closed","ping_status":"closed","template":"","meta":{"footnotes":""},"class_list":["post-951","page","type-page","status-publish","hentry"],"_links":{"self":[{"href":"https:\/\/www.showlink.fi\/shows\/lahtikv_2026\/wp-json\/wp\/v2\/pages\/951","targetHints":{"allow":["GET"]}}],"collection":[{"href":"https:\/\/www.showlink.fi\/shows\/lahtikv_2026\/wp-json\/wp\/v2\/pages"}],"about":[{"href":"https:\/\/www.showlink.fi\/shows\/lahtikv_2026\/wp-json\/wp\/v2\/types\/page"}],"author":[{"embeddable":true,"href":"https:\/\/www.showlink.fi\/shows\/lahtikv_2026\/wp-json\/wp\/v2\/users\/1"}],"replies":[{"embeddable":true,"href":"https:\/\/www.showlink.fi\/shows\/lahtikv_2026\/wp-json\/wp\/v2\/comments?post=951"}],"version-history":[{"count":3,"href":"https:\/\/www.showlink.fi\/shows\/lahtikv_2026\/wp-json\/wp\/v2\/pages\/951\/revisions"}],"predecessor-version":[{"id":978,"href":"https:\/\/www.showlink.fi\/shows\/lahtikv_2026\/wp-json\/wp\/v2\/pages\/951\/revisions\/978"}],"up":[{"embeddable":true,"href":"https:\/\/www.showlink.fi\/shows\/lahtikv_2026\/wp-json\/wp\/v2\/pages\/67"}],"wp:attachment":[{"href":"https:\/\/www.showlink.fi\/shows\/lahtikv_2026\/wp-json\/wp\/v2\/media?parent=951"}],"curies":[{"name":"wp","href":"https:\/\/api.w.org\/{rel}","templated":true}]}}