{"id":955,"date":"2025-12-01T13:48:13","date_gmt":"2025-12-01T11:48:13","guid":{"rendered":"https:\/\/www.showlink.fi\/shows\/lahtikv_2026\/?page_id=955"},"modified":"2025-12-01T13:54:39","modified_gmt":"2025-12-01T11:54:39","slug":"turistikoirat","status":"publish","type":"page","link":"https:\/\/www.showlink.fi\/shows\/lahtikv_2026\/tietoa-tapahtumasta\/turistikoirat\/","title":{"rendered":"Turistikoirat"},"content":{"rendered":"\n<p>Tapahtumaan saavat osallistua vain koiran\u00e4yttelyyn ilmoitetut koirat.<strong>\u00a0Turistikoirien (muut kuin n\u00e4yttelyihin ilmoitetut koirat) tuominen tapahtumaan on kielletty\u00e4.<\/strong><br><br>Koiralle, joka on ilmoitettu vain yhteen n\u00e4yttelyyn, mutta tarvitsee p\u00e4\u00e4syn n\u00e4yttelypaikalle my\u00f6s toisena tapahtumap\u00e4iv\u00e4n\u00e4, saa kulkuluvan tapahtuman infopisteelt\u00e4. Infopiste sijaitsee sis\u00e4\u00e4ntuloaulassa.<br><br>Ty\u00f6ss\u00e4 ja koulutuksessa olevat hy\u00f6tykoirat (esim. virkakoirat, henkil\u00f6kohtaiset opaskoirat) ovat tervetulleita.<\/p>\n","protected":false},"excerpt":{"rendered":"<p>Tapahtumaan saavat osallistua vain koiran\u00e4yttelyyn ilmoitetut koirat.\u00a0Turistikoirien (muut kuin n\u00e4yttelyihin ilmoitetut koirat) tuominen tapahtumaan on kielletty\u00e4. Koiralle, joka on ilmoitettu vain yhteen n\u00e4yttelyyn, mutta tarvitsee p\u00e4\u00e4syn n\u00e4yttelypaikalle my\u00f6s toisena tapahtumap\u00e4iv\u00e4n\u00e4, saa kulkuluvan tapahtuman infopisteelt\u00e4. Infopiste sijaitsee sis\u00e4\u00e4ntuloaulassa. Ty\u00f6ss\u00e4 ja koulutuksessa olevat hy\u00f6tykoirat (esim. virkakoirat, henkil\u00f6kohtaiset opaskoirat) ovat tervetulleita.<\/p>\n<p class=\"continue-reading-button\"> <a class=\"continue-reading-link\" href=\"https:\/\/www.showlink.fi\/shows\/lahtikv_2026\/tietoa-tapahtumasta\/turistikoirat\/\">Continue reading<i class=\"crycon-right-dir\"><\/i><\/a><\/p>\n","protected":false},"author":1,"featured_media":0,"parent":67,"menu_order":4,"comment_status":"closed","ping_status":"closed","template":"","meta":{"footnotes":""},"class_list":["post-955","page","type-page","status-publish","hentry"],"_links":{"self":[{"href":"https:\/\/www.showlink.fi\/shows\/lahtikv_2026\/wp-json\/wp\/v2\/pages\/955","targetHints":{"allow":["GET"]}}],"collection":[{"href":"https:\/\/www.showlink.fi\/shows\/lahtikv_2026\/wp-json\/wp\/v2\/pages"}],"about":[{"href":"https:\/\/www.showlink.fi\/shows\/lahtikv_2026\/wp-json\/wp\/v2\/types\/page"}],"author":[{"embeddable":true,"href":"https:\/\/www.showlink.fi\/shows\/lahtikv_2026\/wp-json\/wp\/v2\/users\/1"}],"replies":[{"embeddable":true,"href":"https:\/\/www.showlink.fi\/shows\/lahtikv_2026\/wp-json\/wp\/v2\/comments?post=955"}],"version-history":[{"count":2,"href":"https:\/\/www.showlink.fi\/shows\/lahtikv_2026\/wp-json\/wp\/v2\/pages\/955\/revisions"}],"predecessor-version":[{"id":965,"href":"https:\/\/www.showlink.fi\/shows\/lahtikv_2026\/wp-json\/wp\/v2\/pages\/955\/revisions\/965"}],"up":[{"embeddable":true,"href":"https:\/\/www.showlink.fi\/shows\/lahtikv_2026\/wp-json\/wp\/v2\/pages\/67"}],"wp:attachment":[{"href":"https:\/\/www.showlink.fi\/shows\/lahtikv_2026\/wp-json\/wp\/v2\/media?parent=955"}],"curies":[{"name":"wp","href":"https:\/\/api.w.org\/{rel}","templated":true}]}}