{"id":960,"date":"2025-12-01T13:50:16","date_gmt":"2025-12-01T11:50:16","guid":{"rendered":"https:\/\/www.showlink.fi\/shows\/lahtikv_2026\/?page_id=960"},"modified":"2025-12-01T15:19:32","modified_gmt":"2025-12-01T13:19:32","slug":"turvallisuus","status":"publish","type":"page","link":"https:\/\/www.showlink.fi\/shows\/lahtikv_2026\/tietoa-tapahtumasta\/turvallisuus\/","title":{"rendered":"Turvallisuus"},"content":{"rendered":"\n<p>Tapahtumassa noudatetaan viranomaisten ohjeita jja linjauksia yleis\u00f6tapahtumien j\u00e4rjest\u00e4misen osalta. Noudata turvallisuus ohjeita, jotta kaikilla olisi mukava n\u00e4yttelyp\u00e4iv\u00e4. Seuraa j\u00e4rjest\u00e4jien ohjeita pys\u00e4k\u00f6inniss\u00e4 ja h\u00e4kkien sijoittelussa. \u00c4l\u00e4 j\u00e4t\u00e4 tavaroitasi vartioimatta.<\/p>\n\n\n\n<h4 class=\"wp-block-heading\"><strong>Tupakointi<\/strong><\/h4>\n\n\n\n<p>Urheilu- ja messukeskus on sis\u00e4tiloiltaan savuton. Tupakointialue sijaitsee ulkona sis\u00e4\u00e4nk\u00e4ynnin tuntumassa.<\/p>\n","protected":false},"excerpt":{"rendered":"<p>Tapahtumassa noudatetaan viranomaisten ohjeita jja linjauksia yleis\u00f6tapahtumien j\u00e4rjest\u00e4misen osalta. Noudata turvallisuus ohjeita, jotta kaikilla olisi mukava n\u00e4yttelyp\u00e4iv\u00e4. Seuraa j\u00e4rjest\u00e4jien ohjeita pys\u00e4k\u00f6inniss\u00e4 ja h\u00e4kkien sijoittelussa. \u00c4l\u00e4 j\u00e4t\u00e4 tavaroitasi vartioimatta. Tupakointi Urheilu- ja messukeskus on sis\u00e4tiloiltaan savuton. Tupakointialue sijaitsee ulkona sis\u00e4\u00e4nk\u00e4ynnin tuntumassa.<\/p>\n<p class=\"continue-reading-button\"> <a class=\"continue-reading-link\" href=\"https:\/\/www.showlink.fi\/shows\/lahtikv_2026\/tietoa-tapahtumasta\/turvallisuus\/\">Continue reading<i class=\"crycon-right-dir\"><\/i><\/a><\/p>\n","protected":false},"author":1,"featured_media":0,"parent":67,"menu_order":5,"comment_status":"closed","ping_status":"closed","template":"","meta":{"footnotes":""},"class_list":["post-960","page","type-page","status-publish","hentry"],"_links":{"self":[{"href":"https:\/\/www.showlink.fi\/shows\/lahtikv_2026\/wp-json\/wp\/v2\/pages\/960","targetHints":{"allow":["GET"]}}],"collection":[{"href":"https:\/\/www.showlink.fi\/shows\/lahtikv_2026\/wp-json\/wp\/v2\/pages"}],"about":[{"href":"https:\/\/www.showlink.fi\/shows\/lahtikv_2026\/wp-json\/wp\/v2\/types\/page"}],"author":[{"embeddable":true,"href":"https:\/\/www.showlink.fi\/shows\/lahtikv_2026\/wp-json\/wp\/v2\/users\/1"}],"replies":[{"embeddable":true,"href":"https:\/\/www.showlink.fi\/shows\/lahtikv_2026\/wp-json\/wp\/v2\/comments?post=960"}],"version-history":[{"count":3,"href":"https:\/\/www.showlink.fi\/shows\/lahtikv_2026\/wp-json\/wp\/v2\/pages\/960\/revisions"}],"predecessor-version":[{"id":979,"href":"https:\/\/www.showlink.fi\/shows\/lahtikv_2026\/wp-json\/wp\/v2\/pages\/960\/revisions\/979"}],"up":[{"embeddable":true,"href":"https:\/\/www.showlink.fi\/shows\/lahtikv_2026\/wp-json\/wp\/v2\/pages\/67"}],"wp:attachment":[{"href":"https:\/\/www.showlink.fi\/shows\/lahtikv_2026\/wp-json\/wp\/v2\/media?parent=960"}],"curies":[{"name":"wp","href":"https:\/\/api.w.org\/{rel}","templated":true}]}}