{"id":114,"date":"2023-08-17T12:44:29","date_gmt":"2023-08-17T09:44:29","guid":{"rendered":"https:\/\/www.showlink.fi\/shows\/siikajokirn2024luonnos\/?page_id=114"},"modified":"2026-02-02T13:24:49","modified_gmt":"2026-02-02T11:24:49","slug":"tuomarit","status":"publish","type":"page","link":"https:\/\/www.showlink.fi\/shows\/lammirn2026\/tuomarit\/","title":{"rendered":"Tuomarit"},"content":{"rendered":"\n<p><strong>Ryhm\u00e4 1<\/strong><br>belgianpaimenkoirat, bordercollie, ceskoslovensky vlciak, hollanninpaimenkoirat, it\u00e4euroopanpaimenkoira, karpaattienkoira, katalonianpaimenkoira, kroatianpaimenkoira, picardienpaimenkoira, romanianpaimenkoira, saarlooswolfhond, saksanpaimenkoirat, shetlanninlammaskoira, tsekinpaimenkoira, valkoinenpaimenkoira&nbsp;<strong>Jetta Tschokkinen<\/strong><br>ardennienkarjakoira, australian t\u00f6p\u00f6h\u00e4nt\u00e4inen karjakoira, australiankarjakoira, australiankelpie, australianpaimenkoira, beaucenpaimenkoira \/ beauceron, lancashirenkarjakoira, mallorcanpaimenkoira, medimurjenkoira, pieniamerikanpaimenkoira, schipperke, welsh corgi cardigan, welsh corgi pembroke&nbsp;<strong>Johan Juslin<\/strong><br>bergamonpaimenkoira, bouvier, brienpaimenkoira \/ briardi, etel\u00e4ven\u00e4j\u00e4nkoira, komondor, kuvasz, pyreneittenpaimenkoirat, maremmano-abruzzese, mudi, owczarek podhalanski, partacollie, pitk\u00e4karvainen collie, polski owczarek nizinny, pulit, pumi, schapendoes, serra de airesinpaimenkoira, sile\u00e4karvainen collie, slovakiancuvac, vanhaenglanninlammaskoira&nbsp;<strong>Paula Heikkinen-Lehkonen<\/strong><\/p>\n\n\n\n<p><strong>Ryhm\u00e4 2<\/strong><br>aidi, alentejonkoira, appenzellinpaimenkoira, broholminkoira, cane corso, castro laboreironkoira, continental bulldog, dobermanni, dogo argentino, entlebuchinpaimenkoira, espanjanmastiffi, estrelanvuoristokoirat, fila brasileiro, hollanninrottakoira, isosveitsinpaimenkoira, it\u00e4vallanpinseri, kanariandoggi, kangalinkoira, karstinpaimenkoira, k\u00e4\u00e4pi\u00f6pinseri, leonberginkoira, mallorcandoggi, mastiffi, musta romanianvuoristokoira, napolinmastiffi, pinseri, rottweiler, sao miguelinfila, shar pei, tanskalais-ruotsalainen pihakoira, tanskandoggit, tosa, transmontano mastiff, uruguayncimarron&nbsp;<strong>Auli Haapiainen-Liikanen<\/strong><br>tiibetinmastiffi, tornjak&nbsp;<strong>Jetta Tschokkinen<\/strong><br>apinapinseri&nbsp;<strong>Johan Juslin<\/strong><br>bernhardinkoirat, bokseri, bordeauxindoggi, pyreneittenkoira, pyreneittenmastiffi&nbsp;<strong>Paula Heikkinen-Lehkonen<\/strong><br>berninpaimenkoira, bukovinankoira, Buldogue Campeiro, bullmastiffi, englanninbulldoggi, hovawart, kaukasiankoira, keskiaasiankoira, k\u00e4\u00e4pi\u00f6snautserit, landseer, newfoundlandinkoira, sarplaninac, snautserit, suursnautserit, ven\u00e4j\u00e4nmustaterrieri&nbsp;<strong>Sanna Vakkilainen<\/strong><\/p>\n\n\n\n<p><strong>Ryhm\u00e4 3<\/strong><br>amerikankarvatonterrieri, amerikank\u00e4\u00e4pi\u00f6kettuterrieri, amerikanrottaterrieri, andalusianrottakoira, brasilianterrieri, bullterrieri, englannink\u00e4\u00e4pi\u00f6terrieri, irlanninterrieri, kerrynterrieri, k\u00e4\u00e4pi\u00f6bullterrieri, manchesterinterrieri, norfolkinterrieri, norwichinterrieri, parsonrussellinterrieri, skotlanninterrieri, valencianrottaterrieri, valkoinen l\u00e4nsiyl\u00e4maanterrieri, vehn\u00e4terrieri&nbsp;<strong>Helene Vanninen<\/strong><br>airedalenterrieri, amerikanstaffordshirenterrieri, borderterrieri, saksanmets\u00e4stysterrieri, silkkiterrieri, staffordshirenbullterrieri, yorkshirenterrieri&nbsp;<strong>Jetta Tschokkinen<\/strong><br>bedlingtoninterrieri&nbsp;<strong>Johan Juslin<\/strong><br>australianterrieri, biewerterrieri, cairnterrieri, ceskyterrieri, dandiedinmontinterrieri, glen of imaalinterrieri, jackrussellinterrieri, japaninterrieri, kettuterrierit, lakelandinterrieri, sealyhaminterrieri, skyenterrieri, tenterfieldinterrieri, walesinterrieri&nbsp;<strong>Mari Langinkoski<\/strong><\/p>\n\n\n\n<p><strong>Ryhm\u00e4 9<\/strong><br>griffon belge, griffon bruxellois, petit brabancon, villakoirat\u00a0<strong>Johan Juslin<\/strong><br>bichon fris\u00e9, cavalier kingcharlesinspanieli, havannankoira, japanese chin, kingcharlesinspanieli, lhasa apso, markiesje, papillon, phal\u00e8ne, shih tzu, tiibetinterrieri, ven\u00e4j\u00e4nbolonka\u00a0<strong>Marja Kosonen<\/strong><br>l\u00f6wchen, maltankoira, ven\u00e4j\u00e4ntoyt\u00a0<strong>Paula Heikkinen-Lehkonen<\/strong><br>bolognese, chihuahuat, coton de tul\u00e9ar, kiinanharjakoira, kromfohrl\u00e4nder, mopsi, prahanrottakoira, tiibetinspanieli\u00a0<strong>Sanna Kujansuu<\/strong><br>bostoninterrieri, kiinanpalatsikoira, ranskanbulldoggi\u00a0<strong>Sanna Vakkilainen<\/strong><\/p>\n\n\n\n<p>Ryhm\u00e4kilpailut<br>FCI 1<strong>&nbsp;Jetta Tschokkinen<\/strong><br>FCI 2<strong>&nbsp;Sanna Vakkilainen<\/strong><br>FCI 3<strong>&nbsp;Helene Vanninen<\/strong><br>FCI 9<strong>&nbsp;Marja Kosonen<\/strong><br><br>Paras juniori&nbsp;<strong>Jetta Tschokkinen<\/strong><br>Paras veteraani&nbsp;<strong>Johan Juslin<\/strong><br>Paras kasvattajaryhm\u00e4&nbsp;<strong>Johan Juslin<\/strong><br>Best in Show<strong>&nbsp;Paula Heikkinen-Lehkonen<br><br><\/strong><\/p>\n","protected":false},"excerpt":{"rendered":"<p>Ryhm\u00e4 1belgianpaimenkoirat, bordercollie, ceskoslovensky vlciak, hollanninpaimenkoirat, it\u00e4euroopanpaimenkoira, karpaattienkoira, katalonianpaimenkoira, kroatianpaimenkoira, picardienpaimenkoira, romanianpaimenkoira, saarlooswolfhond, saksanpaimenkoirat, shetlanninlammaskoira, tsekinpaimenkoira, valkoinenpaimenkoira&nbsp;Jetta Tschokkinenardennienkarjakoira, australian t\u00f6p\u00f6h\u00e4nt\u00e4inen karjakoira, australiankarjakoira, australiankelpie, australianpaimenkoira, beaucenpaimenkoira \/ beauceron, lancashirenkarjakoira, mallorcanpaimenkoira, medimurjenkoira, pieniamerikanpaimenkoira, schipperke, welsh corgi cardigan, welsh corgi pembroke&nbsp;Johan Juslinbergamonpaimenkoira, bouvier, brienpaimenkoira \/ briardi, etel\u00e4ven\u00e4j\u00e4nkoira, komondor, kuvasz, pyreneittenpaimenkoirat, maremmano-abruzzese, mudi, owczarek podhalanski, partacollie, pitk\u00e4karvainen collie, polski <a href=\"https:\/\/www.showlink.fi\/shows\/lammirn2026\/tuomarit\/\" class=\"more-link\">...jatka lukemista<span class=\"screen-reader-text\"> \"Tuomarit\"<\/span><\/a><\/p>\n","protected":false},"author":1,"featured_media":0,"parent":0,"menu_order":3,"comment_status":"closed","ping_status":"closed","template":"","meta":{"footnotes":""},"class_list":["post-114","page","type-page","status-publish","h-entry","hentry","h-as-page"],"_links":{"self":[{"href":"https:\/\/www.showlink.fi\/shows\/lammirn2026\/wp-json\/wp\/v2\/pages\/114","targetHints":{"allow":["GET"]}}],"collection":[{"href":"https:\/\/www.showlink.fi\/shows\/lammirn2026\/wp-json\/wp\/v2\/pages"}],"about":[{"href":"https:\/\/www.showlink.fi\/shows\/lammirn2026\/wp-json\/wp\/v2\/types\/page"}],"author":[{"embeddable":true,"href":"https:\/\/www.showlink.fi\/shows\/lammirn2026\/wp-json\/wp\/v2\/users\/1"}],"replies":[{"embeddable":true,"href":"https:\/\/www.showlink.fi\/shows\/lammirn2026\/wp-json\/wp\/v2\/comments?post=114"}],"version-history":[{"count":6,"href":"https:\/\/www.showlink.fi\/shows\/lammirn2026\/wp-json\/wp\/v2\/pages\/114\/revisions"}],"predecessor-version":[{"id":223,"href":"https:\/\/www.showlink.fi\/shows\/lammirn2026\/wp-json\/wp\/v2\/pages\/114\/revisions\/223"}],"wp:attachment":[{"href":"https:\/\/www.showlink.fi\/shows\/lammirn2026\/wp-json\/wp\/v2\/media?parent=114"}],"curies":[{"name":"wp","href":"https:\/\/api.w.org\/{rel}","templated":true}]}}