{"id":117,"date":"2023-08-17T12:46:51","date_gmt":"2023-08-17T09:46:51","guid":{"rendered":"https:\/\/www.showlink.fi\/shows\/siikajokirn2024luonnos\/?page_id=117"},"modified":"2025-12-19T14:29:34","modified_gmt":"2025-12-19T12:29:34","slug":"aikataulut","status":"publish","type":"page","link":"https:\/\/www.showlink.fi\/shows\/lammirn2026\/aikataulut\/","title":{"rendered":"Aikataulut"},"content":{"rendered":"\n<p class=\"has-white-color has-text-color has-background has-link-color wp-elements-4acfb247555d9e3211cdd820503de282\" style=\"background-color:#b8a89b\"><strong>Kaikki n\u00e4yttelykutsut tullaan l\u00e4hett\u00e4m\u00e4\u00e4n s\u00e4hk\u00f6isesti.<\/strong><br>Kutsuja ei l\u00e4hetet\u00e4 postitse.<\/p>\n\n\n\n<p>Aikataulut julkaistaan noin viikkoa ennen tapahtumaa.<\/p>\n\n\n\n<p><\/p>\n","protected":false},"excerpt":{"rendered":"<p>Kaikki n\u00e4yttelykutsut tullaan l\u00e4hett\u00e4m\u00e4\u00e4n s\u00e4hk\u00f6isesti.Kutsuja ei l\u00e4hetet\u00e4 postitse. Aikataulut julkaistaan noin viikkoa ennen tapahtumaa.<\/p>\n","protected":false},"author":1,"featured_media":0,"parent":0,"menu_order":4,"comment_status":"closed","ping_status":"closed","template":"","meta":{"footnotes":""},"class_list":["post-117","page","type-page","status-publish","h-entry","hentry","h-as-page"],"_links":{"self":[{"href":"https:\/\/www.showlink.fi\/shows\/lammirn2026\/wp-json\/wp\/v2\/pages\/117","targetHints":{"allow":["GET"]}}],"collection":[{"href":"https:\/\/www.showlink.fi\/shows\/lammirn2026\/wp-json\/wp\/v2\/pages"}],"about":[{"href":"https:\/\/www.showlink.fi\/shows\/lammirn2026\/wp-json\/wp\/v2\/types\/page"}],"author":[{"embeddable":true,"href":"https:\/\/www.showlink.fi\/shows\/lammirn2026\/wp-json\/wp\/v2\/users\/1"}],"replies":[{"embeddable":true,"href":"https:\/\/www.showlink.fi\/shows\/lammirn2026\/wp-json\/wp\/v2\/comments?post=117"}],"version-history":[{"count":10,"href":"https:\/\/www.showlink.fi\/shows\/lammirn2026\/wp-json\/wp\/v2\/pages\/117\/revisions"}],"predecessor-version":[{"id":214,"href":"https:\/\/www.showlink.fi\/shows\/lammirn2026\/wp-json\/wp\/v2\/pages\/117\/revisions\/214"}],"wp:attachment":[{"href":"https:\/\/www.showlink.fi\/shows\/lammirn2026\/wp-json\/wp\/v2\/media?parent=117"}],"curies":[{"name":"wp","href":"https:\/\/api.w.org\/{rel}","templated":true}]}}