{"id":230,"date":"2026-02-02T13:30:56","date_gmt":"2026-02-02T11:30:56","guid":{"rendered":"https:\/\/www.showlink.fi\/shows\/lammirn2026\/?page_id=230"},"modified":"2026-04-07T16:14:57","modified_gmt":"2026-04-07T13:14:57","slug":"tietoa-nayttelysta","status":"publish","type":"page","link":"https:\/\/www.showlink.fi\/shows\/lammirn2026\/tietoa-nayttelysta\/","title":{"rendered":"Tietoa n\u00e4yttelyst\u00e4"},"content":{"rendered":"\n<p>L\u00e4hestymiskartta n\u00e4yttelypaikalle<\/p>\n\n\n\n<figure class=\"wp-block-image size-full\"><img loading=\"lazy\" decoding=\"async\" width=\"671\" height=\"500\" src=\"https:\/\/www.showlink.fi\/shows\/lammirn2026\/wp-content\/uploads\/sites\/63\/2026\/02\/lahestymiskartta.png\" alt=\"\" class=\"wp-image-232\" srcset=\"https:\/\/www.showlink.fi\/shows\/lammirn2026\/wp-content\/uploads\/sites\/63\/2026\/02\/lahestymiskartta.png 671w, https:\/\/www.showlink.fi\/shows\/lammirn2026\/wp-content\/uploads\/sites\/63\/2026\/02\/lahestymiskartta-300x224.png 300w\" sizes=\"auto, (max-width: 671px) 100vw, 671px\" \/><\/figure>\n\n\n\n<hr class=\"wp-block-separator has-text-color has-white-color has-alpha-channel-opacity has-white-background-color has-background\"\/>\n\n\n\n<hr class=\"wp-block-separator has-alpha-channel-opacity\"\/>\n\n\n\n<p><strong>Pyyd\u00e4mme elinkeinotoimintaa harjoittavien valokuvaajien ilmoittautuvan etuk\u00e4teen j\u00e4rjest\u00e4jille.<\/strong><br>Haluamme tiet\u00e4\u00e4 kaikki ammatinharjoittajat vuokraamallamme&nbsp;alueella tapahtuman pelastussuunnitelmaa varten. Ilman kiinte\u00e4\u00e4 kuvauspistett\u00e4&nbsp;toimivilta kuvaajilta emme peri maksua, mutta heid\u00e4n toimintansa ei saa h\u00e4irit\u00e4 tai haitata n\u00e4yttelykeh\u00e4n kulkua.<\/p>\n","protected":false},"excerpt":{"rendered":"<p>L\u00e4hestymiskartta n\u00e4yttelypaikalle Pyyd\u00e4mme elinkeinotoimintaa harjoittavien valokuvaajien ilmoittautuvan etuk\u00e4teen j\u00e4rjest\u00e4jille.Haluamme tiet\u00e4\u00e4 kaikki ammatinharjoittajat vuokraamallamme&nbsp;alueella tapahtuman pelastussuunnitelmaa varten. Ilman kiinte\u00e4\u00e4 kuvauspistett\u00e4&nbsp;toimivilta kuvaajilta emme peri maksua, mutta heid\u00e4n toimintansa ei saa h\u00e4irit\u00e4 tai haitata n\u00e4yttelykeh\u00e4n kulkua.<\/p>\n","protected":false},"author":1,"featured_media":0,"parent":0,"menu_order":10,"comment_status":"closed","ping_status":"closed","template":"","meta":{"footnotes":""},"class_list":["post-230","page","type-page","status-publish","h-entry","hentry","h-as-page"],"_links":{"self":[{"href":"https:\/\/www.showlink.fi\/shows\/lammirn2026\/wp-json\/wp\/v2\/pages\/230","targetHints":{"allow":["GET"]}}],"collection":[{"href":"https:\/\/www.showlink.fi\/shows\/lammirn2026\/wp-json\/wp\/v2\/pages"}],"about":[{"href":"https:\/\/www.showlink.fi\/shows\/lammirn2026\/wp-json\/wp\/v2\/types\/page"}],"author":[{"embeddable":true,"href":"https:\/\/www.showlink.fi\/shows\/lammirn2026\/wp-json\/wp\/v2\/users\/1"}],"replies":[{"embeddable":true,"href":"https:\/\/www.showlink.fi\/shows\/lammirn2026\/wp-json\/wp\/v2\/comments?post=230"}],"version-history":[{"count":5,"href":"https:\/\/www.showlink.fi\/shows\/lammirn2026\/wp-json\/wp\/v2\/pages\/230\/revisions"}],"predecessor-version":[{"id":240,"href":"https:\/\/www.showlink.fi\/shows\/lammirn2026\/wp-json\/wp\/v2\/pages\/230\/revisions\/240"}],"wp:attachment":[{"href":"https:\/\/www.showlink.fi\/shows\/lammirn2026\/wp-json\/wp\/v2\/media?parent=230"}],"curies":[{"name":"wp","href":"https:\/\/api.w.org\/{rel}","templated":true}]}}