{"id":6,"date":"2018-03-22T11:21:35","date_gmt":"2018-03-22T09:21:35","guid":{"rendered":"http:\/\/www.showlink.fi\/shows\/sajtukinayttely2018\/?page_id=6"},"modified":"2026-02-02T13:25:55","modified_gmt":"2026-02-02T11:25:55","slug":"tervetuloa-sajn-erikoisnayttelyyn","status":"publish","type":"page","link":"https:\/\/www.showlink.fi\/shows\/lammirn2026\/","title":{"rendered":"Tervetuloa Villa Mainiemeen 27.6.2026!"},"content":{"rendered":"\n<p>N\u00e4yttelypaikkana toimii <strong>Villa Mainiemi<\/strong><br>osoitteessa <strong>Mainiementie, Lammi<\/strong><\/p>\n\n\n\n<p>N\u00e4yttely on ryhm\u00e4n\u00e4yttely<strong> FCI ryhmille 1, 2, 3, 9.<\/strong><br>N\u00e4yttelyss\u00e4 arvostellaan <strong>my\u00f6s pennut (7 \u2013 alle 9 kk)<\/strong>.<\/p>\n\n\n\n<p><strong>FCI 1 <\/strong>- Lammas- ja karjakoirat (paitsi sveitsinpaimenkoirat)<br><strong>FCI 2<\/strong> - Pinserit, snautserit, molossityyppiset ja sveitsinpaimenkoirat<br><strong>FCI 3<\/strong> - Terrierit<br><strong>FCI 9<\/strong> - Seurakoirat ja k\u00e4\u00e4pi\u00f6koirat<\/p>\n\n\n\n<hr class=\"wp-block-separator has-text-color has-alpha-channel-opacity has-background\" style=\"background-color:#b8b8b836;color:#b8b8b836\"\/>\n\n\n\n<p><strong>Tiedustelut<\/strong><\/p>\n\n\n\n<p><strong>Ilmoittautumisia ja kasvattajaryhmi\u00e4 koskevat tiedustelut<\/strong><br>Showlink Oy arkisin klo 11\u201317 puh. 09 887 30320 tai e-mail: info@showlink.fi<br>Mainitsethan tiedustelussasi n\u00e4yttelyn sek\u00e4 koiran rekisterinumeron, jota tiedustelu koskee.<\/p>\n\n\n\n<p><strong>Muut tiedustelut ja myyntipaikat<\/strong><br>Harri Vuorinen<br>lamminryhmanayttelyt@gmail.com<br>puh. 040 565 1043<\/p>\n\n\n\n<p><strong>Keh\u00e4toimitsijat ja harjoitusarvostelijat<\/strong><br>Jaana Ik\u00e4heimo<br>jaanaikaheimo@gmail.com<br>puh. 044 35 55 261<\/p>\n\n\n\n<p><strong>J\u00e4rjest\u00e4j\u00e4t:<\/strong> Lammin Riistamiehet, Etel\u00e4-H\u00e4meen Hirvikoirayhdistys, Evon Hirviseurue<\/p>\n\n\n\n<figure class=\"wp-block-image size-full\"><img loading=\"lazy\" decoding=\"async\" width=\"736\" height=\"256\" src=\"https:\/\/www.showlink.fi\/shows\/lammirn2026\/wp-content\/uploads\/sites\/63\/2026\/02\/yhttyobanneri2024_vaaka.jpg\" alt=\"\" class=\"wp-image-224\" srcset=\"https:\/\/www.showlink.fi\/shows\/lammirn2026\/wp-content\/uploads\/sites\/63\/2026\/02\/yhttyobanneri2024_vaaka.jpg 736w, https:\/\/www.showlink.fi\/shows\/lammirn2026\/wp-content\/uploads\/sites\/63\/2026\/02\/yhttyobanneri2024_vaaka-300x104.jpg 300w\" sizes=\"auto, (max-width: 736px) 100vw, 736px\" \/><\/figure>\n","protected":false},"excerpt":{"rendered":"<p>N\u00e4yttelypaikkana toimii Villa Mainiemiosoitteessa Mainiementie, Lammi N\u00e4yttely on ryhm\u00e4n\u00e4yttely FCI ryhmille 1, 2, 3, 9.N\u00e4yttelyss\u00e4 arvostellaan my\u00f6s pennut (7 \u2013 alle 9 kk). FCI 1 - Lammas- ja karjakoirat (paitsi sveitsinpaimenkoirat)FCI 2 - Pinserit, snautserit, molossityyppiset ja sveitsinpaimenkoiratFCI 3 - TerrieritFCI 9 - Seurakoirat ja k\u00e4\u00e4pi\u00f6koirat Tiedustelut Ilmoittautumisia ja kasvattajaryhmi\u00e4 koskevat tiedustelutShowlink Oy arkisin klo <a href=\"https:\/\/www.showlink.fi\/shows\/lammirn2026\/\" class=\"more-link\">...jatka lukemista<span class=\"screen-reader-text\"> \"Tervetuloa Villa Mainiemeen 27.6.2026!\"<\/span><\/a><\/p>\n","protected":false},"author":1,"featured_media":0,"parent":0,"menu_order":0,"comment_status":"closed","ping_status":"closed","template":"","meta":{"footnotes":""},"class_list":["post-6","page","type-page","status-publish","h-entry","hentry","h-as-page"],"_links":{"self":[{"href":"https:\/\/www.showlink.fi\/shows\/lammirn2026\/wp-json\/wp\/v2\/pages\/6","targetHints":{"allow":["GET"]}}],"collection":[{"href":"https:\/\/www.showlink.fi\/shows\/lammirn2026\/wp-json\/wp\/v2\/pages"}],"about":[{"href":"https:\/\/www.showlink.fi\/shows\/lammirn2026\/wp-json\/wp\/v2\/types\/page"}],"author":[{"embeddable":true,"href":"https:\/\/www.showlink.fi\/shows\/lammirn2026\/wp-json\/wp\/v2\/users\/1"}],"replies":[{"embeddable":true,"href":"https:\/\/www.showlink.fi\/shows\/lammirn2026\/wp-json\/wp\/v2\/comments?post=6"}],"version-history":[{"count":15,"href":"https:\/\/www.showlink.fi\/shows\/lammirn2026\/wp-json\/wp\/v2\/pages\/6\/revisions"}],"predecessor-version":[{"id":225,"href":"https:\/\/www.showlink.fi\/shows\/lammirn2026\/wp-json\/wp\/v2\/pages\/6\/revisions\/225"}],"wp:attachment":[{"href":"https:\/\/www.showlink.fi\/shows\/lammirn2026\/wp-json\/wp\/v2\/media?parent=6"}],"curies":[{"name":"wp","href":"https:\/\/api.w.org\/{rel}","templated":true}]}}