{"id":15,"date":"2018-01-25T16:24:15","date_gmt":"2018-01-25T14:24:15","guid":{"rendered":"http:\/\/www.showlink.fi\/shows\/aurarn2018\/?page_id=15"},"modified":"2025-12-04T15:28:23","modified_gmt":"2025-12-04T13:28:23","slug":"ilmoittautuminen","status":"publish","type":"page","link":"https:\/\/www.showlink.fi\/shows\/lapuarn2026\/ilmoittautuminen\/","title":{"rendered":"Ilmoittautuminen"},"content":{"rendered":"\n<p><strong>Kaikki n\u00e4yttelykutsut tullaan l\u00e4hett\u00e4m\u00e4\u00e4n s\u00e4hk\u00f6isesti.<\/strong><br>Kutsuja ei l\u00e4hetet\u00e4 postitse.<\/p>\n\n\n\n<p>Ilmoittautumiset\u00a0<strong>18.3. \/ 23.4. \/ 27.4\u00a0<\/strong>menness\u00e4.<\/p>\n\n\n\n<p>Ilmoittaessaan koiransa n\u00e4yttelyyn n\u00e4ytteilleasettaja sitoutuu noudattamaan Suomen Kennelliiton voimassa olevia n\u00e4yttelys\u00e4\u00e4nt\u00f6j\u00e4 ja niit\u00e4 t\u00e4ydent\u00e4vi\u00e4 ohjeita sek\u00e4 rokotusm\u00e4\u00e4r\u00e4yksi\u00e4.&nbsp; S\u00e4\u00e4nn\u00f6t l\u00f6ytyv\u00e4t&nbsp;<a href=\"https:\/\/www.kennelliitto.fi\/koiraharrastukset\/koiranayttelyt\/ohjeita-ja-lomakkeita-nayttelyyn-osallistujille-ja-nayttelyn-jarjestajille\"><strong>Kennelliiton kotisivuilta<\/strong><\/a>.<\/p>\n\n\n\n<p><strong>Ilmoittautuminen n\u00e4yttelyyn tulee tehd\u00e4 internetiss\u00e4.<\/strong><br><strong>Ilmoittautuminen: <a href=\"http:\/\/www.showlink.fi\/\">www.showlink.fi<\/a>\u00a0\u2192<a href=\"https:\/\/ilmoittautuminen.kennelliitto.fi\/frmEtusivu.aspx\">ONLINE ENTRY<\/a><\/strong><\/p>\n\n\n\n<p>Online-ilmoittautumisesta tulee aina vahvistus s\u00e4hk\u00f6postiisi. Jollet saa vahvistusta, ota v\u00e4litt\u00f6m\u00e4sti yhteytt\u00e4 asiakaspalveluumme. Tarkasta ilmoittautumisesta koirasi tiedot ja kilpailuluokka.&nbsp; Netti-ilmoittautuminen maksetaan verkkopankilla tai luottokortilla ilmoittautumisen yhteydess\u00e4.<\/p>\n\n\n\n<h3 class=\"wp-block-heading\">Ilmoittautumismaksut<\/h3>\n\n\n\n<p><strong>Ilmoittautumismaksut 18.3.2026 menness\u00e4\u00a0<\/strong><br>1. koira<strong>\u00a039 \u20ac<\/strong><br>saman omistajan 2. jne koira<strong>\u00a034 \u20ac<\/strong><br>pennut ja veteraanit\u00a0<strong>30\u00a0\u20ac<br><\/strong>yli 10-v veteraanit veteraaniluokkaan ilmoitettuna<strong>\u00a020 \u20ac<\/strong><br>Junior Handler\u00a0<strong>15 \u20ac<br><\/strong><br><strong>Ilmoittautumismaksut 19.3.-23.4.2026 v\u00e4lisen\u00e4 aikana<\/strong><br>1. koira<strong>\u00a045 \u20ac<\/strong><br>saman omistajan 2. jne koira<strong>\u00a040 \u20ac<\/strong><br>pennut ja veteraanit\u00a0<strong>35\u00a0\u20ac<br><\/strong>yli 10-v veteraanit veteraaniluokkaan ilmoitettuna\u00a0<strong>20 \u20ac<\/strong><br>Junior Handler\u00a0<strong>15 \u20ac<\/strong><\/p>\n\n\n\n<p><strong>Ilmoittautumismaksut 24.-27.4.2026 v\u00e4lisen\u00e4 aikana<\/strong><br>kaikki luokat<strong>\u00a070 \u20ac<br><\/strong>Junior Handler\u00a0<strong>15 \u20ac<\/strong><\/p>\n\n\n\n<h4 class=\"wp-block-heading\">Lis\u00e4tietoa<\/h4>\n\n\n\n<p>Ilmoittautumisajan p\u00e4\u00e4ttymisen j\u00e4lkeen koiraa ei voida siirt\u00e4\u00e4 toiseen luokkaan (ellei kysymyksess\u00e4 ole j\u00e4rjest\u00e4j\u00e4st\u00e4 johtuva virhe).<br>Uros, jolla ei ole normaalit kivekset saa hyl\u00e4tyn.<\/p>\n\n\n\n<p><strong>Huom!&nbsp;<\/strong>Online-ilmoittautuminen maksetaan verkkopankissa tai luottokortilla ilmoittautumisen yhteydess\u00e4 ohjelman antamien ohjeiden mukaan. Ilmoittautumismaksun alennuksen (saman om. 2 jne koira) saaminen edellytt\u00e4\u00e4 kaikkien koirien ilmoittamista yhdell\u00e4 kertaa. Samaksi omistajaksi tulkitaan ilmoittautumistapahtuman ensimm\u00e4iselle koiralle ensimm\u00e4iseksi omistajaksi merkitty henkil\u00f6.<\/p>\n\n\n\n<p>Pelkk\u00e4 n\u00e4yttelymaksun suoritus ei ole ilmoittautuminen.<br>My\u00f6h\u00e4styneit\u00e4 ilmoittautumisia ei hyv\u00e4ksyt\u00e4 mukaan n\u00e4yttelyyn.<\/p>\n\n\n\n<p><strong>Rokotusm\u00e4\u00e4r\u00e4ykset&nbsp;<\/strong>Suomen Kennelliitto-Finska Kennelklubben ry:n m\u00e4\u00e4r\u00e4ysten mukaan.<br>Suomen lain vastasesti typistetyt koirat eiv\u00e4t saa osallistua n\u00e4yttelyyn.<br>N\u00e4yttelyyn osallistuvan koiran tulee olla tunnistusmerkitty.<br>Tunnistusmerkint\u00e4 on pakollinen Kennelliiton virallisissa n\u00e4yttelyiss\u00e4, kokeissa ja kilpailuissa.<\/p>\n\n\n\n<p><strong>Antidoping \u2013valvonta<\/strong><br>Dopingvalvonta koskee kaikkia Suomen Kennelliiton my\u00f6nt\u00e4mi\u00e4 n\u00e4yttelyit\u00e4, kilpailuja ja kokeita.<br>Ajankohtaisinta tietoa:&nbsp;<a href=\"https:\/\/www.kennelliitto.fi\/koiraharrastukset\/tietoa-antidopingsaannoista-kaytanteista-ja-valvonnasta\">KENNELLIITTO \/ ANTIDOPING<\/a><\/p>\n","protected":false},"excerpt":{"rendered":"<p>Kaikki n\u00e4yttelykutsut tullaan l\u00e4hett\u00e4m\u00e4\u00e4n s\u00e4hk\u00f6isesti.Kutsuja ei l\u00e4hetet\u00e4 postitse. Ilmoittautumiset\u00a018.3. \/ 23.4. \/ 27.4\u00a0menness\u00e4. Ilmoittaessaan koiransa n\u00e4yttelyyn n\u00e4ytteilleasettaja sitoutuu noudattamaan Suomen Kennelliiton voimassa olevia n\u00e4yttelys\u00e4\u00e4nt\u00f6j\u00e4 ja niit\u00e4 t\u00e4ydent\u00e4vi\u00e4 ohjeita sek\u00e4 rokotusm\u00e4\u00e4r\u00e4yksi\u00e4.&nbsp; S\u00e4\u00e4nn\u00f6t l\u00f6ytyv\u00e4t&nbsp;Kennelliiton kotisivuilta. Ilmoittautuminen n\u00e4yttelyyn tulee tehd\u00e4 internetiss\u00e4.Ilmoittautuminen: www.showlink.fi\u00a0\u2192ONLINE ENTRY Online-ilmoittautumisesta tulee aina vahvistus s\u00e4hk\u00f6postiisi. Jollet saa vahvistusta, ota v\u00e4litt\u00f6m\u00e4sti yhteytt\u00e4 asiakaspalveluumme. Tarkasta ilmoittautumisesta koirasi <a href=\"https:\/\/www.showlink.fi\/shows\/lapuarn2026\/ilmoittautuminen\/\" class=\"more-link\">...jatka lukemista<span class=\"screen-reader-text\"> \"Ilmoittautuminen\"<\/span><\/a><\/p>\n","protected":false},"author":1,"featured_media":0,"parent":0,"menu_order":3,"comment_status":"closed","ping_status":"closed","template":"","meta":{"footnotes":""},"class_list":["post-15","page","type-page","status-publish","h-entry","hentry","h-as-page"],"_links":{"self":[{"href":"https:\/\/www.showlink.fi\/shows\/lapuarn2026\/wp-json\/wp\/v2\/pages\/15","targetHints":{"allow":["GET"]}}],"collection":[{"href":"https:\/\/www.showlink.fi\/shows\/lapuarn2026\/wp-json\/wp\/v2\/pages"}],"about":[{"href":"https:\/\/www.showlink.fi\/shows\/lapuarn2026\/wp-json\/wp\/v2\/types\/page"}],"author":[{"embeddable":true,"href":"https:\/\/www.showlink.fi\/shows\/lapuarn2026\/wp-json\/wp\/v2\/users\/1"}],"replies":[{"embeddable":true,"href":"https:\/\/www.showlink.fi\/shows\/lapuarn2026\/wp-json\/wp\/v2\/comments?post=15"}],"version-history":[{"count":34,"href":"https:\/\/www.showlink.fi\/shows\/lapuarn2026\/wp-json\/wp\/v2\/pages\/15\/revisions"}],"predecessor-version":[{"id":283,"href":"https:\/\/www.showlink.fi\/shows\/lapuarn2026\/wp-json\/wp\/v2\/pages\/15\/revisions\/283"}],"wp:attachment":[{"href":"https:\/\/www.showlink.fi\/shows\/lapuarn2026\/wp-json\/wp\/v2\/media?parent=15"}],"curies":[{"name":"wp","href":"https:\/\/api.w.org\/{rel}","templated":true}]}}