{"id":18,"date":"2018-01-25T16:24:53","date_gmt":"2018-01-25T14:24:53","guid":{"rendered":"http:\/\/www.showlink.fi\/shows\/aurarn2018\/?page_id=18"},"modified":"2025-12-04T15:24:19","modified_gmt":"2025-12-04T13:24:19","slug":"aikataulut","status":"publish","type":"page","link":"https:\/\/www.showlink.fi\/shows\/lapuarn2026\/aikataulut\/","title":{"rendered":"Aikataulut"},"content":{"rendered":"\n<p>Aikataulut julkaistaan noin viikkoa ennen tapahtumaa.<\/p>\n\n\n\n<p><strong>Kaikki n\u00e4yttelykutsut tullaan l\u00e4hett\u00e4m\u00e4\u00e4n s\u00e4hk\u00f6isesti.<\/strong><br>Kutsuja ei l\u00e4hetet\u00e4 postitse.<\/p>\n","protected":false},"excerpt":{"rendered":"<p>Aikataulut julkaistaan noin viikkoa ennen tapahtumaa. Kaikki n\u00e4yttelykutsut tullaan l\u00e4hett\u00e4m\u00e4\u00e4n s\u00e4hk\u00f6isesti.Kutsuja ei l\u00e4hetet\u00e4 postitse.<\/p>\n","protected":false},"author":1,"featured_media":0,"parent":0,"menu_order":5,"comment_status":"closed","ping_status":"closed","template":"","meta":{"footnotes":""},"class_list":["post-18","page","type-page","status-publish","h-entry","hentry","h-as-page"],"_links":{"self":[{"href":"https:\/\/www.showlink.fi\/shows\/lapuarn2026\/wp-json\/wp\/v2\/pages\/18","targetHints":{"allow":["GET"]}}],"collection":[{"href":"https:\/\/www.showlink.fi\/shows\/lapuarn2026\/wp-json\/wp\/v2\/pages"}],"about":[{"href":"https:\/\/www.showlink.fi\/shows\/lapuarn2026\/wp-json\/wp\/v2\/types\/page"}],"author":[{"embeddable":true,"href":"https:\/\/www.showlink.fi\/shows\/lapuarn2026\/wp-json\/wp\/v2\/users\/1"}],"replies":[{"embeddable":true,"href":"https:\/\/www.showlink.fi\/shows\/lapuarn2026\/wp-json\/wp\/v2\/comments?post=18"}],"version-history":[{"count":27,"href":"https:\/\/www.showlink.fi\/shows\/lapuarn2026\/wp-json\/wp\/v2\/pages\/18\/revisions"}],"predecessor-version":[{"id":277,"href":"https:\/\/www.showlink.fi\/shows\/lapuarn2026\/wp-json\/wp\/v2\/pages\/18\/revisions\/277"}],"wp:attachment":[{"href":"https:\/\/www.showlink.fi\/shows\/lapuarn2026\/wp-json\/wp\/v2\/media?parent=18"}],"curies":[{"name":"wp","href":"https:\/\/api.w.org\/{rel}","templated":true}]}}